{"id":4457,"date":"2025-03-06T21:59:17","date_gmt":"2025-03-06T20:59:17","guid":{"rendered":"https:\/\/deep-space-astronomy.geekworkers.dev\/produit\/sky-quality-meter-sqm-lr\/"},"modified":"2025-06-03T10:28:12","modified_gmt":"2025-06-03T08:28:12","slug":"sky-quality-meter-sqm-lr","status":"publish","type":"product","link":"https:\/\/deep-space-astronomy.ch\/de\/produkt\/sky-quality-meter-sqm-lr\/","title":{"rendered":"Sky Quality Meter (SQM) - LR"},"content":{"rendered":"<h3>Unihedrons Sky Quality Meter - LR (SQM-LR): Messen Sie die Qualit\u00e4t des Nachthimmels auf fortschrittliche Art und Weise.<\/h3>\n<p>Die <strong>Sky Quality Meter - LR (SQM-LR)<\/strong> von <strong>Unihedron<\/strong> ist eine erweiterte Version des beliebten Ger\u00e4ts zur Messung der Qualit\u00e4t des Nachthimmels. Dieses Modell wurde mit verbesserten Funktionen entwickelt, darunter die M\u00f6glichkeit der Fernsteuerung, wodurch es sich ideal f\u00fcr feste Sternwarten und automatisierte \u00dcberwachungsprojekte eignet.<\/p>\n<h3>Wichtigste Merkmale<\/h3>\n<ul>\n<li><strong>Fernkonnektivit\u00e4t :<\/strong> Das Modell SQM-LR erm\u00f6glicht eine Fernsteuerung und eignet sich daher perfekt f\u00fcr automatisierte Systeme oder station\u00e4re Sternwarten.<\/li>\n<li><strong>Messbereich :<\/strong> Er misst die Helligkeit des Himmels in Magnituden pro Quadratbogensekunde (mag\/arcsec\u00b2) und bietet selbst an den dunkelsten Orten eine hohe Genauigkeit.<\/li>\n<li><strong>Winkelempfindlichkeit :<\/strong> Mit einer eingebauten Linse, die das Messfeld auf einen Winkel von 20\u00b0 (FWHM) begrenzt, erm\u00f6glicht er pr\u00e4zise Messungen in bestimmten Bereichen des Himmels.<\/li>\n<li><strong>Sensor und Filter :<\/strong> Ausgestattet mit dem TAOS TSL237S Sensor und einem HOYA CM-500 Filter, der Infrarotlicht blockiert und so Messungen nur im sichtbaren Spektrum garantiert.<\/li>\n<\/ul>\n<h3>Vorteile und Anwendungen<\/h3>\n<ul>\n<li><strong>Automatisierte \u00dcberwachung :<\/strong> Dank seiner Fernkonnektivit\u00e4t ist das SQM-LR ideal f\u00fcr Observatorien oder Einrichtungen, die eine kontinuierliche und autonome \u00dcberwachung des Himmels ben\u00f6tigen.<\/li>\n<li><strong>Wissenschaftliche Forschung :<\/strong> Perfekt f\u00fcr Forschungsprojekte, die eine regelm\u00e4\u00dfige und genaue Erfassung von Daten zur Lichtverschmutzung erfordern.<\/li>\n<li><strong>Seitenvergleich :<\/strong> Erm\u00f6glicht einen objektiven Vergleich der Qualit\u00e4t des Himmels zwischen verschiedenen Beobachtungsorten.<\/li>\n<\/ul>\n<h3>Inhalt der Lieferung<\/h3>\n<ul>\n<li>Sky Quality Meter - LR (SQM-LR).<\/li>\n<li>Benutzerhandbuch.<\/li>\n<\/ul>\n<h3>In Zusammenfassung<\/h3>\n<p>Die <strong>SQM-LR<\/strong> ist ein fortschrittliches und vielseitiges Ger\u00e4t, das entwickelt wurde, um genaue Messungen der Qualit\u00e4t des Nachthimmels zu liefern. Es eignet sich besonders f\u00fcr professionelle oder wissenschaftliche Nutzer, die die Lichtverschmutzung kontinuierlich und automatisiert \u00fcberwachen m\u00f6chten. Seine F\u00e4higkeit, ferngesteuert zu werden, macht es f\u00fcr feste Installationen oder langfristige Forschungsprojekte unentbehrlich.<\/p>","protected":false},"excerpt":{"rendered":"<p>Sky Quality Meter &#8211; LR (SQM-LR) de Unihedron : Mesurez la Qualit\u00e9 du Ciel Nocturne de Mani\u00e8re Avanc\u00e9e Le Sky Quality Meter &#8211; LR (SQM-LR) de Unihedron est une version avanc\u00e9e du c\u00e9l\u00e8bre appareil de mesure de la qualit\u00e9 du ciel nocturne. Ce mod\u00e8le est con\u00e7u pour offrir des fonctionnalit\u00e9s am\u00e9lior\u00e9es, notamment la possibilit\u00e9 d\u2019\u00eatre [&hellip;]<\/p>\n","protected":false},"featured_media":4977,"comment_status":"open","ping_status":"closed","template":"","meta":[],"product_brand":[639],"product_cat":[19,636,733],"product_tag":[],"class_list":{"0":"post-4457","1":"product","2":"type-product","3":"status-publish","4":"has-post-thumbnail","6":"product_brand-unihedron","7":"product_cat-accessoires","8":"product_cat-electroniques-batteries-et-alimentations","9":"product_cat-resistances-chauffante-et-controleurs","11":"first","12":"on_supplier","13":"taxable","14":"shipping-taxable","15":"purchasable","16":"product-type-simple"},"_links":{"self":[{"href":"https:\/\/deep-space-astronomy.ch\/de\/wp-json\/wp\/v2\/product\/4457","targetHints":{"allow":["GET"]}}],"collection":[{"href":"https:\/\/deep-space-astronomy.ch\/de\/wp-json\/wp\/v2\/product"}],"about":[{"href":"https:\/\/deep-space-astronomy.ch\/de\/wp-json\/wp\/v2\/types\/product"}],"replies":[{"embeddable":true,"href":"https:\/\/deep-space-astronomy.ch\/de\/wp-json\/wp\/v2\/comments?post=4457"}],"wp:featuredmedia":[{"embeddable":true,"href":"https:\/\/deep-space-astronomy.ch\/de\/wp-json\/wp\/v2\/media\/4977"}],"wp:attachment":[{"href":"https:\/\/deep-space-astronomy.ch\/de\/wp-json\/wp\/v2\/media?parent=4457"}],"wp:term":[{"taxonomy":"product_brand","embeddable":true,"href":"https:\/\/deep-space-astronomy.ch\/de\/wp-json\/wp\/v2\/product_brand?post=4457"},{"taxonomy":"product_cat","embeddable":true,"href":"https:\/\/deep-space-astronomy.ch\/de\/wp-json\/wp\/v2\/product_cat?post=4457"},{"taxonomy":"product_tag","embeddable":true,"href":"https:\/\/deep-space-astronomy.ch\/de\/wp-json\/wp\/v2\/product_tag?post=4457"}],"curies":[{"name":"wp","href":"https:\/\/api.w.org\/{rel}","templated":true}]}}