{"id":4531,"date":"2025-03-06T22:07:15","date_gmt":"2025-03-06T21:07:15","guid":{"rendered":"https:\/\/deep-space-astronomy.geekworkers.dev\/produit\/lunette-universelle-solaire-et-ciel-profond-ls80mt-avec-filtre-bloquant-b1800-version-avec-renvoi-coude\/"},"modified":"2025-09-28T19:15:20","modified_gmt":"2025-09-28T17:15:20","slug":"lunette-universelle-solaire-et-ciel-profond-ls80mt-avec-filtre-bloquant-b1800-version-avec-renvoi-coude","status":"publish","type":"product","link":"https:\/\/deep-space-astronomy.ch\/de\/produkt\/lunette-universelle-solaire-et-ciel-profond-ls80mt-avec-filtre-bloquant-b1800-version-avec-renvoi-coude\/","title":{"rendered":"Lunt LS80MT mit Sperrfilter B1800 - Universalfernrohr (Sonne und Deep Sky)"},"content":{"rendered":"<h3>Lunt LS80MT: 80 mm apochromatische Sonnenbrille<\/h3>\n<p>Das Lunt LS80MT ist ein leistungsstarkes Sonnen- und Modulfernrohr, das sich ideal f\u00fcr die Erkundung der Sonne im H-alpha-Licht eignet und gleichzeitig die M\u00f6glichkeit bietet, den Nachthimmel zu beobachten. Das Teleskop basiert auf einem fortschrittlichen optischen System, das auf einem Fabry-Perot-Etalon basiert, das die Welleneigenschaften des Lichts nutzt, um die H-alpha-Linie (656,28 nm) zu isolieren. Durch die Anpassung des Luftdrucks in einer hermetischen Kammer mithilfe des Pressure-Tuner-Systems wird der Brechungsindex der Luft ver\u00e4ndert, was eine pr\u00e4zise Einstellung des Standards erm\u00f6glicht. Dieser Mechanismus garantiert ein gleichm\u00e4\u00dfiges und detailreiches Bild, das Sonnenph\u00e4nomene wie Protuberanzen, Filamente und Chromosph\u00e4rengranulation enth\u00fcllt.<\/p>\n<h3>Hauptmerkmale<\/h3>\n<ul>\n<li><strong>Er\u00f6ffnung :<\/strong> 80 mm (ohne zentrale Obstruktion).<\/li>\n<li><strong>Brennweite :<\/strong> 560 mm (f\/7).<\/li>\n<li><strong>ED-Optik FPL-53 :<\/strong> Apochromatisches Dublett f\u00fcr eine perfekte Farbkorrektur, ideal f\u00fcr Sonnen- und Nachtbeobachtungen.<\/li>\n<li><strong>H-Alpha-Bandbreite :<\/strong> &lt;0,7 \u00c5 (im Single Stack), wodurch dynamische Details der Sonne erfasst werden k\u00f6nnen.<\/li>\n<li><strong>Pressure Tuner System :<\/strong> Feineinstellung durch barometrischen Druck zur Optimierung des Kontrasts.<\/li>\n<li><strong>Modularer Aufbau :<\/strong> Erm\u00f6glicht das Entfernen des H-alpha-Moduls, um das Fernrohr in einen klassischen Refraktor f\u00fcr die Nacht- oder Erdbeobachtung umzuwandeln.<\/li>\n<\/ul>\n<h3>Verf\u00fcgbare Versionen: B1200 und B1800<\/h3>\n<h4>Version B1200<\/h4>\n<ul>\n<li><strong>Visuelle Beobachtung :<\/strong> Perfekt, um die gesamte Sonnenscheibe mit ausgezeichnetem Kontrast zu beobachten.<\/li>\n<li><strong>Leichte Astrofotografie :<\/strong> Kompatibel mit kleinen bis mittelgro\u00dfen Sensoren.<\/li>\n<li><strong>Besondere Vorteile :<\/strong> F\u00fcr die visuelle Beobachtung geeignetes Sichtfeld. Kosteng\u00fcnstige L\u00f6sung f\u00fcr die Kombination von Beobachtung und Bildgebung.<\/li>\n<\/ul>\n<h4>Version B1800<\/h4>\n<ul>\n<li><strong>Fortgeschrittene Astrofotografie :<\/strong> Erm\u00f6glicht die Verwendung gr\u00f6\u00dferer Sensoren ohne Vignettierung.<\/li>\n<li><strong>Erweiterte visuelle Beobachtung :<\/strong> Erweitertes Feld um die Sonnenscheibe.<\/li>\n<li><strong>Besondere Vorteile :<\/strong> Optimale Kompatibilit\u00e4t mit professionellen Kameras. Ideal f\u00fcr alle, die die F\u00e4higkeiten des Teleskops maximieren m\u00f6chten.<\/li>\n<\/ul>\n<h3>Vielseitigkeit und Modularit\u00e4t<\/h3>\n<p>Eine der gr\u00f6\u00dften St\u00e4rken des LS80MT ist sein modulares Design. Durch Entfernen des H-alpha-Moduls kann dieses Fernrohr als klassischer apochromatischer Refraktor mit einer \u00d6ffnung von 80 mm verwendet werden. Dies erm\u00f6glicht :<\/p>\n<ul>\n<li><strong>Nachtbeobachtung :<\/strong> Studieren Sie Nebel, Galaxien und Planeten mit dem ED-Doublet FPL-53, das ein farbreines Bild liefert.<\/li>\n<li><strong>Beobachtung in wei\u00dfem Licht :<\/strong> F\u00fcgen Sie ein Herschelprisma oder einen frontalen Sonnenfilter hinzu, um Sonnenflecken zu beobachten.<\/li>\n<li><strong>Beobachtung in Calcium-K (Ca-K) :<\/strong> Erforschen Sie mit den richtigen Filtern andere Wellenl\u00e4ngen, um unsichtbare Sonnenstrukturen im H-alpha-Bereich zu enth\u00fcllen.<\/li>\n<\/ul>\n<h3>Warum sollten Sie sich f\u00fcr den LS80MT entscheiden?<\/h3>\n<ul>\n<li><strong>Au\u00dfergew\u00f6hnliche Sonnenbeobachtung :<\/strong> Faszinierende Details dank einer Bandbreite von &lt;0,7 \u00c5.<\/li>\n<li><strong>Einzigartige Vielseitigkeit :<\/strong> Ein Instrument, das f\u00fcr die Sonne, den Nachthimmel und sogar f\u00fcr die Erdbeobachtung konzipiert wurde.<\/li>\n<li><strong>Auf Ihre Bed\u00fcrfnisse zugeschnittene Optionen :<\/strong>\n<ul>\n<li>Die Version B1200 ist ideal f\u00fcr visuelle Amateure oder Anf\u00e4nger im Bereich der Bildgebung.<\/li>\n<li>Die Version B1800 eignet sich f\u00fcr anspruchsvolle Astrofotografen oder f\u00fcr Benutzer, die ein gr\u00f6\u00dferes Feld w\u00fcnschen.<\/li>\n<\/ul>\n<\/li>\n<li><strong>Optische Premium-Qualit\u00e4t :<\/strong> FPL-53 ED-Optik f\u00fcr scharfe und kontrastreiche Bilder in jeder Konfiguration.<\/li>\n<\/ul>\n<h3>In jedem Paket enthalten<\/h3>\n<ul>\n<li>Lunt LS80MT Teleskop mit Pressure Tuner System.<\/li>\n<li>Sperrfilter (B1200 oder B1800, je nach gew\u00e4hlter Version).<\/li>\n<li>R&amp;P 2-Zoll-Okularhalter mit Feinuntersetzung 1:10.<\/li>\n<li>Schellen mit Prismenschiene, die mit Vixen GP kompatibel sind.<\/li>\n<li>Integrierter Solar Visuer.<\/li>\n<li>Hartschalenkoffer f\u00fcr sicheren Transport.<\/li>\n<\/ul>\n<h3>Mit dem Lunt LS80MT die Sonne erforschen wie nie zuvor<\/h3>\n<p>Und dabei von einem vielseitigen Instrument profitieren, mit dem Sie die Wunder des Nachthimmels beobachten k\u00f6nnen. Ob Sie Anf\u00e4nger oder erfahrener Astrofotograf sind, dieses Teleskop passt sich perfekt an Ihre Bed\u00fcrfnisse an!<\/p>","protected":false},"excerpt":{"rendered":"<p>Lunt LS80MT : Lunette solaire apochromatique de 80 mm La Lunt LS80MT est une lunette solaire et modulaire de haute performance, id\u00e9ale pour explorer le Soleil en lumi\u00e8re H-alpha tout en offrant la possibilit\u00e9 d\u2019observer le ciel nocturne. Ce t\u00e9lescope repose sur un syst\u00e8me optique avanc\u00e9 bas\u00e9 sur un \u00e9talon Fabry-Perot, qui exploite les propri\u00e9t\u00e9s [&hellip;]<\/p>\n","protected":false},"featured_media":5894,"comment_status":"open","ping_status":"closed","template":"","meta":[],"product_brand":[640],"product_cat":[643,642],"product_tag":[],"class_list":{"0":"post-4531","1":"product","2":"type-product","3":"status-publish","4":"has-post-thumbnail","6":"product_brand-lunt","7":"product_cat-lunettes-solaires","8":"product_cat-materiel-pour-lobservation-solaire","10":"first","11":"on_supplier","12":"sale","13":"taxable","14":"shipping-taxable","15":"purchasable","16":"product-type-simple"},"_links":{"self":[{"href":"https:\/\/deep-space-astronomy.ch\/de\/wp-json\/wp\/v2\/product\/4531","targetHints":{"allow":["GET"]}}],"collection":[{"href":"https:\/\/deep-space-astronomy.ch\/de\/wp-json\/wp\/v2\/product"}],"about":[{"href":"https:\/\/deep-space-astronomy.ch\/de\/wp-json\/wp\/v2\/types\/product"}],"replies":[{"embeddable":true,"href":"https:\/\/deep-space-astronomy.ch\/de\/wp-json\/wp\/v2\/comments?post=4531"}],"wp:featuredmedia":[{"embeddable":true,"href":"https:\/\/deep-space-astronomy.ch\/de\/wp-json\/wp\/v2\/media\/5894"}],"wp:attachment":[{"href":"https:\/\/deep-space-astronomy.ch\/de\/wp-json\/wp\/v2\/media?parent=4531"}],"wp:term":[{"taxonomy":"product_brand","embeddable":true,"href":"https:\/\/deep-space-astronomy.ch\/de\/wp-json\/wp\/v2\/product_brand?post=4531"},{"taxonomy":"product_cat","embeddable":true,"href":"https:\/\/deep-space-astronomy.ch\/de\/wp-json\/wp\/v2\/product_cat?post=4531"},{"taxonomy":"product_tag","embeddable":true,"href":"https:\/\/deep-space-astronomy.ch\/de\/wp-json\/wp\/v2\/product_tag?post=4531"}],"curies":[{"name":"wp","href":"https:\/\/api.w.org\/{rel}","templated":true}]}}