{"id":4557,"date":"2025-03-06T22:10:03","date_gmt":"2025-03-06T21:10:03","guid":{"rendered":"https:\/\/deep-space-astronomy.geekworkers.dev\/produit\/lunette-universelle-solaire-et-ciel-profond-ls100mt-avec-filtre-bloquant-b3400-version-avec-renvoi-coude\/"},"modified":"2025-09-28T19:14:22","modified_gmt":"2025-09-28T17:14:22","slug":"lunette-universelle-solaire-et-ciel-profond-ls100mt-avec-filtre-bloquant-b3400-version-avec-renvoi-coude","status":"publish","type":"product","link":"https:\/\/deep-space-astronomy.ch\/de\/produkt\/lunette-universelle-solaire-et-ciel-profond-ls100mt-avec-filtre-bloquant-b3400-version-avec-renvoi-coude\/","title":{"rendered":"Lunt LS100MT mit Sperrfilter B3400 - Universalfernrohr (Sonne und Deep Sky)"},"content":{"rendered":"<h3>Lunt LS100MT: 100 mm apochromatische Sonnenbrille<\/h3>\n<p>Das Lunt LS100MT ist ein vielseitiges, hochwertiges astronomisches Fernrohr, das f\u00fcr die Sonnenbeobachtung im H-Alpha-Licht sowie f\u00fcr die Nacht- und Bodenbeobachtung entwickelt wurde. Ausgestattet mit einer apochromatischen ED-Triplet-Optik aus FPL-53 und einem modularen Design bietet es in allen Konfigurationen eine au\u00dfergew\u00f6hnliche Leistung. Erh\u00e4ltlich mit zwei Sperrfilteroptionen, B1800 und B3400, passt sich dieses Teleskop den Bed\u00fcrfnissen von Amateurastronomen und professionellen Astrofotografen gleicherma\u00dfen an.<\/p>\n<h3>Wissenschaftlicher Betrieb: H-Alpha-Standard und Blocking-Filter<\/h3>\n<p>Der LS100MT verwendet ein Fabry-Perot-Eichsystem, einen fortschrittlichen optischen Filter, der sich die Welleneigenschaften des Lichts zunutze macht. Dieses System isoliert die H-Alpha-Linie (656,28 nm), eine spezifische Wellenl\u00e4nge, die von ionisiertem Wasserstoff emittiert wird, indem es die Bandbreite auf &lt;0,7 \u00c5 reduziert. Dadurch werden faszinierende Details der Sonnenchromosph\u00e4re sichtbar, wie z. B. Protuberanzen, Filamente und Sonneneruptionen. Der Blocking-Filter (BF) erg\u00e4nzt dieses System, indem er st\u00f6rende Wellenl\u00e4ngen eliminiert und so eine scharfe und sichere Beobachtung gew\u00e4hrleistet.<\/p>\n<h3>Hauptmerkmale<\/h3>\n<ul>\n<li><strong>Er\u00f6ffnung :<\/strong> 100 mm (ohne zentrale Obstruktion).<\/li>\n<li><strong>Brennweite :<\/strong> 714 mm (f\/7).<\/li>\n<li><strong>Apochromatische ED Triplett-Optik FPL-53 :<\/strong> Perfekte chromatische Korrektur f\u00fcr eine hervorragende Bildqualit\u00e4t.<\/li>\n<li><strong>H-alpha-Bandbreite :<\/strong> &lt;0,7 \u00c5 (in Single Stack), bietet einen hohen Kontrast, um die dynamischen Details der Sonne zu beobachten.<\/li>\n<li><strong>Pressure Tuner System :<\/strong> Feinjustierung durch barometrischen Druck zur Optimierung des Kontrasts.<\/li>\n<li><strong>Modularer Aufbau :<\/strong> Erm\u00f6glicht das Entfernen des H-alpha-Moduls, um das Fernrohr in einen klassischen Refraktor f\u00fcr die Nacht- oder Erdbeobachtung umzuwandeln.<\/li>\n<\/ul>\n<h3>Optionen f\u00fcr blockierende Filter : B1800 und B3400<\/h3>\n<h4>Version B1800<\/h4>\n<ul>\n<li><strong>Fortgeschrittene visuelle Beobachtung :<\/strong> Erweitertes Feld, das eine komfortable Beobachtung der gesamten Sonnenscheibe erm\u00f6glicht.<\/li>\n<li><strong>Leichte bis mittlere Astrofotografie :<\/strong> Kompatibel mit mittelgro\u00dfen Sensoren.<\/li>\n<li><strong>St\u00e4rken :<\/strong> Ausgezeichneter Kompromiss zwischen Gesichtsfeld und Preis, perfekt f\u00fcr anspruchsvolle Amateurastronomen.<\/li>\n<\/ul>\n<h4>Version B3400<\/h4>\n<ul>\n<li><strong>Fortgeschrittene oder professionelle Astrofotografie :<\/strong> Ultraweites Feld, das die Verwendung von Gro\u00dfformatsensoren ohne Vignettierung erm\u00f6glicht.<\/li>\n<li><strong>Erweiterte visuelle Beobachtung :<\/strong> Ideal, um subtile Details auf der Sonnenscheibe einzufangen.<\/li>\n<li><strong>St\u00e4rken :<\/strong> Maximales Sichtfeld f\u00fcr scharfe Bilder auf der gesamten Fl\u00e4che, empfohlen f\u00fcr Nutzer, die nach absoluter Vielseitigkeit suchen.<\/li>\n<\/ul>\n<h3>Au\u00dfergew\u00f6hnliche Vielseitigkeit<\/h3>\n<p>Eine der gr\u00f6\u00dften St\u00e4rken des LS100MT ist seine Modularit\u00e4t. Durch Entfernen des H-alpha-Moduls kann dieses Fernrohr als klassischer apochromatischer Refraktor mit einer vollen \u00d6ffnung von 100 mm verwendet werden. Dies erm\u00f6glicht :<\/p>\n<ul>\n<li><strong>Nachtbeobachtung :<\/strong> Erkunden Sie Nebel, Galaxien und Sternhaufen mit seiner apochromatischen Triplett-Optik in FPL-53.<\/li>\n<li><strong>Beobachtung in wei\u00dfem Licht :<\/strong> F\u00fcgen Sie ein Herschelprisma oder einen frontalen Sonnenfilter hinzu, um Sonnenflecken zu beobachten.<\/li>\n<li><strong>Erdbeobachtung :<\/strong> Mit einem optischen Gleichrichter genie\u00dfen Sie eine klare Sicht, wenn Sie die Natur oder die Umgebung erkunden.<\/li>\n<\/ul>\n<h3>Warum sollten Sie sich f\u00fcr den LS100MT entscheiden?<\/h3>\n<ul>\n<li><strong>Au\u00dfergew\u00f6hnliche Sonnenbeobachtung :<\/strong> Faszinierende Details dank einer Bandbreite von &lt;0,7 \u00c5.<\/li>\n<li><strong>Auf Ihre Bed\u00fcrfnisse zugeschnittene Optionen :<\/strong>\n<ul>\n<li>Die Version B1800 ist ideal f\u00fcr fortgeschrittene Amateure, die visuelle Beobachtung mit moderater Bildgebung kombinieren m\u00f6chten.<\/li>\n<li>Die Version B3400 eignet sich f\u00fcr professionelle Astrofotografen, die ein gr\u00f6\u00dferes Feld suchen, ohne Kompromisse bei der Qualit\u00e4t einzugehen.<\/li>\n<\/ul>\n<\/li>\n<li><strong>Einzigartige Vielseitigkeit :<\/strong> Ein Instrument, das sowohl f\u00fcr die Sonne als auch f\u00fcr den Nachthimmel oder den Erdhimmel konzipiert wurde.<\/li>\n<li><strong>Optische Premium-Qualit\u00e4t :<\/strong> ED-Tripel-Optik garantiert ein scharfes und kontrastreiches Bild in allen Konfigurationen.<\/li>\n<\/ul>\n<h3>In jedem Paket enthalten<\/h3>\n<ul>\n<li>L\u00fcnette Lunt LS100MT mit Pressure Tuner System.<\/li>\n<li>Sperrfilter (B1800 oder B3400, je nach gew\u00e4hlter Version).<\/li>\n<li>Crayford Hybrid-Okularhalter Rack &amp; Pinion mit Feinuntersetzung 1:10.<\/li>\n<li>Schellen mit Tragegriff und Schwalbenschwanz kompatibel mit Vixen GP.<\/li>\n<li>Integrierter Solarforscher.<\/li>\n<li>Hartschalenkoffer f\u00fcr sicheren Transport.<\/li>\n<\/ul>\n<h3>Mit dem Lunt LS100MT erkunden Sie die Sonne in einem neuen Licht<\/h3>\n<p>Und dabei von einem vielseitigen Instrument profitieren, das die Wunder des Nachthimmels enth\u00fcllen kann. Ob Sie nun ein begeisterter Amateur oder ein erfahrener Astrofotograf sind, dieses Teleskop passt sich perfekt an Ihre Bed\u00fcrfnisse an!<\/p>","protected":false},"excerpt":{"rendered":"<p>Lunt LS100MT : Lunette solaire apochromatique de 100 mm La Lunt LS100MT est une lunette astronomique polyvalente et haut de gamme, con\u00e7ue pour l\u2019observation du Soleil en lumi\u00e8re H-alpha ainsi que pour l\u2019observation nocturne et terrestre. Dot\u00e9e d\u2019une optique apochromatique ED triplet en FPL-53 et d\u2019une conception modulaire, elle offre des performances exceptionnelles dans toutes [&hellip;]<\/p>\n","protected":false},"featured_media":5908,"comment_status":"open","ping_status":"closed","template":"","meta":[],"product_brand":[640],"product_cat":[643,642],"product_tag":[],"class_list":{"0":"post-4557","1":"product","2":"type-product","3":"status-publish","4":"has-post-thumbnail","6":"product_brand-lunt","7":"product_cat-lunettes-solaires","8":"product_cat-materiel-pour-lobservation-solaire","10":"first","11":"on_supplier","12":"sale","13":"taxable","14":"shipping-taxable","15":"purchasable","16":"product-type-simple"},"_links":{"self":[{"href":"https:\/\/deep-space-astronomy.ch\/de\/wp-json\/wp\/v2\/product\/4557","targetHints":{"allow":["GET"]}}],"collection":[{"href":"https:\/\/deep-space-astronomy.ch\/de\/wp-json\/wp\/v2\/product"}],"about":[{"href":"https:\/\/deep-space-astronomy.ch\/de\/wp-json\/wp\/v2\/types\/product"}],"replies":[{"embeddable":true,"href":"https:\/\/deep-space-astronomy.ch\/de\/wp-json\/wp\/v2\/comments?post=4557"}],"wp:featuredmedia":[{"embeddable":true,"href":"https:\/\/deep-space-astronomy.ch\/de\/wp-json\/wp\/v2\/media\/5908"}],"wp:attachment":[{"href":"https:\/\/deep-space-astronomy.ch\/de\/wp-json\/wp\/v2\/media?parent=4557"}],"wp:term":[{"taxonomy":"product_brand","embeddable":true,"href":"https:\/\/deep-space-astronomy.ch\/de\/wp-json\/wp\/v2\/product_brand?post=4557"},{"taxonomy":"product_cat","embeddable":true,"href":"https:\/\/deep-space-astronomy.ch\/de\/wp-json\/wp\/v2\/product_cat?post=4557"},{"taxonomy":"product_tag","embeddable":true,"href":"https:\/\/deep-space-astronomy.ch\/de\/wp-json\/wp\/v2\/product_tag?post=4557"}],"curies":[{"name":"wp","href":"https:\/\/api.w.org\/{rel}","templated":true}]}}