{"id":4593,"date":"2025-03-06T22:13:49","date_gmt":"2025-03-06T21:13:49","guid":{"rendered":"https:\/\/deep-space-astronomy.geekworkers.dev\/produit\/filtre-double-stack-ls50c\/"},"modified":"2025-06-03T10:28:26","modified_gmt":"2025-06-03T08:28:26","slug":"filtre-double-stack-ls50c","status":"publish","type":"product","link":"https:\/\/deep-space-astronomy.ch\/de\/produkt\/filtre-double-stack-ls50c\/","title":{"rendered":"Lunt Double-Stack-Sonnenfilter LS50FHa"},"content":{"rendered":"<h3>Double Stack Filter Lunt LS50FHa: Erweiterte Sonnenbeobachtung<\/h3>\n<p>Verbessern Sie Ihre Sonnenbeobachtungen mit dem Lunt LS50FHa Double Stack-Filter, einem unverzichtbaren Zubeh\u00f6r f\u00fcr alle, die sich f\u00fcr die Sonnenastronomie begeistern. Dieser Filter wurde f\u00fcr die Montage an der Vorderseite von Lunt-Teleskopen entwickelt oder als Double Stack-System verwendet. Er reduziert die Bandbreite auf &lt; 0,55 \u00c5, bietet einen au\u00dfergew\u00f6hnlichen Kontrast und enth\u00fcllt faszinierende Details auf der Sonnenoberfl\u00e4che.<\/p>\n<h3>Highlights des LS50FHa<\/h3>\n<ul>\n<li><strong>50 mm \u00d6ffnung :<\/strong> Ohne zentrale Blockierung, f\u00fcr optimale Helligkeit und Klarheit.<\/li>\n<li><strong>Geringe Bandbreite (&lt; 0,55 \u00c5) :<\/strong> Ideal zur Beobachtung von feinen Details wie Filamenten, Protuberanzen und Sonnengranulation.<\/li>\n<li><strong>Wird direkt an den Modellen LS50THa befestigt :<\/strong> Ohne Adapter.<\/li>\n<li><strong>Verwendung mit anderen Refraktoren :<\/strong> Dank des Standardgewindes M90x1.<\/li>\n<li><strong>Neigbares Einstellungssystem (Tilt) :<\/strong> Erm\u00f6glicht die Feinjustierung des Standards, um st\u00f6rende Reflexionen zu beseitigen und das Bild zu optimieren.<\/li>\n<li><strong>Robuste Konstruktion :<\/strong> Wird in einem Aluminiumgeh\u00e4use mit sch\u00fctzendem Schaumstoff f\u00fcr einen sicheren Transport geliefert.<\/li>\n<\/ul>\n<h3>Empfohlene Anwendungen<\/h3>\n<ul>\n<li><strong>Dual Stack :<\/strong> Kombinieren Sie ihn mit einem weiteren H-Alpha-Filter, um die Bandbreite auf ~&lt; 0,5 \u00c5 zu reduzieren. Dies erh\u00f6ht den Kontrast erheblich und enth\u00fcllt Sonnenstrukturen, die im einfachen Modus unsichtbar sind.<\/li>\n<li><strong>Visuelle Beobachtung und Astrofotografie :<\/strong> Ideal, um detaillierte Bilder der Sonnenchromosph\u00e4re aufzunehmen.<\/li>\n<\/ul>\n<h3>Warum sollten Sie sich f\u00fcr den LS50FHa entscheiden?<\/h3>\n<ul>\n<li><strong>Deutliche Verbesserung der Sonnendetails :<\/strong> Gehen Sie auf die n\u00e4chste Stufe, indem Sie die Bandbreite verringern, um komplexe und dynamische Strukturen auf der Sonnenscheibe zu enth\u00fcllen.<\/li>\n<li><strong>Au\u00dfergew\u00f6hnliche Vielseitigkeit :<\/strong> Kompatibel mit verschiedenen Teleskopkonfigurationen und leicht abnehmbar f\u00fcr eine flexible Nutzung.<\/li>\n<li><strong>Premium-Qualit\u00e4t von Lunt Solar Systems :<\/strong> Garantie f\u00fcr eine einwandfreie optische und mechanische Leistung.<\/li>\n<\/ul>\n<h3>Im Paket enthalten<\/h3>\n<ul>\n<li>Solarfilter Lunt LS50FHa.<\/li>\n<li>Feste Transportbox aus Aluminium mit sch\u00fctzendem Schaumstoff.<\/li>\n<\/ul>\n<h3>Wichtig<\/h3>\n<p>Dieser Filter ist so konzipiert, dass er nur in Verbindung mit einem Lunt-Blockierfilter (separat erh\u00e4ltlich) verwendet werden kann, um eine sichere Sonnenbeobachtung zu gew\u00e4hrleisten. Achten Sie darauf, dass Sie einen Sperrfilter w\u00e4hlen, der Ihren visuellen oder fotografischen Bed\u00fcrfnissen entspricht, da er ohne Sperrfilter nicht verwendet werden kann.<\/p>\n<h3>Verwandeln Sie Ihre Erfahrung mit der Sonnenbeobachtung<\/h3>\n<p>Mit dem Double Stack Lunt Filter LS50FHa erkunden Sie die Sonne wie nie zuvor - dank un\u00fcbertroffener Aufl\u00f6sung und Kontrast!<\/p>","protected":false},"excerpt":{"rendered":"<p>Filtre Double Stack Lunt LS50FHa : Observation solaire avanc\u00e9e Am\u00e9liorez vos observations solaires avec le filtre Double Stack Lunt LS50FHa, un accessoire incontournable pour les passionn\u00e9s d\u2019astronomie solaire. Con\u00e7u pour \u00eatre mont\u00e9 \u00e0 l\u2019avant des t\u00e9lescopes Lunt ou utilis\u00e9 comme syst\u00e8me Double Stack, ce filtre r\u00e9duit la largeur de bande passante \u00e0 &lt; 0,55 \u00c5, [&hellip;]<\/p>\n","protected":false},"featured_media":5937,"comment_status":"open","ping_status":"closed","template":"","meta":[],"product_brand":[640],"product_cat":[645,642],"product_tag":[],"class_list":{"0":"post-4593","1":"product","2":"type-product","3":"status-publish","4":"has-post-thumbnail","6":"product_brand-lunt","7":"product_cat-filtres-solaires","8":"product_cat-materiel-pour-lobservation-solaire","10":"first","11":"on_supplier","12":"taxable","13":"shipping-taxable","14":"purchasable","15":"product-type-simple"},"_links":{"self":[{"href":"https:\/\/deep-space-astronomy.ch\/de\/wp-json\/wp\/v2\/product\/4593","targetHints":{"allow":["GET"]}}],"collection":[{"href":"https:\/\/deep-space-astronomy.ch\/de\/wp-json\/wp\/v2\/product"}],"about":[{"href":"https:\/\/deep-space-astronomy.ch\/de\/wp-json\/wp\/v2\/types\/product"}],"replies":[{"embeddable":true,"href":"https:\/\/deep-space-astronomy.ch\/de\/wp-json\/wp\/v2\/comments?post=4593"}],"wp:featuredmedia":[{"embeddable":true,"href":"https:\/\/deep-space-astronomy.ch\/de\/wp-json\/wp\/v2\/media\/5937"}],"wp:attachment":[{"href":"https:\/\/deep-space-astronomy.ch\/de\/wp-json\/wp\/v2\/media?parent=4593"}],"wp:term":[{"taxonomy":"product_brand","embeddable":true,"href":"https:\/\/deep-space-astronomy.ch\/de\/wp-json\/wp\/v2\/product_brand?post=4593"},{"taxonomy":"product_cat","embeddable":true,"href":"https:\/\/deep-space-astronomy.ch\/de\/wp-json\/wp\/v2\/product_cat?post=4593"},{"taxonomy":"product_tag","embeddable":true,"href":"https:\/\/deep-space-astronomy.ch\/de\/wp-json\/wp\/v2\/product_tag?post=4593"}],"curies":[{"name":"wp","href":"https:\/\/api.w.org\/{rel}","templated":true}]}}