{"id":4595,"date":"2025-03-06T22:14:11","date_gmt":"2025-03-06T21:14:11","guid":{"rendered":"https:\/\/deep-space-astronomy.geekworkers.dev\/produit\/filtre-double-stack-ls60fha\/"},"modified":"2025-06-03T10:28:26","modified_gmt":"2025-06-03T08:28:26","slug":"filtre-double-stack-ls60fha","status":"publish","type":"product","link":"https:\/\/deep-space-astronomy.ch\/de\/produkt\/filtre-double-stack-ls60fha\/","title":{"rendered":"Lunt Double-Stack-Sonnenfilter LS60FHa"},"content":{"rendered":"<h3>Lunt LS60FHa Double Stack Sonnenfilter: Erweiterte Sonnenbeobachtung<\/h3>\n<p>Der Lunt LS60FHa Double Stack Sonnenfilter ist ein unverzichtbares Zubeh\u00f6r f\u00fcr alle begeisterten Sonnenbeobachter, die ihre LS60THa-Teleskope oder LS60FHa-Filtersysteme aufr\u00fcsten m\u00f6chten. Durch die Verringerung der Bandbreite auf &lt; 0,55 \u00c5 bietet dieser Filter einen au\u00dfergew\u00f6hnlichen Kontrast und enth\u00fcllt subtile und faszinierende Details der Sonnenoberfl\u00e4che, wie Filamente, Protuberanzen und chromosph\u00e4rische Granulation.<\/p>\n<h3>Hauptmerkmale<\/h3>\n<ul>\n<li><strong>60 mm \u00d6ffnung :<\/strong> Ohne zentrale Verstopfung f\u00fcr optimale Helligkeit.<\/li>\n<li><strong>Geringe Bandbreite (&lt; 0,55 \u00c5) :<\/strong> Erm\u00f6glicht es, den Kontrast erheblich zu erh\u00f6hen und feine Strukturen aufzudecken, die im Single-Stack-Modus unsichtbar sind.<\/li>\n<li><strong>Neigbare Einstellung (Tilt) :<\/strong> Sorgt f\u00fcr eine pr\u00e4zise Bildoptimierung, indem es st\u00f6rende Reflexionen eliminiert.<\/li>\n<li><strong>Robuste Konstruktion :<\/strong> Hergestellt aus hochwertigem Aluminium mit einem Geh\u00e4usedurchmesser von 95 mm und einer L\u00e4nge von 85 mm.<\/li>\n<li><strong>Universelle Kompatibilit\u00e4t :<\/strong> Entwickelt f\u00fcr die Montage an LS60THa-Teleskopen oder zur Verwendung mit LS60FHa-Filtersystemen.<\/li>\n<\/ul>\n<h3>Warum sollten Sie sich f\u00fcr den LS60FHa Double Stack entscheiden?<\/h3>\n<ul>\n<li><strong>Kontrast verbessern :<\/strong> Reduzieren Sie die Bandbreite, um subtilere und dynamischere Sonnendetails zu erkunden.<\/li>\n<li><strong>Erweiterte Beobachtung :<\/strong> Ideal f\u00fcr erfahrene Sonnenastronomen, die ihre Erkundung der Sonne vertiefen m\u00f6chten.<\/li>\n<li><strong>Vielseitigkeit :<\/strong> Da es mit mehreren Konfigurationen kompatibel ist, l\u00e4sst es sich nahtlos in bestehende Systeme integrieren, ohne dass komplizierte \u00c4nderungen erforderlich sind.<\/li>\n<li><strong>Optische Premium-Qualit\u00e4t :<\/strong> Die Pr\u00e4zision der Lunt-Filter garantiert eine scharfe und gleichm\u00e4\u00dfige Beobachtung.<\/li>\n<\/ul>\n<h3>Nutzung und Sicherheit<\/h3>\n<p>Der Filter LS60FHa ist f\u00fcr die Verwendung als Double Stack-System als Erg\u00e4nzung zu einem Teleskop oder einem System mit einem Blocking-Filter (nicht im Lieferumfang enthalten) vorgesehen. Er sollte niemals alleine verwendet werden, um eine sichere Beobachtung der Sonne zu gew\u00e4hrleisten.<\/p>\n<h3>Im Paket enthalten<\/h3>\n<ul>\n<li>Double Stack Solarfilter LS60FHa.<\/li>\n<li>Hartschalenkoffer aus Aluminium f\u00fcr einen sicheren Transport.<\/li>\n<li>Benutzerhandbuch.<\/li>\n<\/ul>\n<h3>Empfohlene Anwendungen<\/h3>\n<ul>\n<li><strong>Beobachten Sie faszinierende Details :<\/strong> Wie Filamente, Protuberanzen und Sonneneruptionen mit verbessertem Kontrast.<\/li>\n<li><strong>Spektakul\u00e4re Bilder festhalten :<\/strong> Von der Sonne dank ihrer Eignung f\u00fcr die Astrofotografie.<\/li>\n<\/ul>\n<h3>Verwandeln Sie Ihre Erfahrung mit der Sonnenbeobachtung<\/h3>\n<p>Mit dem Double Stack Lunt LS60FHa Filter entdecken Sie die Sonne in einem neuen Licht dank un\u00fcbertroffener Aufl\u00f6sung und Kontrast!<\/p>","protected":false},"excerpt":{"rendered":"<p>Filtre solaire Double Stack Lunt LS60FHa : Observation solaire avanc\u00e9e Le filtre solaire Double Stack Lunt LS60FHa est un accessoire incontournable pour les passionn\u00e9s d\u2019observation solaire souhaitant am\u00e9liorer leurs t\u00e9lescopes LS60THa ou syst\u00e8mes de filtres LS60FHa. En r\u00e9duisant la largeur de bande passante \u00e0 &lt; 0,55 \u00c5, ce filtre offre un contraste exceptionnel, r\u00e9v\u00e9lant des [&hellip;]<\/p>\n","protected":false},"featured_media":5939,"comment_status":"open","ping_status":"closed","template":"","meta":[],"product_brand":[640],"product_cat":[645,642],"product_tag":[],"class_list":{"0":"post-4595","1":"product","2":"type-product","3":"status-publish","4":"has-post-thumbnail","6":"product_brand-lunt","7":"product_cat-filtres-solaires","8":"product_cat-materiel-pour-lobservation-solaire","10":"first","11":"on_supplier","12":"taxable","13":"shipping-taxable","14":"purchasable","15":"product-type-simple"},"_links":{"self":[{"href":"https:\/\/deep-space-astronomy.ch\/de\/wp-json\/wp\/v2\/product\/4595","targetHints":{"allow":["GET"]}}],"collection":[{"href":"https:\/\/deep-space-astronomy.ch\/de\/wp-json\/wp\/v2\/product"}],"about":[{"href":"https:\/\/deep-space-astronomy.ch\/de\/wp-json\/wp\/v2\/types\/product"}],"replies":[{"embeddable":true,"href":"https:\/\/deep-space-astronomy.ch\/de\/wp-json\/wp\/v2\/comments?post=4595"}],"wp:featuredmedia":[{"embeddable":true,"href":"https:\/\/deep-space-astronomy.ch\/de\/wp-json\/wp\/v2\/media\/5939"}],"wp:attachment":[{"href":"https:\/\/deep-space-astronomy.ch\/de\/wp-json\/wp\/v2\/media?parent=4595"}],"wp:term":[{"taxonomy":"product_brand","embeddable":true,"href":"https:\/\/deep-space-astronomy.ch\/de\/wp-json\/wp\/v2\/product_brand?post=4595"},{"taxonomy":"product_cat","embeddable":true,"href":"https:\/\/deep-space-astronomy.ch\/de\/wp-json\/wp\/v2\/product_cat?post=4595"},{"taxonomy":"product_tag","embeddable":true,"href":"https:\/\/deep-space-astronomy.ch\/de\/wp-json\/wp\/v2\/product_tag?post=4595"}],"curies":[{"name":"wp","href":"https:\/\/api.w.org\/{rel}","templated":true}]}}