{"id":4677,"date":"2025-03-06T22:20:34","date_gmt":"2025-03-06T21:20:34","guid":{"rendered":"https:\/\/deep-space-astronomy.geekworkers.dev\/produit\/filtre-bloquant-pour-lobservation-du-soleil-en-h-alpha-b1200-renvoi-coude-2\/"},"modified":"2025-06-03T10:28:34","modified_gmt":"2025-06-03T08:28:34","slug":"filtre-bloquant-pour-lobservation-du-soleil-en-h-alpha-b1200-renvoi-coude-2","status":"publish","type":"product","link":"https:\/\/deep-space-astronomy.ch\/de\/produkt\/filtre-bloquant-pour-lobservation-du-soleil-en-h-alpha-b1200-renvoi-coude-2\/","title":{"rendered":"Lunt Sperrfilter f\u00fcr die Sonnenbeobachtung in H-alpha B1200 - abgewinkelte Umlenkung 2\u2033."},"content":{"rendered":"<h3>Sperrfilter Lunt B1200: Sonnenbeobachtung im H-Alpha-Licht<\/h3>\n<p>Der Sperrfilter Lunt B1200, der in eine abgewinkelte Umlenkung im 2\"-Format integriert ist, ist eine wesentliche Komponente f\u00fcr die Sonnenbeobachtung im H-Alpha-Licht. Dieser Filter wurde entwickelt, um absolute Sicherheit und eine au\u00dfergew\u00f6hnliche Bildqualit\u00e4t zu gew\u00e4hrleisten. Er ist optimiert, um die Spektrallinie des Alpha-Wasserstoffs (656,28 nm) zu isolieren. Mit einem Durchmesser von 12 mm bietet er ein erweitertes Gesichtsfeld, ideal f\u00fcr Teleskope mit 2\"-Okularhalter und einer Brennweite von bis zu 1080 mm. Dieses Modell ist perfekt f\u00fcr anspruchsvolle Solarastronomen, die visuelle Beobachtung mit fortgeschrittener Astrofotografie kombinieren m\u00f6chten.<\/p>\n<h3>Wozu dient ein Sperrfilter?<\/h3>\n<p>Ein Blockingfilter ist eines der Schl\u00fcsselelemente eines H-alpha-Sonnensystems. W\u00e4hrend das Fabry-Perot-Etalon ein schmales Band um die H-alpha-Linie isoliert, wirkt der Sperrfilter wie ein \"spektraler Reiniger\". Er eliminiert st\u00f6rende Wellenl\u00e4ngen und unerw\u00fcnschte Oberwellen und stellt so sicher, dass nur Licht, das auf 656,28 nm zentriert ist, das Okular oder die Kamera erreicht.<\/p>\n<p>Das Modell B1200 mit seinem gro\u00dfz\u00fcgigen Durchmesser von 12 mm ist f\u00fcr :<\/p>\n<ul>\n<li>Bieten Sie eine komfortable Beobachtung der gesamten Sonnenscheibe an.<\/li>\n<li>Mit mittelgro\u00dfen bis gro\u00dfen Sensoren f\u00fcr die Bildgebung kompatibel sein.<\/li>\n<li>Garantiert ein scharfes und kontrastreiches Bild dank des Mehrschichtsystems.<\/li>\n<\/ul>\n<h3>Hauptmerkmale<\/h3>\n<ul>\n<li><strong>Durchmesser des Sperrfilters :<\/strong> 12 mm (B1200), optimiert f\u00fcr Brennweiten bis 1080 mm.<\/li>\n<li><strong>Integrierte abgewinkelte Umlenkung :<\/strong> 2\"-Format, kompatibel mit Standardokularen mit 2\"- oder 1,25\"-Auszug (\u00fcber mitgelieferten Adapter).<\/li>\n<li><strong>Integriertes T2-Gewinde :<\/strong> Erm\u00f6glicht eine einfache Verbindung mit Astrofotografie-Kameras.<\/li>\n<li><strong>Maximale Sicherheit :<\/strong> Entspricht den internationalen Standards f\u00fcr die sichere Sonnenbeobachtung.<\/li>\n<li><strong>Spektrale Optimierung :<\/strong> Eliminiert unerw\u00fcnschte Oberwellen, um ausschlie\u00dflich die H-alpha-Linie (656,28 nm) zu isolieren.<\/li>\n<li><strong>Robuste Konstruktion :<\/strong> Gefr\u00e4stes Aluminiumgeh\u00e4use mit hochpr\u00e4zisen optischen Komponenten.<\/li>\n<\/ul>\n<h3>Warum sollte man sich f\u00fcr den Lunt B1200 Sperrfilter mit 2\"-Winkelumlenkung entscheiden?<\/h3>\n<ul>\n<li><strong>Fortgeschrittene visuelle Beobachtung :<\/strong> Das B1200 bietet ein erweitertes Gesichtsfeld, perfekt f\u00fcr die bequeme Beobachtung der kompletten Sonnenscheibe mit Teleskopen mit m\u00e4\u00dfiger Brennweite.<\/li>\n<li><strong>Fortgeschrittene Astrofotografie :<\/strong> Mit einem Durchmesser von 12 mm und einem integrierten T2-Gewinde ist es ideal, um mit modernen Sensoren detaillierte Bilder aufzunehmen.<\/li>\n<li><strong>Hervorragende Bildqualit\u00e4t :<\/strong> Dank seines mehrschichtigen Systems sorgt er f\u00fcr scharfe und kontrastreiche Bilder ohne Lichtst\u00f6rungen.<\/li>\n<li><strong>Vollst\u00e4ndige Sicherheit :<\/strong> Blockiert effektiv sch\u00e4dliche UV- und IR-Strahlung und sorgt so f\u00fcr eine sichere Nutzung ohne Gefahr f\u00fcr deine Augen oder deine Ausr\u00fcstung.<\/li>\n<li><strong>Universelle Kompatibilit\u00e4t :<\/strong> Funktioniert mit allen Lunt-Sonnenteleskopen, die mit einem 2\"-Okularhalter ausgestattet sind.<\/li>\n<\/ul>\n<h3>Empfohlene Anwendungen<\/h3>\n<ul>\n<li><strong>Visuelle Beobachtung der Sonne in H-alpha :<\/strong> Erkunden Sie Sonnenprotuberanzen, Filamente und Chromosph\u00e4rengranulation mit optimalem Kontrast.<\/li>\n<li><strong>Fortgeschrittene Sonnen-Astrophotographie :<\/strong> Kompatibel mit modernen Kameras mit mittelgro\u00dfen und gro\u00dfen Sensoren.<\/li>\n<li><strong>Ideal f\u00fcr Brennweiten bis 1080 mm, an mittleren und fortgeschrittenen Instrumenten.<\/li>\n<\/ul>\n<h3>Im Paket enthalten<\/h3>\n<ul>\n<li>Lunt B1200 Sperrfilter, der in einen 2\"-Winkelumlenker integriert ist.<\/li>\n<li>Adapter f\u00fcr Okulare mit 1,25\"-Auslauf.<\/li>\n<li>Ausf\u00fchrliches Benutzerhandbuch.<\/li>\n<\/ul>\n<h3>Kompatibilit\u00e4t<\/h3>\n<p>Der B1200 Blocking Filter ist f\u00fcr die Verwendung mit :<\/p>\n<ul>\n<li>Lunt-Sonnenteleskope wie das LS60THa oder LS80THa.<\/li>\n<li>Standardokulare mit 1,25\" oder 2\" Auslauf.<\/li>\n<li>Moderne Astrofotokameras, die mit einem T2-Gewinde ausgestattet sind.<\/li>\n<\/ul>\n<h3>Wichtig<\/h3>\n<p>Der Sperrfilter B1200 sollte ausschlie\u00dflich mit einem Sonnenteleskop verwendet werden, das mit einem H-alpha-Standard ausgestattet ist. Er darf nicht allein oder als unabh\u00e4ngiges Zubeh\u00f6r an einem Instrument verwendet werden, das nicht f\u00fcr die Sonnenbeobachtung bestimmt ist.<\/p>\n<p>Verwandeln Sie Ihr Sonnenbeobachtungserlebnis mit dem Lunt B1200 Sperrfilter mit 2\"-Winkelumlenkung. Genie\u00dfen Sie einen klaren und sicheren Blick auf die Sonne im H-Alpha-Licht, w\u00e4hrend Sie ihre faszinierenden Strukturen erkunden!<\/p>","protected":false},"excerpt":{"rendered":"<p>Filtre bloquant Lunt B1200 : Observation solaire en lumi\u00e8re H-alpha Le filtre bloquant Lunt B1200, int\u00e9gr\u00e9 dans un renvoi coud\u00e9 au format 2\u201d, est un composant essentiel pour l\u2019observation du Soleil en lumi\u00e8re H-alpha. Con\u00e7u pour garantir une s\u00e9curit\u00e9 totale et une qualit\u00e9 d\u2019image exceptionnelle, ce filtre est optimis\u00e9 pour isoler la raie spectrale de [&hellip;]<\/p>\n","protected":false},"featured_media":5994,"comment_status":"open","ping_status":"closed","template":"","meta":[],"product_brand":[640],"product_cat":[647,642],"product_tag":[],"class_list":{"0":"post-4677","1":"product","2":"type-product","3":"status-publish","4":"has-post-thumbnail","6":"product_brand-lunt","7":"product_cat-filtres-bloquants-ha-ou-ca-k","8":"product_cat-materiel-pour-lobservation-solaire","10":"first","11":"on_supplier","12":"taxable","13":"shipping-taxable","14":"purchasable","15":"product-type-simple"},"_links":{"self":[{"href":"https:\/\/deep-space-astronomy.ch\/de\/wp-json\/wp\/v2\/product\/4677","targetHints":{"allow":["GET"]}}],"collection":[{"href":"https:\/\/deep-space-astronomy.ch\/de\/wp-json\/wp\/v2\/product"}],"about":[{"href":"https:\/\/deep-space-astronomy.ch\/de\/wp-json\/wp\/v2\/types\/product"}],"replies":[{"embeddable":true,"href":"https:\/\/deep-space-astronomy.ch\/de\/wp-json\/wp\/v2\/comments?post=4677"}],"wp:featuredmedia":[{"embeddable":true,"href":"https:\/\/deep-space-astronomy.ch\/de\/wp-json\/wp\/v2\/media\/5994"}],"wp:attachment":[{"href":"https:\/\/deep-space-astronomy.ch\/de\/wp-json\/wp\/v2\/media?parent=4677"}],"wp:term":[{"taxonomy":"product_brand","embeddable":true,"href":"https:\/\/deep-space-astronomy.ch\/de\/wp-json\/wp\/v2\/product_brand?post=4677"},{"taxonomy":"product_cat","embeddable":true,"href":"https:\/\/deep-space-astronomy.ch\/de\/wp-json\/wp\/v2\/product_cat?post=4677"},{"taxonomy":"product_tag","embeddable":true,"href":"https:\/\/deep-space-astronomy.ch\/de\/wp-json\/wp\/v2\/product_tag?post=4677"}],"curies":[{"name":"wp","href":"https:\/\/api.w.org\/{rel}","templated":true}]}}