{"id":4710,"date":"2025-03-06T22:22:44","date_gmt":"2025-03-06T21:22:44","guid":{"rendered":"https:\/\/deep-space-astronomy.geekworkers.dev\/produit\/filtre-bloquant-pour-lobservation-du-soleil-en-h-alpha-b3400-tube-droit-2\/"},"modified":"2025-06-03T10:28:41","modified_gmt":"2025-06-03T08:28:41","slug":"filtre-bloquant-pour-lobservation-du-soleil-en-h-alpha-b3400-tube-droit-2","status":"publish","type":"product","link":"https:\/\/deep-space-astronomy.ch\/de\/produkt\/filtre-bloquant-pour-lobservation-du-soleil-en-h-alpha-b3400-tube-droit-2\/","title":{"rendered":"Lunt Sperrfilter f\u00fcr die Sonnenbeobachtung in H-alpha B3400 - Gerades Rohr 2\u2033"},"content":{"rendered":"<h3>Lunt B3400 Blocking Filter in 2\" geradem Rohr - Spezifikationen und Eigenschaften<\/h3>\n<p>Die <strong>Sperrfilter Lunt B3400<\/strong>Der in einen geraden 2\"-Tubus integrierte Filter ist eine wichtige Komponente f\u00fcr die Sonnenbeobachtung und -abbildung im H-Alpha-Licht. Dieser Filter wurde entwickelt, um absolute Sicherheit und eine au\u00dfergew\u00f6hnliche Bildqualit\u00e4t zu gew\u00e4hrleisten. Er wurde optimiert, um die Spektrallinie von Wasserstoff-Alpha (656,28 nm) zu isolieren. Mit einem gro\u00dfz\u00fcgigen Durchmesser von 34 mm ist er ideal f\u00fcr Teleskope mit einer Brennweite von bis zu 3060 mm bei der visuellen Beobachtung und 1800 mm bei der Bildgebung. Dieses Modell eignet sich besonders f\u00fcr Konfigurationen, die einen kurzen Strahlengang erfordern, wie z. B. die fortgeschrittene Sonnenabbildung mit gro\u00dfformatigen Sensoren.<\/p>\n<h4>Wozu dient ein Sperrfilter?<\/h4>\n<p>Ein Sperrfilter ist in jedem H-alpha-Sonnensystem unverzichtbar. W\u00e4hrend das Fabry-Perot-Etalon ein schmales Band um die H-alpha-Linie isoliert, wirkt der Sperrfilter wie ein \"Spektralreiniger\". Er entfernt st\u00f6rende Wellenl\u00e4ngen und unerw\u00fcnschte Oberwellen und stellt so sicher, dass nur Licht, das auf 656,28 nm zentriert ist, das Okular oder die Kamera erreicht.<\/p>\n<p>Das Modell B3400 mit einem Durchmesser von 34 mm ist f\u00fcr :<\/p>\n<ul>\n<li>Bieten ein ultraweites Sichtfeld, das f\u00fcr Teleskope mit gro\u00dfer Brennweite geeignet ist.<\/li>\n<li>Mit gro\u00dfformatigen Sensoren kompatibel sein, um detaillierte Bilder zu erfassen.<\/li>\n<li>Maximierung der optischen Qualit\u00e4t durch das Mehrschichtsystem.<\/li>\n<\/ul>\n<h4>Hauptmerkmale<\/h4>\n<ul>\n<li><strong>Durchmesser des Sperrfilters<\/strong> : 34 mm (B3400), optimiert f\u00fcr Brennweiten bis zu 3060 mm im visuellen und 1800 mm im bildgebenden Bereich.<\/li>\n<li><strong>Gerade R\u00f6hre<\/strong> : 2\"-Format, ideal f\u00fcr Konfigurationen, die einen kurzen optischen Pfad erfordern.<\/li>\n<li><strong>Mehrere Anschl\u00fcsse<\/strong> :\n<ul>\n<li>2\" Schiebereingang f\u00fcr den Okularhalter.<\/li>\n<li>1,25\"-Auslauf mit integriertem T2-Gewinde f\u00fcr Kamera oder Okular.<\/li>\n<\/ul>\n<\/li>\n<li><strong>Maximale Sicherheit<\/strong> : Entspricht den internationalen Standards f\u00fcr die sichere Sonnenbeobachtung.<\/li>\n<li><strong>Spektrale Optimierung<\/strong> : Eliminiert unerw\u00fcnschte Oberwellen, um ausschlie\u00dflich die H-alpha-Linie (656,28 nm) zu isolieren.<\/li>\n<li><strong>Robuste Konstruktion<\/strong> : Gefr\u00e4stes Aluminiumgeh\u00e4use mit hochpr\u00e4zisen optischen Komponenten.<\/li>\n<\/ul>\n<h4>Warum sollte man sich f\u00fcr den Lunt B3400 Blocking Filter in gerader R\u00f6hre entscheiden?<\/h4>\n<ol>\n<li><strong>Fortgeschrittene visuelle Beobachtung<\/strong> : Das B3400 bietet ein ultraweites Gesichtsfeld und optimalen Kontrast, perfekt f\u00fcr die bequeme Beobachtung der kompletten Sonnenscheibe mit Teleskopen mit gro\u00dfer Brennweite.<\/li>\n<li><strong>Professionelle Astrofotografie<\/strong> : Mit seinem gro\u00dfz\u00fcgigen Durchmesser von 34 mm und dem integrierten T2-Gewinde ist er ideal, um mit modernen Gro\u00dfformatsensoren detaillierte Bilder aufzunehmen.<\/li>\n<li><strong>Hervorragende Bildqualit\u00e4t<\/strong> : Dank seines Mehrschichtsystems sorgt er f\u00fcr scharfe und kontrastreiche Bilder ohne Lichtinterferenzen.<\/li>\n<li><strong>Umfassende Sicherheit<\/strong> : Blockiert effektiv sch\u00e4dliche UV- und IR-Strahlung und sorgt so f\u00fcr eine sichere Nutzung ohne Gefahr f\u00fcr deine Augen oder deine Ausr\u00fcstung.<\/li>\n<li><strong>Universelle Kompatibilit\u00e4t<\/strong> : Funktioniert mit allen Lunt-Sonnenteleskopen, die mit einem 2\"-Okularhalter ausgestattet sind.<\/li>\n<\/ol>\n<h4>Empfohlene Anwendungen<\/h4>\n<ul>\n<li><strong>Visuelle Beobachtung der Sonne in H-alpha<\/strong> : Erkunden Sie Sonnenprotuberanzen, Filamente und Chromosph\u00e4rengranulation mit optimalem Kontrast.<\/li>\n<li><strong>Fortgeschrittene Sonnen-Astrophotographie<\/strong> : Dank des integrierten T2-Gewindes kompatibel mit modernen Kameras mit gro\u00dfformatigen Sensoren.<\/li>\n<li><strong>Ideal f\u00fcr Brennweiten bis 3060 mm<\/strong>Die Sch\u00fclerinnen und Sch\u00fcler k\u00f6nnen auf mittleren oder fortgeschrittenen Instrumenten lernen.<\/li>\n<\/ul>\n<h4>Im Paket enthalten<\/h4>\n<ul>\n<li>Blockierender Filter Lunt B3400, der in ein gerades 2\"-Rohr integriert ist.<\/li>\n<li>Adapter f\u00fcr Okulare mit 1,25\"-Auslauf.<\/li>\n<li>Ausf\u00fchrliches Benutzerhandbuch.<\/li>\n<\/ul>\n<h4>Kompatibilit\u00e4t<\/h4>\n<p>Der Sperrfilter B3400 ist f\u00fcr die Verwendung mit :<\/p>\n<ul>\n<li>Lunt-Sonnenteleskope wie das LS100THa oder das LS130THa.<\/li>\n<li>Standardokulare mit 1,25\" oder 2\" Auslauf.<\/li>\n<li>Moderne Astrofotokameras, die mit einem T2-Gewinde ausgestattet sind.<\/li>\n<\/ul>\n<h4>Wichtig<\/h4>\n<p>Der Sperrfilter B3400 sollte ausschlie\u00dflich mit einem H-alpha-Teleskop oder -System verwendet werden, das mit einem Fabry-Perot Lunt Solar Systems-Standard ausgestattet ist. Er darf nicht allein oder als unabh\u00e4ngiges Zubeh\u00f6r an einem Instrument verwendet werden, das nicht f\u00fcr die Sonnenbeobachtung bestimmt ist.<\/p>\n<p><strong>Verwandeln Sie Ihre Sonnenbeobachtungserfahrung mit dem Lunt B3400 Sperrfilter in einem geraden 2\"-Rohr.<\/strong>. Genie\u00dfen Sie einen klaren und sicheren Blick auf die Sonne im H-Alpha-Licht, w\u00e4hrend Sie ihre faszinierenden Strukturen erkunden!<\/p>","protected":false},"excerpt":{"rendered":"<p>Filtre Bloquant Lunt B3400 en Tube Droit 2\u201d &#8211; Sp\u00e9cifications et caract\u00e9ristiques Le filtre bloquant Lunt B3400, int\u00e9gr\u00e9 dans un tube droit au format 2\u201d, est un composant essentiel pour l\u2019observation et l\u2019imagerie solaire en lumi\u00e8re H-alpha. Ce filtre est con\u00e7u pour garantir une s\u00e9curit\u00e9 absolue et une qualit\u00e9 d\u2019image exceptionnelle, optimis\u00e9 pour isoler la [&hellip;]<\/p>\n","protected":false},"featured_media":6025,"comment_status":"open","ping_status":"closed","template":"","meta":[],"product_brand":[640],"product_cat":[647,642],"product_tag":[],"class_list":{"0":"post-4710","1":"product","2":"type-product","3":"status-publish","4":"has-post-thumbnail","6":"product_brand-lunt","7":"product_cat-filtres-bloquants-ha-ou-ca-k","8":"product_cat-materiel-pour-lobservation-solaire","10":"first","11":"on_supplier","12":"taxable","13":"shipping-taxable","14":"purchasable","15":"product-type-simple"},"_links":{"self":[{"href":"https:\/\/deep-space-astronomy.ch\/de\/wp-json\/wp\/v2\/product\/4710","targetHints":{"allow":["GET"]}}],"collection":[{"href":"https:\/\/deep-space-astronomy.ch\/de\/wp-json\/wp\/v2\/product"}],"about":[{"href":"https:\/\/deep-space-astronomy.ch\/de\/wp-json\/wp\/v2\/types\/product"}],"replies":[{"embeddable":true,"href":"https:\/\/deep-space-astronomy.ch\/de\/wp-json\/wp\/v2\/comments?post=4710"}],"wp:featuredmedia":[{"embeddable":true,"href":"https:\/\/deep-space-astronomy.ch\/de\/wp-json\/wp\/v2\/media\/6025"}],"wp:attachment":[{"href":"https:\/\/deep-space-astronomy.ch\/de\/wp-json\/wp\/v2\/media?parent=4710"}],"wp:term":[{"taxonomy":"product_brand","embeddable":true,"href":"https:\/\/deep-space-astronomy.ch\/de\/wp-json\/wp\/v2\/product_brand?post=4710"},{"taxonomy":"product_cat","embeddable":true,"href":"https:\/\/deep-space-astronomy.ch\/de\/wp-json\/wp\/v2\/product_cat?post=4710"},{"taxonomy":"product_tag","embeddable":true,"href":"https:\/\/deep-space-astronomy.ch\/de\/wp-json\/wp\/v2\/product_tag?post=4710"}],"curies":[{"name":"wp","href":"https:\/\/api.w.org\/{rel}","templated":true}]}}