{"id":4744,"date":"2025-03-06T22:25:29","date_gmt":"2025-03-06T21:25:29","guid":{"rendered":"https:\/\/deep-space-astronomy.geekworkers.dev\/produit\/filtre-bloquant-pour-lobservation-du-soleil-en-calcium-k-b1800-tube-droit-2\/"},"modified":"2025-06-03T10:28:48","modified_gmt":"2025-06-03T08:28:48","slug":"filtre-bloquant-pour-lobservation-du-soleil-en-calcium-k-b1800-tube-droit-2","status":"publish","type":"product","link":"https:\/\/deep-space-astronomy.ch\/de\/produkt\/filtre-bloquant-pour-lobservation-du-soleil-en-calcium-k-b1800-tube-droit-2\/","title":{"rendered":"Lunt Sperrfilter f\u00fcr die Sonnenbeobachtung aus Calcium-K B1800 - gerades Rohr 2\u2033."},"content":{"rendered":"<h3>Lunt B1800 Blocking Filter in 2\" geradem Rohr - Spezifikationen und Eigenschaften<\/h3>\n<p>Die <strong>Sperrfilter Lunt B1800<\/strong>Der in einem geraden 2\"-Rohr eingebaute Filter wurde speziell f\u00fcr die Beobachtung und Abbildung der Calcium-K-Linie (Ca-K) bei einer Wellenl\u00e4nge von 393,4 nm entwickelt. Mit einer schmalen Bandbreite (&lt;2,4 \u00c5) erm\u00f6glicht dieser Filter die Enth\u00fcllung subtiler Details in der Photosph\u00e4re und der Supergranulation der Sonne. Mit seinem gro\u00dfz\u00fcgigen Durchmesser von 18 mm ist er f\u00fcr Teleskope mit einer Brennweite von bis zu 1800 mm optimiert und bietet eine au\u00dfergew\u00f6hnliche Leistung f\u00fcr anspruchsvolle Sonnenastronomen.<\/p>\n<h3>Warum in Calcium-K beobachten?<\/h3>\n<p>Die Calcium-K-Linie hebt die intensiven magnetischen Zonen der Photosph\u00e4re und Chromosph\u00e4re der Sonne hervor. Bei diesen Wellenl\u00e4ngen lassen sich Ph\u00e4nomene beobachten wie :<\/p>\n<ul>\n<li><strong>Fakularstr\u00e4nde :<\/strong> Helle Regionen, die mit Magnetfeldern in Verbindung gebracht werden.<\/li>\n<li><strong>Sonnengranulation :<\/strong> Hei\u00dfe Plasmablasen, die auf der Sonnenoberfl\u00e4che sichtbar sind.<\/li>\n<li><strong>Sonnenflecken :<\/strong> Dunkle Bereiche, die von Halbschatten umgeben sind.<\/li>\n<\/ul>\n<p>Obwohl diese Linie f\u00fcr das menschliche Auge kaum wahrnehmbar ist (aufgrund der nat\u00fcrlichen Alterung oder Vergilbung der Hornhaut), kann sie von modernen Kameras perfekt erkannt werden, was sie zu einem idealen Werkzeug f\u00fcr die fortgeschrittene Astrofotografie macht.<\/p>\n<h3>Hauptmerkmale<\/h3>\n<ul>\n<li><strong>Durchmesser des Sperrfilters :<\/strong> 18 mm (B1800), optimiert f\u00fcr Brennweiten bis 1800 mm.<\/li>\n<li><strong>Rechte R\u00f6hre :<\/strong> Gerades Design im 2\"-Format, ideal f\u00fcr Konfigurationen, die einen kurzen optischen Pfad erfordern.<\/li>\n<li><strong>Mehrere Anschl\u00fcsse :<\/strong>\n<ul>\n<li>2\" Schiebereingang f\u00fcr den Okularhalter.<\/li>\n<li>1,25\"-Auslauf mit integriertem T2-Gewinde f\u00fcr Kamera oder Okular.<\/li>\n<\/ul>\n<\/li>\n<li><strong>Schmale Bandbreite :<\/strong> &lt;2,4 \u00c5, zentriert auf die Calcium-K-Linie (393,4 nm).<\/li>\n<li><strong>Maximale Sicherheit :<\/strong> Integrierter UV\/IR-Schutz f\u00fcr sicheres Beobachten.<\/li>\n<li><strong>Robuste Konstruktion :<\/strong> Gefr\u00e4stes Aluminiumgeh\u00e4use mit hochpr\u00e4zisen optischen Komponenten.<\/li>\n<\/ul>\n<h3>Warum sollte man sich f\u00fcr den Lunt B1800 Blocking Filter in gerader R\u00f6hre entscheiden?<\/h3>\n<ol>\n<li><strong>Fortgeschrittene visuelle Beobachtung und Bildgebung :<\/strong> Die B1800 bietet ein erweitertes Sichtfeld und eignet sich hervorragend f\u00fcr moderne Gro\u00dfformatsensoren.<\/li>\n<li><strong>Hervorragende Bildqualit\u00e4t :<\/strong> Dank seiner schmalen Bandbreite sorgt er f\u00fcr scharfe und kontrastreiche Bilder ohne Lichtst\u00f6rungen.<\/li>\n<li><strong>Vollst\u00e4ndige Sicherheit :<\/strong> Blockiert effektiv sch\u00e4dliche UV- und IR-Strahlung und sorgt so f\u00fcr eine sichere Nutzung ohne Gefahr f\u00fcr deine Augen oder deine Ausr\u00fcstung.<\/li>\n<li><strong>Universelle Kompatibilit\u00e4t :<\/strong> Funktioniert mit allen kompatiblen Sonnenteleskopen, die mit einem 2\"-Okularhalter ausgestattet sind.<\/li>\n<li><strong>Vielseitiges Design :<\/strong> Dank des integrierten T2-Gewindes ideal f\u00fcr die Sonnenbildgebung.<\/li>\n<\/ol>\n<h3>Empfohlene Anwendungen<\/h3>\n<ul>\n<li><strong>Begrenzte visuelle Beobachtung in Calcium-K :<\/strong> F\u00fcr diejenigen, die diese Wellenl\u00e4nge wahrnehmen k\u00f6nnen (insbesondere nach einer Kataraktoperation).<\/li>\n<li><strong>Fortgeschrittene Sonnen-Astrophotographie :<\/strong> Kompatibel mit modernen Kameras mit mittleren und gro\u00dfen Sensoren.<\/li>\n<li><strong>Ideal f\u00fcr Brennweiten bis 1800 mm :<\/strong> Auf mittleren oder fortgeschrittenen Instrumenten.<\/li>\n<\/ul>\n<h3>Im Paket enthalten<\/h3>\n<ul>\n<li>Blockierender Filter Lunt B1800, der in ein gerades 2\"-Rohr integriert ist.<\/li>\n<li>Adapter f\u00fcr Okulare mit 1,25\"-Auslauf.<\/li>\n<li>Ausf\u00fchrliches Benutzerhandbuch.<\/li>\n<\/ul>\n<h3>Kompatibilit\u00e4t<\/h3>\n<p>Der B1800 Blocking Filter ist f\u00fcr die Verwendung mit :<\/p>\n<ul>\n<li>Lunt-Sonnenteleskope oder jedes System, das mit Calcium-K kompatibel ist.<\/li>\n<li>Standardokulare mit 1,25\" oder 2\" Auslauf.<\/li>\n<li>Moderne Astrofotokameras, die mit einem T2-Gewinde ausgestattet sind.<\/li>\n<\/ul>\n<h3>Wichtig<\/h3>\n<p>Der B1800 Sperrfilter darf nur mit einem Teleskop oder System verwendet werden, das mit einem Calcium-K-Modul von Lunt Solar Systems ausgestattet ist. Er darf nicht allein oder als unabh\u00e4ngiges Zubeh\u00f6r an einem Instrument verwendet werden, das nicht f\u00fcr die Sonnenbeobachtung bestimmt ist.<\/p>\n<p>Verwandeln Sie Ihr Sonnenbeobachtungserlebnis mit dem Lunt B1800 Sperrfilter in einem geraden 2-Zoll-Tubus. Entdecken Sie die magnetische Dynamik der Sonne in einem einzigartigen Licht und fangen Sie ihre faszinierenden Strukturen pr\u00e4zise ein!<\/p>","protected":false},"excerpt":{"rendered":"<p>Filtre Bloquant Lunt B1800 en Tube Droit 2\u201d &#8211; Sp\u00e9cifications et caract\u00e9ristiques Le filtre bloquant Lunt B1800, int\u00e9gr\u00e9 dans un tube droit au format 2\u201d, est sp\u00e9cialement con\u00e7u pour l\u2019observation et l\u2019imagerie solaire dans la raie Calcium-K (Ca-K), centr\u00e9e sur la longueur d\u2019onde de 393,4 nm. Avec une bande passante \u00e9troite (&lt;2,4 \u00c5), ce filtre [&hellip;]<\/p>\n","protected":false},"featured_media":6052,"comment_status":"open","ping_status":"closed","template":"","meta":[],"product_brand":[640],"product_cat":[647,642],"product_tag":[],"class_list":{"0":"post-4744","1":"product","2":"type-product","3":"status-publish","4":"has-post-thumbnail","6":"product_brand-lunt","7":"product_cat-filtres-bloquants-ha-ou-ca-k","8":"product_cat-materiel-pour-lobservation-solaire","10":"first","11":"on_supplier","12":"taxable","13":"shipping-taxable","14":"purchasable","15":"product-type-simple"},"_links":{"self":[{"href":"https:\/\/deep-space-astronomy.ch\/de\/wp-json\/wp\/v2\/product\/4744","targetHints":{"allow":["GET"]}}],"collection":[{"href":"https:\/\/deep-space-astronomy.ch\/de\/wp-json\/wp\/v2\/product"}],"about":[{"href":"https:\/\/deep-space-astronomy.ch\/de\/wp-json\/wp\/v2\/types\/product"}],"replies":[{"embeddable":true,"href":"https:\/\/deep-space-astronomy.ch\/de\/wp-json\/wp\/v2\/comments?post=4744"}],"wp:featuredmedia":[{"embeddable":true,"href":"https:\/\/deep-space-astronomy.ch\/de\/wp-json\/wp\/v2\/media\/6052"}],"wp:attachment":[{"href":"https:\/\/deep-space-astronomy.ch\/de\/wp-json\/wp\/v2\/media?parent=4744"}],"wp:term":[{"taxonomy":"product_brand","embeddable":true,"href":"https:\/\/deep-space-astronomy.ch\/de\/wp-json\/wp\/v2\/product_brand?post=4744"},{"taxonomy":"product_cat","embeddable":true,"href":"https:\/\/deep-space-astronomy.ch\/de\/wp-json\/wp\/v2\/product_cat?post=4744"},{"taxonomy":"product_tag","embeddable":true,"href":"https:\/\/deep-space-astronomy.ch\/de\/wp-json\/wp\/v2\/product_tag?post=4744"}],"curies":[{"name":"wp","href":"https:\/\/api.w.org\/{rel}","templated":true}]}}