{"id":5004,"date":"2025-03-07T08:43:48","date_gmt":"2025-03-07T07:43:48","guid":{"rendered":"https:\/\/deep-space-astronomy.geekworkers.dev\/produit\/reducteur-0-75x-71f-2\/"},"modified":"2025-06-03T10:28:48","modified_gmt":"2025-06-03T08:28:48","slug":"reducteur-0-75x-71f-2","status":"publish","type":"product","link":"https:\/\/deep-space-astronomy.ch\/de\/produkt\/reducteur-0-75x-71f-2\/","title":{"rendered":"Reduzierst\u00fcck 0.75x 71F"},"content":{"rendered":"<h3>Askar 71F 0.75x Reducer - Spezifikation und Eigenschaften<\/h3>\n<p>Die <strong>Reduzierst\u00fcck Askar 71F 0.75x<\/strong> ist ein hochwertiges Zubeh\u00f6r, das f\u00fcr das Askar 71F-Teleskop optimiert wurde und neue Anwendungsm\u00f6glichkeiten bietet. Dieser Reducer ist so konzipiert, dass er das Brennverh\u00e4ltnis verringert und das Feld abflacht, wodurch er sich ideal f\u00fcr die Aufnahme gro\u00dfer Bereiche von Nebeln, Sternhaufen und sich schnell bewegenden Himmelsobjekten eignet. Es bietet die folgenden technischen Merkmale:<\/p>\n<h3>Eigenschaften des Askar 71F 0.75x Reducer<\/h3>\n<ul>\n<li><strong>Brennweite :<\/strong> 369 mm nach der Installation mit dem 71F<\/li>\n<li><strong>Fokusbericht :<\/strong> f\/5.2 nach der Installation mit dem 71F<\/li>\n<li><strong>Linsenart :<\/strong> Triplet-Design f\u00fcr eine bessere optische Korrektur<\/li>\n<li><strong>Hintere Brennweite :<\/strong> 55 mm (gemessen von der Basis des M48-Au\u00dfengewindes)<\/li>\n<li><strong>Gewicht :<\/strong> 0,23 kg, gew\u00e4hrleistet eine optimale Balance f\u00fcr Astrofotografie-Setups<\/li>\n<li><strong>Hinterer Gewindetyp :<\/strong> M59*1, erleichtert die Integration mit diversem Zubeh\u00f6r<\/li>\n<\/ul>\n<h3>Ma\u00dfe und Aufbau<\/h3>\n<ul>\n<li><strong>Au\u00dfendurchmesser :<\/strong> 62 mm<\/li>\n<li><strong>Gesamtl\u00e4nge :<\/strong> 48 mm<\/li>\n<li><strong>Gewinde :<\/strong> M59*1, f\u00fcr eine zuverl\u00e4ssige und sichere Verbindung<\/li>\n<\/ul>\n<h3>Schutz und Nachhaltigkeit<\/h3>\n<p>Beide Enden sind mit CNC-gefr\u00e4sten Metallkappen mit Gewinde ausgestattet, die vor Staub und Schmutz sch\u00fctzen, wenn das Ger\u00e4t nicht in Gebrauch ist. Dadurch wird eine lange Lebensdauer und optimale Leistung in anspruchsvollen Umgebungen gew\u00e4hrleistet.<\/p>\n<h3>Vorteile f\u00fcr die Nutzer<\/h3>\n<p>Durch die Reduzierung des \u00d6ffnungsverh\u00e4ltnisses erm\u00f6glicht dieser Reducer k\u00fcrzere Belichtungszeiten, wodurch das Sichtfeld f\u00fcr schnellere Aufnahmen und einen verbesserten visuellen Effekt bei der Beobachtung diffuser Himmelsobjekte erweitert wird. Er eignet sich besonders f\u00fcr Astrofotografen, die die Qualit\u00e4t und die Breite ihres Beobachtungsfeldes maximieren m\u00f6chten.<\/p>","protected":false},"excerpt":{"rendered":"<p>R\u00e9ducteur Askar 71F 0.75x &#8211; Sp\u00e9cifications et caract\u00e9ristiques Le r\u00e9ducteur Askar 71F 0.75x est un accessoire de haute qualit\u00e9 optimis\u00e9 pour le t\u00e9lescope Askar 71F, offrant de nouvelles possibilit\u00e9s d\u2019utilisation. Ce r\u00e9ducteur est con\u00e7u pour r\u00e9duire le rapport focal et aplatir le champ, ce qui le rend id\u00e9al pour capturer des zones larges de n\u00e9buleuses, [&hellip;]<\/p>\n","protected":false},"featured_media":5271,"comment_status":"open","ping_status":"closed","template":"","meta":[],"product_brand":[382],"product_cat":[19,650,575],"product_tag":[],"class_list":{"0":"post-5004","1":"product","2":"type-product","3":"status-publish","4":"has-post-thumbnail","6":"product_brand-askar","7":"product_cat-accessoires","8":"product_cat-rducteurs-correcteurs-ap","9":"product_cat-astrophotographie","11":"first","12":"on_supplier","13":"taxable","14":"shipping-taxable","15":"purchasable","16":"product-type-simple"},"_links":{"self":[{"href":"https:\/\/deep-space-astronomy.ch\/de\/wp-json\/wp\/v2\/product\/5004","targetHints":{"allow":["GET"]}}],"collection":[{"href":"https:\/\/deep-space-astronomy.ch\/de\/wp-json\/wp\/v2\/product"}],"about":[{"href":"https:\/\/deep-space-astronomy.ch\/de\/wp-json\/wp\/v2\/types\/product"}],"replies":[{"embeddable":true,"href":"https:\/\/deep-space-astronomy.ch\/de\/wp-json\/wp\/v2\/comments?post=5004"}],"wp:featuredmedia":[{"embeddable":true,"href":"https:\/\/deep-space-astronomy.ch\/de\/wp-json\/wp\/v2\/media\/5271"}],"wp:attachment":[{"href":"https:\/\/deep-space-astronomy.ch\/de\/wp-json\/wp\/v2\/media?parent=5004"}],"wp:term":[{"taxonomy":"product_brand","embeddable":true,"href":"https:\/\/deep-space-astronomy.ch\/de\/wp-json\/wp\/v2\/product_brand?post=5004"},{"taxonomy":"product_cat","embeddable":true,"href":"https:\/\/deep-space-astronomy.ch\/de\/wp-json\/wp\/v2\/product_cat?post=5004"},{"taxonomy":"product_tag","embeddable":true,"href":"https:\/\/deep-space-astronomy.ch\/de\/wp-json\/wp\/v2\/product_tag?post=5004"}],"curies":[{"name":"wp","href":"https:\/\/api.w.org\/{rel}","templated":true}]}}