{"id":5007,"date":"2025-03-07T08:44:21","date_gmt":"2025-03-07T07:44:21","guid":{"rendered":"https:\/\/deep-space-astronomy.geekworkers.dev\/produit\/reducteur-0-75x-65phq\/"},"modified":"2025-06-03T10:28:48","modified_gmt":"2025-06-03T08:28:48","slug":"reducteur-0-75x-65phq","status":"publish","type":"product","link":"https:\/\/deep-space-astronomy.ch\/de\/produkt\/reducteur-0-75x-65phq\/","title":{"rendered":"Reduzierst\u00fcck 0.75x 65PHQ"},"content":{"rendered":"<h3>Askar 65PHQ 0.75x Full-Frame Reducer - Spezifikationen und Eigenschaften<\/h3>\n<p>Die <strong>Reduzierst\u00fcck Askar 65PHQ 0.75x<\/strong> ist eine Ausr\u00fcstung, die f\u00fcr Astrofotografen entwickelt wurde, die eine h\u00f6here Bildqualit\u00e4t und eine verbesserte Benutzerfreundlichkeit suchen. Dieses Full-Frame-Modell verwendet f\u00fcr eine optimale optische Leistung ein Quadruplet-Design, das ein k\u00fcrzeres Brennweitenverh\u00e4ltnis und ein gr\u00f6\u00dferes Sichtfeld f\u00fcr schnellere und umfangreichere Aufnahmen erm\u00f6glicht.<\/p>\n<h3>Eigenschaften des Askar 65PHQ 0.75x Reducer<\/h3>\n<ul>\n<li><strong>Fokusbericht :<\/strong> 1:4,8 nach Verkleinerung, was eine verbesserte Helligkeit bietet.<\/li>\n<li><strong>Brennweite :<\/strong> 312 mm nach Verkleinerung, ideal f\u00fcr Himmelsobjekte mit gro\u00dfer Ausdehnung.<\/li>\n<li><strong>Linsenart :<\/strong> Quadruplet-Design f\u00fcr eine bessere Kontrolle von Verzerrungen und Aberrationen.<\/li>\n<li><strong>Hintere Brennweite :<\/strong> 55 mm (Standardabstand f\u00fcr astrofotografische Konfigurationen).<\/li>\n<li><strong>Gewicht und Robustheit :<\/strong> Konstruiert f\u00fcr einen stabilen und langlebigen Einsatz, geeignet f\u00fcr Astrograf-Montagen.<\/li>\n<\/ul>\n<h3>Zus\u00e4tzliche Ma\u00dfe und Spezifikationen<\/h3>\n<ul>\n<li><strong>Hinteres Gewinde :<\/strong> M58*0.75 (Innengewinde).<\/li>\n<li><strong>Mitgelieferte Adapter :<\/strong> M540.75 und M480.75, mit erh\u00f6hter Kompatibilit\u00e4t f\u00fcr 2-Zoll-Filter.<\/li>\n<li><strong>Optisches Design :<\/strong> Quadrupel f\u00fcr ein breites Bildfeld und eine pr\u00e4zise Bildkorrektur bis zu den R\u00e4ndern.<\/li>\n<\/ul>\n<h3>Vorteile f\u00fcr Astrofotografen<\/h3>\n<p>Durch die Reduzierung der erforderlichen Belichtungszeit ist dieser Reducer ideal f\u00fcr die Deep-Sky-Astrofotografie geeignet und bietet mehr Komfort und Effizienz. Die gro\u00dfe Blende erm\u00f6glicht es, Nebel, Sternhaufen und andere Himmelsobjekte mit hoher Genauigkeit einzufangen. Damit bietet dieses Modell mehr M\u00f6glichkeiten f\u00fcr Benutzer, die weite Sichtfelder erkunden m\u00f6chten.<\/p>","protected":false},"excerpt":{"rendered":"<p>R\u00e9ducteur Askar 65PHQ 0.75x Full-Frame &#8211; Sp\u00e9cifications et caract\u00e9ristiques Le r\u00e9ducteur Askar 65PHQ 0.75x est un \u00e9quipement con\u00e7u pour les astrophotographes \u00e0 la recherche d\u2019une qualit\u00e9 d\u2019image sup\u00e9rieure et d\u2019une facilit\u00e9 d\u2019utilisation accrue. Ce mod\u00e8le full-frame utilise une conception quadruplet pour un rendement optique optimal, permettant de raccourcir le rapport focal et d\u2019\u00e9largir le champ [&hellip;]<\/p>\n","protected":false},"featured_media":5272,"comment_status":"open","ping_status":"closed","template":"","meta":[],"product_brand":[382],"product_cat":[19,650,575],"product_tag":[],"class_list":{"0":"post-5007","1":"product","2":"type-product","3":"status-publish","4":"has-post-thumbnail","6":"product_brand-askar","7":"product_cat-accessoires","8":"product_cat-rducteurs-correcteurs-ap","9":"product_cat-astrophotographie","11":"first","12":"on_supplier","13":"taxable","14":"shipping-taxable","15":"purchasable","16":"product-type-simple"},"_links":{"self":[{"href":"https:\/\/deep-space-astronomy.ch\/de\/wp-json\/wp\/v2\/product\/5007","targetHints":{"allow":["GET"]}}],"collection":[{"href":"https:\/\/deep-space-astronomy.ch\/de\/wp-json\/wp\/v2\/product"}],"about":[{"href":"https:\/\/deep-space-astronomy.ch\/de\/wp-json\/wp\/v2\/types\/product"}],"replies":[{"embeddable":true,"href":"https:\/\/deep-space-astronomy.ch\/de\/wp-json\/wp\/v2\/comments?post=5007"}],"wp:featuredmedia":[{"embeddable":true,"href":"https:\/\/deep-space-astronomy.ch\/de\/wp-json\/wp\/v2\/media\/5272"}],"wp:attachment":[{"href":"https:\/\/deep-space-astronomy.ch\/de\/wp-json\/wp\/v2\/media?parent=5007"}],"wp:term":[{"taxonomy":"product_brand","embeddable":true,"href":"https:\/\/deep-space-astronomy.ch\/de\/wp-json\/wp\/v2\/product_brand?post=5007"},{"taxonomy":"product_cat","embeddable":true,"href":"https:\/\/deep-space-astronomy.ch\/de\/wp-json\/wp\/v2\/product_cat?post=5007"},{"taxonomy":"product_tag","embeddable":true,"href":"https:\/\/deep-space-astronomy.ch\/de\/wp-json\/wp\/v2\/product_tag?post=5007"}],"curies":[{"name":"wp","href":"https:\/\/api.w.org\/{rel}","templated":true}]}}