{"id":5010,"date":"2025-03-07T08:44:57","date_gmt":"2025-03-07T07:44:57","guid":{"rendered":"https:\/\/deep-space-astronomy.geekworkers.dev\/produit\/reducteur-0-76x-80phq\/"},"modified":"2025-06-03T10:28:48","modified_gmt":"2025-06-03T08:28:48","slug":"reducteur-0-76x-80phq","status":"publish","type":"product","link":"https:\/\/deep-space-astronomy.ch\/de\/produkt\/reducteur-0-76x-80phq\/","title":{"rendered":"Reduzierst\u00fcck 0.76x 80PHQ"},"content":{"rendered":"<h3>Askar Reducer 3\" 0.76x Full-Frame - Spezifikationen und Eigenschaften<\/h3>\n<p>Entwickelt, um die Leistung des Astrographen 80PHQ f\/7.5 zu maximieren, ist der <strong>Reduzierst\u00fcck Askar 3 Zoll 0.76x<\/strong> reduziert das Brennweitenverh\u00e4ltnis auf f\/5,7 und die Brennweite auf 456 mm. Sein Triplett-Design verbessert die Bildqualit\u00e4t und die Sch\u00e4rfe der Sterne bis an den Rand des Bildfeldes und macht ihn zur idealen Wahl f\u00fcr Astrofotografen, die pr\u00e4zise Details und ein gro\u00dfes Sichtfeld suchen. Dar\u00fcber hinaus ist dieser Reducer vollst\u00e4ndig kompatibel mit Full-Frame-Sensoren und garantiert so eine vollst\u00e4ndige Bildabdeckung ohne Vignettierung.<\/p>\n<h3>Eigenschaften des Askar Reducer 3\" 0.76x<\/h3>\n<ul>\n<li><strong>Fokusbericht :<\/strong> f\/5,7 nach Verkleinerung, ideal f\u00fcr die Abbildung ausgedehnter Himmelsobjekte.<\/li>\n<li><strong>Brennweite :<\/strong> 456 mm nach Verkleinerung und bietet eine breite und schnelle Bildaufnahme.<\/li>\n<li><strong>Linsendesign :<\/strong> Triplet, f\u00fcr eine optimale Korrektur von Aberrationen.<\/li>\n<li><strong>Hintere Brennweite :<\/strong> 55 mm, entspricht den Standards f\u00fcr maximale Kompatibilit\u00e4t.<\/li>\n<li><strong>Konnektivit\u00e4t :<\/strong> Multifunktionsadapter mit integriertem M48*0.75-Gewinde f\u00fcr 2-Zoll-Filter erleichtern die Installation von Filtern und Zubeh\u00f6r.<\/li>\n<\/ul>\n<h3>Zus\u00e4tzliche Ma\u00dfe und Spezifikationen<\/h3>\n<ul>\n<li><strong>Au\u00dfendurchmesser :<\/strong> 68 mm<\/li>\n<li><strong>Gesamtl\u00e4nge :<\/strong> 75 mm, kompakt f\u00fcr eine stabile Montage an bestehenden Konfigurationen.<\/li>\n<li><strong>Vorderes Gewinde :<\/strong> M64*0.75, kompatibel mit verschiedenen optischen Systemen.<\/li>\n<li><strong>Mitgelieferte Adapter :<\/strong> M681, M540.75, und M48*0.75, f\u00fcr eine flexible und einfache Verbindung mit anderen Ger\u00e4ten.<\/li>\n<\/ul>\n<h3>Vorteile f\u00fcr die Nutzer<\/h3>\n<p>Dieser Reducer wurde speziell entwickelt, um die erforderliche Belichtungszeit zu verk\u00fcrzen, wodurch die Deep-Sky-Astrofotografie praktischer und effizienter wird. Durch die Vergr\u00f6\u00dferung des Sichtfelds erm\u00f6glicht er es den Benutzern, gro\u00dfe Himmelsobjekte mit einer hervorragenden Bildqualit\u00e4t aufzunehmen, und erweitert so die M\u00f6glichkeiten f\u00fcr Deep-Sky-Enthusiasten. Seine Kompatibilit\u00e4t mit Full-Frame-Sensoren sorgt auch bei gro\u00dfen Sensoren f\u00fcr ein scharfes, gut abgedecktes Bild, ohne dass Details an den R\u00e4ndern verloren gehen.<\/p>","protected":false},"excerpt":{"rendered":"<p>R\u00e9ducteur Askar 3\u201d 0.76x Full-Frame &#8211; Sp\u00e9cifications et caract\u00e9ristiques Con\u00e7u pour maximiser les performances de l\u2019astrographe 80PHQ f\/7.5, le r\u00e9ducteur Askar 3 pouces 0.76x r\u00e9duit le rapport focal \u00e0 f\/5.7 et la longueur focale \u00e0 456 mm. Sa conception triplet am\u00e9liore la qualit\u00e9 d\u2019image et la nettet\u00e9 des \u00e9toiles jusqu\u2019aux bords du champ, en faisant [&hellip;]<\/p>\n","protected":false},"featured_media":5273,"comment_status":"open","ping_status":"closed","template":"","meta":[],"product_brand":[382],"product_cat":[19,650,575],"product_tag":[],"class_list":{"0":"post-5010","1":"product","2":"type-product","3":"status-publish","4":"has-post-thumbnail","6":"product_brand-askar","7":"product_cat-accessoires","8":"product_cat-rducteurs-correcteurs-ap","9":"product_cat-astrophotographie","11":"first","12":"on_supplier","13":"taxable","14":"shipping-taxable","15":"purchasable","16":"product-type-simple"},"_links":{"self":[{"href":"https:\/\/deep-space-astronomy.ch\/de\/wp-json\/wp\/v2\/product\/5010","targetHints":{"allow":["GET"]}}],"collection":[{"href":"https:\/\/deep-space-astronomy.ch\/de\/wp-json\/wp\/v2\/product"}],"about":[{"href":"https:\/\/deep-space-astronomy.ch\/de\/wp-json\/wp\/v2\/types\/product"}],"replies":[{"embeddable":true,"href":"https:\/\/deep-space-astronomy.ch\/de\/wp-json\/wp\/v2\/comments?post=5010"}],"wp:featuredmedia":[{"embeddable":true,"href":"https:\/\/deep-space-astronomy.ch\/de\/wp-json\/wp\/v2\/media\/5273"}],"wp:attachment":[{"href":"https:\/\/deep-space-astronomy.ch\/de\/wp-json\/wp\/v2\/media?parent=5010"}],"wp:term":[{"taxonomy":"product_brand","embeddable":true,"href":"https:\/\/deep-space-astronomy.ch\/de\/wp-json\/wp\/v2\/product_brand?post=5010"},{"taxonomy":"product_cat","embeddable":true,"href":"https:\/\/deep-space-astronomy.ch\/de\/wp-json\/wp\/v2\/product_cat?post=5010"},{"taxonomy":"product_tag","embeddable":true,"href":"https:\/\/deep-space-astronomy.ch\/de\/wp-json\/wp\/v2\/product_tag?post=5010"}],"curies":[{"name":"wp","href":"https:\/\/api.w.org\/{rel}","templated":true}]}}