{"id":5016,"date":"2025-03-07T08:46:02","date_gmt":"2025-03-07T07:46:02","guid":{"rendered":"https:\/\/deep-space-astronomy.geekworkers.dev\/produit\/reducteur-0-7x-fra400-500-2\/"},"modified":"2025-06-03T10:28:48","modified_gmt":"2025-06-03T08:28:48","slug":"reducteur-0-7x-fra400-500-2","status":"publish","type":"product","link":"https:\/\/deep-space-astronomy.ch\/de\/produkt\/reducteur-0-7x-fra400-500-2\/","title":{"rendered":"Reduktionsgetriebe 0.7x FRA400\/500"},"content":{"rendered":"<h3>Askar F3.9 0.7x Full-Frame Reducer f\u00fcr FRA400 - Spezifikationen und Eigenschaften<\/h3>\n<p>Die <strong>Reducer Askar F3.9 0.7x<\/strong> wurde entwickelt, um die Leistung des Astrografen FRA400 zu optimieren, indem die urspr\u00fcngliche Brennweite von 400 mm verk\u00fcrzt und gleichzeitig das Brennweitenverh\u00e4ltnis f\u00fcr k\u00fcrzere Belichtungszeiten und ein gr\u00f6\u00dferes Sichtfeld abgesenkt wird. Dieses Modell ist vollst\u00e4ndig kompatibel mit Full-Frame-Sensoren, erm\u00f6glicht eine gro\u00dfe Bildabdeckung ohne Vignettierung und erf\u00fcllt die Anforderungen der meisten Deep-Sky-Astrofotografen.<\/p>\n<h3>Eigenschaften des Askar F3.9 0.7x Getriebes<\/h3>\n<ul>\n<li><strong>Verkleinerung des Fokusverh\u00e4ltnisses :<\/strong> Mit dem 0,7-fachen Verkleinerungsfaktor kann das Brennweitenverh\u00e4ltnis von f\/5,6 auf f\/3,9 verringert werden, wodurch die Helligkeit und Geschwindigkeit erh\u00f6ht wird, um Himmelsobjekte mit k\u00fcrzeren Belichtungszeiten einzufangen.<\/li>\n<li><strong>Reduzierte Brennweite :<\/strong> Die Brennweite ist auf 280 mm verk\u00fcrzt, ideal f\u00fcr schnelle Aufnahmen und ein gro\u00dfes Gesichtsfeld, insbesondere bei diffusen Objekten wie Nebeln und Sternhaufen.<\/li>\n<li><strong>Back focus :<\/strong> Die hintere Brennweite betr\u00e4gt standardm\u00e4\u00dfig 55 mm, wodurch die Kompatibilit\u00e4t mit einer Vielzahl von Astrofotografie-Zubeh\u00f6r und -Kameras gew\u00e4hrleistet ist.<\/li>\n<li><strong>Full-Frame-Kompatibilit\u00e4t :<\/strong> Dieser Reducer ist f\u00fcr Full-Frame-Sensoren optimiert und bietet eine gleichm\u00e4\u00dfige Abdeckung und vignettierungsfreie Bilder.<\/li>\n<\/ul>\n<h3>Ma\u00dfe und Technisches Design<\/h3>\n<ul>\n<li><strong>Au\u00dfendurchmesser :<\/strong> 72 mm und bietet eine robuste und stabile Konstruktion f\u00fcr Astrofotografie-Konfigurationen.<\/li>\n<li><strong>Gesamtl\u00e4nge :<\/strong> 63 mm, mit einem kompakten Design, das die Montage auf FRA400-Systemen erleichtert.<\/li>\n<li><strong>Vorderes Gewinde :<\/strong> M61*1, die eine stabile und sichere Verbindung zum Astrographen FRA400 erm\u00f6glicht.<\/li>\n<li><strong>Hinteres Gewinde :<\/strong> M48*0,75, die so konzipiert ist, dass sie 2-Zoll-Filter direkt aufnehmen kann, wodurch die Installation von Filtern f\u00fcr die Nutzer schnell und einfach wird.<\/li>\n<\/ul>\n<h3>Vorteile f\u00fcr Astrofotografen<\/h3>\n<p>Durch die Verk\u00fcrzung der Belichtungszeit und die Vergr\u00f6\u00dferung des Sichtfelds ist dieser Reducer ideal f\u00fcr Astrofotografen, die hochwertige Deep-Sky-Bilder aufnehmen m\u00f6chten. Die M\u00f6glichkeit, \u00fcber das integrierte M48*0,75-Gewinde 2-Zoll-Filter hinzuzuf\u00fcgen, erleichtert die Beobachtung von Nebeln und anderen Himmelsobjekten, die spezielle Filter erfordern.<\/p>","protected":false},"excerpt":{"rendered":"<p>R\u00e9ducteur Askar F3.9 0.7x Full-Frame pour FRA400 &#8211; Sp\u00e9cifications et caract\u00e9ristiques Le r\u00e9ducteur Askar F3.9 0.7x est con\u00e7u pour optimiser les performances de l\u2019astrographe FRA400, en r\u00e9duisant sa longueur focale d\u2019origine de 400 mm tout en abaissant le rapport focal pour des expositions plus courtes et un champ de vision plus large. Ce mod\u00e8le est [&hellip;]<\/p>\n","protected":false},"featured_media":5275,"comment_status":"open","ping_status":"closed","template":"","meta":[],"product_brand":[382],"product_cat":[19,650,575],"product_tag":[],"class_list":{"0":"post-5016","1":"product","2":"type-product","3":"status-publish","4":"has-post-thumbnail","6":"product_brand-askar","7":"product_cat-accessoires","8":"product_cat-rducteurs-correcteurs-ap","9":"product_cat-astrophotographie","11":"first","12":"on_supplier","13":"taxable","14":"shipping-taxable","15":"purchasable","16":"product-type-simple"},"_links":{"self":[{"href":"https:\/\/deep-space-astronomy.ch\/de\/wp-json\/wp\/v2\/product\/5016","targetHints":{"allow":["GET"]}}],"collection":[{"href":"https:\/\/deep-space-astronomy.ch\/de\/wp-json\/wp\/v2\/product"}],"about":[{"href":"https:\/\/deep-space-astronomy.ch\/de\/wp-json\/wp\/v2\/types\/product"}],"replies":[{"embeddable":true,"href":"https:\/\/deep-space-astronomy.ch\/de\/wp-json\/wp\/v2\/comments?post=5016"}],"wp:featuredmedia":[{"embeddable":true,"href":"https:\/\/deep-space-astronomy.ch\/de\/wp-json\/wp\/v2\/media\/5275"}],"wp:attachment":[{"href":"https:\/\/deep-space-astronomy.ch\/de\/wp-json\/wp\/v2\/media?parent=5016"}],"wp:term":[{"taxonomy":"product_brand","embeddable":true,"href":"https:\/\/deep-space-astronomy.ch\/de\/wp-json\/wp\/v2\/product_brand?post=5016"},{"taxonomy":"product_cat","embeddable":true,"href":"https:\/\/deep-space-astronomy.ch\/de\/wp-json\/wp\/v2\/product_cat?post=5016"},{"taxonomy":"product_tag","embeddable":true,"href":"https:\/\/deep-space-astronomy.ch\/de\/wp-json\/wp\/v2\/product_tag?post=5016"}],"curies":[{"name":"wp","href":"https:\/\/api.w.org\/{rel}","templated":true}]}}