{"id":5019,"date":"2025-03-07T08:46:33","date_gmt":"2025-03-07T07:46:33","guid":{"rendered":"https:\/\/deep-space-astronomy.geekworkers.dev\/produit\/reducteur-0-7x-fra600-2\/"},"modified":"2025-06-03T10:28:56","modified_gmt":"2025-06-03T08:28:56","slug":"reducteur-0-7x-fra600-2","status":"publish","type":"product","link":"https:\/\/deep-space-astronomy.ch\/de\/produkt\/reducteur-0-7x-fra600-2\/","title":{"rendered":"Reduktionsgetriebe 0.7x FRA600"},"content":{"rendered":"<h3>Askar Reducer 3 Zoll F3.9 0.7x f\u00fcr FRA600 - Optimieren Sie Ihre Astrofotografie<\/h3>\n<p>Die <strong>Reducer Askar 3 Zoll F3.9 0.7x<\/strong> wurde speziell f\u00fcr den FRA600 Astrographen entwickelt und optimiert seine F\u00e4higkeiten f\u00fcr die Astrofotografie und visuelle Beobachtung. Mit einem optischen Design aus vier Elementen verringert dieser Reducer das Brennverh\u00e4ltnis und vergr\u00f6\u00dfert das Sichtfeld. Damit erf\u00fcllt er die Anforderungen von Astrofotografen, die bei der Aufnahme gro\u00dfer Himmelsobjekte mehr Helligkeit und Geschwindigkeit ben\u00f6tigen. Dieses Modell ist mit Full-Frame-Sensoren kompatibel und gew\u00e4hrleistet eine vollst\u00e4ndige Bildabdeckung ohne Vignettierung.<\/p>\n<h3>Eigenschaften des Askar Reducer 3 Zoll F3.9 0.7x<\/h3>\n<ul>\n<li><strong>Verkleinerung des Fokusverh\u00e4ltnisses :<\/strong> Mit dem 0,7-fachen Verkleinerungsfaktor kann das Brennweitenverh\u00e4ltnis des Astrographen von f\/5,6 auf f\/3,9 erh\u00f6ht werden, wodurch die Helligkeit bei k\u00fcrzeren Belichtungszeiten zunimmt.<\/li>\n<li><strong>Reduzierte Brennweite :<\/strong> Die Brennweite wurde auf 420 mm gesenkt, ideal f\u00fcr Deep-Sky-Aufnahmen und die Beobachtung gro\u00dfer Sternfelder.<\/li>\n<li><strong>Linsendesign :<\/strong> 4-Element-System, das f\u00fcr scharfe Bilder ohne Aberrationen optimiert ist und so die Qualit\u00e4t jeder Aufnahme maximiert.<\/li>\n<li><strong>Back focus :<\/strong> Die hintere Brennweite betr\u00e4gt 55 mm, ein Industriestandard, der die Kompatibilit\u00e4t mit verschiedenen Astrofotografie-Zubeh\u00f6rteilen gew\u00e4hrleistet.<\/li>\n<li><strong>Full-Frame-Kompatibilit\u00e4t :<\/strong> Entwickelt, um perfekt mit Full-Frame-Sensoren zusammenzuarbeiten, Vignettierungen zu eliminieren und eine gleichm\u00e4\u00dfige Bildqualit\u00e4t zu gew\u00e4hrleisten.<\/li>\n<\/ul>\n<h3>Ma\u00dfe und Technisches Design<\/h3>\n<ul>\n<li><strong>Au\u00dfendurchmesser :<\/strong> 84 mm und bietet eine stabile und solide Struktur f\u00fcr die Verwendung mit gro\u00dfen Ger\u00e4ten.<\/li>\n<li><strong>Gesamtl\u00e4nge :<\/strong> 76 mm, f\u00fcr eine kompakte Montage, ohne das Setup zu beeintr\u00e4chtigen.<\/li>\n<li><strong>Vorderes Gewinde :<\/strong> M90*1-Buchse, die eine sichere Verbindung zum Astrographen FRA600 erm\u00f6glicht.<\/li>\n<li><strong>Hinteres Gewinde :<\/strong> M48*0,75, geeignet f\u00fcr 2-Zoll-Filter f\u00fcr erweiterte Astrofotografie-M\u00f6glichkeiten und einfache Filterinstallation.<\/li>\n<\/ul>\n<h3>Vorteile f\u00fcr die Nutzerinnen und Nutzer<\/h3>\n<p>Dieser Reduzierer ist ideal f\u00fcr Benutzer, die ihren FRA600 Astrographen f\u00fcr die Deep-Sky-Astrofotografie optimieren m\u00f6chten. Durch die Verk\u00fcrzung der Belichtungszeit und die Vergr\u00f6\u00dferung des Sichtfeldes k\u00f6nnen Himmelsobjekte schneller und effektiver erfasst werden. Das eingebaute M48*0,75-Gewinde erleichtert das Hinzuf\u00fcgen von 2-Zoll-Filtern und macht diesen Reducer vielseitig f\u00fcr verschiedene astronomische Anwendungen einsetzbar.<\/p>","protected":false},"excerpt":{"rendered":"<p>R\u00e9ducteur Askar 3 pouces F3.9 0.7x pour FRA600 &#8211; Optimisez votre Astrophotographie Le r\u00e9ducteur Askar 3 pouces F3.9 0.7x est con\u00e7u sp\u00e9cifiquement pour l\u2019astrographe FRA600, optimisant ses capacit\u00e9s pour l\u2019astrophotographie et l\u2019observation visuelle. Dot\u00e9 d\u2019une conception optique \u00e0 4 \u00e9l\u00e9ments, ce r\u00e9ducteur r\u00e9duit le rapport focal et augmente le champ de vision, r\u00e9pondant aux besoins [&hellip;]<\/p>\n","protected":false},"featured_media":5276,"comment_status":"open","ping_status":"closed","template":"","meta":[],"product_brand":[382],"product_cat":[19,650,575],"product_tag":[],"class_list":{"0":"post-5019","1":"product","2":"type-product","3":"status-publish","4":"has-post-thumbnail","6":"product_brand-askar","7":"product_cat-accessoires","8":"product_cat-rducteurs-correcteurs-ap","9":"product_cat-astrophotographie","11":"first","12":"on_supplier","13":"taxable","14":"shipping-taxable","15":"purchasable","16":"product-type-simple"},"_links":{"self":[{"href":"https:\/\/deep-space-astronomy.ch\/de\/wp-json\/wp\/v2\/product\/5019","targetHints":{"allow":["GET"]}}],"collection":[{"href":"https:\/\/deep-space-astronomy.ch\/de\/wp-json\/wp\/v2\/product"}],"about":[{"href":"https:\/\/deep-space-astronomy.ch\/de\/wp-json\/wp\/v2\/types\/product"}],"replies":[{"embeddable":true,"href":"https:\/\/deep-space-astronomy.ch\/de\/wp-json\/wp\/v2\/comments?post=5019"}],"wp:featuredmedia":[{"embeddable":true,"href":"https:\/\/deep-space-astronomy.ch\/de\/wp-json\/wp\/v2\/media\/5276"}],"wp:attachment":[{"href":"https:\/\/deep-space-astronomy.ch\/de\/wp-json\/wp\/v2\/media?parent=5019"}],"wp:term":[{"taxonomy":"product_brand","embeddable":true,"href":"https:\/\/deep-space-astronomy.ch\/de\/wp-json\/wp\/v2\/product_brand?post=5019"},{"taxonomy":"product_cat","embeddable":true,"href":"https:\/\/deep-space-astronomy.ch\/de\/wp-json\/wp\/v2\/product_cat?post=5019"},{"taxonomy":"product_tag","embeddable":true,"href":"https:\/\/deep-space-astronomy.ch\/de\/wp-json\/wp\/v2\/product_tag?post=5019"}],"curies":[{"name":"wp","href":"https:\/\/api.w.org\/{rel}","templated":true}]}}