{"id":5025,"date":"2025-03-07T08:47:37","date_gmt":"2025-03-07T07:47:37","guid":{"rendered":"https:\/\/deep-space-astronomy.geekworkers.dev\/produit\/reducteur-0-8x-apo103-2\/"},"modified":"2025-06-03T10:28:56","modified_gmt":"2025-06-03T08:28:56","slug":"reducteur-0-8x-apo103-2","status":"publish","type":"product","link":"https:\/\/deep-space-astronomy.ch\/de\/produkt\/reducteur-0-8x-apo103-2\/","title":{"rendered":"Reducer 0.8x APO103"},"content":{"rendered":"<h3>0,8x Reducer f\u00fcr Askar 103 APO - Optimieren Sie Ihr Beobachtungserlebnis<\/h3>\n<p>Die <strong>Reduzierst\u00fcck 0,8x<\/strong> ist ein Premium-Zubeh\u00f6r, das f\u00fcr das Askar 103 APO entwickelt wurde und neue M\u00f6glichkeiten f\u00fcr Ihre Beobachtungen bietet. Dieser Reducer beinhaltet neben seiner Verkleinerungsfunktion auch die F\u00e4higkeit zur Feldkorrektur. Er reduziert das Brennweitenverh\u00e4ltnis der Askar 103 APO von f\/7,7 auf f\/5,4, wodurch das Sichtfeld vergr\u00f6\u00dfert und k\u00fcrzere Belichtungszeiten erm\u00f6glicht werden. Perfekt, um gro\u00dfe Bereiche von Nebeln, Sternhaufen und anderen schnellen und diffusen Himmelsobjekten einzufangen.<\/p>\n<h3>Eigenschaften des 0,8x Getriebes<\/h3>\n<ul>\n<li><strong>Brennweite nach der Installation :<\/strong> 560,32 mm<\/li>\n<li><strong>Fokusbericht :<\/strong> f\/5.44<\/li>\n<li><strong>Anzahl der Linsen :<\/strong> Triplet-Design f\u00fcr optimale Klarheit<\/li>\n<li><strong>Back focus :<\/strong> 55 mm von der Basis des M48-Au\u00dfengewindes<\/li>\n<li><strong>Gewicht :<\/strong> 0,48 kg, bietet Stabilit\u00e4t ohne \u00dcbergewicht<\/li>\n<li><strong>Hinterer Gewindetyp :<\/strong> M54\u00d70,75 und M48\u00d70,75 mit internem Filtergewinde 2\".<\/li>\n<li><strong>Vorderes Gewinde :<\/strong> M84\u00d71, erm\u00f6glicht eine stabile Verbindung zum Teleskop<\/li>\n<\/ul>\n<h3>Installation des 0,8-fachen Reduzierst\u00fccks<\/h3>\n<p>Die Installation ist einfach und schnell. Hier sind die Schritte:<\/p>\n<ol>\n<li><strong>Entfernen Sie vorhandene Adapter :<\/strong> Schrauben Sie den 2\"-Adapter sowie den 1,25\"-Adapter vom Okularhalter Ihres Teleskops ab.<\/li>\n<li><strong>Bereiten Sie das Getriebe vor :<\/strong> Entfernen Sie die Staubschutzkappe vom Zubeh\u00f6r, um das Gewinde freizulegen.<\/li>\n<li><strong>Befestigen Sie das Getriebe :<\/strong> Schrauben Sie das 0,8-fache Reduzierst\u00fcck mit den kompatiblen Gewinden (M54\u00d70,75 oder M48\u00d70,75, je nach Setup) fest in den Askar 103 APO.<\/li>\n<\/ol>\n<h3>Schutz und Gestaltung<\/h3>\n<p>Der 0,8-fache Reducer f\u00fcr das Askar 103 APO ist eine ideale Erg\u00e4nzung f\u00fcr Astrofotografen, die eine au\u00dfergew\u00f6hnliche Bildqualit\u00e4t und eine schnelle Installation suchen. Es ist CNC-gefertigt, mit Metallkappen mit Gewinde an beiden Enden, und garantiert einen dauerhaften Schutz vor Staub, wenn es nicht verwendet wird.<\/p>","protected":false},"excerpt":{"rendered":"<p>R\u00e9ducteur 0,8x pour Askar 103 APO &#8211; Optimisez votre exp\u00e9rience d\u2019observation Le r\u00e9ducteur 0,8x est un accessoire premium con\u00e7u pour l\u2019Askar 103 APO, offrant de nouvelles possibilit\u00e9s pour vos observations. Ce r\u00e9ducteur, en plus de sa fonction de r\u00e9duction, int\u00e8gre des capacit\u00e9s de correction de champ. Il r\u00e9duit le rapport focal de l\u2019Askar 103 APO [&hellip;]<\/p>\n","protected":false},"featured_media":5278,"comment_status":"open","ping_status":"closed","template":"","meta":[],"product_brand":[382],"product_cat":[19,650,575],"product_tag":[],"class_list":{"0":"post-5025","1":"product","2":"type-product","3":"status-publish","4":"has-post-thumbnail","6":"product_brand-askar","7":"product_cat-accessoires","8":"product_cat-rducteurs-correcteurs-ap","9":"product_cat-astrophotographie","11":"first","12":"on_supplier","13":"taxable","14":"shipping-taxable","15":"purchasable","16":"product-type-simple"},"_links":{"self":[{"href":"https:\/\/deep-space-astronomy.ch\/de\/wp-json\/wp\/v2\/product\/5025","targetHints":{"allow":["GET"]}}],"collection":[{"href":"https:\/\/deep-space-astronomy.ch\/de\/wp-json\/wp\/v2\/product"}],"about":[{"href":"https:\/\/deep-space-astronomy.ch\/de\/wp-json\/wp\/v2\/types\/product"}],"replies":[{"embeddable":true,"href":"https:\/\/deep-space-astronomy.ch\/de\/wp-json\/wp\/v2\/comments?post=5025"}],"wp:featuredmedia":[{"embeddable":true,"href":"https:\/\/deep-space-astronomy.ch\/de\/wp-json\/wp\/v2\/media\/5278"}],"wp:attachment":[{"href":"https:\/\/deep-space-astronomy.ch\/de\/wp-json\/wp\/v2\/media?parent=5025"}],"wp:term":[{"taxonomy":"product_brand","embeddable":true,"href":"https:\/\/deep-space-astronomy.ch\/de\/wp-json\/wp\/v2\/product_brand?post=5025"},{"taxonomy":"product_cat","embeddable":true,"href":"https:\/\/deep-space-astronomy.ch\/de\/wp-json\/wp\/v2\/product_cat?post=5025"},{"taxonomy":"product_tag","embeddable":true,"href":"https:\/\/deep-space-astronomy.ch\/de\/wp-json\/wp\/v2\/product_tag?post=5025"}],"curies":[{"name":"wp","href":"https:\/\/api.w.org\/{rel}","templated":true}]}}