{"id":5031,"date":"2025-03-07T08:48:37","date_gmt":"2025-03-07T07:48:37","guid":{"rendered":"https:\/\/deep-space-astronomy.geekworkers.dev\/produit\/reducteur-0-8x-140apo-2\/"},"modified":"2025-06-03T10:28:56","modified_gmt":"2025-06-03T08:28:56","slug":"reducteur-0-8x-140apo-2","status":"publish","type":"product","link":"https:\/\/deep-space-astronomy.ch\/de\/produkt\/reducteur-0-8x-140apo-2\/","title":{"rendered":"Reduktionsmittel 0.8x 140APO"},"content":{"rendered":"<h3>Askar 0.8x Reducer f\u00fcr 140 APO: Optimieren Sie Ihre Deep Sky-Aufnahmen<\/h3>\n<p>Der Askar 0,8x Reducer wurde speziell f\u00fcr den Askar 140 APO Astrographen entwickelt, reduziert das Brennverh\u00e4ltnis und vergr\u00f6\u00dfert das Gesichtsfeld. Dieses Modell ist mit einem optischen Triplet-System ausgestattet und beinhaltet eine Funktion zur Abflachung des Bildfeldes, wodurch sich dieser Reducer besonders f\u00fcr die Deep-Sky-Astrofotografie eignet. Er ist mit Full-Frame-Sensoren kompatibel und erm\u00f6glicht eine Bildabdeckung von 44 mm ohne Vignettierung.<\/p>\n<h3>Technische Eigenschaften<\/h3>\n<ul>\n<li><strong>Reduziertes Fokusverh\u00e4ltnis :<\/strong> Durch die Reduzierung des Brennweitenverh\u00e4ltnisses von f\/7 auf f\/5,6 verbessert dieser Reducer die Helligkeit und erm\u00f6glicht k\u00fcrzere Belichtungszeiten, wodurch die F\u00e4higkeit, feine Details in Himmelsobjekten einzufangen, erh\u00f6ht wird.<\/li>\n<li><strong>Reduzierte Brennweite :<\/strong> Die Brennweite des Astrographen steigt auf 784 mm, was ideal f\u00fcr Aufnahmen mit gro\u00dfem Bildfeld ist, um Nebel und Sternhaufen mit hoher Aufl\u00f6sung einzufangen.<\/li>\n<li><strong>Linsendesign :<\/strong> F\u00fcr ein scharfes Bild optimiertes Triplet-System mit Korrektur von chromatischen Aberrationen und Feldkr\u00fcmmung, das bis zu den R\u00e4ndern klar definierte Sterne garantiert.<\/li>\n<li><strong>Back focus :<\/strong> Hintere Standard-Brennweite von 55 mm, gemessen vom M48-Gewinde, kompatibel mit vielen Astrofotografie-Zubeh\u00f6rteilen.<\/li>\n<li><strong>Gewicht :<\/strong> 0,63 kg und bietet damit eine perfekte Balance f\u00fcr Astrofotografie-Setups.<\/li>\n<\/ul>\n<h3>Zus\u00e4tzliche Ma\u00dfe und Spezifikationen<\/h3>\n<ul>\n<li><strong>Au\u00dfendurchmesser :<\/strong> 96 mm, mit einem M92*1-Frontgewinde, das eine stabile Konstruktion und maximale Kompatibilit\u00e4t mit dem Astrographen 140 APO bietet.<\/li>\n<li><strong>Hinteres Gewinde :<\/strong> M48*0,75 mit einem integrierten 2-Zoll-Filtergewinde, das das Hinzuf\u00fcgen von Filtern zur Optimierung der Aufnahmen erleichtert.<\/li>\n<li><strong>Enthaltene Adapter :<\/strong> Das Getriebe wird mit den Adaptern M540.75 und M480.75 geliefert, die eine flexible und einfache Verbindung mit verschiedenen Ausstattungskonfigurationen erm\u00f6glichen.<\/li>\n<\/ul>\n<h3>Vorteile f\u00fcr die Nutzerinnen und Nutzer<\/h3>\n<p>Dieser Reducer verk\u00fcrzt die Belichtungszeit und vergr\u00f6\u00dfert das Sichtfeld, was die Astrofotografie von gro\u00dfen Himmelsobjekten wie Nebeln und Sternhaufen erleichtert. Die Kompatibilit\u00e4t mit Full-Frame-Sensoren und die M\u00f6glichkeit, \u00fcber das M48*0,75-Gewinde 2-Zoll-Filter hinzuzuf\u00fcgen, machen diesen Reduzierer zu einem vielseitigen und wertvollen Zubeh\u00f6r f\u00fcr Astrofotografen, die auf Leistung und Flexibilit\u00e4t Wert legen.<\/p>\n<h3>Optionales Zubeh\u00f6r f\u00fcr den 140 APO<\/h3>\n<p>Zus\u00e4tzlich zu diesem 0.8x Reducer bietet der Astrograf 140 APO einen 1.0x Field Flattener f\u00fcr Benutzer, die eine Feldkorrektur ohne Brennweitenreduktion w\u00fcnschen, und bietet damit erweiterte Optionen zur Optimierung des Instruments.<\/p>","protected":false},"excerpt":{"rendered":"<p>R\u00e9ducteur Askar 0.8x pour 140 APO : Optimisez vos Prises de Vue Ciel Profond Le r\u00e9ducteur Askar 0.8x est con\u00e7u sp\u00e9cifiquement pour l\u2019astrographe Askar 140 APO, r\u00e9duisant le rapport focal et augmentant le champ de vision. Ce mod\u00e8le est \u00e9quip\u00e9 d\u2019un syst\u00e8me optique triplet et int\u00e8gre une fonction d\u2019aplatissement de champ, rendant ce r\u00e9ducteur particuli\u00e8rement [&hellip;]<\/p>\n","protected":false},"featured_media":5280,"comment_status":"open","ping_status":"closed","template":"","meta":[],"product_brand":[382],"product_cat":[19,650,575],"product_tag":[],"class_list":{"0":"post-5031","1":"product","2":"type-product","3":"status-publish","4":"has-post-thumbnail","6":"product_brand-askar","7":"product_cat-accessoires","8":"product_cat-rducteurs-correcteurs-ap","9":"product_cat-astrophotographie","11":"first","12":"on_supplier","13":"taxable","14":"shipping-taxable","15":"purchasable","16":"product-type-simple"},"_links":{"self":[{"href":"https:\/\/deep-space-astronomy.ch\/de\/wp-json\/wp\/v2\/product\/5031","targetHints":{"allow":["GET"]}}],"collection":[{"href":"https:\/\/deep-space-astronomy.ch\/de\/wp-json\/wp\/v2\/product"}],"about":[{"href":"https:\/\/deep-space-astronomy.ch\/de\/wp-json\/wp\/v2\/types\/product"}],"replies":[{"embeddable":true,"href":"https:\/\/deep-space-astronomy.ch\/de\/wp-json\/wp\/v2\/comments?post=5031"}],"wp:featuredmedia":[{"embeddable":true,"href":"https:\/\/deep-space-astronomy.ch\/de\/wp-json\/wp\/v2\/media\/5280"}],"wp:attachment":[{"href":"https:\/\/deep-space-astronomy.ch\/de\/wp-json\/wp\/v2\/media?parent=5031"}],"wp:term":[{"taxonomy":"product_brand","embeddable":true,"href":"https:\/\/deep-space-astronomy.ch\/de\/wp-json\/wp\/v2\/product_brand?post=5031"},{"taxonomy":"product_cat","embeddable":true,"href":"https:\/\/deep-space-astronomy.ch\/de\/wp-json\/wp\/v2\/product_cat?post=5031"},{"taxonomy":"product_tag","embeddable":true,"href":"https:\/\/deep-space-astronomy.ch\/de\/wp-json\/wp\/v2\/product_tag?post=5031"}],"curies":[{"name":"wp","href":"https:\/\/api.w.org\/{rel}","templated":true}]}}