{"id":5049,"date":"2025-03-07T08:51:33","date_gmt":"2025-03-07T07:51:33","guid":{"rendered":"https:\/\/deep-space-astronomy.geekworkers.dev\/produit\/reducteur-de-focale-7x-c9-25-edgehd-2\/"},"modified":"2025-06-03T10:29:03","modified_gmt":"2025-06-03T08:29:03","slug":"reducteur-de-focale-7x-c9-25-edgehd-2","status":"publish","type":"product","link":"https:\/\/deep-space-astronomy.ch\/de\/produkt\/reducteur-de-focale-7x-c9-25-edgehd-2\/","title":{"rendered":"Brennweitenreduzierer .7x C9.25 EdgeHD"},"content":{"rendered":"<h3>.7x Focus Reducer f\u00fcr 9,25\" EdgeHD: Optimieren Sie Ihre Astrofotografie-Leistung<\/h3>\n<p>Erweitern Sie die F\u00e4higkeiten Ihres 9,25-Zoll-EdgeHD-Teleskops mit dem .7x Focus Reducer von Celestron. Er wurde speziell f\u00fcr dieses Modell entwickelt und vereint Schnelligkeit, herausragende optische Qualit\u00e4t und Vielseitigkeit, um Ihre Astrofotografie-Sessions zu verwandeln.<\/p>\n<h3>\u00dcberlegene Leistung<\/h3>\n<h4>- H\u00f6here Geschwindigkeit: f\/7<\/h4>\n<ul>\n<li>Verringert das \u00d6ffnungsverh\u00e4ltnis von f\/10 auf f\/7 und beschleunigt Ihre Belichtungszeiten um die H\u00e4lfte, w\u00e4hrend die optimale Helligkeit f\u00fcr Bilder in Profiqualit\u00e4t erhalten bleibt.<\/li>\n<\/ul>\n<h4>- Erweitertes Gesichtsfeld von 43 %<\/h4>\n<ul>\n<li>Ideal, um gro\u00dfe Galaxien, Nebel und Sternhaufen in einer einzigen Aufnahme festzuhalten.<\/li>\n<\/ul>\n<h4>- Optisches Design mit 4 Elementen<\/h4>\n<ul>\n<li>H\u00e4lt das Feld flach und korrigiert optische Aberrationen, wodurch scharfe, verzerrungsfreie Bilder gew\u00e4hrleistet werden.<\/li>\n<\/ul>\n<h3>Fortschrittliche optische Technologie<\/h3>\n<h4>- Hochwertiges Lanthane-Glas<\/h4>\n<ul>\n<li>Die Elemente aus Lanthanes \u201cSeltene Erde\u201d-Glas minimieren chromatische Aberrationen und bieten gleichzeitig einen au\u00dfergew\u00f6hnlichen Kontrast, der perfekt f\u00fcr detailreiche Bilder ist.<\/li>\n<\/ul>\n<h4>- Mehrschichtige Behandlungen<\/h4>\n<ul>\n<li>Jede Luft-Glas-Oberfl\u00e4che ist mit mehreren Schichten beschichtet, um die Lichtdurchl\u00e4ssigkeit zu maximieren und die Farben pr\u00e4zise zu korrigieren.<\/li>\n<\/ul>\n<h4>- Geschw\u00e4rzte R\u00e4nder<\/h4>\n<ul>\n<li>Beseitigen interne Reflexionen, erh\u00f6hen den Kontrast und liefern sch\u00e4rfere Bilder.<\/li>\n<\/ul>\n<h4>- Helle \u00d6ffnung von 60 mm<\/h4>\n<ul>\n<li>Optimiert f\u00fcr einen Bildkreis von 42 mm, kompatibel mit Vollformat-CCD-Sensoren.<\/li>\n<\/ul>\n<h3>Robustes mechanisches Design<\/h3>\n<h4>- Direkte Befestigung an den 3,25\"-Gewinden des EdgeHD-Rohrs<\/h4>\n<ul>\n<li>Gew\u00e4hrleistet maximale Kompatibilit\u00e4t mit gro\u00dfformatigen Sensoren und Zubeh\u00f6r wie z. B. Off-Axis-F\u00fchrungen.<\/li>\n<\/ul>\n<h4>- CNC-gefr\u00e4ster Aluminiumk\u00f6rper<\/h4>\n<ul>\n<li>Gew\u00e4hrleistet einen pr\u00e4zisen Abstand und eine perfekte Ausrichtung der optischen Elemente f\u00fcr eine optimale Leistung.<\/li>\n<\/ul>\n<h4>- Metalldeckel mit Gewinde<\/h4>\n<ul>\n<li>Sch\u00fctzen die Linsen vor Staub und Kratzern und sorgen so f\u00fcr eine lange Haltbarkeit.<\/li>\n<\/ul>\n<h3>Au\u00dfergew\u00f6hnliche Vielseitigkeit<\/h3>\n<h4>- Beibehaltung des nativen Back-Focus<\/h4>\n<ul>\n<li>Der Reducer beh\u00e4lt denselben Backfocus wie bei f\/10 bei und erm\u00f6glicht so die Verwendung einer Vielzahl von Zubeh\u00f6r und Kameras. Kompatibel mit vorhandenen T EdgeHD-Adaptern.<\/li>\n<\/ul>\n<h4>- Fastar-Kompatibilit\u00e4t<\/h4>\n<ul>\n<li>Kombinieren Sie es mit dem Fastar-System f\u00fcr eine ultraschnelle Abbildungsleistung bei 1:2, die ideal ist, um schwache Objekte mit einer kurzen Belichtungszeit einzufangen.<\/li>\n<\/ul>\n<h3>Eine ideale Erg\u00e4nzung f\u00fcr Ihren EdgeHD 9.25\".<\/h3>\n<p>Dieser Fokussierungsreduzierer wurde entwickelt, um die Leistung Ihres 9,25-Zoll-EdgeHD-Teleskops zu maximieren. Er bietet eine perfekte Kombination aus Geschwindigkeit, optischer Qualit\u00e4t und Flexibilit\u00e4t, um die Wunder des Nachthimmels mit beeindruckender Detailgenauigkeit einzufangen.<\/p>\n<p>Verwandeln Sie Ihr 9,25-Zoll-EdgeHD in eine fortschrittliche Astrofotografie-Plattform, und erkunden Sie das Universum mit Pr\u00e4zision und Effizienz.<\/p>","protected":false},"excerpt":{"rendered":"<p>R\u00e9ducteur de Focale .7x pour EdgeHD 9.25\u201d : Optimisez vos Performances d\u2019Astrophotographie Am\u00e9liorez les capacit\u00e9s de votre t\u00e9lescope EdgeHD 9.25\u201d avec le r\u00e9ducteur de focale .7x de Celestron. Con\u00e7u sp\u00e9cifiquement pour ce mod\u00e8le, il combine rapidit\u00e9, qualit\u00e9 optique exceptionnelle et polyvalence pour transformer vos sessions d\u2019astrophotographie. Performances Sup\u00e9rieures \u2022 Rapidit\u00e9 accrue : f\/7 R\u00e9duit le [&hellip;]<\/p>\n","protected":false},"featured_media":5289,"comment_status":"open","ping_status":"closed","template":"","meta":[],"product_brand":[413],"product_cat":[19,650,575],"product_tag":[],"class_list":{"0":"post-5049","1":"product","2":"type-product","3":"status-publish","4":"has-post-thumbnail","6":"product_brand-celestron","7":"product_cat-accessoires","8":"product_cat-rducteurs-correcteurs-ap","9":"product_cat-astrophotographie","11":"first","12":"on_supplier","13":"taxable","14":"shipping-taxable","15":"purchasable","16":"product-type-simple"},"_links":{"self":[{"href":"https:\/\/deep-space-astronomy.ch\/de\/wp-json\/wp\/v2\/product\/5049","targetHints":{"allow":["GET"]}}],"collection":[{"href":"https:\/\/deep-space-astronomy.ch\/de\/wp-json\/wp\/v2\/product"}],"about":[{"href":"https:\/\/deep-space-astronomy.ch\/de\/wp-json\/wp\/v2\/types\/product"}],"replies":[{"embeddable":true,"href":"https:\/\/deep-space-astronomy.ch\/de\/wp-json\/wp\/v2\/comments?post=5049"}],"wp:featuredmedia":[{"embeddable":true,"href":"https:\/\/deep-space-astronomy.ch\/de\/wp-json\/wp\/v2\/media\/5289"}],"wp:attachment":[{"href":"https:\/\/deep-space-astronomy.ch\/de\/wp-json\/wp\/v2\/media?parent=5049"}],"wp:term":[{"taxonomy":"product_brand","embeddable":true,"href":"https:\/\/deep-space-astronomy.ch\/de\/wp-json\/wp\/v2\/product_brand?post=5049"},{"taxonomy":"product_cat","embeddable":true,"href":"https:\/\/deep-space-astronomy.ch\/de\/wp-json\/wp\/v2\/product_cat?post=5049"},{"taxonomy":"product_tag","embeddable":true,"href":"https:\/\/deep-space-astronomy.ch\/de\/wp-json\/wp\/v2\/product_tag?post=5049"}],"curies":[{"name":"wp","href":"https:\/\/api.w.org\/{rel}","templated":true}]}}