{"id":5051,"date":"2025-03-07T08:51:57","date_gmt":"2025-03-07T07:51:57","guid":{"rendered":"https:\/\/deep-space-astronomy.geekworkers.dev\/produit\/reducteur-de-focale-7x-pour-c8-edgehd-2\/"},"modified":"2025-06-03T10:29:03","modified_gmt":"2025-06-03T08:29:03","slug":"reducteur-de-focale-7x-pour-c8-edgehd-2","status":"publish","type":"product","link":"https:\/\/deep-space-astronomy.ch\/de\/produkt\/reducteur-de-focale-7x-pour-c8-edgehd-2\/","title":{"rendered":".7x Brennweitenverkleinerung f\u00fcr C8 EdgeHD"},"content":{"rendered":"<h3>.7x Focal Reducer f\u00fcr 8\" EdgeHD<\/h3>\n<p>Dieser speziell f\u00fcr das EdgeHD 800 entwickelte .7x Fokalreduzierer verwandelt Ihr Teleskop in eine schnelle und vielseitige Astrofotografie-Plattform. Mit seiner au\u00dfergew\u00f6hnlichen optischen Leistung und un\u00fcbertroffenen Flexibilit\u00e4t ist er das ideale Zubeh\u00f6r, um detaillierte und helle Deep-Sky-Bilder aufzunehmen.<\/p>\n<h3>\u00dcberlegene Leistung<\/h3>\n<h4>- H\u00f6here Geschwindigkeit: f\/7<\/h4>\n<ul>\n<li>Verringert das \u00d6ffnungsverh\u00e4ltnis von f\/10 auf f\/7, wodurch die \u00e4quivalente Belichtung verdoppelt und die Zeit, die f\u00fcr helle Bilder ben\u00f6tigt wird, halbiert wird.<\/li>\n<\/ul>\n<h4>- Erweitertes Gesichtsfeld von 43 %<\/h4>\n<ul>\n<li>Nehmen Sie Galaxien, Nebel und Sternhaufen mit einem deutlich verbesserten Sehfeld auf, das sich ideal f\u00fcr Weitwinkelaufnahmen eignet.<\/li>\n<\/ul>\n<h4>- Optimiert f\u00fcr APS-C-Sensoren<\/h4>\n<ul>\n<li>Es ist mit den meisten digitalen Spiegelreflexkameras (DSLR) und CCD-Kameras wie der Nightscape kompatibel und garantiert hervorragende Ergebnisse mit mittelgro\u00dfen Sensoren.<\/li>\n<\/ul>\n<h3>Fortschrittliche optische Technologie<\/h3>\n<h4>- 4-Elemente-Design<\/h4>\n<ul>\n<li>H\u00e4lt das Feld flach und korrigiert optische Aberrationen f\u00fcr scharfe und naturgetreue Bilder auf der gesamten Sensorfl\u00e4che.<\/li>\n<\/ul>\n<h4>- Lanthanes Glas<\/h4>\n<ul>\n<li>Verwendet \"Seltene Erden\"-Lanthan-Glaselemente f\u00fcr einen hohen Kontrast und eine Verringerung der chromatischen Aberrationen.<\/li>\n<\/ul>\n<h4>- Mehrschichtige Behandlungen<\/h4>\n<ul>\n<li>Jede Luft-Glas-Oberfl\u00e4che profitiert von mehreren Beschichtungsschichten, um die Lichtdurchl\u00e4ssigkeit zu maximieren und die Farben zu korrigieren.<\/li>\n<\/ul>\n<h4>- Geschw\u00e4rzte R\u00e4nder<\/h4>\n<ul>\n<li>Minimieren interne Reflexionen, erh\u00f6hen den Kontrast und liefern sch\u00e4rfere Bilder.<\/li>\n<\/ul>\n<h3>Robustes mechanisches Design<\/h3>\n<h4>- CNC-gefr\u00e4ster Aluminiumk\u00f6rper<\/h4>\n<ul>\n<li>Gew\u00e4hrleistet einen pr\u00e4zisen Abstand und eine optimale Ausrichtung der optischen Elemente f\u00fcr eine einwandfreie Leistung.<\/li>\n<\/ul>\n<h4>- Metalldeckel mit Gewinde<\/h4>\n<ul>\n<li>Sch\u00fctzen deine Linsen vor Staub und Kratzern und sorgen so f\u00fcr maximale Haltbarkeit.<\/li>\n<\/ul>\n<h4>- Gro\u00dfz\u00fcgiger 105-mm-Backfokus<\/h4>\n<ul>\n<li>Erm\u00f6glicht die Verwendung von verschiedenem Zubeh\u00f6r und zahlreichen Kameras, wobei die Kompatibilit\u00e4t mit den T EdgeHD 800-Adaptern erhalten bleibt.<\/li>\n<\/ul>\n<h3>Vielseitigkeit und Kompatibilit\u00e4t<\/h3>\n<h4>- Perfekte Zwischenstufe zwischen Blende 10 und HyperStar bei Blende 2<\/h4>\n<ul>\n<li>Bietet eine ideale L\u00f6sung f\u00fcr Zwischenbrennweiten und erh\u00f6ht die Vielseitigkeit Ihres EdgeHD-Teleskops.<\/li>\n<\/ul>\n<h4>- Vollst\u00e4ndiges System<\/h4>\n<ul>\n<li>Mit der HyperStar-Option und dem .7x Reducer wird die EdgeHD zu einem kompletten und leistungsstarken Bildgebungssystem in dieser Preisklasse.<\/li>\n<\/ul>\n<h3>Erweitern Sie Ihren 8-Zoll-EdgeHD<\/h3>\n<p>Diese Brennweitenverl\u00e4ngerung ist mehr als nur ein Zubeh\u00f6rteil: Sie erweitert die M\u00f6glichkeiten Ihres 8-Zoll-EdgeHD und bietet Schnelligkeit, optische Pr\u00e4zision und Flexibilit\u00e4t. Er eignet sich perfekt f\u00fcr Astrofotografen, die ihre Aufnahmen optimieren m\u00f6chten, und sorgt f\u00fcr eine beeindruckende Leistung bei einer Vielzahl von Zielen, von Deep Sky bis hin zu Weitwinkelobjekten.<\/p>\n<p>Verwandeln Sie Ihren 8-Zoll-EdgeHD in eine schnelle und leistungsstarke Astrofotografie-L\u00f6sung, mit der Sie das Universum in atemberaubender Detailgenauigkeit erkunden k\u00f6nnen.<\/p>","protected":false},"excerpt":{"rendered":"<p>R\u00e9ducteur de Focale .7x pour EdgeHD 8\u201d Con\u00e7u sp\u00e9cifiquement pour le EdgeHD 800, ce r\u00e9ducteur de focale .7x transforme votre t\u00e9lescope en une plateforme d\u2019astrophotographie rapide et polyvalente. Offrant des performances optiques exceptionnelles et une flexibilit\u00e9 in\u00e9gal\u00e9e, il est l\u2019accessoire id\u00e9al pour capturer des images d\u00e9taill\u00e9es et lumineuses du ciel profond. Performances Sup\u00e9rieures \u2022 Rapidit\u00e9 [&hellip;]<\/p>\n","protected":false},"featured_media":5290,"comment_status":"open","ping_status":"closed","template":"","meta":[],"product_brand":[413],"product_cat":[19,650,575],"product_tag":[],"class_list":{"0":"post-5051","1":"product","2":"type-product","3":"status-publish","4":"has-post-thumbnail","6":"product_brand-celestron","7":"product_cat-accessoires","8":"product_cat-rducteurs-correcteurs-ap","9":"product_cat-astrophotographie","11":"first","12":"on_supplier","13":"taxable","14":"shipping-taxable","15":"purchasable","16":"product-type-simple"},"_links":{"self":[{"href":"https:\/\/deep-space-astronomy.ch\/de\/wp-json\/wp\/v2\/product\/5051","targetHints":{"allow":["GET"]}}],"collection":[{"href":"https:\/\/deep-space-astronomy.ch\/de\/wp-json\/wp\/v2\/product"}],"about":[{"href":"https:\/\/deep-space-astronomy.ch\/de\/wp-json\/wp\/v2\/types\/product"}],"replies":[{"embeddable":true,"href":"https:\/\/deep-space-astronomy.ch\/de\/wp-json\/wp\/v2\/comments?post=5051"}],"wp:featuredmedia":[{"embeddable":true,"href":"https:\/\/deep-space-astronomy.ch\/de\/wp-json\/wp\/v2\/media\/5290"}],"wp:attachment":[{"href":"https:\/\/deep-space-astronomy.ch\/de\/wp-json\/wp\/v2\/media?parent=5051"}],"wp:term":[{"taxonomy":"product_brand","embeddable":true,"href":"https:\/\/deep-space-astronomy.ch\/de\/wp-json\/wp\/v2\/product_brand?post=5051"},{"taxonomy":"product_cat","embeddable":true,"href":"https:\/\/deep-space-astronomy.ch\/de\/wp-json\/wp\/v2\/product_cat?post=5051"},{"taxonomy":"product_tag","embeddable":true,"href":"https:\/\/deep-space-astronomy.ch\/de\/wp-json\/wp\/v2\/product_tag?post=5051"}],"curies":[{"name":"wp","href":"https:\/\/api.w.org\/{rel}","templated":true}]}}