{"id":5069,"date":"2025-03-07T08:56:20","date_gmt":"2025-03-07T07:56:20","guid":{"rendered":"https:\/\/deep-space-astronomy.geekworkers.dev\/produit\/roue-a-filtre-indigo-7-positions-2\/"},"modified":"2025-06-03T10:29:03","modified_gmt":"2025-06-03T08:29:03","slug":"roue-a-filtre-indigo-7-positions-2","status":"publish","type":"product","link":"https:\/\/deep-space-astronomy.ch\/de\/produkt\/roue-a-filtre-indigo-7-positions-2\/","title":{"rendered":"Filterrad Indigo 7 Positionen 2\u2033"},"content":{"rendered":"<h3>Vorstellung des Filterrads Indigo von Pegasus Astro<\/h3>\n<p>Die <strong>Filterrad Indigo von Pegasus Astro<\/strong> ist ein hochwertiges Ger\u00e4t f\u00fcr anspruchsvolle Astrofotografen, das fortschrittliche Funktionen und eine robuste Konstruktion bietet. Hier finden Sie eine detaillierte technische Beschreibung dieses Ger\u00e4ts.<\/p>\n<h3>Hauptmerkmale<\/h3>\n<ul>\n<li><strong>Anzahl der Filterpl\u00e4tze :<\/strong> 7 Positionen.<\/li>\n<li><strong>Filterkompatibilit\u00e4t :<\/strong>\n<ul>\n<li>Montierte 2-Zoll-Filter (M48).<\/li>\n<li>Unmontierte 50-mm-Filter (maximaler Durchmesser: 50,8 mm).<\/li>\n<\/ul>\n<\/li>\n<li><strong>Anmelden:<\/strong>\n<ul>\n<li>Ein- und Ausgang: M54 x 0,75 (weiblich).<\/li>\n<li>Kompatibel mit astronomischen Kameras \u00fcber ein 6-Loch-Muster (62 mm Durchmesser) oder spezielle Adapter.<\/li>\n<\/ul>\n<\/li>\n<li><strong>Integrierte Technologie :<\/strong>\n<ul>\n<li>Direkt angetriebener Schrittmotor.<\/li>\n<li>Optische Encoder f\u00fcr eine genaue Positionierung der Filter.<\/li>\n<\/ul>\n<\/li>\n<\/ul>\n<h3>Fortgeschrittene technische Punkte<\/h3>\n<h4>1. Optimierter Filterwechsel<\/h4>\n<ul>\n<li>Verwendung eines \"k\u00fcrzesten Weg\"-Algorithmus, um die Bewegungen bei Filter\u00fcberg\u00e4ngen zu minimieren.<\/li>\n<li>Drehung im oder gegen den Uhrzeigersinn m\u00f6glich, um eine schnelle und genaue Auswahl zu treffen.<\/li>\n<\/ul>\n<h4>2. Vereinfachte Konnektivit\u00e4t<\/h4>\n<ul>\n<li>Funktioniert mit einem einzigen USB2-Kabel (Typ B), sodass keine zus\u00e4tzliche externe Stromversorgung erforderlich ist.<\/li>\n<\/ul>\n<h4>3. Kompakte und robuste Bauweise<\/h4>\n<ul>\n<li>CNC-gefr\u00e4ster Aluminiumk\u00f6rper, der eine Mindestdicke von 19,0 mm (oder 19,6 mm mit installierten Adaptern) bietet.<\/li>\n<li>Schlankes, leichtes Design, ideal zur Reduzierung des Platzbedarfs bei Astrofotografie-Konfigurationen.<\/li>\n<\/ul>\n<h4>4. Software-Kompatibilit\u00e4t<\/h4>\n<ul>\n<li>Nahtlose Integration mit beliebter Astrofotografie-Software \u00fcber einen ASCOM-Treiber.<\/li>\n<li>Fernsteuerung m\u00f6glich, erleichtert die Arbeit bei l\u00e4ngeren Sitzungen.<\/li>\n<\/ul>\n<h4>5. Mechanische Anpassungsf\u00e4higkeit<\/h4>\n<ul>\n<li>Mit den M54-Adaptern k\u00f6nnen Sie die Ausrichtung des Teleskops oder der Kamera leicht anpassen, indem Sie einfach die Schrauben l\u00f6sen und den Adapter in die gew\u00fcnschte Position drehen.<\/li>\n<\/ul>\n<h3>Vorteile f\u00fcr den Nutzer<\/h3>\n<ul>\n<li><strong>Vielseitigkeit :<\/strong> Kompatibel mit einer Vielzahl von Filtern und astronomischen Kameras.<\/li>\n<li><strong>Pr\u00e4zisierung :<\/strong> Optische Encoder sorgen f\u00fcr eine fehlerfreie und exakte Filterauswahl.<\/li>\n<li><strong>Einfache Handhabung :<\/strong> Der einzigartige USB-Anschluss und das kompakte Design vereinfachen die Installation und den Gebrauch.<\/li>\n<li><strong>Nachhaltigkeit :<\/strong> Das maschinell bearbeitete Aluminium sorgt f\u00fcr eine lange Lebensdauer auch unter schwierigen Beobachtungsbedingungen.<\/li>\n<\/ul>\n<h3>Anwendungen<\/h3>\n<p>Das Indigo-Filterrad ist ideal f\u00fcr :<\/p>\n<ul>\n<li>Schmalbandfotografie (H\u03b1, OIII, SII) dank seiner F\u00e4higkeit, mehrere Filter gleichzeitig aufzunehmen.<\/li>\n<li>Visuelle Beobachtungen, die schnelle \u00dcberg\u00e4nge zwischen verschiedenen Filtertypen erfordern.<\/li>\n<li>Komplexe Konfigurationen, bei denen der Platz begrenzt ist.<\/li>\n<\/ul>\n<h3>Schlussfolgerung<\/h3>\n<p>Zusammenfassend l\u00e4sst sich sagen, dass das Indigo-Filterrad technologische Innovation und Praktikabilit\u00e4t vereint, um den Bed\u00fcrfnissen professioneller Astrofotografen und passionierter Amateure gerecht zu werden.<\/p>","protected":false},"excerpt":{"rendered":"<p>Pr\u00e9sentation de la roue \u00e0 filtres Indigo de Pegasus Astro La roue \u00e0 filtres Indigo de Pegasus Astro est un \u00e9quipement haut de gamme con\u00e7u pour les astrophotographes exigeants, offrant des fonctionnalit\u00e9s avanc\u00e9es et une construction robuste. Voici une description technique d\u00e9taill\u00e9e de cet appareil. Caract\u00e9ristiques principales Nombre d&#8217;emplacements de filtres : 7 positions. Compatibilit\u00e9 [&hellip;]<\/p>\n","protected":false},"featured_media":5064,"comment_status":"open","ping_status":"closed","template":"","meta":[],"product_brand":[517],"product_cat":[19,576,575],"product_tag":[],"class_list":{"0":"post-5069","1":"product","2":"type-product","3":"status-publish","4":"has-post-thumbnail","6":"product_brand-pegasus","7":"product_cat-accessoires","8":"product_cat-roues-a-filtres-et-filtres-a-tiroirs","9":"product_cat-astrophotographie","11":"first","12":"on_supplier","13":"taxable","14":"shipping-taxable","15":"purchasable","16":"product-type-simple"},"_links":{"self":[{"href":"https:\/\/deep-space-astronomy.ch\/de\/wp-json\/wp\/v2\/product\/5069","targetHints":{"allow":["GET"]}}],"collection":[{"href":"https:\/\/deep-space-astronomy.ch\/de\/wp-json\/wp\/v2\/product"}],"about":[{"href":"https:\/\/deep-space-astronomy.ch\/de\/wp-json\/wp\/v2\/types\/product"}],"replies":[{"embeddable":true,"href":"https:\/\/deep-space-astronomy.ch\/de\/wp-json\/wp\/v2\/comments?post=5069"}],"wp:featuredmedia":[{"embeddable":true,"href":"https:\/\/deep-space-astronomy.ch\/de\/wp-json\/wp\/v2\/media\/5064"}],"wp:attachment":[{"href":"https:\/\/deep-space-astronomy.ch\/de\/wp-json\/wp\/v2\/media?parent=5069"}],"wp:term":[{"taxonomy":"product_brand","embeddable":true,"href":"https:\/\/deep-space-astronomy.ch\/de\/wp-json\/wp\/v2\/product_brand?post=5069"},{"taxonomy":"product_cat","embeddable":true,"href":"https:\/\/deep-space-astronomy.ch\/de\/wp-json\/wp\/v2\/product_cat?post=5069"},{"taxonomy":"product_tag","embeddable":true,"href":"https:\/\/deep-space-astronomy.ch\/de\/wp-json\/wp\/v2\/product_tag?post=5069"}],"curies":[{"name":"wp","href":"https:\/\/api.w.org\/{rel}","templated":true}]}}