{"id":5113,"date":"2025-03-07T09:01:37","date_gmt":"2025-03-07T08:01:37","guid":{"rendered":"https:\/\/deep-space-astronomy.geekworkers.dev\/produit\/roue-a-filtre-phoenix-7x2\/"},"modified":"2026-03-29T17:54:47","modified_gmt":"2026-03-29T15:54:47","slug":"roue-a-filtre-phoenix-7x2","status":"publish","type":"product","link":"https:\/\/deep-space-astronomy.ch\/de\/produkt\/roue-a-filtre-phoenix-7x2\/","title":{"rendered":"Filterrad Player One Phoenix 7\u00d72\u2033."},"content":{"rendered":"<h3>Vorstellung des Phoenix-Filterrads 7\u00d72\" von Player One Astronomy<\/h3>\n<p>Das von Player One Astronomy entwickelte Phoenix 7\u00d72\"-Filterrad ist ein hochpr\u00e4zises, motorisiertes Zubeh\u00f6r, das f\u00fcr Astrofotografen entwickelt wurde, die sowohl montierte als auch nicht montierte Filter verwenden. Es ist ideal f\u00fcr Konfigurationen, bei denen ein schneller und pr\u00e4ziser Filterwechsel erforderlich ist.<\/p>\n<h3>Hauptmerkmale<\/h3>\n<ul>\n<li><strong>Kapazit\u00e4t :<\/strong> Bis zu 7 montierte 2\"-Filter oder 7 unmontierte runde 50-mm-Filter.<\/li>\n<li><strong>K\u00f6rpergewinde :<\/strong> M54*0,75 auf beiden Seiten, kompatibel mit einer Vielzahl von Ger\u00e4ten.<\/li>\n<li><strong>Material :<\/strong> Aluminium 6061-T6, garantiert Robustheit und geringes Gewicht.<\/li>\n<li><strong>L\u00e4nge des optischen Pfades :<\/strong> 20 mm, wodurch die Vignettierung minimiert wird.<\/li>\n<li><strong>Optischer Durchgangsdurchmesser :<\/strong> Entwickelt f\u00fcr Vollformatsensoren.<\/li>\n<\/ul>\n<h3>Integrierte Technologien<\/h3>\n<ul>\n<li><strong>Hall-Effekt-Sensortechnologie :<\/strong> Verwendet Magnete auf der Filterplatte und bietet eine h\u00f6here Genauigkeit als die Positionierung mit einem herk\u00f6mmlichen Infrarotsensor.<\/li>\n<li><strong>Ultrad\u00fcnner Hybrid-Schrittmotor :<\/strong> Sorgt f\u00fcr eine reibungslose und ger\u00e4uscharme Rotation und reduziert die Vibrationen beim Filterwechsel.<\/li>\n<li><strong>USB-Typ-C-Anschluss :<\/strong> Moderne und zuverl\u00e4ssige Konnektivit\u00e4t, die die Gesamtdicke des Rades verringert.<\/li>\n<\/ul>\n<h3>Kompatibilit\u00e4t<\/h3>\n<p>Kompatibel mit den folgenden Player One-Ausr\u00fcstungsserien :<\/p>\n<ul>\n<li>Poseidon<\/li>\n<li>Zeus<\/li>\n<li>Artemis<\/li>\n<li>Ares<\/li>\n<li>Uranus PRO<\/li>\n<li>Apollo PRO<\/li>\n<\/ul>\n<h3>Anwendungen<\/h3>\n<ul>\n<li>Entwickelt f\u00fcr Astrofotografen, die Vollformatkameras verwenden oder ein System ben\u00f6tigen, das die Vignettierung minimiert.<\/li>\n<li>Erm\u00f6glicht einen schnellen und pr\u00e4zisen Wechsel zwischen verschiedenen Filtern, um astronomische Aufnahmen zu optimieren.<\/li>\n<\/ul>\n<h3>Zus\u00e4tzliche Vorteile<\/h3>\n<ul>\n<li><strong>Robustes und kompaktes Design :<\/strong> Elegantes Finish aus Aluminium.<\/li>\n<li><strong>Kompatibilit\u00e4t :<\/strong> Kompatibel mit montierten (Dicke muss \u00fcberpr\u00fcft werden) oder nicht montierten Filtern.<\/li>\n<li><strong>Verschiedene Anwendungen :<\/strong> Ideal f\u00fcr die Planeten-, Sonnen- und Mondabbildung sowie f\u00fcr Deep-Sky-Aufnahmen.<\/li>\n<\/ul>\n<h3>Schlussfolgerung<\/h3>\n<p>Das Phoenix-Filterrad 7\u00d72\" ist ein High-End-Werkzeug, das anspruchsvollen Astrofotografen Pr\u00e4zision und Zuverl\u00e4ssigkeit bietet.<\/p>","protected":false},"excerpt":{"rendered":"<p>Pr\u00e9sentation de la Roue \u00e0 filtres Phoenix 7&#215;2\u201d de Player One Astronomy La Roue \u00e0 filtres Phoenix 7&#215;2\u201d, d\u00e9velopp\u00e9e par Player One Astronomy, est un accessoire motoris\u00e9 de haute pr\u00e9cision con\u00e7u pour les astrophotographes utilisant des filtres mont\u00e9s ou non mont\u00e9s. Elle est id\u00e9ale pour les configurations n\u00e9cessitant un changement rapide et pr\u00e9cis des filtres. [&hellip;]<\/p>\n","protected":false},"featured_media":5111,"comment_status":"open","ping_status":"closed","template":"","meta":[],"product_brand":[556],"product_cat":[19,833,576,575],"product_tag":[],"class_list":{"0":"post-5113","1":"product","2":"type-product","3":"status-publish","4":"has-post-thumbnail","6":"product_brand-player-one","7":"product_cat-accessoires","8":"product_cat-en-stock","9":"product_cat-roues-a-filtres-et-filtres-a-tiroirs","10":"product_cat-astrophotographie","12":"first","13":"instock","14":"taxable","15":"shipping-taxable","16":"purchasable","17":"product-type-simple"},"_links":{"self":[{"href":"https:\/\/deep-space-astronomy.ch\/de\/wp-json\/wp\/v2\/product\/5113","targetHints":{"allow":["GET"]}}],"collection":[{"href":"https:\/\/deep-space-astronomy.ch\/de\/wp-json\/wp\/v2\/product"}],"about":[{"href":"https:\/\/deep-space-astronomy.ch\/de\/wp-json\/wp\/v2\/types\/product"}],"replies":[{"embeddable":true,"href":"https:\/\/deep-space-astronomy.ch\/de\/wp-json\/wp\/v2\/comments?post=5113"}],"wp:featuredmedia":[{"embeddable":true,"href":"https:\/\/deep-space-astronomy.ch\/de\/wp-json\/wp\/v2\/media\/5111"}],"wp:attachment":[{"href":"https:\/\/deep-space-astronomy.ch\/de\/wp-json\/wp\/v2\/media?parent=5113"}],"wp:term":[{"taxonomy":"product_brand","embeddable":true,"href":"https:\/\/deep-space-astronomy.ch\/de\/wp-json\/wp\/v2\/product_brand?post=5113"},{"taxonomy":"product_cat","embeddable":true,"href":"https:\/\/deep-space-astronomy.ch\/de\/wp-json\/wp\/v2\/product_cat?post=5113"},{"taxonomy":"product_tag","embeddable":true,"href":"https:\/\/deep-space-astronomy.ch\/de\/wp-json\/wp\/v2\/product_tag?post=5113"}],"curies":[{"name":"wp","href":"https:\/\/api.w.org\/{rel}","templated":true}]}}