{"id":5118,"date":"2025-03-07T09:02:21","date_gmt":"2025-03-07T08:02:21","guid":{"rendered":"https:\/\/deep-space-astronomy.geekworkers.dev\/produit\/roue-a-filtre-phoenix-5x2\/"},"modified":"2025-06-03T10:29:11","modified_gmt":"2025-06-03T08:29:11","slug":"roue-a-filtre-phoenix-5x2","status":"publish","type":"product","link":"https:\/\/deep-space-astronomy.ch\/de\/produkt\/roue-a-filtre-phoenix-5x2\/","title":{"rendered":"Filterrad Player One Phoenix 5\u00d72\u2033."},"content":{"rendered":"<h3>Vorstellung der Phoenix 5\u00d72\" von Player One Astronomy<\/h3>\n<p>Das von Player One Astronomy entwickelte Phoenix 5\u00d72\" ist ein hochpr\u00e4zises, motorisiertes Filterrad, das f\u00fcr Astrofotografen entwickelt wurde, die mit gro\u00dfen Filtern arbeiten. Es bietet eine hervorragende Kompatibilit\u00e4t mit verschiedenen Ausr\u00fcstungen und einen reibungslosen Betrieb dank fortschrittlicher Technologien.<\/p>\n<h3>Hauptmerkmale<\/h3>\n<ul>\n<li><strong>Kapazit\u00e4t :<\/strong> Unterst\u00fctzt bis zu 5 montierte 2\"-Filter oder 5 unmontierte runde 50-mm-Filter.<\/li>\n<li><strong>K\u00f6rpergewinde :<\/strong> M54*0,75 auf beiden Seiten, wodurch die Kompatibilit\u00e4t mit einer breiten Palette von Ger\u00e4ten gew\u00e4hrleistet wird.<\/li>\n<li><strong>Material :<\/strong> Aluminium 6061-T6, gew\u00e4hrleistet Robustheit und Leichtigkeit.<\/li>\n<li><strong>L\u00e4nge des optischen Pfades :<\/strong> 21 mm, wodurch die Vignettierung selbst bei Vollformatsensoren minimiert wird.<\/li>\n<li><strong>Physische Dicke :<\/strong> 21 mm, f\u00fcr ein kompaktes Design.<\/li>\n<\/ul>\n<h3>Integrierte Technologien<\/h3>\n<ul>\n<li><strong>Hall Sensing Technology :<\/strong> Verwendet Magnete auf der Filterplatte und einen Hall-Sensor, um die Position der Filter zu erkennen, und bietet so eine h\u00f6here Genauigkeit als herk\u00f6mmliche Infrarotsensoren.<\/li>\n<li><strong>Ultrad\u00fcnner Hybrid-Schrittmotor :<\/strong> Reibungslose, ger\u00e4uscharme Rotation, die Vibrationen beim Filterwechsel reduziert - ideal, um die Stabilit\u00e4t der Aufnahmen zu erhalten.<\/li>\n<li><strong>USB-Typ-C-Anschluss :<\/strong> Moderne und zuverl\u00e4ssige Konnektivit\u00e4t, die die Gesamtdicke des Rades verringert.<\/li>\n<\/ul>\n<h3>Kompatibilit\u00e4t<\/h3>\n<p>Kompatibel mit den folgenden Player One-Ausr\u00fcstungsserien :<\/p>\n<ul>\n<li>Poseidon<\/li>\n<li>Zeus<\/li>\n<li>Artemis<\/li>\n<li>Ares<\/li>\n<li>Uranus PRO<\/li>\n<li>Apollo PRO<\/li>\n<\/ul>\n<h3>Anwendungen<\/h3>\n<ul>\n<li>Ideal f\u00fcr Astrofotografen, die Vollformatkameras verwenden oder ein System ben\u00f6tigen, das die Vignettierung minimiert.<\/li>\n<li>Erm\u00f6glicht einen schnellen und pr\u00e4zisen Wechsel zwischen verschiedenen Filtern f\u00fcr die Planeten-, Sonnen-, Mond- oder Deep-Sky-Bildgebung.<\/li>\n<\/ul>\n<h3>Zus\u00e4tzliche Vorteile<\/h3>\n<ul>\n<li><strong>Robustes und kompaktes Design :<\/strong> Elegantes Finish aus Aluminium.<\/li>\n<li><strong>Kompatibilit\u00e4t :<\/strong> Kompatibel mit montierten (Standarddicke) oder nicht montierten Filtern.<\/li>\n<li><strong>Fl\u00fcssiger Betrieb :<\/strong> Auch in anspruchsvollen Umgebungen.<\/li>\n<\/ul>\n<h3>Schlussfolgerung<\/h3>\n<p>Das Phoenix 5\u00d72\"-Filterrad ist ein hochwertiges Zubeh\u00f6r, das speziell f\u00fcr die Bed\u00fcrfnisse anspruchsvoller Astrofotografen entwickelt wurde. Es bietet Pr\u00e4zision, Zuverl\u00e4ssigkeit und Kompatibilit\u00e4t mit moderner Ausr\u00fcstung.<\/p>","protected":false},"excerpt":{"rendered":"<p>Pr\u00e9sentation de la Phoenix 5&#215;2\u201d de Player One Astronomy La Phoenix 5&#215;2\u201d, d\u00e9velopp\u00e9e par Player One Astronomy, est une roue \u00e0 filtres motoris\u00e9e de haute pr\u00e9cision, con\u00e7ue pour les astrophotographes utilisant des filtres de grande taille. Elle offre une excellente compatibilit\u00e9 avec divers \u00e9quipements et un fonctionnement fluide gr\u00e2ce \u00e0 des technologies avanc\u00e9es. Caract\u00e9ristiques principales [&hellip;]<\/p>\n","protected":false},"featured_media":5116,"comment_status":"open","ping_status":"closed","template":"","meta":[],"product_brand":[556],"product_cat":[19,576,575],"product_tag":[],"class_list":{"0":"post-5118","1":"product","2":"type-product","3":"status-publish","4":"has-post-thumbnail","6":"product_brand-player-one","7":"product_cat-accessoires","8":"product_cat-roues-a-filtres-et-filtres-a-tiroirs","9":"product_cat-astrophotographie","11":"first","12":"on_supplier","13":"taxable","14":"shipping-taxable","15":"purchasable","16":"product-type-simple"},"_links":{"self":[{"href":"https:\/\/deep-space-astronomy.ch\/de\/wp-json\/wp\/v2\/product\/5118","targetHints":{"allow":["GET"]}}],"collection":[{"href":"https:\/\/deep-space-astronomy.ch\/de\/wp-json\/wp\/v2\/product"}],"about":[{"href":"https:\/\/deep-space-astronomy.ch\/de\/wp-json\/wp\/v2\/types\/product"}],"replies":[{"embeddable":true,"href":"https:\/\/deep-space-astronomy.ch\/de\/wp-json\/wp\/v2\/comments?post=5118"}],"wp:featuredmedia":[{"embeddable":true,"href":"https:\/\/deep-space-astronomy.ch\/de\/wp-json\/wp\/v2\/media\/5116"}],"wp:attachment":[{"href":"https:\/\/deep-space-astronomy.ch\/de\/wp-json\/wp\/v2\/media?parent=5118"}],"wp:term":[{"taxonomy":"product_brand","embeddable":true,"href":"https:\/\/deep-space-astronomy.ch\/de\/wp-json\/wp\/v2\/product_brand?post=5118"},{"taxonomy":"product_cat","embeddable":true,"href":"https:\/\/deep-space-astronomy.ch\/de\/wp-json\/wp\/v2\/product_cat?post=5118"},{"taxonomy":"product_tag","embeddable":true,"href":"https:\/\/deep-space-astronomy.ch\/de\/wp-json\/wp\/v2\/product_tag?post=5118"}],"curies":[{"name":"wp","href":"https:\/\/api.w.org\/{rel}","templated":true}]}}