{"id":5128,"date":"2025-03-07T09:03:52","date_gmt":"2025-03-07T08:03:52","guid":{"rendered":"https:\/\/deep-space-astronomy.geekworkers.dev\/produit\/roue-a-filtre-phoenix-8x1-25\/"},"modified":"2026-03-29T17:54:33","modified_gmt":"2026-03-29T15:54:33","slug":"roue-a-filtre-phoenix-8x1-25","status":"publish","type":"product","link":"https:\/\/deep-space-astronomy.ch\/de\/produkt\/roue-a-filtre-phoenix-8x1-25\/","title":{"rendered":"Filterrad Player One Phoenix 8\u00d71.25\u2033."},"content":{"rendered":"<h3>Vorstellung des Phoenix-Filterrads 8\u00d71.25\" von Player One Astronomy<\/h3>\n<p>Das Phoenix 8\u00d71,25\"-Filterrad von Player One Astronomy ist ein hochpr\u00e4zises, motorisiertes Zubeh\u00f6r f\u00fcr Astrofotografen.<\/p>\n<h3>Hauptmerkmale<\/h3>\n<ul>\n<li><strong>Kapazit\u00e4t :<\/strong> 8 Positionen f\u00fcr 1,25\" (31,75 mm) Filter<\/li>\n<li><strong>Gewinde :<\/strong> M42*0,75 auf beiden Seiten<\/li>\n<li><strong>Material :<\/strong> Aluminium 6061-T6<\/li>\n<li><strong>Optische L\u00e4nge :<\/strong> 20 mm<\/li>\n<li><strong>Filterdicke :<\/strong>\n<ul>\n<li><strong>Rahmen :<\/strong> \u2264 8,5 mm<\/li>\n<li><strong>Dicke des Gewindes :<\/strong> \u2264 2,5 mm<\/li>\n<\/ul>\n<\/li>\n<\/ul>\n<h3>Fortgeschrittene Technologien<\/h3>\n<ul>\n<li><strong>Hall Sensing Technology :<\/strong> Filterpositionierung durch magnetische Erkennung, mit einer h\u00f6heren Genauigkeit als herk\u00f6mmliche Infrarotsensoren.<\/li>\n<li><strong>Ultrad\u00fcnner Hybrid-Schrittmotor :<\/strong> Sehr sanfte Rotation mit minimalen Vibrationen beim Filterwechsel.<\/li>\n<li><strong>USB-Typ-C-Anschluss :<\/strong> Reduziert die Dicke des Ger\u00e4ts und bietet moderne Konnektivit\u00e4t.<\/li>\n<\/ul>\n<h3>Kompatibilit\u00e4t<\/h3>\n<p>Kompatibel mit den Serien :<\/p>\n<ul>\n<li>Ares<\/li>\n<li>Uranus PRO<\/li>\n<li>Apollo<\/li>\n<li>Planetenkameras<\/li>\n<li>Leitkameras<\/li>\n<\/ul>\n<h3>Anwendungen<\/h3>\n<ul>\n<li>LRGB-Farbbildgebung<\/li>\n<li>Hubble-Bildgebung (OIII, SII, H-Alpha)<\/li>\n<li>Kompatibel mit CMOS\/CCD-Kameras und Spiegelreflexgeh\u00e4usen<\/li>\n<\/ul>\n<h3>Schlussfolgerung<\/h3>\n<p>Die Phoenix 8\u00d71,25\" bietet eine kompakte und pr\u00e4zise L\u00f6sung f\u00fcr den automatischen Filterwechsel in der Astrofotografie.<\/p>","protected":false},"excerpt":{"rendered":"<p>Pr\u00e9sentation de la Roue \u00e0 filtres Phoenix 8&#215;1.25\u201d de Player One Astronomy La Roue \u00e0 filtres Phoenix 8&#215;1.25\u201d de Player One Astronomy est un accessoire motoris\u00e9 de haute pr\u00e9cision con\u00e7u pour les astrophotographes. Caract\u00e9ristiques principales Capacit\u00e9 : 8 positions pour filtres de 1,25\u201d (31,75 mm) Filetages : M42*0,75 des deux c\u00f4t\u00e9s Mat\u00e9riau : Aluminium 6061-T6 [&hellip;]<\/p>\n","protected":false},"featured_media":5126,"comment_status":"open","ping_status":"closed","template":"","meta":[],"product_brand":[556],"product_cat":[19,833,576,575],"product_tag":[],"class_list":{"0":"post-5128","1":"product","2":"type-product","3":"status-publish","4":"has-post-thumbnail","6":"product_brand-player-one","7":"product_cat-accessoires","8":"product_cat-en-stock","9":"product_cat-roues-a-filtres-et-filtres-a-tiroirs","10":"product_cat-astrophotographie","12":"first","13":"instock","14":"taxable","15":"shipping-taxable","16":"purchasable","17":"product-type-simple"},"_links":{"self":[{"href":"https:\/\/deep-space-astronomy.ch\/de\/wp-json\/wp\/v2\/product\/5128","targetHints":{"allow":["GET"]}}],"collection":[{"href":"https:\/\/deep-space-astronomy.ch\/de\/wp-json\/wp\/v2\/product"}],"about":[{"href":"https:\/\/deep-space-astronomy.ch\/de\/wp-json\/wp\/v2\/types\/product"}],"replies":[{"embeddable":true,"href":"https:\/\/deep-space-astronomy.ch\/de\/wp-json\/wp\/v2\/comments?post=5128"}],"wp:featuredmedia":[{"embeddable":true,"href":"https:\/\/deep-space-astronomy.ch\/de\/wp-json\/wp\/v2\/media\/5126"}],"wp:attachment":[{"href":"https:\/\/deep-space-astronomy.ch\/de\/wp-json\/wp\/v2\/media?parent=5128"}],"wp:term":[{"taxonomy":"product_brand","embeddable":true,"href":"https:\/\/deep-space-astronomy.ch\/de\/wp-json\/wp\/v2\/product_brand?post=5128"},{"taxonomy":"product_cat","embeddable":true,"href":"https:\/\/deep-space-astronomy.ch\/de\/wp-json\/wp\/v2\/product_cat?post=5128"},{"taxonomy":"product_tag","embeddable":true,"href":"https:\/\/deep-space-astronomy.ch\/de\/wp-json\/wp\/v2\/product_tag?post=5128"}],"curies":[{"name":"wp","href":"https:\/\/api.w.org\/{rel}","templated":true}]}}