{"id":5141,"date":"2025-03-07T09:05:51","date_gmt":"2025-03-07T08:05:51","guid":{"rendered":"https:\/\/deep-space-astronomy.geekworkers.dev\/produit\/tiroir-a-filtres-pour-objectifs-nikon-canon\/"},"modified":"2025-06-03T10:29:19","modified_gmt":"2025-06-03T08:29:19","slug":"tiroir-a-filtres-pour-objectifs-nikon-canon","status":"publish","type":"product","link":"https:\/\/deep-space-astronomy.ch\/de\/produkt\/tiroir-a-filtres-pour-objectifs-nikon-canon\/","title":{"rendered":"Filterschublade f\u00fcr Nikon\/Canon-Objektive"},"content":{"rendered":"<h3>ZWO Filterschubladen f\u00fcr Nikon- und Canon-Objektive<\/h3>\n<p>Die <strong>ZWO-Filterschubladen f\u00fcr Nikon- und Canon-Objektive<\/strong> erm\u00f6glichen die Verwendung von 2\u201d-Filtern (50,8 mm) mit Fotoobjektiven und Astronomie-Kameras und bieten so eine praktische und kosteng\u00fcnstige L\u00f6sung f\u00fcr die Weitwinkelfotografie in der Astrofotografie.<\/p>\n<h3>Hauptmerkmale<\/h3>\n<ul>\n<li><strong>Verf\u00fcgbar f\u00fcr Nikon F- und Canon EOS-Rahmen<\/strong>, Die meisten der von uns verwendeten Objektive sind mit den g\u00e4ngigsten Objektiven kompatibel.<\/li>\n<li><strong>Gesamtdurchmesser :<\/strong> 70 mm, geeignet f\u00fcr Konfigurationen mit Fotoobjektiven.<\/li>\n<li><strong>Ziehung :<\/strong> 26,5 mm (Canon) oder 29 mm (Nikon) f\u00fcr eine perfekte Passform je nach verwendeter Kamera.<\/li>\n<li><strong>Kompatibel mit 2\u201d-Filtern mit Gewinde M48x0,75 mm<\/strong>, Sie k\u00f6nnen eine gro\u00dfe Auswahl an Filtern f\u00fcr Ihre Aufnahmen verwenden.<\/li>\n<li><strong>Hinteres Gewinde :<\/strong> T2-Stecker (M42x0,75 mm) f\u00fcr eine einfache Integration mit Ihren Kameras und Zubeh\u00f6r.<\/li>\n<li><strong>Wird mit einer herausnehmbaren Filterschublade geliefert<\/strong> mit magnetischer Befestigung f\u00fcr eine einfache und schnelle Filterverwaltung.<\/li>\n<li><strong>Enth\u00e4lt einen Adapter von T2 auf M54<\/strong> f\u00fcr Vollformatkameras und bietet mehr Flexibilit\u00e4t f\u00fcr fortgeschrittene Konfigurationen.<\/li>\n<\/ul>\n<h3>Vorteile der ZWO-Filterschubladen<\/h3>\n<ul>\n<li><strong>Kosteng\u00fcnstige Alternative zu Filterr\u00e4dern<\/strong> f\u00fcr die Verwendung eines einzelnen Filters, ideal f\u00fcr Astrofotografen mit knapperem Budget.<\/li>\n<li><strong>Pr\u00e4zise Positionierung des Filters durch magnetische Befestigung<\/strong>, Das bedeutet, dass Sie bei Ihren Beobachtungssitzungen eine maximale Genauigkeit erreichen.<\/li>\n<li><strong>Verriegelungsschrauben f\u00fcr eine sichere Befestigung<\/strong>, So werden unerw\u00fcnschte Bewegungen w\u00e4hrend des Gebrauchs vermieden.<\/li>\n<li><strong>Offenes Design erleichtert das Einsetzen und Herausnehmen des Filters<\/strong>, Das erm\u00f6glicht eine schnelle Nutzung auch bei schlechten Lichtverh\u00e4ltnissen.<\/li>\n<li><strong>Kompatibel mit den meisten ZWO-Kameras und anderen Marken<\/strong>, Die meisten von ihnen sind in der Lage, eine Vielzahl von verschiedenen Konfigurationen zu verwenden.<\/li>\n<\/ul>\n<h3>Schlussfolgerung<\/h3>\n<p>Die <strong>ZWO-Filterschubladen f\u00fcr Nikon- und Canon-Objektive<\/strong> sind ideal f\u00fcr die Weitfeldfotografie mit einer gek\u00fchlten Kamera und einem Fotoobjektiv. Da sie eine kompakte, praktische und kosteng\u00fcnstige L\u00f6sung f\u00fcr die Astrofotografie bieten, erm\u00f6glichen sie einen einfachen und pr\u00e4zisen Filterwechsel f\u00fcr qualitativ hochwertige Bilder.<\/p>","protected":false},"excerpt":{"rendered":"<p>Tiroirs \u00e0 filtres ZWO pour objectifs Nikon et Canon Les tiroirs \u00e0 filtres ZWO pour objectifs Nikon et Canon permettent l\u2019utilisation de filtres 2\u201d (50,8 mm) avec des objectifs photo et des cam\u00e9ras astronomiques, offrant une solution pratique et \u00e9conomique pour la photographie grand champ en astrophotographie. Caract\u00e9ristiques principales Disponibles pour montures Nikon F et [&hellip;]<\/p>\n","protected":false},"featured_media":5140,"comment_status":"open","ping_status":"closed","template":"","meta":[],"product_brand":[457],"product_cat":[19,576,575],"product_tag":[],"class_list":{"0":"post-5141","1":"product","2":"type-product","3":"status-publish","4":"has-post-thumbnail","6":"product_brand-zwo","7":"product_cat-accessoires","8":"product_cat-roues-a-filtres-et-filtres-a-tiroirs","9":"product_cat-astrophotographie","11":"first","12":"on_supplier","13":"taxable","14":"shipping-taxable","15":"purchasable","16":"product-type-simple"},"_links":{"self":[{"href":"https:\/\/deep-space-astronomy.ch\/de\/wp-json\/wp\/v2\/product\/5141","targetHints":{"allow":["GET"]}}],"collection":[{"href":"https:\/\/deep-space-astronomy.ch\/de\/wp-json\/wp\/v2\/product"}],"about":[{"href":"https:\/\/deep-space-astronomy.ch\/de\/wp-json\/wp\/v2\/types\/product"}],"replies":[{"embeddable":true,"href":"https:\/\/deep-space-astronomy.ch\/de\/wp-json\/wp\/v2\/comments?post=5141"}],"wp:featuredmedia":[{"embeddable":true,"href":"https:\/\/deep-space-astronomy.ch\/de\/wp-json\/wp\/v2\/media\/5140"}],"wp:attachment":[{"href":"https:\/\/deep-space-astronomy.ch\/de\/wp-json\/wp\/v2\/media?parent=5141"}],"wp:term":[{"taxonomy":"product_brand","embeddable":true,"href":"https:\/\/deep-space-astronomy.ch\/de\/wp-json\/wp\/v2\/product_brand?post=5141"},{"taxonomy":"product_cat","embeddable":true,"href":"https:\/\/deep-space-astronomy.ch\/de\/wp-json\/wp\/v2\/product_cat?post=5141"},{"taxonomy":"product_tag","embeddable":true,"href":"https:\/\/deep-space-astronomy.ch\/de\/wp-json\/wp\/v2\/product_tag?post=5141"}],"curies":[{"name":"wp","href":"https:\/\/api.w.org\/{rel}","templated":true}]}}