{"id":5179,"date":"2025-03-07T09:11:32","date_gmt":"2025-03-07T08:11:32","guid":{"rendered":"https:\/\/deep-space-astronomy.geekworkers.dev\/produit\/powerbox-micro\/"},"modified":"2025-06-03T10:29:26","modified_gmt":"2025-06-03T08:29:26","slug":"powerbox-micro","status":"publish","type":"product","link":"https:\/\/deep-space-astronomy.ch\/de\/produkt\/powerbox-micro\/","title":{"rendered":"PowerBox Micro"},"content":{"rendered":"<h3>Pocket Powerbox Micro (PPB Micro) von Pegasus Astro<\/h3>\n<p>Die <strong>Pocket Powerbox Micro<\/strong> (PPB Micro) von <strong>Pegasus Astro<\/strong> ist eine kompakte und vielseitige Stromversorgungsl\u00f6sung, die f\u00fcr mobile Astrofotografen entwickelt wurde. Mit ihrem kleinen Format und den erweiterten Funktionen bietet sie ein zentralisiertes und effizientes Energiemanagement f\u00fcr Ihre Astrofotografie-Ausr\u00fcstung.<\/p>\n<h3>Geballte Kraft im Miniformat<\/h3>\n<p>Mit einer Gr\u00f6\u00dfe von nur 66 mm x 66 mm x 24 mm und einem Gewicht von 115 g ist die PPB Micro ideal f\u00fcr leichte und transportable Konfigurationen. Trotz ihrer geringen Gr\u00f6\u00dfe kann sie bis zu 10 A Gesamtstrom liefern und eignet sich damit perfekt f\u00fcr moderne, selbst energieintensive Ger\u00e4te.<\/p>\n<h3>Erweiterte Verwaltung der Ern\u00e4hrung<\/h3>\n<ul>\n<li><strong>4 Ausg\u00e4nge 12 V DC :<\/strong> Jeder Ausgang kann \u00fcber die zugeh\u00f6rige Software ein- und ausgeschaltet werden. Sie sind gegen \u00dcberspannungen gesch\u00fctzt und bieten eine stabile Stromversorgung f\u00fcr Ihre Kameras, Mounts oder anderes Zubeh\u00f6r.<\/li>\n<li><strong>Einstellbare Ausgabe :<\/strong> \u00dcber einen speziellen Stecker kann die Spannung zwischen 3V, 5V, 8V, 9V oder 12V eingestellt werden, mit einem maximalen Strom von 3 A. Ideal, um Ger\u00e4te wie DSLR\/Mirrorless oder Raspberry Pi mit Strom zu versorgen.<\/li>\n<li><strong>Integrierter Schutz :<\/strong> Die PPB Micro beinhaltet einen Verpolungsschutz und \u00fcberwacht die Eingangsspannung (5-15 V) st\u00e4ndig mit einem eingebauten Voltmeter.<\/li>\n<\/ul>\n<h3>Kontrolle der Heizwiderst\u00e4nde<\/h3>\n<ul>\n<li><strong>Zwei Cinch-Ausg\u00e4nge<\/strong> die den Heizwiderst\u00e4nden oder Flatboxen gewidmet sind.<\/li>\n<li><strong>Maximale Leistung von 5 A pro Kanal,<\/strong> \u00fcber die Software steuerbar.<\/li>\n<li><strong>Funktion \"AutoDew\" :<\/strong> Passt die Leistung der Widerst\u00e4nde automatisch an die Daten des Umgebungssensors (Luftfeuchtigkeit und Temperatur) an und verhindert so die Kondensation auf Ihrer Optik.<\/li>\n<\/ul>\n<h3>Eigenst\u00e4ndiger oder verbundener Betrieb<\/h3>\n<p>Die PPB Micro kann im Standalone-Modus betrieben werden. Einmal eingerichtet, merkt sie sich Ihre Einstellungen (wie den AutoDew-Modus) und wendet sie bei jedem Start automatisch an. Bei Bedarf kann sie auch \u00fcber einen PC gesteuert werden, mithilfe der Software <strong>Pegasus Unity Platform<\/strong>, kompatibel mit ASCOM und INDI.<\/p>\n<h3>Inklusive Umweltsensor<\/h3>\n<p>Der mitgelieferte externe Sensor misst :<\/p>\n<ul>\n<li><strong>Relative Luftfeuchtigkeit :<\/strong> 0-100 % mit einer Genauigkeit von \u00b12 bis \u00b15 %.<\/li>\n<li><strong>Raumtemperatur :<\/strong> -40 \u00b0C bis +80 \u00b0C mit einer Genauigkeit von \u00b10,5 \u00b0C.<\/li>\n<\/ul>\n<p>Mithilfe dieser Daten k\u00f6nnen Sie die Nutzung der Heizwiderst\u00e4nde optimieren und Probleme mit Feuchtigkeit vermeiden.<\/p>\n<h3>Erweiterte Konnektivit\u00e4t<\/h3>\n<ul>\n<li><strong>USB2-Anschluss Typ B<\/strong> f\u00fcr die Kommunikation mit einem PC.<\/li>\n<li><strong>RJ12-Anschluss<\/strong> um Pegasus Astro-Zubeh\u00f6r (wie einen externen Fokusmotor) anzuschlie\u00dfen.<\/li>\n<li><strong>Standard-DC-Buchse<\/strong> (2,1 mm Mitte positiv) f\u00fcr den Stromeingang.<\/li>\n<\/ul>\n<h3>Praktische Anwendungen<\/h3>\n<ul>\n<li><strong>Nomadische Astrofotografie :<\/strong> Seine Kompaktheit und lange Akkulaufzeit machen es zu einer perfekten Wahl f\u00fcr reisende Astronomen.<\/li>\n<li><strong>Zentrale Verwaltung :<\/strong> Reduzieren Sie den Platzbedarf, indem Sie alle Ihre elektrischen Anschl\u00fcsse in einem einzigen Ger\u00e4t zusammenfassen.<\/li>\n<li><strong>Langzeitbeobachtung :<\/strong> Versorgen Sie Ihre CCD\/CMOS-Kameras, motorisierten Mounts und Zubeh\u00f6r mit Strom und optimieren Sie dabei den Energieverbrauch.<\/li>\n<\/ul>\n<h3>Inhalt der Schachtel<\/h3>\n<ul>\n<li>Pocket Powerbox Micro.<\/li>\n<li>Externer Temperatur-\/Luftfeuchtigkeitssensor.<\/li>\n<li>4 DC-Stromkabel (2 x 1 m, 2 x 0,5 m).<\/li>\n<li>USB-Kabel Typ B (1,8 m).<\/li>\n<li>Benutzerhandbuch.<\/li>\n<\/ul>\n<h3>Bemerkenswerte Besonderheiten<\/h3>\n<ul>\n<li><strong>Ultrakompaktes und leichtes Design.<\/strong><\/li>\n<li><strong>Fortschrittliches Energiemanagement<\/strong> mit \u00dcberspannungsschutz und Verpolungsschutz.<\/li>\n<li><strong>Eigenst\u00e4ndiger oder verbundener Betrieb<\/strong> nach Ihren Bed\u00fcrfnissen.<\/li>\n<li><strong>Automatische Kontrolle der Heizwiderst\u00e4nde<\/strong> basierend auf den Wetterbedingungen.<\/li>\n<li><strong>Skalierbare Firmware<\/strong> um zuk\u00fcnftige Aktualisierungen zu integrieren.<\/li>\n<\/ul>\n<h3>Zusammenfassend<\/h3>\n<p>&nbsp;<\/p>\n<p>Die Pocket Powerbox Micro ist eine Miniatur-Energiezentrale, die die Verwaltung der Ausr\u00fcstung vereinfacht und gleichzeitig Zuverl\u00e4ssigkeit und Flexibilit\u00e4t bietet. Sie ist ideal f\u00fcr Astrofotografen, die eine leichte, aber leistungsstarke L\u00f6sung f\u00fcr ihre Nachtsessions suchen.<\/p>","protected":false},"excerpt":{"rendered":"<p>Pocket Powerbox Micro (PPB Micro) de Pegasus Astro La Pocket Powerbox Micro (PPB Micro) de Pegasus Astro est une solution d\u2019alimentation compacte et polyvalente, con\u00e7ue pour les astrophotographes nomades. Avec son format r\u00e9duit et ses fonctionnalit\u00e9s avanc\u00e9es, elle offre une gestion \u00e9nerg\u00e9tique centralis\u00e9e et efficace pour vos \u00e9quipements d\u2019astrophotographie. Un concentr\u00e9 de puissance dans un [&hellip;]<\/p>\n","protected":false},"featured_media":5175,"comment_status":"open","ping_status":"closed","template":"","meta":[],"product_brand":[517],"product_cat":[19,690,575],"product_tag":[],"class_list":{"0":"post-5179","1":"product","2":"type-product","3":"status-publish","4":"has-post-thumbnail","6":"product_brand-pegasus","7":"product_cat-accessoires","8":"product_cat-technologies-integrees-pour-telescopes","9":"product_cat-astrophotographie","11":"first","12":"on_supplier","13":"taxable","14":"shipping-taxable","15":"purchasable","16":"product-type-simple"},"_links":{"self":[{"href":"https:\/\/deep-space-astronomy.ch\/de\/wp-json\/wp\/v2\/product\/5179","targetHints":{"allow":["GET"]}}],"collection":[{"href":"https:\/\/deep-space-astronomy.ch\/de\/wp-json\/wp\/v2\/product"}],"about":[{"href":"https:\/\/deep-space-astronomy.ch\/de\/wp-json\/wp\/v2\/types\/product"}],"replies":[{"embeddable":true,"href":"https:\/\/deep-space-astronomy.ch\/de\/wp-json\/wp\/v2\/comments?post=5179"}],"wp:featuredmedia":[{"embeddable":true,"href":"https:\/\/deep-space-astronomy.ch\/de\/wp-json\/wp\/v2\/media\/5175"}],"wp:attachment":[{"href":"https:\/\/deep-space-astronomy.ch\/de\/wp-json\/wp\/v2\/media?parent=5179"}],"wp:term":[{"taxonomy":"product_brand","embeddable":true,"href":"https:\/\/deep-space-astronomy.ch\/de\/wp-json\/wp\/v2\/product_brand?post=5179"},{"taxonomy":"product_cat","embeddable":true,"href":"https:\/\/deep-space-astronomy.ch\/de\/wp-json\/wp\/v2\/product_cat?post=5179"},{"taxonomy":"product_tag","embeddable":true,"href":"https:\/\/deep-space-astronomy.ch\/de\/wp-json\/wp\/v2\/product_tag?post=5179"}],"curies":[{"name":"wp","href":"https:\/\/api.w.org\/{rel}","templated":true}]}}