{"id":5184,"date":"2025-03-07T09:12:12","date_gmt":"2025-03-07T08:12:12","guid":{"rendered":"https:\/\/deep-space-astronomy.geekworkers.dev\/produit\/usb-control-hub-utilise-sur-liss\/"},"modified":"2025-11-26T20:10:05","modified_gmt":"2025-11-26T19:10:05","slug":"usb-control-hub-utilise-sur-liss","status":"publish","type":"product","link":"https:\/\/deep-space-astronomy.ch\/de\/produkt\/usb-control-hub-utilise-sur-liss\/","title":{"rendered":"USB control HUB (wird auf der ISS verwendet)"},"content":{"rendered":"<h3>Pegasus Astro USB Control Hub (UCH): Erweiterter USB 3.1-Hub f\u00fcr Astrofotografie<\/h3>\n<p>Die <strong>USB Control Hub (UCH)<\/strong> von Pegasus Astro ist ein fortschrittlicher USB 3.1-Hub, der speziell auf die Bed\u00fcrfnisse von Astrofotografen zugeschnitten ist. Er bietet eine pr\u00e4zise und zuverl\u00e4ssige Verwaltung der angeschlossenen Ger\u00e4te und integriert einzigartige Funktionen, die ihn auf dem Markt auszeichnen.<\/p>\n<h3>Ein vielseitiger USB 3.1 SuperSpeed-Hub<\/h3>\n<ul>\n<li><strong>6 USB 3.1-Anschl\u00fcsse<\/strong> mit schnellen \u00dcbertragungen von bis zu 5 Gbps.<\/li>\n<li><strong>Abw\u00e4rtskompatible Ports<\/strong> mit USB 2.0- und 1.0-Ger\u00e4ten.<\/li>\n<\/ul>\n<h3>6 Aktive USB-Anschl\u00fcsse mit individueller Steuerung<\/h3>\n<ul>\n<li><strong>Aktivierung\/Deaktivierung<\/strong> jedes Ports \u00fcber Software oder ASCOM Switch.<\/li>\n<li><strong>Integrierter Schutz<\/strong> vor Kurzschl\u00fcssen und \u00fcberm\u00e4\u00dfigem Verbrauch.<\/li>\n<\/ul>\n<h3>Robustes, an extreme Bedingungen angepasstes Design<\/h3>\n<ul>\n<li><strong>Industrieller Temperaturbereich<\/strong> von -40 \u00b0C bis +85 \u00b0C.<\/li>\n<li><strong>Geh\u00e4use aus eloxiertem Aluminium<\/strong>Sie sind sehr langlebig.<\/li>\n<\/ul>\n<h3>Erweiterte Funktionen<\/h3>\n<ul>\n<li><strong>ASCOM Switch<\/strong> f\u00fcr die EIN\/AUS-Verwaltung der USB-Anschl\u00fcsse.<\/li>\n<li><strong>RJ12-Erweiterungsport<\/strong> f\u00fcr zuk\u00fcnftiges Zubeh\u00f6r.<\/li>\n<\/ul>\n<h3>Praktische Anwendungen<\/h3>\n<ul>\n<li><strong>Fortgeschrittene Astrofotografie<\/strong> : Optimieren Sie die Anschl\u00fcsse f\u00fcr Ihre Kameras und Zubeh\u00f6r.<\/li>\n<li><strong>Extreme Bedingungen<\/strong> : Zuverl\u00e4ssigkeit auch in sehr kalten oder hei\u00dfen Umgebungen.<\/li>\n<\/ul>","protected":false},"excerpt":{"rendered":"<p>USB Control Hub (UCH) de Pegasus Astro : Concentrateur USB 3.1 Avanc\u00e9 pour Astrophotographie Le USB Control Hub (UCH) de Pegasus Astro est un concentrateur USB 3.1 avanc\u00e9, sp\u00e9cialement con\u00e7u pour r\u00e9pondre aux besoins des astrophotographes. Il offre une gestion pr\u00e9cise et fiable des p\u00e9riph\u00e9riques connect\u00e9s, tout en int\u00e9grant des fonctionnalit\u00e9s uniques qui le distinguent [&hellip;]<\/p>\n","protected":false},"featured_media":5182,"comment_status":"open","ping_status":"closed","template":"","meta":[],"product_brand":[517],"product_cat":[19,690,575],"product_tag":[856],"class_list":{"0":"post-5184","1":"product","2":"type-product","3":"status-publish","4":"has-post-thumbnail","6":"product_brand-pegasus","7":"product_cat-accessoires","8":"product_cat-technologies-integrees-pour-telescopes","9":"product_cat-astrophotographie","10":"product_tag-produits-phares-en-stock","12":"first","13":"instock","14":"taxable","15":"shipping-taxable","16":"purchasable","17":"product-type-simple"},"_links":{"self":[{"href":"https:\/\/deep-space-astronomy.ch\/de\/wp-json\/wp\/v2\/product\/5184","targetHints":{"allow":["GET"]}}],"collection":[{"href":"https:\/\/deep-space-astronomy.ch\/de\/wp-json\/wp\/v2\/product"}],"about":[{"href":"https:\/\/deep-space-astronomy.ch\/de\/wp-json\/wp\/v2\/types\/product"}],"replies":[{"embeddable":true,"href":"https:\/\/deep-space-astronomy.ch\/de\/wp-json\/wp\/v2\/comments?post=5184"}],"wp:featuredmedia":[{"embeddable":true,"href":"https:\/\/deep-space-astronomy.ch\/de\/wp-json\/wp\/v2\/media\/5182"}],"wp:attachment":[{"href":"https:\/\/deep-space-astronomy.ch\/de\/wp-json\/wp\/v2\/media?parent=5184"}],"wp:term":[{"taxonomy":"product_brand","embeddable":true,"href":"https:\/\/deep-space-astronomy.ch\/de\/wp-json\/wp\/v2\/product_brand?post=5184"},{"taxonomy":"product_cat","embeddable":true,"href":"https:\/\/deep-space-astronomy.ch\/de\/wp-json\/wp\/v2\/product_cat?post=5184"},{"taxonomy":"product_tag","embeddable":true,"href":"https:\/\/deep-space-astronomy.ch\/de\/wp-json\/wp\/v2\/product_tag?post=5184"}],"curies":[{"name":"wp","href":"https:\/\/api.w.org\/{rel}","templated":true}]}}