{"id":5197,"date":"2025-03-07T09:13:36","date_gmt":"2025-03-07T08:13:36","guid":{"rendered":"https:\/\/deep-space-astronomy.geekworkers.dev\/produit\/ultimate-powerbox-v3\/"},"modified":"2025-12-09T20:42:28","modified_gmt":"2025-12-09T19:42:28","slug":"ultimate-powerbox-v3","status":"publish","type":"product","link":"https:\/\/deep-space-astronomy.ch\/de\/produkt\/ultimate-powerbox-v3\/","title":{"rendered":"Ultimate Powerbox V3"},"content":{"rendered":"<h3>Ultimate Powerbox V3 (UPBv3) von Pegasus Astro: Zentrale Stromversorgungs- und Verwaltungsl\u00f6sung<\/h3>\n<p>Die <strong>Ultimate Powerbox V3 (UPBv3)<\/strong> von Pegasus Astro ist eine zentralisierte Stromversorgungs- und Verwaltungsl\u00f6sung, die f\u00fcr anspruchsvolle Astrofotografen und Astronomen entwickelt wurde. Dieses All-in-One-Geh\u00e4use vereint Leistung, Konnektivit\u00e4t und fortschrittliche Steuerung, wodurch komplexe Konfigurationen vereinfacht und gleichzeitig die Verwaltung der Ausr\u00fcstung optimiert werden k\u00f6nnen.<\/p>\n<h3>Au\u00dfergew\u00f6hnliche Leistung und fortschrittliche Verwaltung<\/h3>\n<ul>\n<li><strong>8 Steckdosen 12 V DC<\/strong> : Sechs Ausg\u00e4nge sind \u00fcber die Software individuell schaltbar, w\u00e4hrend zwei immer aktiv bleiben.<\/li>\n<li><strong>Einstellbare Ausgabe<\/strong> : Von 3 bis 12 V, ideal f\u00fcr Ger\u00e4te wie Raspberry Pi oder DSLR.<\/li>\n<li><strong>PWM-Ports<\/strong> f\u00fcr Heizwiderst\u00e4nde, mit pr\u00e4ziser Leistungssteuerung.<\/li>\n<li><strong>Integrierter Schutz<\/strong> : Gegen \u00dcberspannungen, Kurzschl\u00fcsse und Verpolung.<\/li>\n<\/ul>\n<h3>USB 3.1 Industrieller Hub<\/h3>\n<ul>\n<li><strong>6 USB 3.1-Anschl\u00fcsse<\/strong> f\u00fcr schnelle \u00dcbertragungen von bis zu 5 Gbps.<\/li>\n<li><strong>2 USB 2.0-Anschl\u00fcsse<\/strong> f\u00fcr Ger\u00e4te mit geringer Bandbreite.<\/li>\n<\/ul>\n<h3>Erweiterte Konnektivit\u00e4t und Umweltsensoren<\/h3>\n<ul>\n<li><strong>Steuerung \u00fcber USB oder Wi-Fi<\/strong> f\u00fcr maximale Flexibilit\u00e4t.<\/li>\n<li><strong>Umweltsensor<\/strong> f\u00fcr die \u00dcberwachung von Temperatur und Luftfeuchtigkeit.<\/li>\n<\/ul>\n<h3>Praktische Anwendungen<\/h3>\n<ul>\n<li><strong>Fortgeschrittene Astrofotografie<\/strong> : Versorgen Sie alle Ihre Ger\u00e4te mit Strom und steuern Sie sie.<\/li>\n<li><strong>Feste oder nomadische Observatorien<\/strong> : Reduzieren Sie den Platzbedarf f\u00fcr Kabel.<\/li>\n<li><strong>Automatisierte Verwaltung<\/strong> : Passen Sie die Heizwiderst\u00e4nde automatisch an die Wetterbedingungen an.<\/li>\n<\/ul>","protected":false},"excerpt":{"rendered":"<p>Ultimate Powerbox V3 (UPBv3) de Pegasus Astro : Solution d\u2019Alimentation et de Gestion Centralis\u00e9e La Ultimate Powerbox V3 (UPBv3) de Pegasus Astro est une solution d\u2019alimentation et de gestion centralis\u00e9e con\u00e7ue pour les astrophotographes et astronomes exigeants. Ce bo\u00eetier tout-en-un combine puissance, connectivit\u00e9 et contr\u00f4le avanc\u00e9, permettant de simplifier les configurations complexes tout en optimisant [&hellip;]<\/p>\n","protected":false},"featured_media":5191,"comment_status":"open","ping_status":"closed","template":"","meta":[],"product_brand":[517],"product_cat":[19,690,575],"product_tag":[],"class_list":{"0":"post-5197","1":"product","2":"type-product","3":"status-publish","4":"has-post-thumbnail","6":"product_brand-pegasus","7":"product_cat-accessoires","8":"product_cat-technologies-integrees-pour-telescopes","9":"product_cat-astrophotographie","11":"first","12":"on_supplier","13":"taxable","14":"shipping-taxable","15":"purchasable","16":"product-type-simple"},"_links":{"self":[{"href":"https:\/\/deep-space-astronomy.ch\/de\/wp-json\/wp\/v2\/product\/5197","targetHints":{"allow":["GET"]}}],"collection":[{"href":"https:\/\/deep-space-astronomy.ch\/de\/wp-json\/wp\/v2\/product"}],"about":[{"href":"https:\/\/deep-space-astronomy.ch\/de\/wp-json\/wp\/v2\/types\/product"}],"replies":[{"embeddable":true,"href":"https:\/\/deep-space-astronomy.ch\/de\/wp-json\/wp\/v2\/comments?post=5197"}],"wp:featuredmedia":[{"embeddable":true,"href":"https:\/\/deep-space-astronomy.ch\/de\/wp-json\/wp\/v2\/media\/5191"}],"wp:attachment":[{"href":"https:\/\/deep-space-astronomy.ch\/de\/wp-json\/wp\/v2\/media?parent=5197"}],"wp:term":[{"taxonomy":"product_brand","embeddable":true,"href":"https:\/\/deep-space-astronomy.ch\/de\/wp-json\/wp\/v2\/product_brand?post=5197"},{"taxonomy":"product_cat","embeddable":true,"href":"https:\/\/deep-space-astronomy.ch\/de\/wp-json\/wp\/v2\/product_cat?post=5197"},{"taxonomy":"product_tag","embeddable":true,"href":"https:\/\/deep-space-astronomy.ch\/de\/wp-json\/wp\/v2\/product_tag?post=5197"}],"curies":[{"name":"wp","href":"https:\/\/api.w.org\/{rel}","templated":true}]}}