{"id":5239,"date":"2025-03-07T09:18:46","date_gmt":"2025-03-07T08:18:46","guid":{"rendered":"https:\/\/deep-space-astronomy.geekworkers.dev\/produit\/capteur-environnemental-ecco2\/"},"modified":"2025-06-03T10:29:34","modified_gmt":"2025-06-03T08:29:34","slug":"capteur-environnemental-ecco2","status":"publish","type":"product","link":"https:\/\/deep-space-astronomy.ch\/de\/produkt\/capteur-environnemental-ecco2\/","title":{"rendered":"Umweltsensor ECCO2"},"content":{"rendered":"<h3>ECCO2 von PrimaLuceLab: Umweltkontrollmodul f\u00fcr Astrophotographie<\/h3>\n<p>Die <strong>ECCO2<\/strong> von PrimaLuceLab, oder Environmental Computerized Controller, ist ein revolution\u00e4res Modul, das entwickelt wurde, um die Verwaltung der Heizwiderst\u00e4nde zu automatisieren und die Leistung Ihres Teleskops bei Beobachtungen und Astrofotografie mit langen Belichtungszeiten zu optimieren. Dieses kompakte und intelligente Ger\u00e4t f\u00fcgt sich nahtlos in das \u00d6kosystem der EAGLE-Computer ein und bietet mit seinen fortschrittlichen Sensoren und innovativen Funktionen ein pr\u00e4zises und zuverl\u00e4ssiges Umweltmanagement.<\/p>\n<h3>Detaillierte technische Daten<\/h3>\n<ul>\n<li><strong>Erweiterte Automatisierung der Heizwiderst\u00e4nde :<\/strong> \u00dcberwacht in Echtzeit die Temperatur, die relative Luftfeuchtigkeit und den Luftdruck, um die Leistung der Heizwiderst\u00e4nde dynamisch anzupassen.<\/li>\n<li><strong>Integrierte Sensoren und Anschl\u00fcsse f\u00fcr externe Sonden :<\/strong> Pr\u00e4zise Messung der Umweltbedingungen rund um das Teleskop, mit drei Anschl\u00fcssen f\u00fcr externe Sonden.<\/li>\n<li><strong>Universelle Kompatibilit\u00e4t :<\/strong> Funktioniert mit EAGLE-Computern oder jedem Windows 10\/11-Computer dank des ASCOM-Treibers.<\/li>\n<li><strong>Plug &amp; Play :<\/strong> Einfach zu installieren mit robustem USB-C-Anschluss und umkehrbarem Stecker.<\/li>\n<\/ul>\n<h3>DARK-Modus und SMART-Steuerung<\/h3>\n<ul>\n<li><strong>DARK-Modus :<\/strong> Schaltet alle LEDs aus, um die notwendige Dunkelheit w\u00e4hrend der Astrofotografie-Sessions zu bewahren.<\/li>\n<li><strong>SMARTe Kontrolle :<\/strong> Erkennt automatisch falsch angeschlossene oder nicht kalibrierte Sonden.<\/li>\n<\/ul>\n<h3>Robustes und elegantes Design<\/h3>\n<ul>\n<li><strong>CNC-gefr\u00e4stes Geh\u00e4use aus 6061 T6 Aluminium<\/strong> und rot eloxiertem Geh\u00e4use, das f\u00fcr PrimaLuceLab emblematisch ist, kompakt und leicht.<\/li>\n<li><strong>Multifunktionales Zubeh\u00f6r :<\/strong> Kann auch als Plattform zur Befestigung anderer optischer Ger\u00e4te verwendet werden.<\/li>\n<li><strong>Erweiterte Softwareunterst\u00fctzung :<\/strong> Kompatibel mit der EAGLE-Manager-Software und dank des ASCOM-Treibers \u00fcber Software von Drittanbietern steuerbar.<\/li>\n<\/ul>\n<h3>Warum ECCO2 w\u00e4hlen?<\/h3>\n<ul>\n<li><strong>Astrofotografie mit Langzeitbelichtung :<\/strong> Garantiert einen kontinuierlichen Schutz vor Kondensation ohne manuelles Eingreifen.<\/li>\n<li><strong>Wechselnde klimatische Bedingungen :<\/strong> Passt sich sofort an Ver\u00e4nderungen von Temperatur und Luftfeuchtigkeit an.<\/li>\n<li><strong>Astronomisches Nomadentum :<\/strong> Leicht und einfach auf jedem Vixen-Teleskop oder jeder Sucherhalterung zu montieren.<\/li>\n<\/ul>","protected":false},"excerpt":{"rendered":"<p>ECCO2 de PrimaLuceLab : Module de Contr\u00f4le Environnemental pour Astrophotographie Le ECCO2 de PrimaLuceLab, ou Environmental Computerized Controller, est un module r\u00e9volutionnaire con\u00e7u pour automatiser la gestion des r\u00e9sistances chauffantes et optimiser les performances de votre t\u00e9lescope lors d\u2019observations et d\u2019astrophotographies \u00e0 longue exposition. Ce dispositif compact et intelligent s\u2019int\u00e8gre parfaitement \u00e0 l\u2019\u00e9cosyst\u00e8me des ordinateurs [&hellip;]<\/p>\n","protected":false},"featured_media":5233,"comment_status":"open","ping_status":"closed","template":"","meta":[],"product_brand":[594],"product_cat":[19,690,575],"product_tag":[],"class_list":{"0":"post-5239","1":"product","2":"type-product","3":"status-publish","4":"has-post-thumbnail","6":"product_brand-primalucelab","7":"product_cat-accessoires","8":"product_cat-technologies-integrees-pour-telescopes","9":"product_cat-astrophotographie","11":"first","12":"on_supplier","13":"taxable","14":"shipping-taxable","15":"purchasable","16":"product-type-simple"},"_links":{"self":[{"href":"https:\/\/deep-space-astronomy.ch\/de\/wp-json\/wp\/v2\/product\/5239","targetHints":{"allow":["GET"]}}],"collection":[{"href":"https:\/\/deep-space-astronomy.ch\/de\/wp-json\/wp\/v2\/product"}],"about":[{"href":"https:\/\/deep-space-astronomy.ch\/de\/wp-json\/wp\/v2\/types\/product"}],"replies":[{"embeddable":true,"href":"https:\/\/deep-space-astronomy.ch\/de\/wp-json\/wp\/v2\/comments?post=5239"}],"wp:featuredmedia":[{"embeddable":true,"href":"https:\/\/deep-space-astronomy.ch\/de\/wp-json\/wp\/v2\/media\/5233"}],"wp:attachment":[{"href":"https:\/\/deep-space-astronomy.ch\/de\/wp-json\/wp\/v2\/media?parent=5239"}],"wp:term":[{"taxonomy":"product_brand","embeddable":true,"href":"https:\/\/deep-space-astronomy.ch\/de\/wp-json\/wp\/v2\/product_brand?post=5239"},{"taxonomy":"product_cat","embeddable":true,"href":"https:\/\/deep-space-astronomy.ch\/de\/wp-json\/wp\/v2\/product_cat?post=5239"},{"taxonomy":"product_tag","embeddable":true,"href":"https:\/\/deep-space-astronomy.ch\/de\/wp-json\/wp\/v2\/product_tag?post=5239"}],"curies":[{"name":"wp","href":"https:\/\/api.w.org\/{rel}","templated":true}]}}