{"id":5254,"date":"2025-03-07T09:20:45","date_gmt":"2025-03-07T08:20:45","guid":{"rendered":"https:\/\/deep-space-astronomy.geekworkers.dev\/produit\/ordinateur-eagle6-pour-telescope-et-lastrophotographie\/"},"modified":"2026-01-26T17:48:38","modified_gmt":"2026-01-26T16:48:38","slug":"ordinateur-eagle6-pour-telescope-et-lastrophotographie","status":"publish","type":"product","link":"https:\/\/deep-space-astronomy.ch\/de\/produkt\/ordinateur-eagle6-pour-telescope-et-lastrophotographie\/","title":{"rendered":"EAGLE6-Computer f\u00fcr Teleskope und Astrofotografie"},"content":{"rendered":"<h3>EAGLE6 von PrimaLuceLab: All-in-One-Computer f\u00fcr Astrophotographie<\/h3>\n<p>Die <strong>EAGLE6<\/strong> von PrimaLuceLab ist die neueste Generation eines All-in-One-Computers f\u00fcr Teleskope und Astrofotografie, der innovative Funktionen und deutliche Verbesserungen gegen\u00fcber fr\u00fcheren Versionen bietet.<\/p>\n<h3>Wichtigste Merkmale<\/h3>\n<ul>\n<li><strong>Integriertes Windows-Betriebssystem<\/strong><\/li>\n<li><strong>Erweitertes Ern\u00e4hrungsmanagement<\/strong> um die Verdrahtung zu vereinfachen<\/li>\n<li><strong>Kompatibilit\u00e4t<\/strong> mit allen astronomischen Ger\u00e4ten<\/li>\n<li><strong>Fernsteuerung und Automatisierung<\/strong> des gesamten Astrofotografieger\u00e4ts<\/li>\n<\/ul>\n<h3>Neue Funktionen<\/h3>\n<ul>\n<li><strong>Observatory Actions :<\/strong> F\u00fcr eine verbesserte Verwaltung der Beobachtungsstellen<\/li>\n<li><strong>Lights-Out Management :<\/strong> Weitergehende Fernsteuerung<\/li>\n<li><strong>WiFi 6E :<\/strong> Schnellere und stabilere drahtlose Konnektivit\u00e4t<\/li>\n<li><strong>EYE-Sensor :<\/strong> Misst automatisch die Helligkeit des Himmels in Echtzeit<\/li>\n<li><strong>Integriertes GPS<\/strong><\/li>\n<li><strong>Kontrolle der Antibeschlag-Heizst\u00e4be<\/strong><\/li>\n<li><strong>Bewegungserkennung<\/strong><\/li>\n<li><strong>Neigungsmesser<\/strong><\/li>\n<\/ul>\n<h3>Verf\u00fcgbare Versionen<\/h3>\n<ul>\n<li><strong>EAGLE6 (Basis) :<\/strong> Intel Celeron J6412, 8 GB RAM, 128 GB SSD<\/li>\n<li><strong>EAGLE6 S :<\/strong> Intel i3-1315U (6 Kerne), 8 GB RAM, 256 GB SSD<\/li>\n<li><strong>EAGLE6 PRO :<\/strong> Intel i5-1340P (12 Kerne), 16 GB RAM, 512 GB SSD<\/li>\n<li><strong>EAGLE6 XTM :<\/strong> Intel i7-1360P (12 Kerne), 32 GB RAM, 2 TB SSD<\/li>\n<\/ul>\n<h3>Vorteile f\u00fcr die Astrofotografie<\/h3>\n<ul>\n<li><strong>Schnellere Behandlung<\/strong> f\u00fcr Plate-Solving und Multi-Stern-Autofokus<\/li>\n<li><strong>Erh\u00f6hte Kapazit\u00e4t<\/strong> f\u00fcr die Hochgeschwindigkeitsabbildung von Planeten<\/li>\n<li><strong>Thunderbolt 4-Anschluss<\/strong> (USB-C) bei den Modellen S, PRO und XTM f\u00fcr schnelle externe Speicherung<\/li>\n<\/ul>\n<p>Der EAGLE6 stellt eine bedeutende Entwicklung im Bereich der astronomischen Computer dar und bietet eine integrierte und leistungsstarke L\u00f6sung f\u00fcr Amateur- und professionelle Astronomen.<\/p>","protected":false},"excerpt":{"rendered":"<p>EAGLE6 de PrimaLuceLab : Ordinateur Tout-en-Un pour Astrophotographie Le EAGLE6 de PrimaLuceLab est la derni\u00e8re g\u00e9n\u00e9ration d\u2019ordinateur tout-en-un pour t\u00e9lescopes et astrophotographie, offrant des fonctionnalit\u00e9s innovantes et des am\u00e9liorations significatives par rapport aux versions pr\u00e9c\u00e9dentes. Caract\u00e9ristiques Principales Syst\u00e8me d\u2019exploitation Windows int\u00e9gr\u00e9 Gestion de l\u2019alimentation avanc\u00e9e pour simplifier le c\u00e2blage Compatibilit\u00e9 avec tous les appareils d\u2019astronomie [&hellip;]<\/p>\n","protected":false},"featured_media":5247,"comment_status":"open","ping_status":"closed","template":"","meta":[],"product_brand":[594],"product_cat":[19,690,575],"product_tag":[],"class_list":{"0":"post-5254","1":"product","2":"type-product","3":"status-publish","4":"has-post-thumbnail","6":"product_brand-primalucelab","7":"product_cat-accessoires","8":"product_cat-technologies-integrees-pour-telescopes","9":"product_cat-astrophotographie","11":"first","12":"on_supplier","13":"taxable","14":"shipping-taxable","15":"purchasable","16":"product-type-simple"},"_links":{"self":[{"href":"https:\/\/deep-space-astronomy.ch\/de\/wp-json\/wp\/v2\/product\/5254","targetHints":{"allow":["GET"]}}],"collection":[{"href":"https:\/\/deep-space-astronomy.ch\/de\/wp-json\/wp\/v2\/product"}],"about":[{"href":"https:\/\/deep-space-astronomy.ch\/de\/wp-json\/wp\/v2\/types\/product"}],"replies":[{"embeddable":true,"href":"https:\/\/deep-space-astronomy.ch\/de\/wp-json\/wp\/v2\/comments?post=5254"}],"wp:featuredmedia":[{"embeddable":true,"href":"https:\/\/deep-space-astronomy.ch\/de\/wp-json\/wp\/v2\/media\/5247"}],"wp:attachment":[{"href":"https:\/\/deep-space-astronomy.ch\/de\/wp-json\/wp\/v2\/media?parent=5254"}],"wp:term":[{"taxonomy":"product_brand","embeddable":true,"href":"https:\/\/deep-space-astronomy.ch\/de\/wp-json\/wp\/v2\/product_brand?post=5254"},{"taxonomy":"product_cat","embeddable":true,"href":"https:\/\/deep-space-astronomy.ch\/de\/wp-json\/wp\/v2\/product_cat?post=5254"},{"taxonomy":"product_tag","embeddable":true,"href":"https:\/\/deep-space-astronomy.ch\/de\/wp-json\/wp\/v2\/product_tag?post=5254"}],"curies":[{"name":"wp","href":"https:\/\/api.w.org\/{rel}","templated":true}]}}