{"id":5551,"date":"2025-03-07T10:15:39","date_gmt":"2025-03-07T09:15:39","guid":{"rendered":"https:\/\/deep-space-astronomy.geekworkers.dev\/produit\/oculaires-baader-morpheus-76-kit-6-pieces-125-2\/"},"modified":"2025-06-03T10:29:42","modified_gmt":"2025-06-03T08:29:42","slug":"oculaires-baader-morpheus-76-kit-6-pieces-125-2","status":"publish","type":"product","link":"https:\/\/deep-space-astronomy.ch\/de\/produkt\/oculaires-baader-morpheus-76-kit-6-pieces-125-2\/","title":{"rendered":"Baader Morpheus 76\u00b0 Okulare - Set 6 St\u00fcck (1,25\u2033)"},"content":{"rendered":"<h3>Kompletter Satz Morpheus\u00ae 76\u00b0 Okulare - Ein au\u00dfergew\u00f6hnliches Seherlebnis<\/h3>\n<p>Tauchen Sie ein in die kompromisslose astronomische Beobachtung mit dem kompletten Set von <strong>Morpheus\u00ae 76\u00b0-Okulare<\/strong>Das ist ein sehr gutes Beispiel f\u00fcr die <strong>anspruchsvolle Astronomen<\/strong>. Diese High-End-Okulare bieten eine <strong>au\u00dfergew\u00f6hnliche Sch\u00e4rfe<\/strong> bis zum Rand, ein <strong>un\u00fcbertroffener Komfort<\/strong> und <strong>un\u00fcbertroffene mechanische und optische Leistung<\/strong>.<\/p>\n<h3>Un\u00fcbertroffene optische Leistung<\/h3>\n<ul>\n<li><strong>Scharfe Sterne bis zum Rand :<\/strong> Das Sichtfeld von <strong>76\u00b0<\/strong> garantiert eine au\u00dfergew\u00f6hnliche Sch\u00e4rfe \u00fcber das gesamte flache Feld.<\/li>\n<li><strong>Minimale Verzerrung :<\/strong> Das fortschrittliche Design des Morpheus\u00ae reduziert die <strong>Winkelverformungen<\/strong> um die Treue der himmlischen Formen zu bewahren.<\/li>\n<li><strong>Austrittseffekt im Raum :<\/strong> Immersives Design f\u00fcr ein Erlebnis, bei dem die R\u00e4nder des Feldes zu verschwinden scheinen und Sie in das Herz der Sterne eintauchen.<\/li>\n<\/ul>\n<h3>\u00dcberlegener Komfort und Anpassungsf\u00e4higkeit<\/h3>\n<ul>\n<li><strong>Optimierter Augenabstand (20 mm) :<\/strong> Maximaler Komfort, auch f\u00fcr Brillentr\u00e4ger bei langen Beobachtungen.<\/li>\n<li><strong>Geeignet f\u00fcr binokulare Beobachtung :<\/strong> Schlankes und leichtes Design bietet perfekte Kompatibilit\u00e4t mit <strong>binokulares Fernglas<\/strong>ohne Vignettierung.<\/li>\n<li><strong>Lumineszierende Markierungen :<\/strong> Phosphorgravuren zur einfachen Identifizierung der Brennpunkte in v\u00f6lliger Dunkelheit.<\/li>\n<\/ul>\n<h3>Vielseitigkeit bei Foto und Video<\/h3>\n<p>Jedes Okular ist mit einem <strong>M43-Gewinde<\/strong>Ideal f\u00fcr :<\/p>\n<ul>\n<li><strong>Fotografie<\/strong> durch afokale oder okulare Projektion.<\/li>\n<li>Kompatibilit\u00e4t mit den besten Kameras \u00fcber Adapterringe <strong>T-2<\/strong> oder <strong>SP54<\/strong>.<\/li>\n<\/ul>\n<p>Dank dieser Konzeption ist die gesamte <strong>Morpheus\u00ae<\/strong> wird zu einem wertvollen Werkzeug, um atemberaubende Bilder des Universums einzufangen.<\/p>\n<h3>Inhalt des Komplettpakets<\/h3>\n<p>Dieses Ensemble vereint die <strong>sechs unumg\u00e4ngliche Brennpunkte<\/strong> der Morpheus\u00ae -Reihe:<\/p>\n<ul>\n<li><strong>4,5 mm, 6,5 mm, 9 mm, 12,5 mm, 14 mm und 17,5 mm<\/strong> - die alle Anwendungen abdecken, von <strong>planetarisch<\/strong> unter <strong>tiefer Himmel<\/strong>.<\/li>\n<\/ul>\n<p>Er beinhaltet au\u00dferdem :<\/p>\n<ul>\n<li><strong>Ein Etui f\u00fcr Hyperion\u00ae\/Morpheus\u00ae-Okulare<\/strong> (Wert: 80 .-).<\/li>\n<li><strong>Eine Baader Utility Bag<\/strong> f\u00fcr Zubeh\u00f6r (Wert: 10 .-).<\/li>\n<li><strong>Faltbare Augenmuscheln<\/strong> und Zubeh\u00f6r f\u00fcr eine optimale Einstellung des Augenabstandes.<\/li>\n<li><strong>Brennweitenindex-Clips<\/strong> f\u00fcr eine schnelle Identifizierung.<\/li>\n<li><strong>Ein ausf\u00fchrliches Handbuch mit 12 Seiten<\/strong> mit Anwendungsbeispielen und einer vollst\u00e4ndigen Liste des kompatiblen Zubeh\u00f6rs.<\/li>\n<\/ul>\n<h3>Technische Eigenschaften<\/h3>\n<ul>\n<li><strong>Leichte und robuste Konstruktion :<\/strong> Ideal f\u00fcr die Verwendung an binokularen K\u00f6pfen.<\/li>\n<li><strong>Optimiertes Phantom Coating\u00ae :<\/strong> Reduziert Reflexionen und verbessert die Lichtdurchl\u00e4ssigkeit.<\/li>\n<li><strong>Optimierte interne \u00d6ffnungen :<\/strong> Effektive Eliminierung von Streulicht.<\/li>\n<\/ul>\n<h3>Eine kompromisslose Wahl f\u00fcr anspruchsvolle Astronomen<\/h3>\n<p>Mit ihrem <strong>optische Pr\u00e4zision<\/strong>ihre <strong>mechanische Vielseitigkeit<\/strong> und ihre <strong>innovatives Design<\/strong>die Okulare <strong>Morpheus\u00ae 76\u00b0<\/strong> sind viel mehr als nur ein Accessoire. Sie sind das perfekte Werkzeug f\u00fcr <strong>das Universum erkunden<\/strong>in <strong>Beobachtung<\/strong> oder in <strong>Fotografie<\/strong>.<\/p>","protected":false},"excerpt":{"rendered":"<p>Ensemble Complet d\u2019Oculaires Morpheus\u00ae 76\u00b0 \u2013 Une Exp\u00e9rience Visuelle Exceptionnelle Plongez dans une observation astronomique sans compromis avec l\u2019ensemble complet des oculaires Morpheus\u00ae 76\u00b0, con\u00e7u pour satisfaire les astronomes exigeants. Ces oculaires haut de gamme offrent une nettet\u00e9 exceptionnelle jusqu\u2019au bord, un confort in\u00e9gal\u00e9 et des performances m\u00e9caniques et optiques hors pair. Des Performances Optiques [&hellip;]<\/p>\n","protected":false},"featured_media":5825,"comment_status":"open","ping_status":"closed","template":"","meta":[],"product_brand":[624],"product_cat":[19,368,695],"product_tag":[],"class_list":{"0":"post-5551","1":"product","2":"type-product","3":"status-publish","4":"has-post-thumbnail","6":"product_brand-baader","7":"product_cat-accessoires","8":"product_cat-visuel","9":"product_cat-oculaires-et-smart-oculaires","11":"first","12":"on_supplier","13":"taxable","14":"shipping-taxable","15":"purchasable","16":"product-type-simple"},"_links":{"self":[{"href":"https:\/\/deep-space-astronomy.ch\/de\/wp-json\/wp\/v2\/product\/5551","targetHints":{"allow":["GET"]}}],"collection":[{"href":"https:\/\/deep-space-astronomy.ch\/de\/wp-json\/wp\/v2\/product"}],"about":[{"href":"https:\/\/deep-space-astronomy.ch\/de\/wp-json\/wp\/v2\/types\/product"}],"replies":[{"embeddable":true,"href":"https:\/\/deep-space-astronomy.ch\/de\/wp-json\/wp\/v2\/comments?post=5551"}],"wp:featuredmedia":[{"embeddable":true,"href":"https:\/\/deep-space-astronomy.ch\/de\/wp-json\/wp\/v2\/media\/5825"}],"wp:attachment":[{"href":"https:\/\/deep-space-astronomy.ch\/de\/wp-json\/wp\/v2\/media?parent=5551"}],"wp:term":[{"taxonomy":"product_brand","embeddable":true,"href":"https:\/\/deep-space-astronomy.ch\/de\/wp-json\/wp\/v2\/product_brand?post=5551"},{"taxonomy":"product_cat","embeddable":true,"href":"https:\/\/deep-space-astronomy.ch\/de\/wp-json\/wp\/v2\/product_cat?post=5551"},{"taxonomy":"product_tag","embeddable":true,"href":"https:\/\/deep-space-astronomy.ch\/de\/wp-json\/wp\/v2\/product_tag?post=5551"}],"curies":[{"name":"wp","href":"https:\/\/api.w.org\/{rel}","templated":true}]}}