{"id":5556,"date":"2025-03-07T10:16:22","date_gmt":"2025-03-07T09:16:22","guid":{"rendered":"https:\/\/deep-space-astronomy.geekworkers.dev\/produit\/jeu-complet-doculaires-hyperion-68-de-champ-2\/"},"modified":"2025-06-03T10:29:42","modified_gmt":"2025-06-03T08:29:42","slug":"jeu-complet-doculaires-hyperion-68-de-champ-2","status":"publish","type":"product","link":"https:\/\/deep-space-astronomy.ch\/de\/produkt\/jeu-complet-doculaires-hyperion-68-de-champ-2\/","title":{"rendered":"Kompletter Satz Hyperion-Okulare 68\u00b0 Feldst\u00e4rke"},"content":{"rendered":"<h3>Hyperion\u00ae 68\u00b0 Okularset - Un\u00fcbertroffene optische Leistung und Modularit\u00e4t<\/h3>\n<p>Verwandeln Sie Ihre Beobachtungsn\u00e4chte mit dem <strong>Kompletter Satz Hyperion\u00ae 68\u00b0-Okulare<\/strong>Ein Muss, um das Beste aus Ihrem Teleskop herauszuholen. Dank ihrer <strong>modularer Aufbau<\/strong> und ihre <strong>fortschrittliche optische Pr\u00e4zision<\/strong>bieten diese Okulare ein au\u00dfergew\u00f6hnliches Seherlebnis mit einem <strong>bemerkenswertes Preis-Leistungs-Verh\u00e4ltnis<\/strong>.<\/p>\n<h3>\u00dcberlegene optische Qualit\u00e4t<\/h3>\n<ul>\n<li><strong>Breites Sichtfeld von 68\u00b0 :<\/strong> Konstante Sch\u00e4rfe und Kontrast \u00fcber die gesamte Breite des Feldes, ideal zur Erkundung von <strong>Himmelsobjekte<\/strong> mit Pr\u00e4zision.<\/li>\n<li><strong>Phantom Coating\u00ae :<\/strong> Mehrschichtige 7-Schichten-Behandlung optimiert die <strong>Lichtdurchl\u00e4ssigkeit<\/strong> und minimiert Reflexionen f\u00fcr ein Bild ohne Lichtstreuung.<\/li>\n<\/ul>\n<h3>Un\u00fcbertroffener Komfort<\/h3>\n<ul>\n<li><strong>Gro\u00dfz\u00fcgiger Augenabstand (20 mm) :<\/strong> Konzipiert f\u00fcr eine l\u00e4ngere Beobachtung, auch f\u00fcr <strong>Brillentr\u00e4ger<\/strong>.<\/li>\n<li><strong>Faltbare und gefl\u00fcgelte Augenmuscheln :<\/strong> Sch\u00fctzt vor Streulicht und erm\u00f6glicht eine <strong>individuelle Passform<\/strong> f\u00fcr optimalen Komfort.<\/li>\n<\/ul>\n<h3>Anpassungsf\u00e4higkeit und Vielseitigkeit<\/h3>\n<ul>\n<li><strong>Doppelter Anschluss 1,25\" und 2\" :<\/strong> Kompatibilit\u00e4t mit fast allen verf\u00fcgbaren Teleskopen.<\/li>\n<li><strong>Einzigartige Modularit\u00e4t :<\/strong> Anpassen der Brennweite durch <strong>14 mm und 28 mm Feineinstellungsringe<\/strong> (separat erh\u00e4ltlich), die eine individuelle Anpassung der Vergr\u00f6\u00dferung bieten.<\/li>\n<li><strong>Intelligenter Stoppring :<\/strong> Erm\u00f6glicht die Einstellung der Einstecktiefe der Okulare f\u00fcr eine <strong>schnelle und pr\u00e4zise Fokussierung<\/strong>.<\/li>\n<\/ul>\n<h3>Eine umfassende Ausstattung<\/h3>\n<p>Das Spiel beinhaltet <strong>alle wichtigen Brennpunkte<\/strong> der Hyperion\u00ae -Serie:<\/p>\n<ul>\n<li><strong>5 mm, 8 mm, 10 mm, 13 mm, 17 mm, 21 mm und 24 mm<\/strong>Sie decken eine breite Palette von Anwendungen ab, von der <strong>planetarisch<\/strong> an <strong>Deep-Sky-Objekte<\/strong>.<\/li>\n<\/ul>\n<p>Jedes Okular wird geliefert mit :<\/p>\n<ul>\n<li><strong>Robustes Aufbewahrungsetui :<\/strong> Optimaler Schutz beim Reisen.<\/li>\n<li><strong>Staubschutzkappen :<\/strong> H\u00e4lt die Linsen sauber und qualitativ hochwertig.<\/li>\n<li><strong>Ausf\u00fchrliches 6-seitiges Handbuch :<\/strong> Erkl\u00e4rungen zu Einstellungsm\u00f6glichkeiten und technischen Daten.<\/li>\n<\/ul>\n<h3>Ein fortschrittliches Design<\/h3>\n<ul>\n<li><strong>Robuste und leichte Konstruktion :<\/strong> Ergonomisches, rutschfestes Design f\u00fcr optimalen Griff.<\/li>\n<li><strong>Gewinde M48 und M28.5 :<\/strong> Kompatibel mit astronomischen Filtern <strong>1,25\" und 2\"<\/strong> f\u00fcr eine individuelle Gestaltung Ihrer Beobachtungen.<\/li>\n<li><strong>Antireflexionsoptimierung :<\/strong> Reduziert st\u00f6rende Reflexionen f\u00fcr eine klare und immersive Sicht.<\/li>\n<\/ul>\n<h3>Eine immersive Erfahrung<\/h3>\n<p>Die <strong>Hyperion\u00ae-Okulare<\/strong> zeichnen sich durch ihre <strong>totales Eintauchen<\/strong>. Ihre <strong>breites und scharfes Sichtfeld<\/strong>in Kombination mit ihrer <strong>Modulbauweise<\/strong>bietet ein Gef\u00fchl von <strong>\"ausgang in den raum\"<\/strong>Die Lage ist ideal f\u00fcr bequeme und erlebnisreiche Beobachtungsstunden.<\/p>","protected":false},"excerpt":{"rendered":"<p>Jeu d\u2019Oculaires Hyperion\u00ae 68\u00b0 \u2013 Performances Optiques et Modularit\u00e9 In\u00e9gal\u00e9es Transformez vos nuits d\u2019observation avec le jeu complet d\u2019oculaires Hyperion\u00ae 68\u00b0, un incontournable pour tirer le meilleur parti de votre t\u00e9lescope. Gr\u00e2ce \u00e0 leur conception modulaire et leur pr\u00e9cision optique avanc\u00e9e, ces oculaires offrent une exp\u00e9rience visuelle exceptionnelle avec un rapport qualit\u00e9-prix remarquable. Une Qualit\u00e9 [&hellip;]<\/p>\n","protected":false},"featured_media":5837,"comment_status":"open","ping_status":"closed","template":"","meta":[],"product_brand":[624],"product_cat":[19,368,695],"product_tag":[],"class_list":{"0":"post-5556","1":"product","2":"type-product","3":"status-publish","4":"has-post-thumbnail","6":"product_brand-baader","7":"product_cat-accessoires","8":"product_cat-visuel","9":"product_cat-oculaires-et-smart-oculaires","11":"first","12":"on_supplier","13":"taxable","14":"shipping-taxable","15":"purchasable","16":"product-type-simple"},"_links":{"self":[{"href":"https:\/\/deep-space-astronomy.ch\/de\/wp-json\/wp\/v2\/product\/5556","targetHints":{"allow":["GET"]}}],"collection":[{"href":"https:\/\/deep-space-astronomy.ch\/de\/wp-json\/wp\/v2\/product"}],"about":[{"href":"https:\/\/deep-space-astronomy.ch\/de\/wp-json\/wp\/v2\/types\/product"}],"replies":[{"embeddable":true,"href":"https:\/\/deep-space-astronomy.ch\/de\/wp-json\/wp\/v2\/comments?post=5556"}],"wp:featuredmedia":[{"embeddable":true,"href":"https:\/\/deep-space-astronomy.ch\/de\/wp-json\/wp\/v2\/media\/5837"}],"wp:attachment":[{"href":"https:\/\/deep-space-astronomy.ch\/de\/wp-json\/wp\/v2\/media?parent=5556"}],"wp:term":[{"taxonomy":"product_brand","embeddable":true,"href":"https:\/\/deep-space-astronomy.ch\/de\/wp-json\/wp\/v2\/product_brand?post=5556"},{"taxonomy":"product_cat","embeddable":true,"href":"https:\/\/deep-space-astronomy.ch\/de\/wp-json\/wp\/v2\/product_cat?post=5556"},{"taxonomy":"product_tag","embeddable":true,"href":"https:\/\/deep-space-astronomy.ch\/de\/wp-json\/wp\/v2\/product_tag?post=5556"}],"curies":[{"name":"wp","href":"https:\/\/api.w.org\/{rel}","templated":true}]}}