{"id":5568,"date":"2025-03-07T10:18:55","date_gmt":"2025-03-07T09:18:55","guid":{"rendered":"https:\/\/deep-space-astronomy.geekworkers.dev\/produit\/oculaire-celestron-luminos-82-19mm-2\/"},"modified":"2025-06-03T10:29:49","modified_gmt":"2025-06-03T08:29:49","slug":"oculaire-celestron-luminos-82-19mm-2","status":"publish","type":"product","link":"https:\/\/deep-space-astronomy.ch\/de\/produkt\/oculaire-celestron-luminos-82-19mm-2\/","title":{"rendered":"Celestron Luminos 82\u00b0 19mm Okular"},"content":{"rendered":"<h3>Celestron Luminos Okular: Tauchen Sie in ein au\u00dfergew\u00f6hnliches Sichtfeld ein.<\/h3>\n<p>Entdecken Sie eine neue Dimension der Beobachtung mit dem<strong>Celestron Luminos-Okular<\/strong>Das ist ein sehr gutes Beispiel f\u00fcr eine <strong>spektakul\u00e4re und immersive Ansichten<\/strong> dank seines breiten Sichtfelds von <strong>82\u00b0<\/strong>. Ob Sie den <strong>tiefer Himmel<\/strong> mit einem kurzbrennweitigen Teleskop oder bewundern Sie die <strong>Planeten<\/strong> mit einem Celestron EdgeHD ist dieses Okular Ihr idealer Partner f\u00fcr unvergleichliche Beobachtungserlebnisse.<\/p>\n<h3>Ein hochpr\u00e4zises optisches Design<\/h3>\n<ul>\n<li><strong>Design mit 6 oder 7 Elementen<\/strong> (je nach Modell): Optimale Korrektur von Aberrationen f\u00fcr scharfe und detaillierte Ansichten.<\/li>\n<li><strong>Vollst\u00e4ndige mehrschichtige Behandlung<\/strong> : Sorgt f\u00fcr helle, kontrastreiche Bilder ohne unerw\u00fcnschte Reflexionen.<\/li>\n<li><strong>Parfokalit\u00e4t<\/strong> : Wechseln Sie das Okular, ohne refokussieren zu m\u00fcssen, und genie\u00dfen Sie so einen optimalen Beobachtungskomfort.<\/li>\n<\/ul>\n<h3>Komfort und Ergonomie<\/h3>\n<ul>\n<li><strong>Einziehbare Augenschale<\/strong> : Verstellbar f\u00fcr maximalen Sehkomfort, mit oder ohne Brille.<\/li>\n<li><strong>Sicherer Einstieg<\/strong> : Ein Gummistreifen sorgt f\u00fcr einen festen Halt, auch bei kaltem Wetter oder mit Handschuhen.<\/li>\n<li><strong>Robuster K\u00f6rper<\/strong> : Poliertes und eloxiertes Aluminium f\u00fcr eine <strong>gr\u00f6\u00dfere Haltbarkeit<\/strong> und eine <strong>gepflegte \u00c4sthetik<\/strong>.<\/li>\n<\/ul>\n<h3>Vielseitigkeit und Kompatibilit\u00e4t<\/h3>\n<ul>\n<li><strong>Gewinde f\u00fcr Filter<\/strong> : Kompatibel mit Filtern <strong>1,25\" oder 2\"<\/strong>Die meisten von ihnen haben eine gro\u00dfe Auswahl an optischen Verbesserungen.<\/li>\n<li><strong>Breites Sichtfeld von 82\u00b0<\/strong> : Ideal zum Einfangen von <strong>ausgedehnte Nebel<\/strong>Die <strong>reiche Sternhaufen<\/strong> oder der <strong>planetarische Details<\/strong> mit au\u00dfergew\u00f6hnlicher Klarheit.<\/li>\n<\/ul>\n<h3>Warum sollten Sie sich f\u00fcr das Luminos Okular entscheiden?<\/h3>\n<p>L'<strong>Okular Luminos<\/strong> ist nicht nur ein Accessoire; es ist eine Investition in atemberaubende Aussichten. Mit seiner Kombination aus <strong>fortschrittliche optische Technologie<\/strong>von <strong>elegantes Design<\/strong> und von <strong>ergonomischer Komfort<\/strong>Wenn Sie sich f\u00fcr eine Beobachtung entscheiden, verwandelt es jede Beobachtungssitzung in ein unvergessliches Erlebnis.<\/p>\n<p>G\u00f6nnen Sie sich ein Werkzeug, das Ihre Beobachtungsgabe \u00fcbertrifft und Sie in eine Welt eintauchen l\u00e4sst, in der Sie sich wie in einem Traum f\u00fchlen. <strong>atemberaubende Himmelspanoramen<\/strong>. Lassen Sie den <strong>Celestron Luminos<\/strong> Ihre Art, das Universum zu betrachten, neu definieren.<\/p>","protected":false},"excerpt":{"rendered":"<p>Oculaire Celestron Luminos : Plongez dans un Champ de Vision Exceptionnel D\u00e9couvrez une nouvelle dimension d\u2019observation avec l\u2019oculaire Celestron Luminos, con\u00e7u pour offrir des vues spectaculaires et immersives gr\u00e2ce \u00e0 son large champ de vision de 82\u00b0. Que vous exploriez le ciel profond avec un t\u00e9lescope \u00e0 courte focale ou que vous admiriez les plan\u00e8tes [&hellip;]<\/p>\n","protected":false},"featured_media":5847,"comment_status":"open","ping_status":"closed","template":"","meta":[],"product_brand":[413],"product_cat":[19,368,695],"product_tag":[],"class_list":{"0":"post-5568","1":"product","2":"type-product","3":"status-publish","4":"has-post-thumbnail","6":"product_brand-celestron","7":"product_cat-accessoires","8":"product_cat-visuel","9":"product_cat-oculaires-et-smart-oculaires","11":"first","12":"on_supplier","13":"taxable","14":"shipping-taxable","15":"purchasable","16":"product-type-simple"},"_links":{"self":[{"href":"https:\/\/deep-space-astronomy.ch\/de\/wp-json\/wp\/v2\/product\/5568","targetHints":{"allow":["GET"]}}],"collection":[{"href":"https:\/\/deep-space-astronomy.ch\/de\/wp-json\/wp\/v2\/product"}],"about":[{"href":"https:\/\/deep-space-astronomy.ch\/de\/wp-json\/wp\/v2\/types\/product"}],"replies":[{"embeddable":true,"href":"https:\/\/deep-space-astronomy.ch\/de\/wp-json\/wp\/v2\/comments?post=5568"}],"wp:featuredmedia":[{"embeddable":true,"href":"https:\/\/deep-space-astronomy.ch\/de\/wp-json\/wp\/v2\/media\/5847"}],"wp:attachment":[{"href":"https:\/\/deep-space-astronomy.ch\/de\/wp-json\/wp\/v2\/media?parent=5568"}],"wp:term":[{"taxonomy":"product_brand","embeddable":true,"href":"https:\/\/deep-space-astronomy.ch\/de\/wp-json\/wp\/v2\/product_brand?post=5568"},{"taxonomy":"product_cat","embeddable":true,"href":"https:\/\/deep-space-astronomy.ch\/de\/wp-json\/wp\/v2\/product_cat?post=5568"},{"taxonomy":"product_tag","embeddable":true,"href":"https:\/\/deep-space-astronomy.ch\/de\/wp-json\/wp\/v2\/product_tag?post=5568"}],"curies":[{"name":"wp","href":"https:\/\/api.w.org\/{rel}","templated":true}]}}