{"id":5574,"date":"2025-03-07T10:20:22","date_gmt":"2025-03-07T09:20:22","guid":{"rendered":"https:\/\/deep-space-astronomy.geekworkers.dev\/produit\/oculaire-morpheus-76-4-5mm-2\/"},"modified":"2025-06-03T10:29:49","modified_gmt":"2025-06-03T08:29:49","slug":"oculaire-morpheus-76-4-5mm-2","status":"publish","type":"product","link":"https:\/\/deep-space-astronomy.ch\/de\/produkt\/oculaire-morpheus-76-4-5mm-2\/","title":{"rendered":"Okular Morpheus 76\u00b0 4.5mm"},"content":{"rendered":"<h3>Morpheus\u00ae 76\u00b0 Okulare: Astronomische Beobachtung ohne Kompromisse<\/h3>\n<p>Tauchen Sie ein in eine <strong>immersive astronomische Beobachtung<\/strong> mit dem vollst\u00e4ndigen Satz der <strong>Morpheus\u00ae 76\u00b0-Okulare<\/strong>Sie sind so konzipiert, dass sie den Bed\u00fcrfnissen der Menschen gerecht werden. <strong>anspruchsvolle Astronomen<\/strong>. Diese High-End-Okulare bieten eine <strong>au\u00dfergew\u00f6hnliche Sch\u00e4rfe<\/strong> bis zum Rand, ein <strong>un\u00fcbertroffener Komfort<\/strong> und eine un\u00fcbertroffene mechanische und optische Leistung.<\/p>\n<h3>Un\u00fcbertroffene optische Leistung<\/h3>\n<ul>\n<li><strong>Scharfe Sterne bis zum Rand :<\/strong> Das Sichtfeld von <strong>76\u00b0<\/strong> garantiert eine perfekte Sch\u00e4rfe \u00fcber das gesamte flache Feld. Selbst bei schnellen Teleskopen bleiben die Sterne perfekt definiert, ohne dass es zu einer Kr\u00fcmmung des Feldes kommt.<\/li>\n<li><strong>Minimale Verzerrung :<\/strong> Das fortschrittliche Design des Morpheus\u00ae reduziert die <strong>Winkelverformungen<\/strong> um die Treue der himmlischen Formen zu bewahren.<\/li>\n<li><strong>Austrittseffekt im Raum :<\/strong> Dank ihres immersiven Designs lassen Sie diese Okulare f\u00f6rmlich eintauchen <strong>im Herzen der Sterne<\/strong>Das Ergebnis ist ein Erlebnis, bei dem die R\u00e4nder des Feldes zu verschwinden scheinen.<\/li>\n<\/ul>\n<h3>\u00dcberlegener Komfort und Anpassungsf\u00e4higkeit<\/h3>\n<ul>\n<li><strong>Optimierte Augenfreiheit :<\/strong> In der N\u00e4he von <strong>20 mm<\/strong>, ideal f\u00fcr <strong>Brillentr\u00e4ger<\/strong> und garantiert maximalen Komfort bei langen Beobachtungen.<\/li>\n<li><strong>Geeignet f\u00fcr binokulare Beobachtung :<\/strong> Schlankes und leichtes Design f\u00fcr perfekte Kompatibilit\u00e4t mit <strong>binokulares Fernglas<\/strong>ohne Vignettierung.<\/li>\n<li><strong>Lumineszierende Markierungen :<\/strong> Phosphoreszierende Gravuren zur einfachen Identifizierung der Brennpunkte im Dunkeln.<\/li>\n<\/ul>\n<h3>Vielseitigkeit f\u00fcr Foto und Video<\/h3>\n<p>Jedes Okular ist mit einem <strong>M43-Gewinde<\/strong>Ideal f\u00fcr :<\/p>\n<ul>\n<li><strong>Fotografie<\/strong> durch afokale oder okulare Projektion.<\/li>\n<li>Eine Kompatibilit\u00e4t mit <strong>beste Kameras<\/strong> \u00fcber Adapterringe <strong>T-2<\/strong> oder <strong>SP54<\/strong>.<\/li>\n<\/ul>\n<h3>Technische Eigenschaften<\/h3>\n<ul>\n<li><strong>Leichte und robuste Konstruktion :<\/strong> Perfekt f\u00fcr den Einsatz auf <strong>Binokular-K\u00f6pfe<\/strong>.<\/li>\n<li><strong>Optimiertes Phantom Coating\u00ae :<\/strong> Reduziert Reflexionen und verbessert die Lichtdurchl\u00e4ssigkeit.<\/li>\n<li><strong>Optimierte interne \u00d6ffnungen :<\/strong> Effektive Eliminierung von Streulicht.<\/li>\n<li><strong>Faltbare Augenmuscheln<\/strong> und Zubeh\u00f6r f\u00fcr eine optimale Einstellung des Augenabstandes.<\/li>\n<li><strong>Brennweitenindex-Clips<\/strong> f\u00fcr eine schnelle Identifizierung.<\/li>\n<li>Eine <strong>ausf\u00fchrliches Handbuch<\/strong> von 12 Seiten mit <strong>Anwendungsbeispiele<\/strong> und eine vollst\u00e4ndige Liste des kompatiblen Zubeh\u00f6rs.<\/li>\n<\/ul>\n<h3>Eine kompromisslose Wahl f\u00fcr anspruchsvolle Astronomen<\/h3>\n<p>Mit ihrem <strong>optische Pr\u00e4zision<\/strong>ihre <strong>mechanische Vielseitigkeit<\/strong> und ihre <strong>innovatives Design<\/strong>Die <strong>Morpheus\u00ae 76\u00b0-Okulare<\/strong> sind viel mehr als nur ein Accessoire. Sie sind das perfekte Werkzeug f\u00fcr <strong>das Universum erkunden<\/strong>in <strong>Beobachtung<\/strong> oder in <strong>Fotografie<\/strong>.<\/p>","protected":false},"excerpt":{"rendered":"<p>Oculaires Morpheus\u00ae 76\u00b0 : Une Observation Astronomique Sans Compromis Plongez dans une observation astronomique immersive avec l\u2019ensemble complet des oculaires Morpheus\u00ae 76\u00b0, con\u00e7us pour satisfaire les astronomes exigeants. Ces oculaires haut de gamme offrent une nettet\u00e9 exceptionnelle jusqu\u2019au bord, un confort in\u00e9gal\u00e9 et des performances m\u00e9caniques et optiques hors pair. Des Performances Optiques In\u00e9gal\u00e9es Des [&hellip;]<\/p>\n","protected":false},"featured_media":5850,"comment_status":"open","ping_status":"closed","template":"","meta":[],"product_brand":[624],"product_cat":[19,368,695],"product_tag":[],"class_list":{"0":"post-5574","1":"product","2":"type-product","3":"status-publish","4":"has-post-thumbnail","6":"product_brand-baader","7":"product_cat-accessoires","8":"product_cat-visuel","9":"product_cat-oculaires-et-smart-oculaires","11":"first","12":"on_supplier","13":"taxable","14":"shipping-taxable","15":"purchasable","16":"product-type-simple"},"_links":{"self":[{"href":"https:\/\/deep-space-astronomy.ch\/de\/wp-json\/wp\/v2\/product\/5574","targetHints":{"allow":["GET"]}}],"collection":[{"href":"https:\/\/deep-space-astronomy.ch\/de\/wp-json\/wp\/v2\/product"}],"about":[{"href":"https:\/\/deep-space-astronomy.ch\/de\/wp-json\/wp\/v2\/types\/product"}],"replies":[{"embeddable":true,"href":"https:\/\/deep-space-astronomy.ch\/de\/wp-json\/wp\/v2\/comments?post=5574"}],"wp:featuredmedia":[{"embeddable":true,"href":"https:\/\/deep-space-astronomy.ch\/de\/wp-json\/wp\/v2\/media\/5850"}],"wp:attachment":[{"href":"https:\/\/deep-space-astronomy.ch\/de\/wp-json\/wp\/v2\/media?parent=5574"}],"wp:term":[{"taxonomy":"product_brand","embeddable":true,"href":"https:\/\/deep-space-astronomy.ch\/de\/wp-json\/wp\/v2\/product_brand?post=5574"},{"taxonomy":"product_cat","embeddable":true,"href":"https:\/\/deep-space-astronomy.ch\/de\/wp-json\/wp\/v2\/product_cat?post=5574"},{"taxonomy":"product_tag","embeddable":true,"href":"https:\/\/deep-space-astronomy.ch\/de\/wp-json\/wp\/v2\/product_tag?post=5574"}],"curies":[{"name":"wp","href":"https:\/\/api.w.org\/{rel}","templated":true}]}}