{"id":5601,"date":"2025-03-07T10:24:46","date_gmt":"2025-03-07T09:24:46","guid":{"rendered":"https:\/\/deep-space-astronomy.geekworkers.dev\/produit\/bague-de-reglage-de-tilt-pour-aligner-parfaitement-les-capteurs\/"},"modified":"2025-06-03T10:29:57","modified_gmt":"2025-06-03T08:29:57","slug":"bague-de-reglage-de-tilt-pour-aligner-parfaitement-les-capteurs","status":"publish","type":"product","link":"https:\/\/deep-space-astronomy.ch\/de\/produkt\/bague-de-reglage-de-tilt-pour-aligner-parfaitement-les-capteurs\/","title":{"rendered":"Tilt-Einstellring, um die Sensoren perfekt auszurichten"},"content":{"rendered":"<h3>Askar Focal Plane Adjuster: Pr\u00e4zision und Leistung f\u00fcr die Astrofotografie<\/h3>\n<p>L'<strong>Askar Focal Plane Adjuster<\/strong> ist ein innovatives und pr\u00e4zises Zubeh\u00f6r, das f\u00fcr <strong>anspruchsvolle Astrofotografen<\/strong>. Diese geniale Vorrichtung l\u00f6st elegant die <strong>Probleme mit der Ebenheit des Sensors<\/strong>Dies ist ein Schl\u00fcsselelement f\u00fcr eine optimale Bildqualit\u00e4t \u00fcber das gesamte Feld.<\/p>\n<h3>Wichtigste Merkmale<\/h3>\n<ul>\n<li><strong>Patentiertes Design<\/strong> mit sph\u00e4rischer Passform, bewahrt die <strong>Brennweite<\/strong> bei den Einstellungen.<\/li>\n<li><strong>Anpassungsbereich :<\/strong> \u00b11\u00b0 mit pr\u00e4zisen Einteilungen alle <strong>5 Bogenminuten<\/strong>.<\/li>\n<li><strong>Gesamtdicke :<\/strong> Nur <strong>18 mm<\/strong>Das bedeutet, dass sie mit vielen Teleskopen ohne \u00c4nderungen kompatibel sind.<\/li>\n<li><strong>Gewinde :<\/strong> M54 weiblich auf der Vorderseite und M48 m\u00e4nnlich auf der R\u00fcckseite, mit einem <strong>Adapter M54 auf M48<\/strong> eingeschlossen.<\/li>\n<li><strong>Schnelles Anpassen :<\/strong> Werkzeuglose Einstellung \u00fcber eine <strong>ergonomischer Drehgriff<\/strong>.<\/li>\n<\/ul>\n<h3>Innovative Technologie<\/h3>\n<p>Im Gegensatz zu herk\u00f6mmlichen Dreipunktsystemen ist die<strong>Justierer Askar<\/strong> erm\u00f6glicht eine <strong>Feineinstellung der Neigung der Brennebene<\/strong> ohne die Fokussierung zu beeintr\u00e4chtigen. Diese technische Meisterleistung garantiert <strong>vollkommen p\u00fcnktliche Sterne<\/strong> bis an den Rand des Feldes, auch mit den <strong>gro\u00dfe, moderne Sensoren<\/strong>.<\/p>\n<h3>Integration und Kompatibilit\u00e4t<\/h3>\n<ul>\n<li>Entwickelt, um sich harmonisch in Ihre <strong>optische Kette<\/strong>.<\/li>\n<li>Ersetzt bei vielen direkt den Filterhalterring <strong>Sharpstar-Teleskope<\/strong>.<\/li>\n<li>Kompatibel mit verschiedenen Konfigurationen dank seiner <strong>Standardgewinde<\/strong>.<\/li>\n<\/ul>\n<h3>Warum sollten Sie sich f\u00fcr den Focal Askar Plan Adjuster entscheiden?<\/h3>\n<ul>\n<li><strong>Au\u00dfergew\u00f6hnliche Genauigkeit :<\/strong> Feinabstimmung f\u00fcr ein gestochen scharfes Bild.<\/li>\n<li><strong>Einfache Handhabung :<\/strong> Schnelles Einstellen ohne Werkzeug.<\/li>\n<li><strong>Robustes Design :<\/strong> Hochwertige Materialien f\u00fcr optimale Stabilit\u00e4t.<\/li>\n<\/ul>\n<h3>Schlussfolgerung<\/h3>\n<p>Mit dem<strong>Askar Focal Plane Adjuster<\/strong>Sharpstar demonstriert erneut sein Engagement f\u00fcr <strong>innovation im Dienste der Astrofotografie<\/strong>. Seine Vielseitigkeit und Pr\u00e4zision machen ihn zu einem <strong>unverzichtbarer Verb\u00fcndeter<\/strong> um Ihre Deep-Sky-Bilder zu sublimieren.<\/p>","protected":false},"excerpt":{"rendered":"<p>Ajusteur de Plan Focal Askar : Pr\u00e9cision et Performance pour l\u2019Astrophotographie L\u2019ajusteur de plan focal Askar est un accessoire innovant et pr\u00e9cis con\u00e7u pour les astrophotographes exigeants. Ce dispositif ing\u00e9nieux r\u00e9sout \u00e9l\u00e9gamment les probl\u00e8mes de plan\u00e9it\u00e9 du capteur, un \u00e9l\u00e9ment cl\u00e9 pour obtenir des images de qualit\u00e9 optimale sur tout le champ. Caract\u00e9ristiques Principales Design [&hellip;]<\/p>\n","protected":false},"featured_media":5598,"comment_status":"open","ping_status":"closed","template":"","meta":[],"product_brand":[382],"product_cat":[631,635],"product_tag":[],"class_list":{"0":"post-5601","1":"product","2":"type-product","3":"status-publish","4":"has-post-thumbnail","6":"product_brand-askar","7":"product_cat-trepieds-bagues-et-accessoires-generaux","8":"product_cat-trpieds","10":"first","11":"on_supplier","12":"taxable","13":"shipping-taxable","14":"purchasable","15":"product-type-simple"},"_links":{"self":[{"href":"https:\/\/deep-space-astronomy.ch\/de\/wp-json\/wp\/v2\/product\/5601","targetHints":{"allow":["GET"]}}],"collection":[{"href":"https:\/\/deep-space-astronomy.ch\/de\/wp-json\/wp\/v2\/product"}],"about":[{"href":"https:\/\/deep-space-astronomy.ch\/de\/wp-json\/wp\/v2\/types\/product"}],"replies":[{"embeddable":true,"href":"https:\/\/deep-space-astronomy.ch\/de\/wp-json\/wp\/v2\/comments?post=5601"}],"wp:featuredmedia":[{"embeddable":true,"href":"https:\/\/deep-space-astronomy.ch\/de\/wp-json\/wp\/v2\/media\/5598"}],"wp:attachment":[{"href":"https:\/\/deep-space-astronomy.ch\/de\/wp-json\/wp\/v2\/media?parent=5601"}],"wp:term":[{"taxonomy":"product_brand","embeddable":true,"href":"https:\/\/deep-space-astronomy.ch\/de\/wp-json\/wp\/v2\/product_brand?post=5601"},{"taxonomy":"product_cat","embeddable":true,"href":"https:\/\/deep-space-astronomy.ch\/de\/wp-json\/wp\/v2\/product_cat?post=5601"},{"taxonomy":"product_tag","embeddable":true,"href":"https:\/\/deep-space-astronomy.ch\/de\/wp-json\/wp\/v2\/product_tag?post=5601"}],"curies":[{"name":"wp","href":"https:\/\/api.w.org\/{rel}","templated":true}]}}