{"id":5604,"date":"2025-03-07T10:25:11","date_gmt":"2025-03-07T09:25:11","guid":{"rendered":"https:\/\/deep-space-astronomy.geekworkers.dev\/produit\/queue-daronde-vixen-90-mm\/"},"modified":"2025-06-03T10:29:57","modified_gmt":"2025-06-03T08:29:57","slug":"queue-daronde-vixen-90-mm","status":"publish","type":"product","link":"https:\/\/deep-space-astronomy.ch\/de\/produkt\/queue-daronde-vixen-90-mm\/","title":{"rendered":"Vixen-Schwalbenschwanz 90 mm"},"content":{"rendered":"<h3>PrimaLuceLab Schwalbenschw\u00e4nze: Stabilit\u00e4t und Sicherheit f\u00fcr Ihre Astronomische Ausr\u00fcstung<\/h3>\n<p>Die <strong>Schwalbenschw\u00e4nze von PrimaLuceLab<\/strong> sind ein wichtiges Zubeh\u00f6r f\u00fcr die Verbindung von Teleskopen mit Montierungen und bieten Robustheit und Flexibilit\u00e4t. Erh\u00e4ltlich in zwei Hauptstilen, <strong>Vixen<\/strong> und <strong>Losmandy<\/strong>Diese Stangen sind so konzipiert, dass sie auf eine Vielzahl von Teleskopen und Montierungen passen und eine sichere und stabile Montage gew\u00e4hrleisten.<\/p>\n<h3>Arten von Schwalbenschw\u00e4nzen<\/h3>\n<h3>Schwalbenschw\u00e4nze Vixen<\/h3>\n<ul>\n<li><strong>Kompatibilit\u00e4t :<\/strong> Passend f\u00fcr Vixen-Montierungen entworfen, ideal f\u00fcr leichte bis mittelschwere Teleskope.<\/li>\n<li><strong>Eigenschaften :<\/strong>\n<ul>\n<li>In verschiedenen L\u00e4ngen erh\u00e4ltlich, damit sie zu verschiedenen Instrumenten passen.<\/li>\n<li>Ausgestattet mit <strong>mehrere L\u00f6cher<\/strong> um die Befestigung anderer Elemente des PLUS-Systems zu erm\u00f6glichen, was dazu beitr\u00e4gt, Biegungen zu verhindern.<\/li>\n<\/ul>\n<\/li>\n<\/ul>\n<h3>Losmandy Schwalbenschw\u00e4nze<\/h3>\n<ul>\n<li><strong>Kompatibilit\u00e4t :<\/strong> Passend f\u00fcr Losmandy-Montierungen, perfekt f\u00fcr schwerere Teleskope, die eine h\u00f6here Stabilit\u00e4t ben\u00f6tigen.<\/li>\n<li><strong>Eigenschaften :<\/strong>\n<ul>\n<li>Erh\u00e4ltlich in verschiedenen L\u00e4ngen, um zu unterschiedlichen Ausr\u00fcstungen zu passen.<\/li>\n<li>Ausgestattet mit <strong>mehrere L\u00f6cher<\/strong> f\u00fcr eine flexible und sichere Montage.<\/li>\n<\/ul>\n<\/li>\n<\/ul>\n<h3>Allgemeine Merkmale<\/h3>\n<ul>\n<li><strong>Hochwertige Materialien :<\/strong> Hergestellt in <strong>robustes Aluminium<\/strong>Sie sind sto\u00dffest und korrosionsbest\u00e4ndig dank eines <strong>Eloxalbehandlung<\/strong>.<\/li>\n<li><strong>Modularer Aufbau :<\/strong> Kompatibel mit anderen Elementen des PLUS-Systems, um individuelle Konfigurationen zu erstellen, die auf Ihre speziellen Bed\u00fcrfnisse zugeschnitten sind.<\/li>\n<li><strong>Einfache Installation :<\/strong> Die St\u00e4be werden mit <strong>vorgebohrte L\u00f6cher<\/strong> f\u00fcr eine schnelle und sichere Installation.<\/li>\n<\/ul>\n<h3>Vorteile des PLUS-Systems<\/h3>\n<p>Die <strong>PLUS-System<\/strong> erm\u00f6glicht eine vollst\u00e4ndige individuelle Gestaltung durch die Integration von Schwalbenschw\u00e4nzen, Platten und Befestigungsschellen. Dies bietet eine <strong>maximale Flexibilit\u00e4t<\/strong> bei der Montage Ihrer astronomischen Ausr\u00fcstung.<\/p>\n<h3>In the Box<\/h3>\n<ul>\n<li>Der gew\u00e4hlte Schwalbenschwanz (<strong>Vixen<\/strong> oder <strong>Losmandy<\/strong>).<\/li>\n<li>Eine <strong>Gebrauchsanweisung<\/strong> detailliert.<\/li>\n<\/ul>\n<h3>Schlussfolgerung<\/h3>\n<p>Die <strong>Schwalbenschw\u00e4nze PrimaLuceLab<\/strong> sind ideal f\u00fcr Amateur- und professionelle Astronomen, die ein <strong>solide und zuverl\u00e4ssige Montage<\/strong> zwischen ihrem Teleskop und ihrer Montierung. Mit ihrem <strong>robustes Design<\/strong>ihre <strong>Nutzungsflexibilit\u00e4t<\/strong> und ihre <strong>Kompatibilit\u00e4t mit dem PLUS-System<\/strong>Sie sind ein <strong>kluge Wahl<\/strong> um Ihre Beobachtungs- oder Astrofotografie-Sessions zu optimieren.<\/p>","protected":false},"excerpt":{"rendered":"<p>Queues d\u2019Aronde PrimaLuceLab : Stabilit\u00e9 et S\u00e9curit\u00e9 pour Votre \u00c9quipement Astronomique Les queues d\u2019aronde de PrimaLuceLab sont des accessoires essentiels pour connecter des t\u00e9lescopes \u00e0 des montures, offrant robustesse et flexibilit\u00e9. Disponibles en deux styles principaux, Vixen et Losmandy, ces barres sont con\u00e7ues pour s\u2019adapter \u00e0 une large gamme de t\u00e9lescopes et de montures, garantissant [&hellip;]<\/p>\n","protected":false},"featured_media":5603,"comment_status":"open","ping_status":"closed","template":"","meta":[],"product_brand":[594],"product_cat":[732],"product_tag":[],"class_list":{"0":"post-5604","1":"product","2":"type-product","3":"status-publish","4":"has-post-thumbnail","6":"product_brand-primalucelab","7":"product_cat-queue-daronde","9":"first","10":"on_supplier","11":"taxable","12":"shipping-taxable","13":"purchasable","14":"product-type-simple"},"_links":{"self":[{"href":"https:\/\/deep-space-astronomy.ch\/de\/wp-json\/wp\/v2\/product\/5604","targetHints":{"allow":["GET"]}}],"collection":[{"href":"https:\/\/deep-space-astronomy.ch\/de\/wp-json\/wp\/v2\/product"}],"about":[{"href":"https:\/\/deep-space-astronomy.ch\/de\/wp-json\/wp\/v2\/types\/product"}],"replies":[{"embeddable":true,"href":"https:\/\/deep-space-astronomy.ch\/de\/wp-json\/wp\/v2\/comments?post=5604"}],"wp:featuredmedia":[{"embeddable":true,"href":"https:\/\/deep-space-astronomy.ch\/de\/wp-json\/wp\/v2\/media\/5603"}],"wp:attachment":[{"href":"https:\/\/deep-space-astronomy.ch\/de\/wp-json\/wp\/v2\/media?parent=5604"}],"wp:term":[{"taxonomy":"product_brand","embeddable":true,"href":"https:\/\/deep-space-astronomy.ch\/de\/wp-json\/wp\/v2\/product_brand?post=5604"},{"taxonomy":"product_cat","embeddable":true,"href":"https:\/\/deep-space-astronomy.ch\/de\/wp-json\/wp\/v2\/product_cat?post=5604"},{"taxonomy":"product_tag","embeddable":true,"href":"https:\/\/deep-space-astronomy.ch\/de\/wp-json\/wp\/v2\/product_tag?post=5604"}],"curies":[{"name":"wp","href":"https:\/\/api.w.org\/{rel}","templated":true}]}}