{"id":5643,"date":"2025-03-07T10:29:39","date_gmt":"2025-03-07T09:29:39","guid":{"rendered":"https:\/\/deep-space-astronomy.geekworkers.dev\/produit\/queue-daronde-vixen-150mm\/"},"modified":"2025-06-03T10:30:04","modified_gmt":"2025-06-03T08:30:04","slug":"queue-daronde-vixen-150mm","status":"publish","type":"product","link":"https:\/\/deep-space-astronomy.ch\/de\/produkt\/queue-daronde-vixen-150mm\/","title":{"rendered":"Vixen-Schwalbenschwanz 150mm"},"content":{"rendered":"<h3>Askar Vixen Universal-Schwalbenschwanz: Vielseitigkeit und Stabilit\u00e4t<\/h3>\n<p>Die <strong>universeller Schwalbenschwanz Askar im Vixen-Format<\/strong> ist so konzipiert, dass sie eine starre und sichere Verbindung bietet. Dank seiner <strong>neu gestaltete L\u00f6cher und Schlitze<\/strong>Die Kamera kann mit einer Vielzahl von Zubeh\u00f6rteilen und optischen Ger\u00e4ten ausgestattet werden.<\/p>\n<p>Jede Platine ist erh\u00e4ltlich in <strong>drei L\u00e4ngen<\/strong> - 150 mm, 200 mm und 300 mm - und in <strong>sechs Farben<\/strong> verschiedene, um sich den \u00e4sthetischen Vorlieben und praktischen Bed\u00fcrfnissen der Nutzer anzupassen.<\/p>\n<h3>W\u00e4hlen Sie die richtige Gr\u00f6\u00dfe f\u00fcr Ihre Ausr\u00fcstung<\/h3>\n<h3>VDP150 (150 mm) - Kompakt und vielseitig<\/h3>\n<ul>\n<li>Ideal f\u00fcr Montagen, die Folgendes erfordern <strong>wenig Platz<\/strong>.<\/li>\n<li>Mehrere <strong>Gewindel\u00f6cher<\/strong> von 20 mm Abstand.<\/li>\n<li>Vertikale und horizontale Schlitze f\u00fcr eine optimale Positionsanpassung.<\/li>\n<\/ul>\n<h3>VDP200 (200 mm) - Flexibilit\u00e4t und Stabilit\u00e4t<\/h3>\n<ul>\n<li>Mittlere L\u00e4nge bietet eine gute Balance zwischen <strong>Kompaktheit und Flexibilit\u00e4t<\/strong>.<\/li>\n<li><strong>Gewindel\u00f6cher<\/strong> im Abstand von 20 mm.<\/li>\n<li>Zus\u00e4tzliche Schlitze von <strong>43,2 mm<\/strong> und <strong>25 mm<\/strong> f\u00fcr genaue Anpassungen.<\/li>\n<\/ul>\n<h3>VDP300 (300 mm) - Gro\u00dfe Montagekapazit\u00e4t<\/h3>\n<ul>\n<li>Lange Version bietet einen <strong>maximaler Abstand<\/strong> f\u00fcr die Montage.<\/li>\n<li>Kontinuierliche Schlitze von <strong>93,1 mm<\/strong> f\u00fcr eine optimale Anpassungsf\u00e4higkeit.<\/li>\n<li>Ideal f\u00fcr Installationen, die Folgendes erfordern <strong>h\u00f6here Stabilit\u00e4t<\/strong> und eine gro\u00dfe Vielfalt an Montagepositionen.<\/li>\n<\/ul>\n<h3>Merkmale Schl\u00fcssel<\/h3>\n<ul>\n<li><strong>Gewindel\u00f6cher<\/strong> vorne und hinten f\u00fcr eine stabile Befestigung an einer \u00e4quatorialen Montierung.<\/li>\n<li>Kompatibilit\u00e4t mit <strong>eine gro\u00dfe Auswahl an Zubeh\u00f6r<\/strong>Das bedeutet, dass sie in der Lage sein m\u00fcssen, die Daten zu erfassen und zu verarbeiten, einschlie\u00dflich der F\u00fchrungsringe und Kameras.<\/li>\n<li>Erh\u00e4ltlich in <strong>sechs Farben<\/strong> f\u00fcr eine \u00e4sthetische und technische Individualisierung.<\/li>\n<\/ul>\n<h3>Warum sollte man sich f\u00fcr einen Askar Vixen Plattenspieler entscheiden?<\/h3>\n<ul>\n<li><strong>Starre Verbindung :<\/strong> Sorgt f\u00fcr eine stabile und sichere Befestigung.<\/li>\n<li><strong>Modularit\u00e4t :<\/strong> Gro\u00dfe Auswahl an L\u00f6chern und Schlitzen f\u00fcr eine vielseitige Montage.<\/li>\n<li><strong>Anpassbares Design :<\/strong> Erh\u00e4ltlich in verschiedenen Farben, um zu Ihrem Setup zu passen.<\/li>\n<\/ul>","protected":false},"excerpt":{"rendered":"<p>Queue d\u2019Aronde Universelle Askar Vixen : Polyvalence et Stabilit\u00e9 La queue d\u2019aronde universelle Askar au format Vixen est con\u00e7ue pour offrir une connexion rigide et s\u00fbre. Gr\u00e2ce \u00e0 ses trous et fentes nouvellement con\u00e7us, elle permet de multiples configurations de montage d\u2019accessoires et d\u2019appareils optiques. Chaque platine est disponible en trois longueurs \u2014 150 mm, [&hellip;]<\/p>\n","protected":false},"featured_media":5642,"comment_status":"open","ping_status":"closed","template":"","meta":[],"product_brand":[382],"product_cat":[732],"product_tag":[],"class_list":{"0":"post-5643","1":"product","2":"type-product","3":"status-publish","4":"has-post-thumbnail","6":"product_brand-askar","7":"product_cat-queue-daronde","9":"first","10":"on_supplier","11":"taxable","12":"shipping-taxable","13":"purchasable","14":"product-type-simple"},"_links":{"self":[{"href":"https:\/\/deep-space-astronomy.ch\/de\/wp-json\/wp\/v2\/product\/5643","targetHints":{"allow":["GET"]}}],"collection":[{"href":"https:\/\/deep-space-astronomy.ch\/de\/wp-json\/wp\/v2\/product"}],"about":[{"href":"https:\/\/deep-space-astronomy.ch\/de\/wp-json\/wp\/v2\/types\/product"}],"replies":[{"embeddable":true,"href":"https:\/\/deep-space-astronomy.ch\/de\/wp-json\/wp\/v2\/comments?post=5643"}],"wp:featuredmedia":[{"embeddable":true,"href":"https:\/\/deep-space-astronomy.ch\/de\/wp-json\/wp\/v2\/media\/5642"}],"wp:attachment":[{"href":"https:\/\/deep-space-astronomy.ch\/de\/wp-json\/wp\/v2\/media?parent=5643"}],"wp:term":[{"taxonomy":"product_brand","embeddable":true,"href":"https:\/\/deep-space-astronomy.ch\/de\/wp-json\/wp\/v2\/product_brand?post=5643"},{"taxonomy":"product_cat","embeddable":true,"href":"https:\/\/deep-space-astronomy.ch\/de\/wp-json\/wp\/v2\/product_cat?post=5643"},{"taxonomy":"product_tag","embeddable":true,"href":"https:\/\/deep-space-astronomy.ch\/de\/wp-json\/wp\/v2\/product_tag?post=5643"}],"curies":[{"name":"wp","href":"https:\/\/api.w.org\/{rel}","templated":true}]}}