{"id":5646,"date":"2025-03-07T10:30:01","date_gmt":"2025-03-07T09:30:01","guid":{"rendered":"https:\/\/deep-space-astronomy.geekworkers.dev\/produit\/queue-daronde-losmandy\/"},"modified":"2025-09-17T15:40:36","modified_gmt":"2025-09-17T13:40:36","slug":"queue-daronde-losmandy","status":"publish","type":"product","link":"https:\/\/deep-space-astronomy.ch\/de\/produkt\/queue-daronde-losmandy\/","title":{"rendered":"Schwalbenschwanz Losmandy"},"content":{"rendered":"<h3>Askar Losmandy Schwalbenschw\u00e4nze: Robustheit und Stabilit\u00e4t<\/h3>\n<p>Die <strong>Askar-Schwalbenschw\u00e4nze im Losmandy-Stil<\/strong> sind speziell daf\u00fcr konzipiert, bei der Montage von astronomischen Ger\u00e4ten eine au\u00dfergew\u00f6hnliche St\u00e4rke und Stabilit\u00e4t zu bieten. Hergestellt aus <strong>eloxiertes Aluminium<\/strong>Sie sind kratz- und sto\u00dffest und bieten eine bemerkenswerte Tragf\u00e4higkeit.<\/p>\n<h3>Verf\u00fcgbare Optionen<\/h3>\n<h3>Tischplatte LDP200 (200 mm)<\/h3>\n<ul>\n<li><strong>Abmessungen :<\/strong> 200 mm x 120 mm<\/li>\n<li><strong>Dicke :<\/strong> 17 mm<\/li>\n<li><strong>Befestigungsl\u00f6cher :<\/strong> Mehrere 6,3-mm-Gewindel\u00f6cher f\u00fcr verschiedene Konfigurationen.<\/li>\n<li><strong>L\u00f6cher M3<\/strong> am Rand f\u00fcr eine bessere Stabilit\u00e4t.<\/li>\n<\/ul>\n<h3>Tischplatte LDP300 (300 mm)<\/h3>\n<ul>\n<li><strong>Abmessungen :<\/strong> 300 mm x 120 mm<\/li>\n<li><strong>Dicke :<\/strong> 17 mm<\/li>\n<li><strong>Befestigungsl\u00f6cher :<\/strong> Mehrere L\u00f6cher mit einem Abstand von 20 mm.<\/li>\n<li><strong>Anti-Rutsch-L\u00f6cher :<\/strong> Verhindern jede Bewegung auf dem Reittier.<\/li>\n<\/ul>\n<h3>Tischplatte LDP400 (400 mm)<\/h3>\n<ul>\n<li><strong>Abmessungen :<\/strong> 400 mm x 120 mm<\/li>\n<li><strong>Dicke :<\/strong> 17 mm<\/li>\n<li><strong>Befestigungsl\u00f6cher :<\/strong> Mehrere 6,3-mm-Gewindel\u00f6cher.<\/li>\n<li><strong>Rutschschutz :<\/strong> Vier Durchgangsl\u00f6cher an den Enden.<\/li>\n<\/ul>\n<h3>Warum sollte man sich f\u00fcr einen Askar Schwalbenschwanz entscheiden?<\/h3>\n<ul>\n<li><strong>Robustheit :<\/strong> Eloxiertes Aluminium f\u00fcr maximale Haltbarkeit.<\/li>\n<li><strong>Flexibilit\u00e4t :<\/strong> Gut verteilte L\u00f6cher f\u00fcr verschiedene Konfigurationen.<\/li>\n<li><strong>Anpassen :<\/strong> Erh\u00e4ltlich in verschiedenen Gr\u00f6\u00dfen und Farben.<\/li>\n<\/ul>","protected":false},"excerpt":{"rendered":"<p>Queues d&rsquo;Aronde Askar Losmandy : Robustesse et Stabilit\u00e9 Les queues d&rsquo;aronde Askar de style Losmandy sont sp\u00e9cialement con\u00e7ues pour offrir une robustesse et une stabilit\u00e9 exceptionnelles lors du montage d\u2019\u00e9quipements astronomiques. Fabriqu\u00e9es en aluminium anodis\u00e9, elles sont r\u00e9sistantes aux rayures et aux chocs et offrent une capacit\u00e9 de charge remarquable. Options Disponibles Platine LDP200 (200 [&hellip;]<\/p>\n","protected":false},"featured_media":5645,"comment_status":"open","ping_status":"closed","template":"","meta":[],"product_brand":[382],"product_cat":[732],"product_tag":[],"class_list":{"0":"post-5646","1":"product","2":"type-product","3":"status-publish","4":"has-post-thumbnail","6":"product_brand-askar","7":"product_cat-queue-daronde","9":"first","10":"on_supplier","11":"taxable","12":"shipping-taxable","13":"purchasable","14":"product-type-simple"},"_links":{"self":[{"href":"https:\/\/deep-space-astronomy.ch\/de\/wp-json\/wp\/v2\/product\/5646","targetHints":{"allow":["GET"]}}],"collection":[{"href":"https:\/\/deep-space-astronomy.ch\/de\/wp-json\/wp\/v2\/product"}],"about":[{"href":"https:\/\/deep-space-astronomy.ch\/de\/wp-json\/wp\/v2\/types\/product"}],"replies":[{"embeddable":true,"href":"https:\/\/deep-space-astronomy.ch\/de\/wp-json\/wp\/v2\/comments?post=5646"}],"wp:featuredmedia":[{"embeddable":true,"href":"https:\/\/deep-space-astronomy.ch\/de\/wp-json\/wp\/v2\/media\/5645"}],"wp:attachment":[{"href":"https:\/\/deep-space-astronomy.ch\/de\/wp-json\/wp\/v2\/media?parent=5646"}],"wp:term":[{"taxonomy":"product_brand","embeddable":true,"href":"https:\/\/deep-space-astronomy.ch\/de\/wp-json\/wp\/v2\/product_brand?post=5646"},{"taxonomy":"product_cat","embeddable":true,"href":"https:\/\/deep-space-astronomy.ch\/de\/wp-json\/wp\/v2\/product_cat?post=5646"},{"taxonomy":"product_tag","embeddable":true,"href":"https:\/\/deep-space-astronomy.ch\/de\/wp-json\/wp\/v2\/product_tag?post=5646"}],"curies":[{"name":"wp","href":"https:\/\/api.w.org\/{rel}","templated":true}]}}