{"id":5673,"date":"2025-03-07T10:33:00","date_gmt":"2025-03-07T09:33:00","guid":{"rendered":"https:\/\/deep-space-astronomy.geekworkers.dev\/produit\/resistance-chauffante-pour-o-120mm\/"},"modified":"2025-09-17T15:40:44","modified_gmt":"2025-09-17T13:40:44","slug":"resistance-chauffante-pour-o-120mm","status":"publish","type":"product","link":"https:\/\/deep-space-astronomy.ch\/de\/produkt\/resistance-chauffante-pour-o-120mm\/","title":{"rendered":"Heizwiderstand f\u00fcr \u00d8 120mm"},"content":{"rendered":"<h3>PrimaLuceLab Heizwiderst\u00e4nde: Anti-Kondensations-Schutz<\/h3>\n<p>Die Heizwiderst\u00e4nde von <strong>PrimaLuceLab<\/strong> sind ein wichtiges Zubeh\u00f6r f\u00fcr Astronomen und Astrofotografen. Sie wurden entwickelt, um <strong>die Bildung von Kondenswasser verhindern<\/strong> auf der Optik, wodurch scharfe Beobachtungen auch bei hoher Luftfeuchtigkeit oder niedrigen Temperaturen gew\u00e4hrleistet sind.<\/p>\n<h3>Eigenschaften der PrimaLuceLab-Heizwiderst\u00e4nde<\/h3>\n<ul>\n<li><strong>Effektiver Anti-Kondensationsschutz :<\/strong> Verhindert die Betauung von Linsen, Sekund\u00e4rspiegeln, Okularen und empfindlichen optischen Oberfl\u00e4chen.<\/li>\n<li><strong>Gro\u00dfe Auswahl an Gr\u00f6\u00dfen :<\/strong> Erh\u00e4ltlich f\u00fcr Durchmesser von 50 mm bis 450 mm, geeignet f\u00fcr Brillen, Teleskope und Okulare.<\/li>\n<\/ul>\n<h3>Solide und praktische Befestigung<\/h3>\n<ul>\n<li>Fixierung durch <strong>Klettverschluss<\/strong> und integriertem Gummiband f\u00fcr eine schnelle und sichere Passform.<\/li>\n<li>Flexibilit\u00e4t erm\u00f6glicht die Anpassung an verschiedene Durchmesser.<\/li>\n<\/ul>\n<h3>Universelle Stromversorgung<\/h3>\n<ul>\n<li>Funktioniert mit einer Standard-Stromquelle von <strong>12 V<\/strong> (EAGLE-Systeme oder externe Stromversorgung \u00fcber <strong>RCA-Anschluss<\/strong>).<\/li>\n<li>Geringer Stromverbrauch (~330 mA) f\u00fcr eine l\u00e4ngere Akkulaufzeit.<\/li>\n<\/ul>\n<h3>Kompatibilit\u00e4t mit dem EAGLE-System<\/h3>\n<p>PrimaLuceLab-Heizst\u00e4be sind optimiert f\u00fcr den Betrieb mit dem <strong>EAGLE-System<\/strong>. Durch Hinzuf\u00fcgen des Moduls <strong>ECCO<\/strong> (Environmental Computerized Controller) passt der EAGLE die Leistung automatisch an Temperatur und Luftfeuchtigkeit an.<\/p>\n<h3>Wie w\u00e4hlt man den richtigen Heizwiderstand?<\/h3>\n<ol>\n<li><strong>Messen Sie den Au\u00dfendurchmesser :<\/strong> Ber\u00fccksichtigen Sie den tats\u00e4chlichen Durchmesser Ihres Instruments.<\/li>\n<li><strong>\u00dcberpr\u00fcfen Sie die L\u00e4nge :<\/strong> Der Widerstand sollte etwas l\u00e4nger sein als der Umfang der optischen R\u00f6hre.<\/li>\n<\/ol>\n<h3>Beispiele f\u00fcr verf\u00fcgbare Gr\u00f6\u00dfen<\/h3>\n<ul>\n<li><strong>\u00d850 mm :<\/strong> F\u00fcr kleine Instrumente wie Forscher und F\u00fchrungsbrillen.<\/li>\n<li><strong>\u00d880 mm bis \u00d8150 mm :<\/strong> F\u00fcr kompakte astronomische Fernrohre oder Sekund\u00e4rteleskope.<\/li>\n<li><strong>\u00d8200 mm bis \u00d8450 mm :<\/strong> F\u00fcr Teleskope wie Schmidt-Cassegrain und Newton.<\/li>\n<\/ul>\n<h3>Einfache Installation<\/h3>\n<ul>\n<li><strong>Befestigen Sie<\/strong> den Widerstand um den optischen Tubus mit dem integrierten Klettverschluss.<\/li>\n<li><strong>Verbinden Sie<\/strong>-la \u00fcber einen Cinch-Stecker an eine 12-V-Stromquelle an.<\/li>\n<li>Kompatibel mit externen Controllern und variablen Stromversorgungsanschl\u00fcssen des <strong>EAGLE-System<\/strong>.<\/li>\n<\/ul>\n<h3>Schl\u00fcsselvorteile<\/h3>\n<ol>\n<li><strong>Maximale Vielseitigkeit :<\/strong> Dank einer gro\u00dfen Auswahl an Gr\u00f6\u00dfen an verschiedene Instrumente anpassbar.<\/li>\n<li><strong>Energieeffizient :<\/strong> Geringer Stromverbrauch f\u00fcr eine lange Akkulaufzeit<\/li>\n<li><strong>Integration mit EAGLE und ECCO :<\/strong> Vollst\u00e4ndige Automatisierung f\u00fcr eine genaue Kontrolle<\/li>\n<\/ol>\n<h3>Inhalt der Schachtel<\/h3>\n<ul>\n<li>Eine <strong>Heizwiderstand<\/strong> in der ausgew\u00e4hlten Gr\u00f6\u00dfe.<\/li>\n<li>Eine <strong>Standard-Cinch-Anschluss<\/strong> f\u00fcr die Ern\u00e4hrung.<\/li>\n<\/ul>\n<h3>Warum sollte man sich f\u00fcr eine PrimaLuceLab-Heizung entscheiden?<\/h3>\n<p>Die PrimaLuceLab-Heizst\u00e4be sind <strong>unverzichtbar<\/strong> um Kondensation zu vermeiden, besonders in kalten und feuchten N\u00e4chten. Kompatibel mit dem System <strong>EAGLE<\/strong> und einfach zu installieren sind, bieten sie optimalen Schutz und ein besseres Beobachtungserlebnis.<\/p>\n<p>Ob Sie <strong>Amateur<\/strong> oder <strong>professionell<\/strong>Diese Widerst\u00e4nde sind eine effektive L\u00f6sung, um scharfe und detaillierte Bilder zu gew\u00e4hrleisten.<\/p>","protected":false},"excerpt":{"rendered":"<p>R\u00e9sistances Chauffantes PrimaLuceLab : Protection Anti-Condensation Les r\u00e9sistances chauffantes de PrimaLuceLab sont des accessoires essentiels pour les astronomes et astrophotographes. Elles sont con\u00e7ues pour pr\u00e9venir la formation de condensation sur les optiques, garantissant ainsi des observations nettes m\u00eame en conditions d\u2019humidit\u00e9 \u00e9lev\u00e9e ou de temp\u00e9ratures basses. Caract\u00e9ristiques des R\u00e9sistances Chauffantes PrimaLuceLab Anti-condensation efficace : Emp\u00eache [&hellip;]<\/p>\n","protected":false},"featured_media":5672,"comment_status":"open","ping_status":"closed","template":"","meta":[],"product_brand":[594],"product_cat":[19,636,733],"product_tag":[],"class_list":{"0":"post-5673","1":"product","2":"type-product","3":"status-publish","4":"has-post-thumbnail","6":"product_brand-primalucelab","7":"product_cat-accessoires","8":"product_cat-electroniques-batteries-et-alimentations","9":"product_cat-resistances-chauffante-et-controleurs","11":"first","12":"on_supplier","13":"taxable","14":"shipping-taxable","15":"purchasable","16":"product-type-simple"},"_links":{"self":[{"href":"https:\/\/deep-space-astronomy.ch\/de\/wp-json\/wp\/v2\/product\/5673","targetHints":{"allow":["GET"]}}],"collection":[{"href":"https:\/\/deep-space-astronomy.ch\/de\/wp-json\/wp\/v2\/product"}],"about":[{"href":"https:\/\/deep-space-astronomy.ch\/de\/wp-json\/wp\/v2\/types\/product"}],"replies":[{"embeddable":true,"href":"https:\/\/deep-space-astronomy.ch\/de\/wp-json\/wp\/v2\/comments?post=5673"}],"wp:featuredmedia":[{"embeddable":true,"href":"https:\/\/deep-space-astronomy.ch\/de\/wp-json\/wp\/v2\/media\/5672"}],"wp:attachment":[{"href":"https:\/\/deep-space-astronomy.ch\/de\/wp-json\/wp\/v2\/media?parent=5673"}],"wp:term":[{"taxonomy":"product_brand","embeddable":true,"href":"https:\/\/deep-space-astronomy.ch\/de\/wp-json\/wp\/v2\/product_brand?post=5673"},{"taxonomy":"product_cat","embeddable":true,"href":"https:\/\/deep-space-astronomy.ch\/de\/wp-json\/wp\/v2\/product_cat?post=5673"},{"taxonomy":"product_tag","embeddable":true,"href":"https:\/\/deep-space-astronomy.ch\/de\/wp-json\/wp\/v2\/product_tag?post=5673"}],"curies":[{"name":"wp","href":"https:\/\/api.w.org\/{rel}","templated":true}]}}