{"id":692,"date":"2024-12-03T18:59:50","date_gmt":"2024-12-03T17:59:50","guid":{"rendered":"https:\/\/deep-space-astronomy.geekworkers.dev\/?post_type=product&#038;p=692"},"modified":"2025-08-13T16:00:18","modified_gmt":"2025-08-13T14:00:18","slug":"formation-pour-enfant-en-astronomie","status":"publish","type":"product","link":"https:\/\/deep-space-astronomy.ch\/de\/produkt\/formation-pour-enfant-en-astronomie\/","title":{"rendered":"Beobachtungsabend in Signal de Bougy - Beobachtung und Ausbildung am Teleskop"},"content":{"rendered":"<section class=\"event-description\" lang=\"fr\">\n<h2>Beobachtungsabend in Signal de Bougy - Lernen Sie, Ihr Teleskop unter den Sternen zu benutzen<\/h2>\n<p><em>Ein Abend, um den Himmel zu beobachten, all Ihre Fragen zu stellen und schlie\u00dflich zu verstehen, wie Ihr Instrument funktioniert.\u00a0<\/em><\/p>\n<h3>Ein Astroabend der anderen Art<\/h3>\n<p>Sie haben sich gerade ein Teleskop gekauft, wissen aber nicht so recht, wo Sie anfangen sollen? Keine Sorge, diese Star Party ist genau das Richtige f\u00fcr Sie.<\/p>\n<p>In der wundersch\u00f6nen und ruhigen Umgebung des <strong>Signal de Bougy<\/strong>Wir begr\u00fc\u00dfen eine kleine Gruppe von Anf\u00e4ngern (10 bis max. 15 Personen) zu einem Abend mit 100 % visueller Beobachtung ohne Druck.<\/p>\n<h3>Was Sie erwartet :<\/h3>\n<ul>\n<li>Eine <strong>reservierter Bereich im Park<\/strong>nur f\u00fcr uns<\/li>\n<li>Die M\u00f6glichkeit <strong>mit Ihrem Teleskop oder Fernglas kommen<\/strong>unabh\u00e4ngig vom Modell<\/li>\n<li><strong>Hilfe vor Ort<\/strong> um Ihre Ausr\u00fcstung zu montieren, auszurichten und zu benutzen<\/li>\n<li>Von <strong>einfache Erkl\u00e4rungen<\/strong> um Planeten, den Mond, Sternbilder und Deep-Sky-Objekte zu finden<\/li>\n<li>Eine <strong>freundliche Atmosph\u00e4re<\/strong> um zu lernen, ohne sich verurteilt oder verloren zu f\u00fchlen<\/li>\n<li><strong>Angebotene Getr\u00e4nke<\/strong> und Diskussionen unter Begeisterten<\/li>\n<\/ul>\n<h3>Logistik<\/h3>\n<ul>\n<li><strong>Kostenlose Parkpl\u00e4tze<\/strong> einige Meter von der Beobachtungsstelle entfernt<\/li>\n<li><strong>Elektrizit\u00e4t vor Ort<\/strong> f\u00fcr diejenigen, die mit Strom versorgtes Zubeh\u00f6r haben<\/li>\n<li>Einfacher und sicherer Zugang<\/li>\n<\/ul>\n<h3>An wen richtet sich diese Veranstaltung?<\/h3>\n<ul>\n<li>An alle, die ein Teleskop haben, aber <strong>nicht so recht wissen, wie sie damit umgehen sollen<\/strong><\/li>\n<li>An alle, die <strong>den Himmel ohne komplizierten Jargon beobachten<\/strong><\/li>\n<li>An Familien, Neugierige, Anf\u00e4nger und Tr\u00e4umer, die <strong>einen sch\u00f6nen Abend unter den Sternen verbringen<\/strong><\/li>\n<\/ul>\n<blockquote><p><strong>Lernen, beobachten, austauschen.<\/strong><br \/>\nUnter dem Himmel des Signal de Bougy beginnt Ihr astronomisches Abenteuer erst richtig.<\/p><\/blockquote>\n<\/section>\n<p>&nbsp;<\/p>\n<p>Source de l&rsquo;image: https:\/\/www.google.com\/url?sa=i&amp;url=https%3A%2F%2Fastrobackyard.com%2Ftexas-star-party-our-experience%2F&amp;psig=AOvVaw0_SEeBglCM-dE4KRVn4TaR&amp;ust=1755179928618000&amp;source=images&amp;cd=vfe&amp;opi=89978449&amp;ved=0CBkQ3YkBahcKEwiIsY32-IePAxUAAAAAHQAAAAAQBA<\/p>","protected":false},"excerpt":{"rendered":"<p>Soir\u00e9e d&rsquo;observation \u00e0 Signal de Bougy \u2013 Apprenez \u00e0 utiliser votre t\u00e9lescope sous les \u00e9toiles Une soir\u00e9e pour observer le ciel, poser toutes vos questions et enfin comprendre comment fonctionne votre instrument.\u00a0 Une soir\u00e9e astro pas comme les autres Vous venez d\u2019acheter un t\u00e9lescope, mais vous ne savez pas trop par o\u00f9 commencer ? Pas [&hellip;]<\/p>\n","protected":false},"featured_media":9749,"comment_status":"open","ping_status":"closed","template":"","meta":[],"product_brand":[],"product_cat":[60],"product_tag":[],"class_list":{"0":"post-692","1":"product","2":"type-product","3":"status-publish","4":"has-post-thumbnail","6":"product_cat-formation","8":"first","9":"instock","10":"virtual","11":"taxable","12":"purchasable","13":"product-type-simple"},"_links":{"self":[{"href":"https:\/\/deep-space-astronomy.ch\/de\/wp-json\/wp\/v2\/product\/692","targetHints":{"allow":["GET"]}}],"collection":[{"href":"https:\/\/deep-space-astronomy.ch\/de\/wp-json\/wp\/v2\/product"}],"about":[{"href":"https:\/\/deep-space-astronomy.ch\/de\/wp-json\/wp\/v2\/types\/product"}],"replies":[{"embeddable":true,"href":"https:\/\/deep-space-astronomy.ch\/de\/wp-json\/wp\/v2\/comments?post=692"}],"wp:featuredmedia":[{"embeddable":true,"href":"https:\/\/deep-space-astronomy.ch\/de\/wp-json\/wp\/v2\/media\/9749"}],"wp:attachment":[{"href":"https:\/\/deep-space-astronomy.ch\/de\/wp-json\/wp\/v2\/media?parent=692"}],"wp:term":[{"taxonomy":"product_brand","embeddable":true,"href":"https:\/\/deep-space-astronomy.ch\/de\/wp-json\/wp\/v2\/product_brand?post=692"},{"taxonomy":"product_cat","embeddable":true,"href":"https:\/\/deep-space-astronomy.ch\/de\/wp-json\/wp\/v2\/product_cat?post=692"},{"taxonomy":"product_tag","embeddable":true,"href":"https:\/\/deep-space-astronomy.ch\/de\/wp-json\/wp\/v2\/product_tag?post=692"}],"curies":[{"name":"wp","href":"https:\/\/api.w.org\/{rel}","templated":true}]}}