{"id":7004,"date":"2025-04-22T16:12:07","date_gmt":"2025-04-22T14:12:07","guid":{"rendered":"https:\/\/deep-space-astronomy.ch\/?post_type=product&#038;p=7004"},"modified":"2025-11-18T18:08:29","modified_gmt":"2025-11-18T17:08:29","slug":"filtre-oiii-antlia-ultra-narrowband-2-5nm-2","status":"publish","type":"product","link":"https:\/\/deep-space-astronomy.ch\/de\/produkt\/filtre-oiii-antlia-ultra-narrowband-2-5nm-2\/","title":{"rendered":"OIII-Filter Antlia Ultra Narrowband 2.5nm"},"content":{"rendered":"<h3 style=\"text-align: center;\">Die Antlia H-a, SII und OIII 2.5nm Ultra Filterserie<\/h3>\n<div class=\"image-placeholder\"><\/div>\n<p>Die Filter der Antlia SHO 2.5nm Ultra-Serie sind aus Quarzglas gefertigt und verf\u00fcgen \u00fcber pr\u00e4zise gesteuerte Beschichtungsverfahren, um eine optimale Leistung zu gew\u00e4hrleisten. Ihre Halbwertsbreite (FWHM) betr\u00e4gt 2,5nm +0,3\/-0,1nm, mit einer Transmissionseffizienz zwischen 92% und 95% bei der Zentralwellenl\u00e4nge.<\/p>\n<p><img fetchpriority=\"high\" decoding=\"async\" class=\"alignnone size-full wp-image-6999 aligncenter\" src=\"https:\/\/deep-space-astronomy.ch\/wp-content\/uploads\/2025\/04\/2.5nm-Ultra-SHO-36mm-Photoroom.png\" alt=\"\" width=\"1000\" height=\"1000\" srcset=\"https:\/\/deep-space-astronomy.ch\/wp-content\/uploads\/2025\/04\/2.5nm-Ultra-SHO-36mm-Photoroom.png 1000w, https:\/\/deep-space-astronomy.ch\/wp-content\/uploads\/2025\/04\/2.5nm-Ultra-SHO-36mm-Photoroom-300x300.png 300w, https:\/\/deep-space-astronomy.ch\/wp-content\/uploads\/2025\/04\/2.5nm-Ultra-SHO-36mm-Photoroom-150x150.png 150w, https:\/\/deep-space-astronomy.ch\/wp-content\/uploads\/2025\/04\/2.5nm-Ultra-SHO-36mm-Photoroom-768x768.png 768w, https:\/\/deep-space-astronomy.ch\/wp-content\/uploads\/2025\/04\/2.5nm-Ultra-SHO-36mm-Photoroom-12x12.png 12w, https:\/\/deep-space-astronomy.ch\/wp-content\/uploads\/2025\/04\/2.5nm-Ultra-SHO-36mm-Photoroom-600x600.png 600w, https:\/\/deep-space-astronomy.ch\/wp-content\/uploads\/2025\/04\/2.5nm-Ultra-SHO-36mm-Photoroom-100x100.png 100w\" sizes=\"(max-width: 1000px) 100vw, 1000px\" \/><\/p>\n<p>Das verwendete Quarzglas hat einen sehr niedrigen W\u00e4rmeausdehnungskoeffizienten mit hervorragenden thermischen und mechanischen Eigenschaften. In Kombination mit fortschrittlichen Beschichtungen bieten diese Filter eine bemerkenswerte Haltbarkeit, selbst unter extremen Umweltbedingungen.<\/p>\n<p>Im Vergleich zur 3nm Pro-Serie erm\u00f6glichen die Filter der Ultra 2.5nm-Serie eine bessere \u00dcbertragung der Emissionslinien. Die H\u03b1-Linie bei 656.3nm erreicht \u226595%, die SII-Linien bei 671.6nm\/673.1nm \u226595%, und die OIII-Linie bei 500.7nm \u226592%. Diese Filter k\u00f6nnen das Signal in Ihren Bildern um 20 bis 30% verbessern. Dar\u00fcber hinaus bietet ihre schmale Bandbreite ein au\u00dfergew\u00f6hnliches Signal-Rausch-Verh\u00e4ltnis f\u00fcr die Deep-Sky-Astrofotografie.<\/p>\n<h2>Anwendung und Leistung<\/h2>\n<div class=\"image-placeholder\"><img decoding=\"async\" class=\"wp-image-6981 size-large aligncenter\" src=\"https:\/\/deep-space-astronomy.ch\/wp-content\/uploads\/2025\/04\/Ha-2.5nm-Ultra-curve-1024x584.jpg\" alt=\"\" width=\"1024\" height=\"584\" \/> <img decoding=\"async\" class=\"wp-image-6982 size-large aligncenter\" src=\"https:\/\/deep-space-astronomy.ch\/wp-content\/uploads\/2025\/04\/OIII-2.5nm-ultra-curve-1024x584.jpg\" alt=\"\" width=\"1024\" height=\"584\" \/> <img loading=\"lazy\" decoding=\"async\" class=\"wp-image-6983 size-large aligncenter\" src=\"https:\/\/deep-space-astronomy.ch\/wp-content\/uploads\/2025\/04\/SII-2.5nm-ultra-curve-1024x584.jpg\" alt=\"\" width=\"1024\" height=\"584\" \/><\/div>\n<h2>Technische Daten<\/h2>\n<table>\n<thead>\n<tr>\n<th><\/th>\n<th>Wasserstoff-Alpha<\/th>\n<th>Schwefel-II<\/th>\n<th>Sauerstoff-III<\/th>\n<\/tr>\n<\/thead>\n<tbody>\n<tr>\n<td>Zentrale Wellenl\u00e4nge (CWL)<\/td>\n<td>656.3nm<\/td>\n<td>671.6nm \/ 673.1nm<\/td>\n<td>500.7nm<\/td>\n<\/tr>\n<tr>\n<td>Maximale \u00dcbertragung<\/td>\n<td>\u226595%<\/td>\n<td>\u226595%<\/td>\n<td>\u226592%<\/td>\n<\/tr>\n<tr>\n<td>Freisetzung au\u00dferhalb des Bandes<\/td>\n<td colspan=\"3\">\u2265OD5<\/td>\n<\/tr>\n<tr>\n<td>Dicke des Filters<\/td>\n<td colspan=\"3\">2mm \u00b10.05mm<\/td>\n<\/tr>\n<\/tbody>\n<\/table>\n<h2><span style=\"font-family: -apple-system, BlinkMacSystemFont, 'Segoe UI', Roboto, 'Helvetica Neue', Arial, 'Noto Sans', sans-serif, 'Apple Color Emoji', 'Segoe UI Emoji', 'Segoe UI Symbol', 'Noto Color Emoji'; font-size: 16px;\">Hauptmerkmale und Anwendungen<\/span><\/h2>\n<ul>\n<li>Hohe Transmission (H\u03b1\/SII \u226595%, OIII \u226592%) und schmale Bandbreite zur Maximierung des Kontrasts<\/li>\n<li>Flat-Top-Spektrum zur Begrenzung von Verlusten durch CWL-Verschiebungen<\/li>\n<li>Out-of-Band Rejection OD5 (0.001%) zur Vermeidung von Interferenzen und Halos<\/li>\n<li>Hergestellt aus Quarzglas: hervorragende Haltbarkeit, kratz- und bruchfest<\/li>\n<li>Standarddicke, doppelt poliert f\u00fcr Parfokalit\u00e4t<\/li>\n<li>Empfohlen f\u00fcr Optiken mit einem Brennweitenverh\u00e4ltnis von \u2265 f\/3.5<\/li>\n<li>Jeder Filter wird einzeln gemessen und mit seinen tats\u00e4chlichen Durchlasskurven versehen.<\/li>\n<li>Beschichtung bis zum Rand, schwarze Behandlung auf nicht montierten Filtern gegen interne Reflexionen<\/li>\n<li>3 Jahre Garantie gegen Delaminierung<\/li>\n<\/ul>\n<h3>Filterfassungen<\/h3>\n<ul>\n<li>Standard Antlia-Ring: 1.25'' (M28.5*0.6), 2'' (M48*0.75)<\/li>\n<li>Ultrad\u00fcnne Zelle zur Begrenzung der Vignettierung<\/li>\n<li>Schwarz eloxiertes Finish, unver\u00e4nderliche Lasergravur<\/li>\n<\/ul>\n<h3>Nicht empfohlen f\u00fcr :<\/h3>\n<ul>\n<li>Sonnenbeobachtung<\/li>\n<li>Visuelle Nachtbeobachtung<\/li>\n<\/ul>\n<h3>Warnung :<\/h3>\n<p style=\"color: red;\"><strong>SCHAUEN SIE MIT DIESEN FILTERN NIE IN DIE SONNE<\/strong> - Dies k\u00f6nnte zu schweren Augenverletzungen f\u00fchren.<\/p>","protected":false},"excerpt":{"rendered":"<p>La s\u00e9rie des filtres Antlia H-a, SII et OIII 2.5nm Ultra Les filtres de la s\u00e9rie Antlia SHO 2.5nm Ultra sont fabriqu\u00e9s en verre de quartz et b\u00e9n\u00e9ficient de proc\u00e9d\u00e9s de rev\u00eatement contr\u00f4l\u00e9s avec pr\u00e9cision pour garantir des performances optimales. Leur largeur \u00e0 mi-hauteur (FWHM) est de 2.5nm +0.3\/-0.1nm, avec une efficacit\u00e9 de transmission comprise [&hellip;]<\/p>\n","protected":false},"featured_media":6996,"comment_status":"open","ping_status":"closed","template":"","meta":[],"product_brand":[791],"product_cat":[780,801],"product_tag":[],"class_list":{"0":"post-7004","1":"product","2":"type-product","3":"status-publish","4":"has-post-thumbnail","6":"product_brand-antlia","7":"product_cat-filtres-bande-etroite","8":"product_cat-filtre-astrophotographie-du-ciel-profond","10":"first","11":"instock","12":"taxable","13":"shipping-taxable","14":"purchasable","15":"product-type-variable"},"_links":{"self":[{"href":"https:\/\/deep-space-astronomy.ch\/de\/wp-json\/wp\/v2\/product\/7004","targetHints":{"allow":["GET"]}}],"collection":[{"href":"https:\/\/deep-space-astronomy.ch\/de\/wp-json\/wp\/v2\/product"}],"about":[{"href":"https:\/\/deep-space-astronomy.ch\/de\/wp-json\/wp\/v2\/types\/product"}],"replies":[{"embeddable":true,"href":"https:\/\/deep-space-astronomy.ch\/de\/wp-json\/wp\/v2\/comments?post=7004"}],"wp:featuredmedia":[{"embeddable":true,"href":"https:\/\/deep-space-astronomy.ch\/de\/wp-json\/wp\/v2\/media\/6996"}],"wp:attachment":[{"href":"https:\/\/deep-space-astronomy.ch\/de\/wp-json\/wp\/v2\/media?parent=7004"}],"wp:term":[{"taxonomy":"product_brand","embeddable":true,"href":"https:\/\/deep-space-astronomy.ch\/de\/wp-json\/wp\/v2\/product_brand?post=7004"},{"taxonomy":"product_cat","embeddable":true,"href":"https:\/\/deep-space-astronomy.ch\/de\/wp-json\/wp\/v2\/product_cat?post=7004"},{"taxonomy":"product_tag","embeddable":true,"href":"https:\/\/deep-space-astronomy.ch\/de\/wp-json\/wp\/v2\/product_tag?post=7004"}],"curies":[{"name":"wp","href":"https:\/\/api.w.org\/{rel}","templated":true}]}}