{"id":7010,"date":"2025-04-22T16:25:47","date_gmt":"2025-04-22T14:25:47","guid":{"rendered":"https:\/\/deep-space-astronomy.ch\/?post_type=product&#038;p=7010"},"modified":"2026-03-29T17:54:02","modified_gmt":"2026-03-29T15:54:02","slug":"filtres-h-alpha-antlia-3nm-pro","status":"publish","type":"product","link":"https:\/\/deep-space-astronomy.ch\/de\/produkt\/filtres-h-alpha-antlia-3nm-pro\/","title":{"rendered":"H-alpha-Filter Antlia 3nm Pro"},"content":{"rendered":"<h3 style=\"text-align: center;\">H-alpha-Filter Antlia 3nm Pro<\/h3>\n<p>Der Antlia H-alpha Pro 3nm Filter optimiert die Bandbreite auf 3nm Halbwertsbreite (FWHM). Dieses sehr schmale Band erh\u00f6ht den Kontrast von Emissionszielen, indem es die St\u00f6rsignale des Himmelshintergrunds reduziert. Dieser Filter garantiert die \u00dcbertragung von 88% bei der Wellenl\u00e4nge H-alpha (656,3nm) und bietet somit ein maximales Signal und eine hervorragende Aufl\u00f6sung von Nebelstrukturen.<\/p>\n<p>Im Gegensatz zu breiteren Filtern schr\u00e4nkt dieser Filter die Verluste durch Verschiebungen der zentralen Wellenl\u00e4nge (CWL) stark ein. Er garantiert eine h\u00f6here Transmission als 88% in einem Bereich von \u00b11nm um das Zentralband, was die Verwendung mit langsamen und schnellen Optiken (bis zu f\/3) ohne signifikante Signalverluste erm\u00f6glicht.<\/p>\n<p>Die Out-of-Band-Ablehnung ist als OD5 (0,001%) eingestuft, sorgt f\u00fcr ein hervorragendes Signal-Rausch-Verh\u00e4ltnis und blockiert effektiv Interferenzen. Das scharfe Abschneiden des Spektrums reduziert auch die Halos um helle Sterne.<\/p>\n<h3>Anwendung und Leistung<\/h3>\n<ul>\n<li>Hohe Transmission und schmale Bandbreite zur Maximierung des Kontrasts<\/li>\n<li>Abruptes Spektralprofil zur Begrenzung von Halos<\/li>\n<li>Einzigartiges Substrat, um interne Reflexionen zu eliminieren<\/li>\n<li>Zielobjekte: H-alpha-Nebel, planetarische Nebel, Wolf-Rayet, Supernova\u00fcberreste<\/li>\n<li>Einsetzbar an verschmutzten Standorten oder unter dunklem Himmel<\/li>\n<li>Verl\u00e4ngert die Abbildungszeit auch bei vorhandenem Mond<\/li>\n<li>Kompatibel bis f\/3 ohne signifikanten Signalverlust<\/li>\n<li>Geschw\u00e4rzte R\u00e4nder zur Begrenzung der Reflexionen bei unmontierten Modellen<\/li>\n<li>\u00dcberlegene optische Zuverl\u00e4ssigkeit zur Minimierung der Nachbearbeitung von Fotos<\/li>\n<li>Speziell f\u00fcr Deep-Sky-Objekte, die H-alpha enthalten<\/li>\n<\/ul>\n<h3>Technische Daten<\/h3>\n<table>\n<thead>\n<tr>\n<th>Parameter<\/th>\n<th>Wert<\/th>\n<\/tr>\n<\/thead>\n<tbody>\n<tr>\n<td>Substrat<\/td>\n<td>Optik, nicht verklebter Monoblock<\/td>\n<\/tr>\n<tr>\n<td>Dicke des Filters<\/td>\n<td>2mm \u00b10.05mm (1.25\u2033, 2\u2033, 31mm, 36mm), 3mm \u00b10.05mm (50mm, 50x50mm)<\/td>\n<\/tr>\n<tr>\n<td>FWHM<\/td>\n<td>3nm<\/td>\n<\/tr>\n<tr>\n<td>Zentrale Wellenl\u00e4nge (CWL)<\/td>\n<td>656.3nm<\/td>\n<\/tr>\n<tr>\n<td>Maximale \u00dcbertragung<\/td>\n<td>&gt;88%<\/td>\n<\/tr>\n<tr>\n<td>Freisetzung au\u00dferhalb des Bandes<\/td>\n<td>OD5 (0.001%) von 300 bis 1000nm<\/td>\n<\/tr>\n<tr>\n<td>Oberfl\u00e4chenqualit\u00e4t<\/td>\n<td>S\/D 60\/40 (MIL-O-13830 Standard)<\/td>\n<\/tr>\n<tr>\n<td>Transmissive Wellenfront<\/td>\n<td>\u03bb\/4 oder besser<\/td>\n<\/tr>\n<tr>\n<td>Parallelit\u00e4t<\/td>\n<td>&lt; 30 arcsec<\/td>\n<\/tr>\n<tr>\n<td>Garantie<\/td>\n<td>3 Jahre gegen Delaminierung<\/td>\n<\/tr>\n<\/tbody>\n<\/table>\n<h3>Spektralkurve<\/h3>\n<div class=\"image-placeholder\"><img fetchpriority=\"high\" decoding=\"async\" class=\"alignnone size-full wp-image-7017\" src=\"https:\/\/deep-space-astronomy.ch\/wp-content\/uploads\/2025\/04\/Antlia-H-alpha-3nm-Pro-Curve.png\" alt=\"\" width=\"1345\" height=\"768\" srcset=\"https:\/\/deep-space-astronomy.ch\/wp-content\/uploads\/2025\/04\/Antlia-H-alpha-3nm-Pro-Curve.png 1345w, https:\/\/deep-space-astronomy.ch\/wp-content\/uploads\/2025\/04\/Antlia-H-alpha-3nm-Pro-Curve-300x171.png 300w, https:\/\/deep-space-astronomy.ch\/wp-content\/uploads\/2025\/04\/Antlia-H-alpha-3nm-Pro-Curve-1024x585.png 1024w, https:\/\/deep-space-astronomy.ch\/wp-content\/uploads\/2025\/04\/Antlia-H-alpha-3nm-Pro-Curve-768x439.png 768w, https:\/\/deep-space-astronomy.ch\/wp-content\/uploads\/2025\/04\/Antlia-H-alpha-3nm-Pro-Curve-18x10.png 18w, https:\/\/deep-space-astronomy.ch\/wp-content\/uploads\/2025\/04\/Antlia-H-alpha-3nm-Pro-Curve-600x343.png 600w\" sizes=\"(max-width: 1345px) 100vw, 1345px\" \/><\/div>\n<h3>Montagering<\/h3>\n<ul>\n<li>1.25'' (M28.5\u00d70.6), 2'' (M48x0.75)<\/li>\n<li>Ultrad\u00fcnne Zelle zur Verringerung der Vignettierung<\/li>\n<li>Schwarz eloxiertes Finish, unver\u00e4nderliche Lasergravur<\/li>\n<\/ul>\n<h3>Gr\u00f6\u00dfere Emissionslinien von Nebeln<\/h3>\n<ul>\n<li>H-\u03b1: 656.3nm<\/li>\n<li>H-\u03b2: 486.1nm<\/li>\n<li>OIII: 495.9nm und 500.7nm<\/li>\n<\/ul>\n<h3>Verf\u00fcgbare Gr\u00f6\u00dfen<\/h3>\n<ul>\n<li>Beritten: 1.25\u2033, 2\u2033.<\/li>\n<li>Nicht montiert: \u00d831mm, \u00d836mm, \u00d850mm, quadratisch 50x50mm<\/li>\n<\/ul>\n<h3>Nicht empfohlen f\u00fcr :<\/h3>\n<ul>\n<li>Sonnenbeobachtung<\/li>\n<li>Visuelle Nachtbeobachtung<\/li>\n<\/ul>\n<h3>Warnung :<\/h3>\n<p style=\"color: red;\"><strong>SCHAUEN SIE MIT DIESEM FILTER NIEMALS IN DIE SONNE.<\/strong> Schwere Augenverletzungen k\u00f6nnen auftreten.<\/p>","protected":false},"excerpt":{"rendered":"<p>Filtre H-alpha Antlia 3nm Pro Le filtre H-alpha Pro 3nm d\u2019Antlia optimise la bande passante \u00e0 3nm de largeur \u00e0 mi-hauteur (FWHM). Cette bande tr\u00e8s \u00e9troite permet d\u2019augmenter le contraste des cibles \u00e0 \u00e9mission en r\u00e9duisant les signaux parasites du fond de ciel. Ce filtre garantit une transmission de 88% \u00e0 la longueur d\u2019onde H-alpha [&hellip;]<\/p>\n","protected":false},"featured_media":7015,"comment_status":"open","ping_status":"closed","template":"","meta":[],"product_brand":[791],"product_cat":[780,801,833],"product_tag":[],"class_list":{"0":"post-7010","1":"product","2":"type-product","3":"status-publish","4":"has-post-thumbnail","6":"product_brand-antlia","7":"product_cat-filtres-bande-etroite","8":"product_cat-filtre-astrophotographie-du-ciel-profond","9":"product_cat-en-stock","11":"first","12":"instock","13":"taxable","14":"shipping-taxable","15":"purchasable","16":"product-type-variable"},"_links":{"self":[{"href":"https:\/\/deep-space-astronomy.ch\/de\/wp-json\/wp\/v2\/product\/7010","targetHints":{"allow":["GET"]}}],"collection":[{"href":"https:\/\/deep-space-astronomy.ch\/de\/wp-json\/wp\/v2\/product"}],"about":[{"href":"https:\/\/deep-space-astronomy.ch\/de\/wp-json\/wp\/v2\/types\/product"}],"replies":[{"embeddable":true,"href":"https:\/\/deep-space-astronomy.ch\/de\/wp-json\/wp\/v2\/comments?post=7010"}],"wp:featuredmedia":[{"embeddable":true,"href":"https:\/\/deep-space-astronomy.ch\/de\/wp-json\/wp\/v2\/media\/7015"}],"wp:attachment":[{"href":"https:\/\/deep-space-astronomy.ch\/de\/wp-json\/wp\/v2\/media?parent=7010"}],"wp:term":[{"taxonomy":"product_brand","embeddable":true,"href":"https:\/\/deep-space-astronomy.ch\/de\/wp-json\/wp\/v2\/product_brand?post=7010"},{"taxonomy":"product_cat","embeddable":true,"href":"https:\/\/deep-space-astronomy.ch\/de\/wp-json\/wp\/v2\/product_cat?post=7010"},{"taxonomy":"product_tag","embeddable":true,"href":"https:\/\/deep-space-astronomy.ch\/de\/wp-json\/wp\/v2\/product_tag?post=7010"}],"curies":[{"name":"wp","href":"https:\/\/api.w.org\/{rel}","templated":true}]}}