{"id":7024,"date":"2025-04-22T16:47:49","date_gmt":"2025-04-22T14:47:49","guid":{"rendered":"https:\/\/deep-space-astronomy.ch\/?post_type=product&#038;p=7024"},"modified":"2026-03-29T17:53:35","modified_gmt":"2026-03-29T15:53:35","slug":"filtres-oiii-antlia-3nm-pro","status":"publish","type":"product","link":"https:\/\/deep-space-astronomy.ch\/de\/produkt\/filtres-oiii-antlia-3nm-pro\/","title":{"rendered":"Antlia 3nm Pro OIII-Filter"},"content":{"rendered":"<h3 style=\"text-align: center;\">Antlia 3nm Pro OIII-Filter<\/h3>\n<p>Der Antlia OIII Pro Schmalbandfilter optimiert die Halbwertsbreite (FWHM) auf 3nm. Diese geringe Breite erh\u00f6ht den Kontrast von Emissionszielen, indem sie das parasit\u00e4re Signal des Himmelshintergrunds reduziert. Es ist auf eine \u00dcbertragung von 88% bei der Wellenl\u00e4nge von 500,7nm ausgelegt, was ein maximales Signal und eine hervorragende Aufl\u00f6sung von Nebelstrukturen garantiert.<\/p>\n<p>Breitere Schmalbandfilter f\u00fchren in der Regel zu einem erheblichen \u00dcbertragungsverlust aufgrund von Verschiebungen der zentralen Wellenl\u00e4nge (CWL). Der 3nm Pro Filter garantiert &gt;88% \u00dcbertragung in einem Bereich von \u00b11nm um das Zentralband, was die Kompatibilit\u00e4t mit schnellen Optiken bis f\/3 ohne signifikanten Signalverlust erm\u00f6glicht.<\/p>\n<p>Die Out-of-Band-Unterdr\u00fcckung wird mit OD5 (0,001%) bewertet und bietet ein hervorragendes Signal-Rausch-Verh\u00e4ltnis und eine effektive Unterdr\u00fcckung von parasit\u00e4ren Wellenl\u00e4ngen. Dieser Filter wurde entwickelt, um Halos um helle Sterne aufgrund seines scharfen Spektralprofils zu minimieren.<\/p>\n<h3>Anwendung und Leistung<\/h3>\n<ul>\n<li>Hohe Transmission und schmale Bandbreite f\u00fcr maximalen Kontrast<\/li>\n<li>Abruptes Spektralprofil zur Begrenzung von Halos<\/li>\n<li>Einteiliges Substrat zur Vermeidung von internen Reflexionen<\/li>\n<li>Zielobjekte: OIII-Nebel, Planetarische Nebel, Wolf-Rayet, Supernova\u00fcberreste<\/li>\n<li>Einsetzbar in verschmutztem Himmel oder an dunklen Standorten<\/li>\n<li>Verl\u00e4ngert die Abbildungszeit auch bei Mondlicht<\/li>\n<li>Kompatibel bis f\/3 ohne signifikanten Signalverlust<\/li>\n<li>Geschw\u00e4rzte R\u00e4nder bei nicht montierten Filtern, um interne Reflexionen zu vermeiden<\/li>\n<li>Optische Zuverl\u00e4ssigkeit reduziert Nachbearbeitungen nach der Bearbeitung<\/li>\n<li>Speziell f\u00fcr Deep-Sky-Objekte mit OIII-Emissionen entwickelt<\/li>\n<\/ul>\n<h3>Technische Daten<\/h3>\n<table>\n<thead>\n<tr>\n<th>Parameter<\/th>\n<th>Wert<\/th>\n<\/tr>\n<\/thead>\n<tbody>\n<tr>\n<td>Substrat<\/td>\n<td>Optik, nicht verklebter Monoblock<\/td>\n<\/tr>\n<tr>\n<td>Dicke des Filters<\/td>\n<td>2mm \u00b10.05mm (1.25\u2033, 2\u2033, 31mm, 36mm), 3mm \u00b10.05mm (50mm, 50x50mm)<\/td>\n<\/tr>\n<tr>\n<td>FWHM<\/td>\n<td>3nm<\/td>\n<\/tr>\n<tr>\n<td>Zentrale Wellenl\u00e4nge (CWL)<\/td>\n<td>500.7nm<\/td>\n<\/tr>\n<tr>\n<td>Maximale \u00dcbertragung<\/td>\n<td>&gt;88%<\/td>\n<\/tr>\n<tr>\n<td>Freisetzung au\u00dferhalb des Bandes<\/td>\n<td>OD5 (0.001%) von 300 bis 1000nm<\/td>\n<\/tr>\n<tr>\n<td>Oberfl\u00e4chenqualit\u00e4t<\/td>\n<td>S\/D 60\/40 (MIL-O-13830 Standard)<\/td>\n<\/tr>\n<tr>\n<td>Transmissive Wellenfront<\/td>\n<td>\u03bb\/4 oder besser<\/td>\n<\/tr>\n<tr>\n<td>Parallelit\u00e4t<\/td>\n<td>&lt; 30 arcsec<\/td>\n<\/tr>\n<tr>\n<td>Garantie<\/td>\n<td>3 Jahre gegen Delaminierung<\/td>\n<\/tr>\n<\/tbody>\n<\/table>\n<h3>Spektralkurve<\/h3>\n<div class=\"image-placeholder\"><img fetchpriority=\"high\" decoding=\"async\" class=\"size-full wp-image-7043 aligncenter\" src=\"https:\/\/deep-space-astronomy.ch\/wp-content\/uploads\/2025\/04\/Antlia-OIII-3nm-Pro-Curve.png\" alt=\"\" width=\"1344\" height=\"769\" srcset=\"https:\/\/deep-space-astronomy.ch\/wp-content\/uploads\/2025\/04\/Antlia-OIII-3nm-Pro-Curve.png 1344w, https:\/\/deep-space-astronomy.ch\/wp-content\/uploads\/2025\/04\/Antlia-OIII-3nm-Pro-Curve-300x172.png 300w, https:\/\/deep-space-astronomy.ch\/wp-content\/uploads\/2025\/04\/Antlia-OIII-3nm-Pro-Curve-1024x586.png 1024w, https:\/\/deep-space-astronomy.ch\/wp-content\/uploads\/2025\/04\/Antlia-OIII-3nm-Pro-Curve-768x439.png 768w, https:\/\/deep-space-astronomy.ch\/wp-content\/uploads\/2025\/04\/Antlia-OIII-3nm-Pro-Curve-18x10.png 18w, https:\/\/deep-space-astronomy.ch\/wp-content\/uploads\/2025\/04\/Antlia-OIII-3nm-Pro-Curve-600x343.png 600w\" sizes=\"(max-width: 1344px) 100vw, 1344px\" \/><\/div>\n<h3>Montagering<\/h3>\n<ul>\n<li>1.25'' (M28.5\u00d70.6), 2'' (M48x0.75)<\/li>\n<li>Ultrad\u00fcnne Zelle zur Begrenzung der Vignettierung<\/li>\n<li>Schwarz eloxiertes Finish, unver\u00e4nderliche Lasergravur<\/li>\n<\/ul>\n<h3>Gr\u00f6\u00dfere Emissionslinien von Nebeln<\/h3>\n<ul>\n<li>H-\u03b1: 656.3nm<\/li>\n<li>H-\u03b2: 486.1nm<\/li>\n<li>OIII: 495.9nm und 500.7nm<\/li>\n<\/ul>\n<h3>Verf\u00fcgbare Gr\u00f6\u00dfen<\/h3>\n<ul>\n<li>Beritten: 1.25\u2033, 2\u2033.<\/li>\n<li>Nicht montiert: \u00d831mm, \u00d836mm, \u00d850mm, quadratisch 50x50mm<\/li>\n<\/ul>\n<h3>Nicht empfohlen f\u00fcr :<\/h3>\n<ul>\n<li>Sonnenbeobachtung<\/li>\n<li>Visuelle Nachtbeobachtung<\/li>\n<\/ul>\n<h3>Warnung :<\/h3>\n<p style=\"color: red;\"><strong>SCHAUEN SIE MIT DIESEM FILTER NIEMALS IN DIE SONNE.<\/strong> Schwere Augenverletzungen k\u00f6nnen auftreten.<\/p>","protected":false},"excerpt":{"rendered":"<p>Filtre OIII Antlia 3nm Pro Le filtre Antlia OIII Pro \u00e0 bande \u00e9troite optimise la largeur \u00e0 mi-hauteur (FWHM) \u00e0 3nm. Cette faible largeur permet d\u2019augmenter le contraste des cibles \u00e0 \u00e9mission en r\u00e9duisant le signal parasite du fond de ciel. Il est con\u00e7u pour offrir une transmission de 88% \u00e0 la longueur d\u2019onde de [&hellip;]<\/p>\n","protected":false},"featured_media":7041,"comment_status":"open","ping_status":"closed","template":"","meta":[],"product_brand":[791],"product_cat":[780,833],"product_tag":[],"class_list":{"0":"post-7024","1":"product","2":"type-product","3":"status-publish","4":"has-post-thumbnail","6":"product_brand-antlia","7":"product_cat-filtres-bande-etroite","8":"product_cat-en-stock","10":"first","11":"instock","12":"sale","13":"taxable","14":"shipping-taxable","15":"purchasable","16":"product-type-variable"},"_links":{"self":[{"href":"https:\/\/deep-space-astronomy.ch\/de\/wp-json\/wp\/v2\/product\/7024","targetHints":{"allow":["GET"]}}],"collection":[{"href":"https:\/\/deep-space-astronomy.ch\/de\/wp-json\/wp\/v2\/product"}],"about":[{"href":"https:\/\/deep-space-astronomy.ch\/de\/wp-json\/wp\/v2\/types\/product"}],"replies":[{"embeddable":true,"href":"https:\/\/deep-space-astronomy.ch\/de\/wp-json\/wp\/v2\/comments?post=7024"}],"wp:featuredmedia":[{"embeddable":true,"href":"https:\/\/deep-space-astronomy.ch\/de\/wp-json\/wp\/v2\/media\/7041"}],"wp:attachment":[{"href":"https:\/\/deep-space-astronomy.ch\/de\/wp-json\/wp\/v2\/media?parent=7024"}],"wp:term":[{"taxonomy":"product_brand","embeddable":true,"href":"https:\/\/deep-space-astronomy.ch\/de\/wp-json\/wp\/v2\/product_brand?post=7024"},{"taxonomy":"product_cat","embeddable":true,"href":"https:\/\/deep-space-astronomy.ch\/de\/wp-json\/wp\/v2\/product_cat?post=7024"},{"taxonomy":"product_tag","embeddable":true,"href":"https:\/\/deep-space-astronomy.ch\/de\/wp-json\/wp\/v2\/product_tag?post=7024"}],"curies":[{"name":"wp","href":"https:\/\/api.w.org\/{rel}","templated":true}]}}