{"id":7031,"date":"2025-04-22T16:47:49","date_gmt":"2025-04-22T14:47:49","guid":{"rendered":"https:\/\/deep-space-astronomy.ch\/?post_type=product&#038;p=7031"},"modified":"2026-03-29T17:53:48","modified_gmt":"2026-03-29T15:53:48","slug":"filtres-sii-antlia-3nm-pro","status":"publish","type":"product","link":"https:\/\/deep-space-astronomy.ch\/de\/produkt\/filtres-sii-antlia-3nm-pro\/","title":{"rendered":"SII-Filter Antlia 3nm Pro"},"content":{"rendered":"<h3 style=\"text-align: center;\">SII-Filter Antlia 3nm Pro<\/h3>\n<p>Der Filter Antlia SII 3nm Pro optimiert die Halbwertsbreite (FWHM) bei 3nm. Durch die Verringerung der Bandbreite verbessert dieser Filter den Kontrast von Emissionszielen, indem er das parasit\u00e4re Signal des Himmelshintergrunds verringert. Er ist so konzipiert, dass er bei der 672,4nm-Linie eine Transmission von 88% bietet, was ein optimales Signal und eine gute Aufl\u00f6sung von Nebeln gew\u00e4hrleistet.<\/p>\n<p>Bei breiteren Schmalbandfiltern kommt es aufgrund der Verschiebung der zentralen Wellenl\u00e4nge (CWL) oft zu erheblichen \u00dcbertragungsverlusten. Der 3nm Pro Filter garantiert &gt;88% \u00dcbertragung innerhalb von \u00b11nm um das Zentralband, was die Kompatibilit\u00e4t mit Optiken mit einer Lichtst\u00e4rke von bis zu 1:3 ohne signifikante Signalverluste erm\u00f6glicht.<\/p>\n<p>Die Out-of-Band-Ablehnung ist als OD5 (0,001%) eingestuft und gew\u00e4hrleistet ein hervorragendes Signal-Rausch-Verh\u00e4ltnis und eine effektive Abschaltung unerw\u00fcnschter Wellenl\u00e4ngen. Dieser Filter wurde entwickelt, um die Halos um helle Sterne zu begrenzen.<\/p>\n<h3>Anwendung und Leistung<\/h3>\n<ul>\n<li>Hohe Transmission und minimale Bandbreite f\u00fcr optimalen Kontrast<\/li>\n<li>Abruptes Spektralprofil zur Reduzierung von Halos<\/li>\n<li>Einteiliges Substrat zur Eliminierung von internen Reflexionen<\/li>\n<li>Zielobjekte: SII-Emissionsnebel, planetarische Nebel, Wolf-Rayet, Supernova\u00fcberreste<\/li>\n<li>Einsetzbar in verschmutzten Gebieten oder bei dunklem Himmel<\/li>\n<li>Erm\u00f6glicht das Fotografieren auch bei Mondlicht<\/li>\n<li>Kompatibel bis f\/3 mit minimalem Signalverlust<\/li>\n<li>Geschw\u00e4rzte R\u00e4nder zur Vermeidung von Reflexionen bei unmontierten Modellen<\/li>\n<li>H\u00f6here optische Zuverl\u00e4ssigkeit, weniger Nachbearbeitung nach der Aufnahme<\/li>\n<li>Nur f\u00fcr Deep-Sky-Objekte mit SII-Emissionen konzipiert<\/li>\n<\/ul>\n<h3>Technische Daten<\/h3>\n<table>\n<thead>\n<tr>\n<th>Parameter<\/th>\n<th>Wert<\/th>\n<\/tr>\n<\/thead>\n<tbody>\n<tr>\n<td>Substrat<\/td>\n<td>Optik, nicht verklebter Monoblock<\/td>\n<\/tr>\n<tr>\n<td>Dicke<\/td>\n<td>2mm \u00b10.05mm (1.25\u2033, 2\u2033, 31mm, 36mm), 3mm \u00b10.05mm (50mm, 50x50mm)<\/td>\n<\/tr>\n<tr>\n<td>FWHM<\/td>\n<td>3nm<\/td>\n<\/tr>\n<tr>\n<td>Zentrale Wellenl\u00e4nge (CWL)<\/td>\n<td>672.4nm<\/td>\n<\/tr>\n<tr>\n<td>Maximale \u00dcbertragung<\/td>\n<td>&gt;88%<\/td>\n<\/tr>\n<tr>\n<td>Freisetzung au\u00dferhalb des Bandes<\/td>\n<td>OD5 (0.001%) von 300 bis 1000nm<\/td>\n<\/tr>\n<tr>\n<td>Oberfl\u00e4chenqualit\u00e4t<\/td>\n<td>S\/D 60\/40 (MIL-O-13830 Standard)<\/td>\n<\/tr>\n<tr>\n<td>Transmissive Wellenfront<\/td>\n<td>\u03bb\/4 oder besser<\/td>\n<\/tr>\n<tr>\n<td>Parallelit\u00e4t<\/td>\n<td>&lt; 30 arcsec<\/td>\n<\/tr>\n<tr>\n<td>Garantie<\/td>\n<td>3 Jahre gegen Delaminierung<\/td>\n<\/tr>\n<\/tbody>\n<\/table>\n<h3>Spektralkurve<\/h3>\n<div class=\"image-placeholder\"><img fetchpriority=\"high\" decoding=\"async\" class=\"size-full wp-image-7045 aligncenter\" src=\"https:\/\/deep-space-astronomy.ch\/wp-content\/uploads\/2025\/04\/Antlia-SII-3nm-Pro-Curve.png\" alt=\"\" width=\"1345\" height=\"768\" srcset=\"https:\/\/deep-space-astronomy.ch\/wp-content\/uploads\/2025\/04\/Antlia-SII-3nm-Pro-Curve.png 1345w, https:\/\/deep-space-astronomy.ch\/wp-content\/uploads\/2025\/04\/Antlia-SII-3nm-Pro-Curve-300x171.png 300w, https:\/\/deep-space-astronomy.ch\/wp-content\/uploads\/2025\/04\/Antlia-SII-3nm-Pro-Curve-1024x585.png 1024w, https:\/\/deep-space-astronomy.ch\/wp-content\/uploads\/2025\/04\/Antlia-SII-3nm-Pro-Curve-768x439.png 768w, https:\/\/deep-space-astronomy.ch\/wp-content\/uploads\/2025\/04\/Antlia-SII-3nm-Pro-Curve-18x10.png 18w, https:\/\/deep-space-astronomy.ch\/wp-content\/uploads\/2025\/04\/Antlia-SII-3nm-Pro-Curve-600x343.png 600w\" sizes=\"(max-width: 1345px) 100vw, 1345px\" \/><\/div>\n<h3>Montagering<\/h3>\n<ul>\n<li>1.25'' (M28.5\u00d70.6), 2'' (M48x0.75)<\/li>\n<li>Ultrad\u00fcnne Zelle zur Begrenzung der Vignettierung<\/li>\n<li>Schwarz eloxiertes Finish, unver\u00e4nderliche Lasergravur<\/li>\n<\/ul>\n<h3>Verf\u00fcgbare Gr\u00f6\u00dfen<\/h3>\n<ul>\n<li>Beritten: 1.25\u2033, 2\u2033.<\/li>\n<li>Nicht montiert: \u00d831mm, \u00d836mm, \u00d850mm, quadratisch 50x50mm<\/li>\n<\/ul>\n<h3>Nicht empfohlen f\u00fcr :<\/h3>\n<ul>\n<li>Sonnenbeobachtung<\/li>\n<li>Visuelle Nachtbeobachtung<\/li>\n<\/ul>\n<h3>Warnung :<\/h3>\n<p style=\"color: red;\"><strong>SCHAUEN SIE MIT DIESEM FILTER NIEMALS IN DIE SONNE.<\/strong> Schwere Augenverletzungen k\u00f6nnen auftreten.<\/p>","protected":false},"excerpt":{"rendered":"<p>Filtre SII Antlia 3nm Pro Le filtre Antlia SII 3nm Pro optimise la largeur \u00e0 mi-hauteur (FWHM) \u00e0 3nm. En r\u00e9duisant la bande passante, ce filtre am\u00e9liore le contraste des cibles \u00e0 \u00e9mission en diminuant le signal parasite du fond de ciel. Il est con\u00e7u pour offrir une transmission de 88% \u00e0 la raie de [&hellip;]<\/p>\n","protected":false},"featured_media":7049,"comment_status":"open","ping_status":"closed","template":"","meta":[],"product_brand":[791],"product_cat":[780,833],"product_tag":[],"class_list":{"0":"post-7031","1":"product","2":"type-product","3":"status-publish","4":"has-post-thumbnail","6":"product_brand-antlia","7":"product_cat-filtres-bande-etroite","8":"product_cat-en-stock","10":"first","11":"instock","12":"taxable","13":"shipping-taxable","14":"purchasable","15":"product-type-variable"},"_links":{"self":[{"href":"https:\/\/deep-space-astronomy.ch\/de\/wp-json\/wp\/v2\/product\/7031","targetHints":{"allow":["GET"]}}],"collection":[{"href":"https:\/\/deep-space-astronomy.ch\/de\/wp-json\/wp\/v2\/product"}],"about":[{"href":"https:\/\/deep-space-astronomy.ch\/de\/wp-json\/wp\/v2\/types\/product"}],"replies":[{"embeddable":true,"href":"https:\/\/deep-space-astronomy.ch\/de\/wp-json\/wp\/v2\/comments?post=7031"}],"wp:featuredmedia":[{"embeddable":true,"href":"https:\/\/deep-space-astronomy.ch\/de\/wp-json\/wp\/v2\/media\/7049"}],"wp:attachment":[{"href":"https:\/\/deep-space-astronomy.ch\/de\/wp-json\/wp\/v2\/media?parent=7031"}],"wp:term":[{"taxonomy":"product_brand","embeddable":true,"href":"https:\/\/deep-space-astronomy.ch\/de\/wp-json\/wp\/v2\/product_brand?post=7031"},{"taxonomy":"product_cat","embeddable":true,"href":"https:\/\/deep-space-astronomy.ch\/de\/wp-json\/wp\/v2\/product_cat?post=7031"},{"taxonomy":"product_tag","embeddable":true,"href":"https:\/\/deep-space-astronomy.ch\/de\/wp-json\/wp\/v2\/product_tag?post=7031"}],"curies":[{"name":"wp","href":"https:\/\/api.w.org\/{rel}","templated":true}]}}