{"id":7051,"date":"2025-04-22T17:04:01","date_gmt":"2025-04-22T15:04:01","guid":{"rendered":"https:\/\/deep-space-astronomy.ch\/?post_type=product&#038;p=7051"},"modified":"2025-09-17T15:41:01","modified_gmt":"2025-09-17T13:41:01","slug":"filtre-h-beta-3nm-pro-2","status":"publish","type":"product","link":"https:\/\/deep-space-astronomy.ch\/de\/produkt\/filtre-h-beta-3nm-pro-2\/","title":{"rendered":"H-Beta-Filter Antlia 3nm Pro - 2\u2033"},"content":{"rendered":"<h3 style=\"text-align: center;\">Antlia-Filter H-Beta 3nm Pro<\/h3>\n<h3>Interferenzfilter f\u00fcr die Astrofotografie<\/h3>\n<p>Der Antlia H-Beta 3nm Pro Filter optimiert die Halbwertsbreite (FWHM) auf eine Bandbreite von 3nm. Dank dieser schmalen Bandbreite verbessert der Filter den Kontrast von Emissionszielen stark, indem er unerw\u00fcnschtes Hintergrundrauschen reduziert. Er erreicht eine beeindruckende Transmission von 88% bei 486,1nm, was ein starkes Signal und klar definierte Nebelstrukturen garantiert.<\/p>\n<p>Die Out-of-Band-Blockierung ist als OD5 (0,001%) eingestuft, was ein hervorragendes Signal-Rausch-Verh\u00e4ltnis (SNR) gew\u00e4hrleistet und Interferenzen von anderen Wellenl\u00e4ngen effektiv unterbindet. Sein scharfes Spektralprofil ist so gestaltet, dass Halos um helle Sterne minimiert werden.<\/p>\n<h3>Die Pro 3nm-Serie von Antlia<\/h3>\n<p>Die Serie umfasst die Filter Ha, SII, OIII und H-Beta, mit denen extrem schmale Daten auf vier Kan\u00e4len erfasst werden k\u00f6nnen und die in der Nachbearbeitung flexibel kombiniert werden k\u00f6nnen, um unterschiedlichen Anforderungen gerecht zu werden.<\/p>\n<h3>Hauptmerkmale und Anwendungen<\/h3>\n<ul>\n<li>Hohe Transmission und minimale Bandbreite zur Maximierung des Kontrasts<\/li>\n<li>Steiles Spektralprofil zur Begrenzung der Halos um helle Sterne<\/li>\n<li>Einteiliges Substrat zur Eliminierung von internen Reflexionen<\/li>\n<li>Ziel: H-Beta-Emissionsnebel<\/li>\n<li>Einsetzbar in verschmutzten Gebieten oder bei dunklem Himmel<\/li>\n<li>Kompatibel bis f\/3 mit minimalem Signalverlust<\/li>\n<li>Geschw\u00e4rzte R\u00e4nder bei nicht montierten Filtern, um Reflexionen zu eliminieren<\/li>\n<li>Hohe optische Zuverl\u00e4ssigkeit reduziert die nachtr\u00e4gliche Bildbearbeitung<\/li>\n<li>Filter, der nur bei Deep-Sky-Objekten mit H-Beta-Emissionen wirksam ist<\/li>\n<\/ul>\n<h3>Technische Daten<\/h3>\n<table>\n<thead>\n<tr>\n<th>Parameter<\/th>\n<th>Wert<\/th>\n<\/tr>\n<\/thead>\n<tbody>\n<tr>\n<td>Typ<\/td>\n<td>H-Beta<\/td>\n<\/tr>\n<tr>\n<td>FWHM<\/td>\n<td>3nm<\/td>\n<\/tr>\n<tr>\n<td>Zentrale Wellenl\u00e4nge (CWL)<\/td>\n<td>486.1nm<\/td>\n<\/tr>\n<tr>\n<td>Maximale \u00dcbertragung<\/td>\n<td>88%<\/td>\n<\/tr>\n<tr>\n<td>Freisetzung au\u00dferhalb des Bandes<\/td>\n<td>&gt;OD5 (0.001%) von 300 bis 1100nm<\/td>\n<\/tr>\n<tr>\n<td>Dicke<\/td>\n<td>2mm \u00b10.05mm<\/td>\n<\/tr>\n<tr>\n<td>Substrat<\/td>\n<td>Optik, nicht verklebter Monoblock<\/td>\n<\/tr>\n<tr>\n<td>Oberfl\u00e4chenqualit\u00e4t<\/td>\n<td>S\/D 60\/40 (MIL-O-13830 Standard)<\/td>\n<\/tr>\n<tr>\n<td>Transmissive Wellenfront<\/td>\n<td>\u03bb\/4 oder besser<\/td>\n<\/tr>\n<tr>\n<td>Parallelit\u00e4t<\/td>\n<td>&lt; 30 arcsec<\/td>\n<\/tr>\n<tr>\n<td>Ring<\/td>\n<td>2'' (M48x0.75)<\/td>\n<\/tr>\n<tr>\n<td>Garantie<\/td>\n<td>3 Jahre gegen Delaminierung<\/td>\n<\/tr>\n<\/tbody>\n<\/table>\n<h3>Spektralkurve<\/h3>\n<div class=\"image-placeholder\"><img fetchpriority=\"high\" decoding=\"async\" class=\"size-full wp-image-7053 aligncenter\" src=\"https:\/\/deep-space-astronomy.ch\/wp-content\/uploads\/2025\/04\/Antlia-Hb-3nm-spectrum-curve.jpg\" alt=\"\" width=\"1344\" height=\"763\" srcset=\"https:\/\/deep-space-astronomy.ch\/wp-content\/uploads\/2025\/04\/Antlia-Hb-3nm-spectrum-curve.jpg 1344w, https:\/\/deep-space-astronomy.ch\/wp-content\/uploads\/2025\/04\/Antlia-Hb-3nm-spectrum-curve-300x170.jpg 300w, https:\/\/deep-space-astronomy.ch\/wp-content\/uploads\/2025\/04\/Antlia-Hb-3nm-spectrum-curve-1024x581.jpg 1024w, https:\/\/deep-space-astronomy.ch\/wp-content\/uploads\/2025\/04\/Antlia-Hb-3nm-spectrum-curve-768x436.jpg 768w, https:\/\/deep-space-astronomy.ch\/wp-content\/uploads\/2025\/04\/Antlia-Hb-3nm-spectrum-curve-18x10.jpg 18w, https:\/\/deep-space-astronomy.ch\/wp-content\/uploads\/2025\/04\/Antlia-Hb-3nm-spectrum-curve-600x341.jpg 600w\" sizes=\"(max-width: 1344px) 100vw, 1344px\" \/><\/div>\n<h3>Filterring<\/h3>\n<ul>\n<li>Format 2'' (M48x0.75)<\/li>\n<li>Ultrad\u00fcnne Zelle zur Begrenzung der Vignettierung und Maximierung der nutzbaren Blende<\/li>\n<li>Schwarz eloxiertes Finish<\/li>\n<li>Unver\u00e4nderliche Lasergravur<\/li>\n<\/ul>\n<h3>Nicht empfohlen f\u00fcr :<\/h3>\n<ul>\n<li>Sonnenbeobachtung<\/li>\n<li>Visuelle Nachtbeobachtung<\/li>\n<\/ul>\n<h3>Warnung :<\/h3>\n<p style=\"color: red;\"><strong>SCHAUEN SIE MIT DIESEM FILTER NIEMALS DIREKT IN DIE SONNE.<\/strong> Schwere Augenverletzungen k\u00f6nnen auftreten.<\/p>\n<h3>Dualband-Filter f\u00fcr OSC-Kameras<\/h3>\n<p>Antlia bietet auch Doppelbandfilter f\u00fcr Farbkameras (OSC) an: der <strong>ALP-T Dualband Ha&amp;OIII 3nm<\/strong> und der <strong>SII&amp;Hb 3.5nm<\/strong>. Ihre Synergie erm\u00f6glicht extrem detaillierte Bilder auf allen vier Kan\u00e4len: Ha, OIII, SII und Hb. Diese Spektren k\u00f6nnen in klassischen oder kreativen Farbpaletten rekombiniert werden: H-O-Hb, S-H-O, H-S-OHb, H-O-O usw.<\/p>","protected":false},"excerpt":{"rendered":"<p>Filtre Antlia H-Beta 3nm Pro Filtre Interf\u00e9rentiel pour l&rsquo;Astrophotographie Le filtre Antlia H-Beta 3nm Pro optimise la largeur \u00e0 mi-hauteur (FWHM) \u00e0 une bande passante de 3nm. Gr\u00e2ce \u00e0 cette \u00e9troite bande, le filtre am\u00e9liore fortement le contraste des cibles \u00e0 \u00e9mission en r\u00e9duisant le bruit de fond non d\u00e9sir\u00e9. Il atteint une transmission impressionnante [&hellip;]<\/p>\n","protected":false},"featured_media":7052,"comment_status":"open","ping_status":"closed","template":"","meta":[],"product_brand":[791],"product_cat":[780],"product_tag":[],"class_list":{"0":"post-7051","1":"product","2":"type-product","3":"status-publish","4":"has-post-thumbnail","6":"product_brand-antlia","7":"product_cat-filtres-bande-etroite","9":"first","10":"on_supplier","11":"taxable","12":"shipping-taxable","13":"product-type-simple"},"_links":{"self":[{"href":"https:\/\/deep-space-astronomy.ch\/de\/wp-json\/wp\/v2\/product\/7051","targetHints":{"allow":["GET"]}}],"collection":[{"href":"https:\/\/deep-space-astronomy.ch\/de\/wp-json\/wp\/v2\/product"}],"about":[{"href":"https:\/\/deep-space-astronomy.ch\/de\/wp-json\/wp\/v2\/types\/product"}],"replies":[{"embeddable":true,"href":"https:\/\/deep-space-astronomy.ch\/de\/wp-json\/wp\/v2\/comments?post=7051"}],"wp:featuredmedia":[{"embeddable":true,"href":"https:\/\/deep-space-astronomy.ch\/de\/wp-json\/wp\/v2\/media\/7052"}],"wp:attachment":[{"href":"https:\/\/deep-space-astronomy.ch\/de\/wp-json\/wp\/v2\/media?parent=7051"}],"wp:term":[{"taxonomy":"product_brand","embeddable":true,"href":"https:\/\/deep-space-astronomy.ch\/de\/wp-json\/wp\/v2\/product_brand?post=7051"},{"taxonomy":"product_cat","embeddable":true,"href":"https:\/\/deep-space-astronomy.ch\/de\/wp-json\/wp\/v2\/product_cat?post=7051"},{"taxonomy":"product_tag","embeddable":true,"href":"https:\/\/deep-space-astronomy.ch\/de\/wp-json\/wp\/v2\/product_tag?post=7051"}],"curies":[{"name":"wp","href":"https:\/\/api.w.org\/{rel}","templated":true}]}}