{"id":7054,"date":"2025-04-22T17:09:07","date_gmt":"2025-04-22T15:09:07","guid":{"rendered":"https:\/\/deep-space-astronomy.ch\/?post_type=product&#038;p=7054"},"modified":"2025-09-17T15:41:01","modified_gmt":"2025-09-17T13:41:01","slug":"filtre-nii-antlia-3nm-pro-2-copie","status":"publish","type":"product","link":"https:\/\/deep-space-astronomy.ch\/de\/produkt\/filtre-nii-antlia-3nm-pro-2-copie\/","title":{"rendered":"NII-Filter Antlia 3nm Pro - 2\u2033"},"content":{"rendered":"<h3 style=\"text-align: center;\">Antlia-Filter NII 3nm Pro<\/h3>\n<h3>Interferenzfilter f\u00fcr die Astrofotografie<\/h3>\n<p>Der Antlia NII 3nm Pro Filter optimiert die Halbwertsbreite (FWHM) auf eine Bandbreite von 3nm. Durch die Verringerung dieses Bandes verbessert der Filter den Kontrast von Emissionszielen deutlich, indem er die St\u00f6rsignale des Himmelshintergrunds abschw\u00e4cht. Er ist so konzipiert, dass er eine Transmission von 88% bei 654,8nm erreicht, was ein starkes Signal und klar definierte Nebelstrukturen garantiert.<\/p>\n<p>Die Out-of-Band-Unterdr\u00fcckung ist auf OD5 (0,001%) spezifiziert und gew\u00e4hrleistet ein hervorragendes Signal-Rausch-Verh\u00e4ltnis (SNR) und eine effektive Unterdr\u00fcckung unerw\u00fcnschter Wellenl\u00e4ngen. Dieser Filter wurde speziell entwickelt, um Halos um helle Sterne durch sein scharfes Spektralprofil zu minimieren.<\/p>\n<h3>Hauptmerkmale und Anwendungen<\/h3>\n<ul>\n<li>Hohe Transmission und schmale Bandbreite f\u00fcr maximalen Kontrast<\/li>\n<li>Abruptes Spektralprofil reduziert Sternhalos<\/li>\n<li>Einteiliges, klebstofffreies optisches Substrat zur Vermeidung von internen Reflexionen<\/li>\n<li>Ziel: NII-Emissionsnebel<\/li>\n<li>Einsetzbar an verschmutzten Standorten und in Deep Sky<\/li>\n<li>Verl\u00e4ngert die Imaging-Sitzungen auch bei Anwesenheit des Mondes<\/li>\n<li>Kompatibel mit schnellen Optiken bis zu einer Blende von 1:3 ohne nennenswerte Verluste<\/li>\n<li>Unmontierte Filter sind an den R\u00e4ndern geschw\u00e4rzt, um Reflexionen zu entfernen<\/li>\n<li>Hervorragende optische Zuverl\u00e4ssigkeit, die Korrekturen nach der Bearbeitung reduziert<\/li>\n<li>Speziell f\u00fcr NII-emittierende Himmelsobjekte entwickelt<\/li>\n<\/ul>\n<h3>Technische Daten<\/h3>\n<table>\n<thead>\n<tr>\n<th>Parameter<\/th>\n<th>Wert<\/th>\n<\/tr>\n<\/thead>\n<tbody>\n<tr>\n<td>Typ<\/td>\n<td>NII 3nm Pro<\/td>\n<\/tr>\n<tr>\n<td>FWHM<\/td>\n<td>3nm<\/td>\n<\/tr>\n<tr>\n<td>Zentrale Wellenl\u00e4nge (CWL)<\/td>\n<td>654.8nm<\/td>\n<\/tr>\n<tr>\n<td>Maximale \u00dcbertragung<\/td>\n<td>88%<\/td>\n<\/tr>\n<tr>\n<td>Freisetzung au\u00dferhalb des Bandes<\/td>\n<td>&gt;OD5 (0.001%) von 300 bis 1100nm<\/td>\n<\/tr>\n<tr>\n<td>Dicke<\/td>\n<td>2mm \u00b10.05mm<\/td>\n<\/tr>\n<tr>\n<td>Substrat<\/td>\n<td>Optik, nicht verklebter Monoblock<\/td>\n<\/tr>\n<tr>\n<td>Oberfl\u00e4chenqualit\u00e4t<\/td>\n<td>S\/D 60\/40 (MIL-O-13830 Standard)<\/td>\n<\/tr>\n<tr>\n<td>Transmissive Wellenfront<\/td>\n<td>\u03bb\/4 oder besser<\/td>\n<\/tr>\n<tr>\n<td>Parallelit\u00e4t<\/td>\n<td>&lt; 30 arcsec<\/td>\n<\/tr>\n<tr>\n<td>Ring<\/td>\n<td>2'' (M48x0.75)<\/td>\n<\/tr>\n<tr>\n<td>Garantie<\/td>\n<td>3 Jahre gegen Delaminierung<\/td>\n<\/tr>\n<\/tbody>\n<\/table>\n<h3>Spektralkurve<\/h3>\n<div class=\"image-placeholder\"><img fetchpriority=\"high\" decoding=\"async\" class=\"alignnone size-full wp-image-7056\" src=\"https:\/\/deep-space-astronomy.ch\/wp-content\/uploads\/2025\/04\/Spectrum-Curve-Antlia-NII-3nm-Pro-Filter.png\" alt=\"\" width=\"1345\" height=\"765\" srcset=\"https:\/\/deep-space-astronomy.ch\/wp-content\/uploads\/2025\/04\/Spectrum-Curve-Antlia-NII-3nm-Pro-Filter.png 1345w, https:\/\/deep-space-astronomy.ch\/wp-content\/uploads\/2025\/04\/Spectrum-Curve-Antlia-NII-3nm-Pro-Filter-300x171.png 300w, https:\/\/deep-space-astronomy.ch\/wp-content\/uploads\/2025\/04\/Spectrum-Curve-Antlia-NII-3nm-Pro-Filter-1024x582.png 1024w, https:\/\/deep-space-astronomy.ch\/wp-content\/uploads\/2025\/04\/Spectrum-Curve-Antlia-NII-3nm-Pro-Filter-768x437.png 768w, https:\/\/deep-space-astronomy.ch\/wp-content\/uploads\/2025\/04\/Spectrum-Curve-Antlia-NII-3nm-Pro-Filter-18x10.png 18w, https:\/\/deep-space-astronomy.ch\/wp-content\/uploads\/2025\/04\/Spectrum-Curve-Antlia-NII-3nm-Pro-Filter-600x341.png 600w\" sizes=\"(max-width: 1345px) 100vw, 1345px\" \/><\/div>\n<h3>Filterring<\/h3>\n<ul>\n<li>Format 2'' (M48x0.75)<\/li>\n<li>Ultrad\u00fcnne Zelle zur Minimierung der Vignettierung<\/li>\n<li>Schwarz eloxiertes Finish<\/li>\n<li>Unver\u00e4nderliche Lasergravur<\/li>\n<\/ul>\n<h3>Nicht empfohlen f\u00fcr :<\/h3>\n<ul>\n<li>Sonnenbeobachtung<\/li>\n<li>Visuelle Nachtbeobachtung<\/li>\n<\/ul>\n<h3>Warnung :<\/h3>\n<p style=\"color: red;\"><strong>SCHAUEN SIE MIT DIESEM FILTER NIEMALS DIREKT IN DIE SONNE.<\/strong> Schwere Augenverletzungen k\u00f6nnen auftreten.<\/p>\n<p>&nbsp;<\/p>","protected":false},"excerpt":{"rendered":"<p>Filtre Antlia NII 3nm Pro Filtre Interf\u00e9rentiel pour l&rsquo;Astrophotographie Le filtre Antlia NII 3nm Pro optimise la largeur \u00e0 mi-hauteur (FWHM) \u00e0 une bande passante de 3nm. En r\u00e9duisant cette bande, le filtre am\u00e9liore significativement le contraste des cibles \u00e0 \u00e9mission en att\u00e9nuant les signaux parasites du fond de ciel. Il est con\u00e7u pour atteindre [&hellip;]<\/p>\n","protected":false},"featured_media":7055,"comment_status":"open","ping_status":"closed","template":"","meta":[],"product_brand":[791],"product_cat":[780],"product_tag":[],"class_list":{"0":"post-7054","1":"product","2":"type-product","3":"status-publish","4":"has-post-thumbnail","6":"product_brand-antlia","7":"product_cat-filtres-bande-etroite","9":"first","10":"on_supplier","11":"taxable","12":"shipping-taxable","13":"purchasable","14":"product-type-simple"},"_links":{"self":[{"href":"https:\/\/deep-space-astronomy.ch\/de\/wp-json\/wp\/v2\/product\/7054","targetHints":{"allow":["GET"]}}],"collection":[{"href":"https:\/\/deep-space-astronomy.ch\/de\/wp-json\/wp\/v2\/product"}],"about":[{"href":"https:\/\/deep-space-astronomy.ch\/de\/wp-json\/wp\/v2\/types\/product"}],"replies":[{"embeddable":true,"href":"https:\/\/deep-space-astronomy.ch\/de\/wp-json\/wp\/v2\/comments?post=7054"}],"wp:featuredmedia":[{"embeddable":true,"href":"https:\/\/deep-space-astronomy.ch\/de\/wp-json\/wp\/v2\/media\/7055"}],"wp:attachment":[{"href":"https:\/\/deep-space-astronomy.ch\/de\/wp-json\/wp\/v2\/media?parent=7054"}],"wp:term":[{"taxonomy":"product_brand","embeddable":true,"href":"https:\/\/deep-space-astronomy.ch\/de\/wp-json\/wp\/v2\/product_brand?post=7054"},{"taxonomy":"product_cat","embeddable":true,"href":"https:\/\/deep-space-astronomy.ch\/de\/wp-json\/wp\/v2\/product_cat?post=7054"},{"taxonomy":"product_tag","embeddable":true,"href":"https:\/\/deep-space-astronomy.ch\/de\/wp-json\/wp\/v2\/product_tag?post=7054"}],"curies":[{"name":"wp","href":"https:\/\/api.w.org\/{rel}","templated":true}]}}