{"id":7069,"date":"2025-04-22T17:22:20","date_gmt":"2025-04-22T15:22:20","guid":{"rendered":"https:\/\/deep-space-astronomy.ch\/?post_type=product&#038;p=7069"},"modified":"2025-12-18T16:28:12","modified_gmt":"2025-12-18T15:28:12","slug":"filtre-sii-antlia-ultra-2-5nm-highspeed","status":"publish","type":"product","link":"https:\/\/deep-space-astronomy.ch\/de\/produkt\/filtre-sii-antlia-ultra-2-5nm-highspeed\/","title":{"rendered":"SII-Filter Antlia 3nm Pro Highspeed"},"content":{"rendered":"<h3 style=\"text-align: center\">Antlia SHO 3nm Pro Highspeed-Filter<\/h3>\n<h3>Optimiert f\u00fcr schnelle Systeme (f\/2,6 bis f\/3,6)<\/h3>\n<p>Die 3nm Pro Highspeed SHO-Filter von Antlia sind durch eine Vorverschiebung der Zentralwellenl\u00e4nge (CWL) f\u00fcr Systeme mit kurzen Brennweiten optimiert. Diese speziell entwickelte Version verbessert das Signal-Rausch-Verh\u00e4ltnis (SNR) bei Teleskopen mit Brennweiten zwischen f\/2.6 und f\/3.6 im Vergleich zu den Standard Pro 3nm Versionen deutlich.<\/p>\n<p>In schnellen optischen Systemen bildet der Lichtweg einen Kegel mit zunehmendem Einfallswinkel, wodurch sich die CWL in Richtung Blau verschiebt. Bei f\/2,6 f\u00fchrt ein Winkel von 10\u00b0 zu einer Verschiebung von 2,2nm in Richtung Blau. Die Highspeed-Filter sind daher um 1,2nm in Richtung Rot vorverschoben, um diesen Effekt auszugleichen und eine optimale Signalerfassung zu gew\u00e4hrleisten.<\/p>\n<h3>Vergleich und Empfehlungen<\/h3>\n<ul>\n<li>F\u00fcr f\/2.6 bis f\/3.6: Verwenden Sie die 3nm Pro Highspeed-Filter<\/li>\n<li>F\u00fcr f\/&gt;3.6: Bevorzugen Sie Standard 3nm Pro Filter oder Ultra 2.5nm Filter.<\/li>\n<li>F\u00fcr f\/&lt;2.6: Verwenden Sie die 4.5nm EDGE-Filter<\/li>\n<\/ul>\n<h3>Leistung und Anwendungen<\/h3>\n<ul>\n<li>Hohe Transmission (&gt;90%) und 3nm Bandbreite f\u00fcr maximalen Kontrast<\/li>\n<li>Entwickelt f\u00fcr Systeme mit einer Lichtst\u00e4rke von 1:2,6 bis 1:3,6<\/li>\n<li>Scharfes Spektralprofil zur Verringerung der Halos um helle Sterne<\/li>\n<li>Out-of-Band Rejection OD5 (0,001%) zur Minimierung von Lichtinterferenzen<\/li>\n<li>Einteiliges Substrat zur Eliminierung von internen Reflexionen<\/li>\n<li>Zielobjekte: Emissionsnebel, planetarische Nebel, Wolf-Rayet, Supernova\u00fcberreste<\/li>\n<li>Einsetzbar bei verschmutztem Himmel und dunklen Orten<\/li>\n<li>Erm\u00f6glichen die Bildgebung sogar mit dem Mond<\/li>\n<li>Geschw\u00e4rzte R\u00e4nder bei nicht montierten Filtern<\/li>\n<li>\u00dcberragende optische Zuverl\u00e4ssigkeit reduziert die Nachbearbeitung<\/li>\n<\/ul>\n<h3>Technische Daten<\/h3>\n<table>\n<thead>\n<tr>\n<th>Parameter<\/th>\n<th>H-alpha<\/th>\n<th>OIII<\/th>\n<th>SII<\/th>\n<\/tr>\n<\/thead>\n<tbody>\n<tr>\n<td>FWHM<\/td>\n<td>3nm<\/td>\n<td>3nm<\/td>\n<td>3nm<\/td>\n<\/tr>\n<tr>\n<td>Zentrale Wellenl\u00e4nge (CWL)<\/td>\n<td>657.5nm<\/td>\n<td>501.9nm<\/td>\n<td>673.6nm<\/td>\n<\/tr>\n<tr>\n<td>Max. \u00dcbertragung<\/td>\n<td>90%<\/td>\n<td>90%<\/td>\n<td>90%<\/td>\n<\/tr>\n<tr>\n<td>Freisetzung au\u00dferhalb des Bandes<\/td>\n<td colspan=\"3\">\u2265OD5 @ 300-1000nm<\/td>\n<\/tr>\n<tr>\n<td>Dicke<\/td>\n<td colspan=\"3\">2mm \u00b10.05mm (au\u00dfer \u00d850mm: 3mm \u00b10.05mm)<\/td>\n<\/tr>\n<\/tbody>\n<\/table>\n<h3><span style=\"font-family: -apple-system, BlinkMacSystemFont, 'Segoe UI', Roboto, 'Helvetica Neue', Arial, 'Noto Sans', sans-serif, 'Apple Color Emoji', 'Segoe UI Emoji', 'Segoe UI Symbol', 'Noto Color Emoji';font-size: 16px\">Optische Qualit\u00e4t<\/span><\/h3>\n<ul>\n<li>Substrat: nicht verklebtes, einteiliges optisches Glas<\/li>\n<li>Oberfl\u00e4chenqualit\u00e4t: S\/D = 60\/40 (MIL-O-13830-Standard)<\/li>\n<li>Durchgelassene Wellenfront: \u03bb\/4 oder besser<\/li>\n<li>Parallelit\u00e4t: &lt; 30 arcsec<\/li>\n<li>Garantie: 3 Jahre gegen Delaminierung<\/li>\n<\/ul>\n<h3>Filterfassung<\/h3>\n<ul>\n<li>Standard Antlia: 1.25'' (M28.5\u00d70.6), 2'' (M48x0.75)<\/li>\n<li>Ultrad\u00fcnne Zelle zur Begrenzung der Vignettierung<\/li>\n<li>Schwarz eloxiertes Finish<\/li>\n<li>Unver\u00e4nderliche Lasergravur<\/li>\n<\/ul>\n<h3>Spektralverschiebungskurven (Blueshift)<\/h3>\n<div class=\"image-placeholder\"><img fetchpriority=\"high\" decoding=\"async\" class=\"alignnone size-full wp-image-7063\" src=\"https:\/\/deep-space-astronomy.ch\/wp-content\/uploads\/2025\/04\/Blueshift-Data.jpg\" alt=\"\" width=\"1337\" height=\"785\" srcset=\"https:\/\/deep-space-astronomy.ch\/wp-content\/uploads\/2025\/04\/Blueshift-Data.jpg 1337w, https:\/\/deep-space-astronomy.ch\/wp-content\/uploads\/2025\/04\/Blueshift-Data-300x176.jpg 300w, https:\/\/deep-space-astronomy.ch\/wp-content\/uploads\/2025\/04\/Blueshift-Data-1024x601.jpg 1024w, https:\/\/deep-space-astronomy.ch\/wp-content\/uploads\/2025\/04\/Blueshift-Data-768x451.jpg 768w, https:\/\/deep-space-astronomy.ch\/wp-content\/uploads\/2025\/04\/Blueshift-Data-18x12.jpg 18w, https:\/\/deep-space-astronomy.ch\/wp-content\/uploads\/2025\/04\/Blueshift-Data-600x352.jpg 600w\" sizes=\"(max-width: 1337px) 100vw, 1337px\" \/><\/div>\n<h3>Spektralkurven<\/h3>\n<div class=\"image-placeholder\"><img decoding=\"async\" class=\"alignnone size-full wp-image-7064\" src=\"https:\/\/deep-space-astronomy.ch\/wp-content\/uploads\/2025\/04\/Ha-3nm-Pro-highspeed-Spectrum.png\" alt=\"\" width=\"2104\" height=\"1200\" srcset=\"https:\/\/deep-space-astronomy.ch\/wp-content\/uploads\/2025\/04\/Ha-3nm-Pro-highspeed-Spectrum.png 2104w, https:\/\/deep-space-astronomy.ch\/wp-content\/uploads\/2025\/04\/Ha-3nm-Pro-highspeed-Spectrum-300x171.png 300w, https:\/\/deep-space-astronomy.ch\/wp-content\/uploads\/2025\/04\/Ha-3nm-Pro-highspeed-Spectrum-1024x584.png 1024w, https:\/\/deep-space-astronomy.ch\/wp-content\/uploads\/2025\/04\/Ha-3nm-Pro-highspeed-Spectrum-768x438.png 768w, https:\/\/deep-space-astronomy.ch\/wp-content\/uploads\/2025\/04\/Ha-3nm-Pro-highspeed-Spectrum-1536x876.png 1536w, https:\/\/deep-space-astronomy.ch\/wp-content\/uploads\/2025\/04\/Ha-3nm-Pro-highspeed-Spectrum-2048x1168.png 2048w, https:\/\/deep-space-astronomy.ch\/wp-content\/uploads\/2025\/04\/Ha-3nm-Pro-highspeed-Spectrum-18x10.png 18w, https:\/\/deep-space-astronomy.ch\/wp-content\/uploads\/2025\/04\/Ha-3nm-Pro-highspeed-Spectrum-600x342.png 600w\" sizes=\"(max-width: 2104px) 100vw, 2104px\" \/><\/div>\n<div><\/div>\n<div><img decoding=\"async\" class=\"alignnone size-full wp-image-7065\" src=\"https:\/\/deep-space-astronomy.ch\/wp-content\/uploads\/2025\/04\/OIII-3nm-Pro-highspeed-Spectrum.png\" alt=\"\" width=\"2104\" height=\"1200\" srcset=\"https:\/\/deep-space-astronomy.ch\/wp-content\/uploads\/2025\/04\/OIII-3nm-Pro-highspeed-Spectrum.png 2104w, https:\/\/deep-space-astronomy.ch\/wp-content\/uploads\/2025\/04\/OIII-3nm-Pro-highspeed-Spectrum-300x171.png 300w, https:\/\/deep-space-astronomy.ch\/wp-content\/uploads\/2025\/04\/OIII-3nm-Pro-highspeed-Spectrum-1024x584.png 1024w, https:\/\/deep-space-astronomy.ch\/wp-content\/uploads\/2025\/04\/OIII-3nm-Pro-highspeed-Spectrum-768x438.png 768w, https:\/\/deep-space-astronomy.ch\/wp-content\/uploads\/2025\/04\/OIII-3nm-Pro-highspeed-Spectrum-1536x876.png 1536w, https:\/\/deep-space-astronomy.ch\/wp-content\/uploads\/2025\/04\/OIII-3nm-Pro-highspeed-Spectrum-2048x1168.png 2048w, https:\/\/deep-space-astronomy.ch\/wp-content\/uploads\/2025\/04\/OIII-3nm-Pro-highspeed-Spectrum-18x10.png 18w, https:\/\/deep-space-astronomy.ch\/wp-content\/uploads\/2025\/04\/OIII-3nm-Pro-highspeed-Spectrum-600x342.png 600w\" sizes=\"(max-width: 2104px) 100vw, 2104px\" \/><\/div>\n<div><\/div>\n<div><img loading=\"lazy\" decoding=\"async\" class=\"alignnone size-full wp-image-7066\" src=\"https:\/\/deep-space-astronomy.ch\/wp-content\/uploads\/2025\/04\/SII-3nm-Pro-highspeed-Spectrum.png\" alt=\"\" width=\"2104\" height=\"1200\" srcset=\"https:\/\/deep-space-astronomy.ch\/wp-content\/uploads\/2025\/04\/SII-3nm-Pro-highspeed-Spectrum.png 2104w, https:\/\/deep-space-astronomy.ch\/wp-content\/uploads\/2025\/04\/SII-3nm-Pro-highspeed-Spectrum-300x171.png 300w, https:\/\/deep-space-astronomy.ch\/wp-content\/uploads\/2025\/04\/SII-3nm-Pro-highspeed-Spectrum-1024x584.png 1024w, https:\/\/deep-space-astronomy.ch\/wp-content\/uploads\/2025\/04\/SII-3nm-Pro-highspeed-Spectrum-768x438.png 768w, https:\/\/deep-space-astronomy.ch\/wp-content\/uploads\/2025\/04\/SII-3nm-Pro-highspeed-Spectrum-1536x876.png 1536w, https:\/\/deep-space-astronomy.ch\/wp-content\/uploads\/2025\/04\/SII-3nm-Pro-highspeed-Spectrum-2048x1168.png 2048w, https:\/\/deep-space-astronomy.ch\/wp-content\/uploads\/2025\/04\/SII-3nm-Pro-highspeed-Spectrum-18x10.png 18w, https:\/\/deep-space-astronomy.ch\/wp-content\/uploads\/2025\/04\/SII-3nm-Pro-highspeed-Spectrum-600x342.png 600w\" sizes=\"(max-width: 2104px) 100vw, 2104px\" \/><\/div>\n<h3>Nicht empfohlen f\u00fcr :<\/h3>\n<ul>\n<li>Sonnenbeobachtung<\/li>\n<li>Visuelle Nachtbeobachtung<\/li>\n<\/ul>\n<h3>Warnung<\/h3>\n<p style=\"color: red\"><strong>SCHAUEN SIE MIT DIESEM FILTER NIEMALS IN DIE SONNE.<\/strong> Dies f\u00fchrt zu schweren Augenverletzungen.<\/p>","protected":false},"excerpt":{"rendered":"<p>Filtres Antlia SHO 3nm Pro Highspeed Optimis\u00e9s pour les syst\u00e8mes rapides (f\/2.6 \u00e0 f\/3.6) Les filtres SHO 3nm Pro Highspeed d\u2019Antlia sont optimis\u00e9s pour les syst\u00e8mes \u00e0 focales rapides gr\u00e2ce \u00e0 un pr\u00e9-d\u00e9calage de la longueur d\u2019onde centrale (CWL). Cette version sp\u00e9cialement con\u00e7ue am\u00e9liore significativement le rapport signal\/bruit (SNR) sur les t\u00e9lescopes \u00e0 rapports focaux [&hellip;]<\/p>\n","protected":false},"featured_media":7082,"comment_status":"open","ping_status":"closed","template":"","meta":[],"product_brand":[791],"product_cat":[780],"product_tag":[],"class_list":{"0":"post-7069","1":"product","2":"type-product","3":"status-publish","4":"has-post-thumbnail","6":"product_brand-antlia","7":"product_cat-filtres-bande-etroite","9":"first","10":"instock","11":"taxable","12":"shipping-taxable","13":"purchasable","14":"product-type-variable"},"_links":{"self":[{"href":"https:\/\/deep-space-astronomy.ch\/de\/wp-json\/wp\/v2\/product\/7069","targetHints":{"allow":["GET"]}}],"collection":[{"href":"https:\/\/deep-space-astronomy.ch\/de\/wp-json\/wp\/v2\/product"}],"about":[{"href":"https:\/\/deep-space-astronomy.ch\/de\/wp-json\/wp\/v2\/types\/product"}],"replies":[{"embeddable":true,"href":"https:\/\/deep-space-astronomy.ch\/de\/wp-json\/wp\/v2\/comments?post=7069"}],"wp:featuredmedia":[{"embeddable":true,"href":"https:\/\/deep-space-astronomy.ch\/de\/wp-json\/wp\/v2\/media\/7082"}],"wp:attachment":[{"href":"https:\/\/deep-space-astronomy.ch\/de\/wp-json\/wp\/v2\/media?parent=7069"}],"wp:term":[{"taxonomy":"product_brand","embeddable":true,"href":"https:\/\/deep-space-astronomy.ch\/de\/wp-json\/wp\/v2\/product_brand?post=7069"},{"taxonomy":"product_cat","embeddable":true,"href":"https:\/\/deep-space-astronomy.ch\/de\/wp-json\/wp\/v2\/product_cat?post=7069"},{"taxonomy":"product_tag","embeddable":true,"href":"https:\/\/deep-space-astronomy.ch\/de\/wp-json\/wp\/v2\/product_tag?post=7069"}],"curies":[{"name":"wp","href":"https:\/\/api.w.org\/{rel}","templated":true}]}}