{"id":7151,"date":"2025-04-26T14:05:01","date_gmt":"2025-04-26T12:05:01","guid":{"rendered":"https:\/\/deep-space-astronomy.ch\/?post_type=product&#038;p=7151"},"modified":"2025-09-17T15:41:09","modified_gmt":"2025-09-17T13:41:09","slug":"filtre-sii-7nm-prime-36mm-non-monte","status":"publish","type":"product","link":"https:\/\/deep-space-astronomy.ch\/de\/produkt\/filtre-sii-7nm-prime-36mm-non-monte\/","title":{"rendered":"SII-Filter 7nm Prime - 36mm (nicht montiert)"},"content":{"rendered":"<h3 style=\"text-align: center;\">Filter Antlia SII 7nm Prime<\/h3>\n<p><strong>Erfassen Sie niedrige Emissionen von ionisiertem Schwefel pr\u00e4zise mit dem Antlia SII 7nm Prime Filter.<\/strong> Mit einer hohen Transmission und einer hervorragenden Unterdr\u00fcckung von Lichtinterferenzen ist dieser Filter f\u00fcr die Deep-Sky-Astrofotografie optimiert, selbst mit schnellen Optiken bis f\/2.<\/p>\n<h2>Hauptmerkmale<\/h2>\n<ul>\n<li><strong>Hohe Transmission<\/strong> (&gt;90% bei 672,4nm) f\u00fcr ein maximales Signal der SII-Nebel.<\/li>\n<li><strong>Bandbreite 7nm<\/strong> um die SII-Linien bei 671,6nm und 673,1nm effektiv einzufangen.<\/li>\n<li><strong>L\u00f6schung OD4<\/strong> von st\u00f6renden Wellenl\u00e4ngen f\u00fcr ein besseres Signal-Rausch-Verh\u00e4ltnis.<\/li>\n<li><strong>Kompatibel mit schnellen Optiken<\/strong> bis zu f\/2 ohne nennenswerten Leistungsverlust.<\/li>\n<li><strong>Steil abfallendes Spektralprofil<\/strong> um die Halos um helle Sterne zu minimieren.<\/li>\n<\/ul>\n<h2>Ideale Anwendungen<\/h2>\n<ul>\n<li>Bildgebung von SII-Emissionsnebeln<\/li>\n<li>Beobachtung von planetarischen Nebeln, Wolf-Rayet und Supernova\u00fcberresten<\/li>\n<li>Deep-Sky-Fotografie und verschmutzte Gebiete<\/li>\n<\/ul>\n<h2>Technische Spezifikationen<\/h2>\n<table>\n<thead>\n<tr>\n<th>Merkmal<\/th>\n<th>Detail<\/th>\n<\/tr>\n<\/thead>\n<tbody>\n<tr>\n<td>Typ<\/td>\n<td>SII 7nm Prime<\/td>\n<\/tr>\n<tr>\n<td>FWHM (Full Width at Half Maximum)<\/td>\n<td>7nm<\/td>\n<\/tr>\n<tr>\n<td>Zentrale Wellenl\u00e4nge (CWL)<\/td>\n<td>672.4nm<\/td>\n<\/tr>\n<tr>\n<td>Maximale \u00dcbertragung<\/td>\n<td>&gt;90%<\/td>\n<\/tr>\n<tr>\n<td>Out-of-Band-Blocking<\/td>\n<td>OD4 (0.01%) zwischen 300-1000nm<\/td>\n<\/tr>\n<tr>\n<td>Dicke<\/td>\n<td>2mm \u00b1 0.05mm<\/td>\n<\/tr>\n<tr>\n<td>Substrat<\/td>\n<td>Einteiliges, nicht verklebtes optisches Glas<\/td>\n<\/tr>\n<tr>\n<td>Oberfl\u00e4chenqualit\u00e4t<\/td>\n<td>S\/D 60\/40 (MIL-O-13830 Standard)<\/td>\n<\/tr>\n<tr>\n<td>Transmissive Wellenfront<\/td>\n<td>\u03bb\/4 oder besser<\/td>\n<\/tr>\n<tr>\n<td>Parallelit\u00e4t<\/td>\n<td>&lt;30 arcsec<\/td>\n<\/tr>\n<tr>\n<td>Garantie<\/td>\n<td>3 Jahre gegen Delaminierung<\/td>\n<\/tr>\n<\/tbody>\n<\/table>\n<h2>Verf\u00fcgbares Format<\/h2>\n<ul>\n<li>Nicht montiert: \u00d836mm<\/li>\n<\/ul>\n<h2>Design und Vorteile<\/h2>\n<ul>\n<li>Verwendung eines einzigen Substrats, um interne Reflexionen zu vermeiden<\/li>\n<li>Behandelte Oberfl\u00e4che zur Begrenzung von Kratzern<\/li>\n<li>Geschw\u00e4rzte R\u00e4nder zur Beseitigung von st\u00f6renden Reflexionen<\/li>\n<li>Optimiert f\u00fcr Deep Sky, selbst in hellen Umgebungen<\/li>\n<\/ul>\n<h2>Sicherheitswarnung<\/h2>\n<p style=\"color: red;\"><strong>Achtung: Beobachten Sie die Sonne niemals mit diesem Filter.<\/strong> Dies w\u00fcrde zu schweren, irreversiblen Augensch\u00e4den f\u00fchren.<\/p>","protected":false},"excerpt":{"rendered":"<p>Filtre Antlia SII 7nm Prime Capturez les faibles \u00e9missions de soufre ionis\u00e9 avec pr\u00e9cision gr\u00e2ce au filtre Antlia SII 7nm Prime. Avec une haute transmission et une excellente suppression des interf\u00e9rences lumineuses, ce filtre est optimis\u00e9 pour l&rsquo;astrophotographie du ciel profond, m\u00eame avec des optiques rapides jusqu\u2019\u00e0 f\/2. Caract\u00e9ristiques principales Transmission \u00e9lev\u00e9e (&gt;90% \u00e0 672.4nm) [&hellip;]<\/p>\n","protected":false},"featured_media":7155,"comment_status":"open","ping_status":"closed","template":"","meta":[],"product_brand":[791],"product_cat":[780,801],"product_tag":[],"class_list":{"0":"post-7151","1":"product","2":"type-product","3":"status-publish","4":"has-post-thumbnail","6":"product_brand-antlia","7":"product_cat-filtres-bande-etroite","8":"product_cat-filtre-astrophotographie-du-ciel-profond","10":"first","11":"on_supplier","12":"taxable","13":"shipping-taxable","14":"purchasable","15":"product-type-simple"},"_links":{"self":[{"href":"https:\/\/deep-space-astronomy.ch\/de\/wp-json\/wp\/v2\/product\/7151","targetHints":{"allow":["GET"]}}],"collection":[{"href":"https:\/\/deep-space-astronomy.ch\/de\/wp-json\/wp\/v2\/product"}],"about":[{"href":"https:\/\/deep-space-astronomy.ch\/de\/wp-json\/wp\/v2\/types\/product"}],"replies":[{"embeddable":true,"href":"https:\/\/deep-space-astronomy.ch\/de\/wp-json\/wp\/v2\/comments?post=7151"}],"wp:featuredmedia":[{"embeddable":true,"href":"https:\/\/deep-space-astronomy.ch\/de\/wp-json\/wp\/v2\/media\/7155"}],"wp:attachment":[{"href":"https:\/\/deep-space-astronomy.ch\/de\/wp-json\/wp\/v2\/media?parent=7151"}],"wp:term":[{"taxonomy":"product_brand","embeddable":true,"href":"https:\/\/deep-space-astronomy.ch\/de\/wp-json\/wp\/v2\/product_brand?post=7151"},{"taxonomy":"product_cat","embeddable":true,"href":"https:\/\/deep-space-astronomy.ch\/de\/wp-json\/wp\/v2\/product_cat?post=7151"},{"taxonomy":"product_tag","embeddable":true,"href":"https:\/\/deep-space-astronomy.ch\/de\/wp-json\/wp\/v2\/product_tag?post=7151"}],"curies":[{"name":"wp","href":"https:\/\/api.w.org\/{rel}","templated":true}]}}