{"id":7170,"date":"2025-04-26T14:36:58","date_gmt":"2025-04-26T12:36:58","guid":{"rendered":"https:\/\/deep-space-astronomy.ch\/?post_type=product&#038;p=7170"},"modified":"2025-11-22T09:51:13","modified_gmt":"2025-11-22T08:51:13","slug":"filtre-antlia-alp-t-dualband-5nm-ha-et-oiii-highspeed","status":"publish","type":"product","link":"https:\/\/deep-space-astronomy.ch\/de\/produkt\/filtre-antlia-alp-t-dualband-5nm-ha-et-oiii-highspeed\/","title":{"rendered":"Antlia ALP-T Dualband 5nm Ha und OIII Highspeed-Filter"},"content":{"rendered":"<h3 style=\"text-align: center;\">Antlia ALP-T Dual Band 5nm Ha&amp;OIII Highspeed-Filter<\/h3>\n<p><strong>Optimieren Sie Ihre Hochgeschwindigkeits-Astrofotografie mit dem Antlia ALP-T Dual Band 5nm Highspeed-Filter.<\/strong> Dieser Filter wurde f\u00fcr schnelle Optiken (f\/2.2 bis f\/3.6) entwickelt und f\u00e4ngt gleichzeitig H-alpha- und OIII-Emissionen ein, w\u00e4hrend er die Lichtverschmutzung effektiv reduziert.<\/p>\n<h3>Hauptmerkmale<\/h3>\n<ul>\n<li><strong>Optimiertes Doppelband<\/strong> f\u00fcr schnelle Optiken mit kontrollierter Verschiebung der zentralen Wellenl\u00e4ngen.<\/li>\n<li><strong>Hochleistungsgetriebe<\/strong> : 88% in H-alpha (657.8nm) und 82% in OIII (502.2nm).<\/li>\n<li><strong>Enge Bandbreite<\/strong> von 5nm f\u00fcr einen au\u00dfergew\u00f6hnlichen Kontrast und die Isolierung von nebligen Emissionen.<\/li>\n<li><strong>L\u00f6schen OD4.5<\/strong> \u00fcber 300-1050nm und blockiert effektiv Lichtverschmutzung, Mondlicht und NIR.<\/li>\n<li><strong>Kompatibel mit OSC- und Monochromkameras<\/strong> : DSLR, CMOS, CCD.<\/li>\n<li><strong>Ion Gun Assisted Deposition Technologie<\/strong> f\u00fcr maximale Beschichtungsstabilit\u00e4t und ein pr\u00e4zises Spektrum.<\/li>\n<\/ul>\n<h3>Ideale Anwendungen<\/h3>\n<ul>\n<li>Astrofotografie in SHO mit Farb- (OSC) und Monochromkameras<\/li>\n<li>Verwendung unter hellem, verschmutztem Himmel (Bortle 5 bis 8)<\/li>\n<li>Schnelle Imaging-Projekte mit hellen f\/2.2- bis f\/3.6-Teleskopen<\/li>\n<li>Sitzungen unter Mondpr\u00e4senz ohne gro\u00dfen Kontrastverlust<\/li>\n<\/ul>\n<h3>Technische Spezifikationen<\/h3>\n<table>\n<thead>\n<tr>\n<th>Parameter<\/th>\n<th>H-alpha<\/th>\n<th>OIII<\/th>\n<\/tr>\n<\/thead>\n<tbody>\n<tr>\n<td>FWHM<\/td>\n<td>5nm<\/td>\n<td>5nm<\/td>\n<\/tr>\n<tr>\n<td>Zentrale Wellenl\u00e4nge (CWL)<\/td>\n<td>657.8nm<\/td>\n<td>502.2nm<\/td>\n<\/tr>\n<tr>\n<td>Maximale \u00dcbertragung<\/td>\n<td>88%<\/td>\n<td>82%<\/td>\n<\/tr>\n<tr>\n<td>Out-of-Band-Blocking<\/td>\n<td colspan=\"2\">\u2265OD4.5 von 300 bis 1050nm<\/td>\n<\/tr>\n<tr>\n<td>Dicke des Filters<\/td>\n<td colspan=\"2\">2mm \u00b10.05mm<\/td>\n<\/tr>\n<\/tbody>\n<\/table>\n<h3>Verf\u00fcgbare Gr\u00f6\u00dfen<\/h3>\n<ul>\n<li>Montiert 2\" (M48x0.75)<\/li>\n<li>Nicht montiert \u00d836mm (mit Adapter B-4836 enthalten)<\/li>\n<li>Andere Gr\u00f6\u00dfen: auf Anfrage<\/li>\n<\/ul>\n<h3>Gestaltung und Fertigstellung<\/h3>\n<ul>\n<li>Ultrad\u00fcnne Zelle zur Begrenzung der Vignettierung<\/li>\n<li>Haltbares schwarzes Eloxal-Finish<\/li>\n<li>Lasergravur, die gegen Besch\u00e4digungen resistent ist<\/li>\n<\/ul>\n<h3>Wichtige Hinweise<\/h3>\n<ul>\n<li>Nicht empfohlen f\u00fcr die Sonnenbeobachtung oder visuelle Beobachtung bei Nacht.<\/li>\n<li><strong style=\"color: red;\">Warnung: Schauen Sie mit diesem Filter niemals in die Sonne.<\/strong> Dies w\u00fcrde zu schweren Augenverletzungen f\u00fchren.<\/li>\n<\/ul>\n<p>&nbsp;<\/p>","protected":false},"excerpt":{"rendered":"<p>Filtre Antlia ALP-T Dual Band 5nm Ha&amp;OIII Highspeed Optimisez votre astrophotographie \u00e0 grande vitesse avec le filtre Antlia ALP-T Dual Band 5nm Highspeed. Con\u00e7u pour les optiques rapides (f\/2.2 \u00e0 f\/3.6), ce filtre capture simultan\u00e9ment les \u00e9missions H-alpha et OIII tout en r\u00e9duisant efficacement la pollution lumineuse. Caract\u00e9ristiques principales Double bande optimis\u00e9e pour les optiques [&hellip;]<\/p>\n","protected":false},"featured_media":7175,"comment_status":"open","ping_status":"closed","template":"","meta":[],"product_brand":[791],"product_cat":[780,803],"product_tag":[],"class_list":{"0":"post-7170","1":"product","2":"type-product","3":"status-publish","4":"has-post-thumbnail","6":"product_brand-antlia","7":"product_cat-filtres-bande-etroite","8":"product_cat-filtres-multi-bandes","10":"first","11":"instock","12":"taxable","13":"shipping-taxable","14":"purchasable","15":"product-type-variable"},"_links":{"self":[{"href":"https:\/\/deep-space-astronomy.ch\/de\/wp-json\/wp\/v2\/product\/7170","targetHints":{"allow":["GET"]}}],"collection":[{"href":"https:\/\/deep-space-astronomy.ch\/de\/wp-json\/wp\/v2\/product"}],"about":[{"href":"https:\/\/deep-space-astronomy.ch\/de\/wp-json\/wp\/v2\/types\/product"}],"replies":[{"embeddable":true,"href":"https:\/\/deep-space-astronomy.ch\/de\/wp-json\/wp\/v2\/comments?post=7170"}],"wp:featuredmedia":[{"embeddable":true,"href":"https:\/\/deep-space-astronomy.ch\/de\/wp-json\/wp\/v2\/media\/7175"}],"wp:attachment":[{"href":"https:\/\/deep-space-astronomy.ch\/de\/wp-json\/wp\/v2\/media?parent=7170"}],"wp:term":[{"taxonomy":"product_brand","embeddable":true,"href":"https:\/\/deep-space-astronomy.ch\/de\/wp-json\/wp\/v2\/product_brand?post=7170"},{"taxonomy":"product_cat","embeddable":true,"href":"https:\/\/deep-space-astronomy.ch\/de\/wp-json\/wp\/v2\/product_cat?post=7170"},{"taxonomy":"product_tag","embeddable":true,"href":"https:\/\/deep-space-astronomy.ch\/de\/wp-json\/wp\/v2\/product_tag?post=7170"}],"curies":[{"name":"wp","href":"https:\/\/api.w.org\/{rel}","templated":true}]}}