{"id":7184,"date":"2025-04-26T15:12:01","date_gmt":"2025-04-26T13:12:01","guid":{"rendered":"https:\/\/deep-space-astronomy.ch\/?post_type=product&#038;p=7184"},"modified":"2026-03-29T17:52:38","modified_gmt":"2026-03-29T15:52:38","slug":"filtre-antlia-alp-t-dualband-3nm-ha-et-oiii","status":"publish","type":"product","link":"https:\/\/deep-space-astronomy.ch\/de\/produkt\/filtre-antlia-alp-t-dualband-3nm-ha-et-oiii\/","title":{"rendered":"Antlia-Filter ALP-T Dualband 3nm Ha und OIII"},"content":{"rendered":"<h3 style=\"text-align: center;\">Antlia-Filter ALP-T Dualband 3nm Ha&amp;OIII<\/h3>\n<p>Der Antlia ALP-T Dualband 3nm Ha&amp;OIII Filter ist ein ultra-schmaler Dualband-Filter, der die roten H-Alpha-Linien (656,3nm) und die blaugr\u00fcnen OIII-Linien (500,7nm) durchl\u00e4sst. Er wurde haupts\u00e4chlich f\u00fcr Farbkameras (OSC) entwickelt und verbessert das Signal-Rausch-Verh\u00e4ltnis bei Deep-Sky-Astrofotografie erheblich, selbst bei Lichtverschmutzung oder Mondlicht.<\/p>\n<h3>Hauptmerkmale<\/h3>\n<ul>\n<li>Gleichzeitige \u00dcbertragung von H-alpha (656.3nm) und OIII (500.7nm) Linien<\/li>\n<li>Ultra-schmale Bandbreite von 3nm f\u00fcr jede Sendeleitung<\/li>\n<li>OD4.5-Unterdr\u00fcckung von unerw\u00fcnschten Wellenl\u00e4ngen (300-1100nm)<\/li>\n<li>F\u00fcr Farbkameras konzipiert, aber auch mit Monochromkameras wirksam<\/li>\n<li>Unterdr\u00fcckung von Lichth\u00f6fen durch eine spezielle Antireflexbeschichtung<\/li>\n<li>Blockierung von Nahinfrarot (NIR) bis 1100nm<\/li>\n<li>Kann mit Optiken mit einer Blende von f\/4 und langsamer verwendet werden (unter f\/4 ist die Highspeed-Version zu bevorzugen)<\/li>\n<li>Verst\u00e4rkte Haltbarkeit durch Ion Gun Assisted Deposition-Beschichtung auf doppelseitig poliertem Substrat<\/li>\n<\/ul>\n<h3>Ideale Anwendungen<\/h3>\n<ul>\n<li>Bildgebung von H-alpha- und OIII-Emissionsnebeln<\/li>\n<li>Fotografie in st\u00e4dtischen oder l\u00e4ndlichen Gebieten<\/li>\n<li>Erstellung von Falschfarbenpaletten und angereicherten SHO-Bildern<\/li>\n<li>Optimierung der Bildgebungszeit mit OSC- und Monochromkameras<\/li>\n<\/ul>\n<h3>Technische Daten<\/h3>\n<ul>\n<li>FWHM: 3nm (+0.6\/-0.1nm)<\/li>\n<li>Maximale Transmission: 90% in H-alpha, 82% in OIII<\/li>\n<li>Out-of-Band-Blocking : \u2265OD4.5 zwischen 300nm und 1100nm<\/li>\n<li>Dicke: 2mm \u00b1 0.05mm<\/li>\n<li>Einteiliges, nicht verklebtes optisches Substrat<\/li>\n<li>Oberfl\u00e4chenqualit\u00e4t: S\/D 60\/40 (MIL-O-13830)<\/li>\n<li>Transmissive Wellenfront: \u03bb\/4 oder besser<\/li>\n<li>Parallelit\u00e4t: &lt;30 arcsec<\/li>\n<li>Rahmen: 2\u201d (M48x0,75), ultrad\u00fcnn, um die Vignettierung zu minimieren<\/li>\n<\/ul>\n<h3>Beschichtungstechnologie und Zuverl\u00e4ssigkeit<\/h3>\n<ul>\n<li>Ion Gun-Technologie f\u00fcr eine bessere spektrale Stabilit\u00e4t<\/li>\n<li>Lichthofschutzbeschichtung zur Begrenzung der internen Reflexionen<\/li>\n<li>Geschw\u00e4rzte R\u00e4nder zur Beseitigung von st\u00f6renden Reflexionen<\/li>\n<li>Haltbares schwarzes Eloxal-Finish mit Lasergravur<\/li>\n<\/ul>\n<h3>Verwendung in Kombination<\/h3>\n<p>Zusammen mit dem Antlia ALP-T Dualband 3.5nm SII&amp;Hb Filter erm\u00f6glicht es die gleichzeitige Aufnahme der vier Hauptkan\u00e4le (Ha, OIII, SII, Hb) und bietet so maximale Flexibilit\u00e4t in der Nachbearbeitung, um Hubble-Paletten und andere k\u00fcnstlerische Kompositionen zu erstellen.<\/p>\n<h3>Warnungen<\/h3>\n<ul>\n<li>Nicht f\u00fcr die Sonnenabbildung empfohlen<\/li>\n<li>Nicht f\u00fcr die visuelle Beobachtung bei Nacht empfohlen<\/li>\n<li><strong style=\"color: red;\">Schauen Sie mit diesem Filter niemals direkt in die Sonne: ernste Gefahr von Augensch\u00e4den.<\/strong><\/li>\n<\/ul>\n<p>&nbsp;<\/p>","protected":false},"excerpt":{"rendered":"<p>Filtre Antlia ALP-T Dualband 3nm Ha&amp;OIII Le filtre Antlia ALP-T Dualband 3nm Ha&amp;OIII est un filtre double bande ultra-\u00e9troit qui transmet les lignes rouges H-alpha (656.3nm) et bleu-vert OIII (500.7nm). Con\u00e7u principalement pour les cam\u00e9ras couleur (OSC), il permet d&rsquo;am\u00e9liorer consid\u00e9rablement le rapport signal\/bruit en astrophotographie du ciel profond, m\u00eame sous pollution lumineuse ou sous [&hellip;]<\/p>\n","protected":false},"featured_media":7187,"comment_status":"open","ping_status":"closed","template":"","meta":[],"product_brand":[791],"product_cat":[780,803,833],"product_tag":[],"class_list":{"0":"post-7184","1":"product","2":"type-product","3":"status-publish","4":"has-post-thumbnail","6":"product_brand-antlia","7":"product_cat-filtres-bande-etroite","8":"product_cat-filtres-multi-bandes","9":"product_cat-en-stock","11":"first","12":"instock","13":"taxable","14":"shipping-taxable","15":"purchasable","16":"product-type-simple"},"_links":{"self":[{"href":"https:\/\/deep-space-astronomy.ch\/de\/wp-json\/wp\/v2\/product\/7184","targetHints":{"allow":["GET"]}}],"collection":[{"href":"https:\/\/deep-space-astronomy.ch\/de\/wp-json\/wp\/v2\/product"}],"about":[{"href":"https:\/\/deep-space-astronomy.ch\/de\/wp-json\/wp\/v2\/types\/product"}],"replies":[{"embeddable":true,"href":"https:\/\/deep-space-astronomy.ch\/de\/wp-json\/wp\/v2\/comments?post=7184"}],"wp:featuredmedia":[{"embeddable":true,"href":"https:\/\/deep-space-astronomy.ch\/de\/wp-json\/wp\/v2\/media\/7187"}],"wp:attachment":[{"href":"https:\/\/deep-space-astronomy.ch\/de\/wp-json\/wp\/v2\/media?parent=7184"}],"wp:term":[{"taxonomy":"product_brand","embeddable":true,"href":"https:\/\/deep-space-astronomy.ch\/de\/wp-json\/wp\/v2\/product_brand?post=7184"},{"taxonomy":"product_cat","embeddable":true,"href":"https:\/\/deep-space-astronomy.ch\/de\/wp-json\/wp\/v2\/product_cat?post=7184"},{"taxonomy":"product_tag","embeddable":true,"href":"https:\/\/deep-space-astronomy.ch\/de\/wp-json\/wp\/v2\/product_tag?post=7184"}],"curies":[{"name":"wp","href":"https:\/\/api.w.org\/{rel}","templated":true}]}}