{"id":7199,"date":"2025-04-26T15:37:53","date_gmt":"2025-04-26T13:37:53","guid":{"rendered":"https:\/\/deep-space-astronomy.ch\/?post_type=product&#038;p=7199"},"modified":"2026-03-29T17:51:55","modified_gmt":"2026-03-29T15:51:55","slug":"filtre-antlia-lrgb-v-pro","status":"publish","type":"product","link":"https:\/\/deep-space-astronomy.ch\/de\/produkt\/filtre-antlia-lrgb-v-pro\/","title":{"rendered":"Filter Antlia LRGB-V Pro Series Set"},"content":{"rendered":"<h3 style=\"text-align: center;\">Filter Antlia LRGB-V Pro Series Set<\/h3>\n<p>Das Antlia LRGB-V Pro Kit wurde speziell f\u00fcr Monochromkameras mit CCD- und CMOS-Sensoren (Typ KAF\/KAI, Sony IMX, GSENSE usw.) entwickelt. Dank eines fortschrittlichen optischen Designs und einer hochpr\u00e4zisen Fertigung erm\u00f6glicht es ausgewogene 1:1:1 RGB-Bilder und maximiert gleichzeitig die Erfassung von Details in Galaxien, Nebeln und Sternhaufen.<\/p>\n<h3>Inhalt des Sets<\/h3>\n<ul>\n<li>Luminanzfilter (IR\/UV-blocked, neutral)<\/li>\n<li>Filter Rot (R)<\/li>\n<li>Gr\u00fcner Filter (G)<\/li>\n<li>Blauer Filter (B)<\/li>\n<\/ul>\n<h3>Hauptmerkmale<\/h3>\n<ul>\n<li>Entzerrung der RGB-Antwort, um 1:1:1-Belichtungszeiten zu erreichen<\/li>\n<li>Angepasste Spektren zur Verringerung der Lichtverschmutzung zwischen Gr\u00fcn und Rot<\/li>\n<li>Hohe Transmission auf OIII-Leitungen in den Kan\u00e4len B und G (&gt;95%)<\/li>\n<li>Reduzierung der Halos um helle Sterne durch Blue Channel Design<\/li>\n<li>Doppelseitige Antireflexbeschichtung zur Minimierung unerw\u00fcnschter Lichtstreuung<\/li>\n<li>Optische High-End-Oberfl\u00e4che mit S\/D-Qualit\u00e4t 60\/40<\/li>\n<li>Beidseitig poliertes, einteiliges Substrat f\u00fcr eine hervorragende Fokussierung (Parfokalit\u00e4t)<\/li>\n<li>Gezielte Abschaffung der Lichtverschmutzung (Natriumhochdrucklampe, Quecksilber)<\/li>\n<\/ul>\n<h3>Leistung und Anwendungen<\/h3>\n<ul>\n<li>Astrofotografie von Galaxien, Nebeln, Sternhaufen<\/li>\n<li>Kontrastmaximierung bei schwachen Objekten<\/li>\n<li>Hervorragende spektrale Trennung zur Erleichterung der Farbverarbeitung<\/li>\n<li>Verwendbar mit Schnell- und Standardoptiken<\/li>\n<\/ul>\n<h3>Technische Spezifikationen<\/h3>\n<ul>\n<li>Substrat: Einteiliges optisches Glas, nicht verklebt<\/li>\n<li>Filterdicke :\n<ul>\n<li>2mm \u00b1 0.05mm f\u00fcr montiert 1.25\u2033, 2\u2033 und unmontiert \u00d831mm, \u00d836mm<\/li>\n<li>3mm \u00b1 0.05mm f\u00fcr unmontiert \u00d850mm<\/li>\n<\/ul>\n<\/li>\n<li>Oberfl\u00e4che: S\/D 60\/40 (MIL-O-13830)<\/li>\n<li>Transmissive Wellenfront: \u03bb\/4 oder besser<\/li>\n<li>Parallelit\u00e4t: &lt;30 arcsec<\/li>\n<\/ul>\n<h3>Eigenschaften des Mediums<\/h3>\n<ul>\n<li>Montiert: 1.25\u2033 (M28.5\u00d70.6) und 2\u2033 (M48x0.75)<\/li>\n<li>Nicht montiert: \u00d831mm, \u00d836mm, \u00d850mm<\/li>\n<li>Ultrad\u00fcnne Zelle zur Minimierung der Vignettierung<\/li>\n<li>Schwarz eloxiertes Finish mit unver\u00e4nderbarer Lasergravur<\/li>\n<\/ul>\n<h3>Tipps zur Verwendung<\/h3>\n<ul>\n<li>Kontrollieren Sie bei langen Bildsitzungen regelm\u00e4\u00dfig den Fokus.<\/li>\n<li>Antizipation von Temperaturschwankungen zwischen Innen und Au\u00dfen<\/li>\n<li>Manueller oder automatischer Fokus empfohlen alle 1 bis 2 Stunden<\/li>\n<\/ul>\n<h3>Nicht empfohlen f\u00fcr<\/h3>\n<ul>\n<li>Sonnenbeobachtung<\/li>\n<li>Visuelle Nachtbeobachtung<\/li>\n<\/ul>\n<h3>Sicherheitswarnung<\/h3>\n<ul>\n<li><strong style=\"color: red;\">NICHT zur Beobachtung der Sonne verwenden.<\/strong> Dies w\u00fcrde zu schweren Augenverletzungen f\u00fchren.<\/li>\n<\/ul>\n<p>&nbsp;<\/p>","protected":false},"excerpt":{"rendered":"<p>Filtre Antlia LRGB-V Pro Series Set Le kit Antlia LRGB-V Pro est sp\u00e9cialement con\u00e7u pour les cam\u00e9ras monochromes \u00e9quip\u00e9es de capteurs CCD et CMOS (type KAF\/KAI, Sony IMX, GSENSE, etc.). Gr\u00e2ce \u00e0 une conception optique avanc\u00e9e et une fabrication de haute pr\u00e9cision, il permet d&rsquo;obtenir des images \u00e9quilibr\u00e9es en 1:1:1 RGB tout en maximisant la [&hellip;]<\/p>\n","protected":false},"featured_media":7208,"comment_status":"open","ping_status":"closed","template":"","meta":[],"product_brand":[791],"product_cat":[780,801,833],"product_tag":[],"class_list":{"0":"post-7199","1":"product","2":"type-product","3":"status-publish","4":"has-post-thumbnail","6":"product_brand-antlia","7":"product_cat-filtres-bande-etroite","8":"product_cat-filtre-astrophotographie-du-ciel-profond","9":"product_cat-en-stock","11":"first","12":"instock","13":"taxable","14":"shipping-taxable","15":"purchasable","16":"product-type-variable"},"_links":{"self":[{"href":"https:\/\/deep-space-astronomy.ch\/de\/wp-json\/wp\/v2\/product\/7199","targetHints":{"allow":["GET"]}}],"collection":[{"href":"https:\/\/deep-space-astronomy.ch\/de\/wp-json\/wp\/v2\/product"}],"about":[{"href":"https:\/\/deep-space-astronomy.ch\/de\/wp-json\/wp\/v2\/types\/product"}],"replies":[{"embeddable":true,"href":"https:\/\/deep-space-astronomy.ch\/de\/wp-json\/wp\/v2\/comments?post=7199"}],"wp:featuredmedia":[{"embeddable":true,"href":"https:\/\/deep-space-astronomy.ch\/de\/wp-json\/wp\/v2\/media\/7208"}],"wp:attachment":[{"href":"https:\/\/deep-space-astronomy.ch\/de\/wp-json\/wp\/v2\/media?parent=7199"}],"wp:term":[{"taxonomy":"product_brand","embeddable":true,"href":"https:\/\/deep-space-astronomy.ch\/de\/wp-json\/wp\/v2\/product_brand?post=7199"},{"taxonomy":"product_cat","embeddable":true,"href":"https:\/\/deep-space-astronomy.ch\/de\/wp-json\/wp\/v2\/product_cat?post=7199"},{"taxonomy":"product_tag","embeddable":true,"href":"https:\/\/deep-space-astronomy.ch\/de\/wp-json\/wp\/v2\/product_tag?post=7199"}],"curies":[{"name":"wp","href":"https:\/\/api.w.org\/{rel}","templated":true}]}}