{"id":7221,"date":"2025-04-26T15:59:43","date_gmt":"2025-04-26T13:59:43","guid":{"rendered":"https:\/\/deep-space-astronomy.ch\/?post_type=product&#038;p=7221"},"modified":"2025-11-18T18:03:45","modified_gmt":"2025-11-18T17:03:45","slug":"filtre-antlia-lrgb-dark-series","status":"publish","type":"product","link":"https:\/\/deep-space-astronomy.ch\/de\/produkt\/filtre-antlia-lrgb-dark-series\/","title":{"rendered":"Antlia-Filter LRGB Dark Series"},"content":{"rendered":"<h3 style=\"text-align: center;\">Antlia LRGB Dark Series Filter Kit<\/h3>\n<p>Die nicht montierten Antlia LRGB Dark Series 50mm Filter wurden f\u00fcr die Vollspektrum-Astrofotografie entwickelt und decken den sichtbaren Bereich von 400nm bis 710nm ab, wobei f\u00fcr jeden Kanal spezifische Bereiche vorgesehen sind. Die Filter sind aus Quarzglas gefertigt und bieten eine au\u00dfergew\u00f6hnliche thermische und mechanische Stabilit\u00e4t, die eine lange Haltbarkeit auch unter extremen Umweltbedingungen gew\u00e4hrleistet.<\/p>\n<h3>Inhalt des Kits<\/h3>\n<ul>\n<li>Luminanzfilter (400-710nm, UV\/IR Cut)<\/li>\n<li>Rotfilter (595-705nm)<\/li>\n<li>Gr\u00fcner Filter (495-605nm)<\/li>\n<li>Blauer Filter (410-505nm)<\/li>\n<\/ul>\n<h3>Hauptmerkmale<\/h3>\n<ul>\n<li>Vollst\u00e4ndiges sichtbares Spektrum-Design zur Maximierung der Empfindlichkeit<\/li>\n<li>Hohe Transmission: L\/R\/G \u226597%, B \u226595%<\/li>\n<li>Out-of-Band-Unterdr\u00fcckung \u2265OD4.5 (0.005%) zum Blockieren von Lichtinterferenzen<\/li>\n<li>Verwendung von Quarzglas f\u00fcr eine hervorragende thermische, mechanische und chemische Best\u00e4ndigkeit<\/li>\n<li>Minimiert die durch Temperaturschwankungen induzierte Verformung von Sternen<\/li>\n<li>Kompatibel und parfokal mit Antlias 2,5nm Ultra Narrowband SHO-Filtern<\/li>\n<li>Feine optische Oberfl\u00e4che: S\/D 60\/40 mit beidseitigem Polieren<\/li>\n<li>Geschw\u00e4rzte R\u00e4nder und Beschichtungen bis zum Ende, um interne Reflexionen zu reduzieren<\/li>\n<li>Hohe Widerstandsf\u00e4higkeit gegen Kratzer und intensive Reinigung<\/li>\n<\/ul>\n<h3>Leistung und Anwendungen<\/h3>\n<ul>\n<li>Deep-Sky-Astrofotografie: Galaxien, Nebel, Sternhaufen<\/li>\n<li>Aufnahme von Bildern mit hohem Kontrast und starkem Signal auch in schwierigen Umgebungen<\/li>\n<li>Ideal f\u00fcr moderne monochrome CCD- und CMOS-Konfigurationen<\/li>\n<\/ul>\n<h3>Technische Spezifikationen<\/h3>\n<ul>\n<li>Dicke: 3mm \u00b1 0.05mm<\/li>\n<li>Substrat: Monoblock-Quarzglas<\/li>\n<li>Optische Fl\u00e4che: S\/D 60\/40 (MIL-O-13830)<\/li>\n<li>Transmissive Wellenfront: \u03bb\/4 oder besser<\/li>\n<li>Parallelit\u00e4t: weniger als 30 arcsec<\/li>\n<li>Out-of-Band-Blocking : \u2265OD4.5 von 300nm bis 1050nm<\/li>\n<\/ul>\n<h3>Preis und Verf\u00fcgbarkeit<\/h3>\n<ul>\n<li>Set LRGB Dark Series 50mm unmontiert: 750 USD (4 Filter)<\/li>\n<\/ul>\n<h3>Filter-Design<\/h3>\n<ul>\n<li>Unmontiertes Format 50mm<\/li>\n<li>Hochfeste mehrschichtige Beschichtung<\/li>\n<li>Beidseitige Antireflexionsbehandlung<\/li>\n<li>Geschw\u00e4rzte R\u00e4nder zur Unterdr\u00fcckung von st\u00f6renden Reflexionen<\/li>\n<\/ul>\n<h3>Nicht empfohlen f\u00fcr<\/h3>\n<ul>\n<li>Sonnenbeobachtung<\/li>\n<li>Visuelle Nachtbeobachtung<\/li>\n<\/ul>\n<h3>Sicherheitswarnungen<\/h3>\n<ul>\n<li><strong style=\"color: red;\">NICHT zur direkten Beobachtung der Sonne verwenden.<\/strong> Dies w\u00fcrde zu irreversiblen Augensch\u00e4den f\u00fchren.<\/li>\n<\/ul>\n<h3>Garantie<\/h3>\n<ul>\n<li>3 Jahre gegen Delaminierung<\/li>\n<\/ul>\n<p>&nbsp;<\/p>\n<p>&nbsp;<\/p>","protected":false},"excerpt":{"rendered":"<p>Kit Filtres Antlia LRGB Dark Series Les filtres Antlia LRGB Dark Series 50mm non mont\u00e9s sont con\u00e7us pour l&rsquo;astrophotographie en spectre complet, couvrant le visible de 400nm \u00e0 710nm, avec des plages sp\u00e9cifiques pour chaque canal. Fabriqu\u00e9s en verre de quartz, ces filtres offrent une stabilit\u00e9 thermique et m\u00e9canique exceptionnelle, garantissant une grande durabilit\u00e9 dans [&hellip;]<\/p>\n","protected":false},"featured_media":7224,"comment_status":"open","ping_status":"closed","template":"","meta":[],"product_brand":[791],"product_cat":[780,801],"product_tag":[],"class_list":{"0":"post-7221","1":"product","2":"type-product","3":"status-publish","4":"has-post-thumbnail","6":"product_brand-antlia","7":"product_cat-filtres-bande-etroite","8":"product_cat-filtre-astrophotographie-du-ciel-profond","10":"first","11":"outofstock","12":"taxable","13":"shipping-taxable","14":"purchasable","15":"product-type-variable"},"_links":{"self":[{"href":"https:\/\/deep-space-astronomy.ch\/de\/wp-json\/wp\/v2\/product\/7221","targetHints":{"allow":["GET"]}}],"collection":[{"href":"https:\/\/deep-space-astronomy.ch\/de\/wp-json\/wp\/v2\/product"}],"about":[{"href":"https:\/\/deep-space-astronomy.ch\/de\/wp-json\/wp\/v2\/types\/product"}],"replies":[{"embeddable":true,"href":"https:\/\/deep-space-astronomy.ch\/de\/wp-json\/wp\/v2\/comments?post=7221"}],"wp:featuredmedia":[{"embeddable":true,"href":"https:\/\/deep-space-astronomy.ch\/de\/wp-json\/wp\/v2\/media\/7224"}],"wp:attachment":[{"href":"https:\/\/deep-space-astronomy.ch\/de\/wp-json\/wp\/v2\/media?parent=7221"}],"wp:term":[{"taxonomy":"product_brand","embeddable":true,"href":"https:\/\/deep-space-astronomy.ch\/de\/wp-json\/wp\/v2\/product_brand?post=7221"},{"taxonomy":"product_cat","embeddable":true,"href":"https:\/\/deep-space-astronomy.ch\/de\/wp-json\/wp\/v2\/product_cat?post=7221"},{"taxonomy":"product_tag","embeddable":true,"href":"https:\/\/deep-space-astronomy.ch\/de\/wp-json\/wp\/v2\/product_tag?post=7221"}],"curies":[{"name":"wp","href":"https:\/\/api.w.org\/{rel}","templated":true}]}}