{"id":7226,"date":"2025-04-26T16:14:54","date_gmt":"2025-04-26T14:14:54","guid":{"rendered":"https:\/\/deep-space-astronomy.ch\/?post_type=product&#038;p=7226"},"modified":"2025-09-17T15:41:25","modified_gmt":"2025-09-17T13:41:25","slug":"filtre-planetaire-antlia-methane-ch4","status":"publish","type":"product","link":"https:\/\/deep-space-astronomy.ch\/de\/produkt\/filtre-planetaire-antlia-methane-ch4\/","title":{"rendered":"Planetenfilter Antlia Methan (CH4)"},"content":{"rendered":"<h3 style=\"text-align: center;\">Antlia-Filter CH\u2084 (Methan)<\/h3>\n<p>Der Antlia-Filter CH\u2084 (Methan) ist ein Spezialfilter, der f\u00fcr die planetare Bildgebung im nahen Infrarotbereich mit Schwerpunkt auf 889nm entwickelt wurde. Er erm\u00f6glicht es, feine Details in den Atmosph\u00e4ren von Planeten wie Jupiter, Saturn, Mars und anderen methanreichen Himmelsk\u00f6rpern zu enth\u00fcllen. Es ist ausschlie\u00dflich f\u00fcr den fotografischen Gebrauch und nicht f\u00fcr die visuelle Beobachtung bestimmt.<\/p>\n<h3>Hauptmerkmale<\/h3>\n<ul>\n<li>Auf 889nm zentrierte \u00dcbertragung mit einer Bandbreite von 20nm<\/li>\n<li>Durchschnittliche Transmission gr\u00f6\u00dfer als 80% in der Mitte<\/li>\n<li>OD4-Unterdr\u00fcckung von parasit\u00e4ren Wellenl\u00e4ngen von 200nm bis 1050nm<\/li>\n<li>Optisches Schott-Substrat aus einem St\u00fcck, nicht geklebt<\/li>\n<li>Beidseitiges optisches Polieren zur Gew\u00e4hrleistung einer \u03bb\/4-Oberfl\u00e4che<\/li>\n<li>Oberfl\u00e4chenqualit\u00e4t: 60\/40 (MIL-O-13830-Standard)<\/li>\n<li>Parallelit\u00e4t weniger als 30 arcsec<\/li>\n<li>Mehrschichtige Antireflexionsbeschichtung auf beiden Seiten<\/li>\n<\/ul>\n<h3>Ideale Anwendungen<\/h3>\n<ul>\n<li>Planetarische Bilder von Jupiter zur Hervorhebung von Methanbanden<\/li>\n<li>Fotografische Beobachtung der Polkappen des Mars<\/li>\n<li>Untersuchung der Atmosph\u00e4re des Saturn und anderer Gasplaneten<\/li>\n<\/ul>\n<h3>Verf\u00fcgbares Format<\/h3>\n<ul>\n<li>Montiert 1.25\u2033 (M28.5\u00d70.6)<\/li>\n<\/ul>\n<h3>Filterdesign<\/h3>\n<ul>\n<li>Ultrad\u00fcnne Zelle zur Minimierung der Vignettierung<\/li>\n<li>Widerstandsf\u00e4hige schwarz eloxierte Oberfl\u00e4che<\/li>\n<li>Permanente Lasergravur (nicht abwischbar)<\/li>\n<\/ul>\n<h3>Wichtige Warnhinweise<\/h3>\n<ul>\n<li>Der Filter CH\u2084 ist nicht f\u00fcr die visuelle Beobachtung gedacht.<\/li>\n<li><strong style=\"color: red;\">NICHT f\u00fcr die Sonnenabbildung ohne Energieabweisungsfilter verwenden.<\/strong><\/li>\n<li>Gefahr der Besch\u00e4digung des Teleskops, des Filters und des Sensors, wenn es ohne geeigneten Schutz vor der Sonne verwendet wird.<\/li>\n<\/ul>\n<h3>Hinweise zur Verwendung<\/h3>\n<ul>\n<li>Empfohlene Verwendung bei langen Belichtungszeiten und gro\u00dfen Blendendurchmessern<\/li>\n<li>Erfordert eine Kamera, die im nahen Infrarotbereich empfindlich ist<\/li>\n<li>F\u00fcr das menschliche Auge nicht sichtbar (jenseits von 700nm)<\/li>\n<\/ul>\n<p>&nbsp;<\/p>\n<p>&nbsp;<\/p>","protected":false},"excerpt":{"rendered":"<p>Filtre Antlia CH\u2084 (M\u00e9thane) Le filtre Antlia CH\u2084 (M\u00e9thane) est un filtre sp\u00e9cialis\u00e9 con\u00e7u pour l&rsquo;imagerie plan\u00e9taire en infrarouge proche, centr\u00e9 sur 889nm. Il permet de r\u00e9v\u00e9ler des d\u00e9tails fins dans les atmosph\u00e8res des plan\u00e8tes comme Jupiter, Saturne, Mars et d&rsquo;autres corps c\u00e9lestes riches en m\u00e9thane. Il est destin\u00e9 exclusivement \u00e0 l&rsquo;usage photographique et non [&hellip;]<\/p>\n","protected":false},"featured_media":7227,"comment_status":"open","ping_status":"closed","template":"","meta":[],"product_brand":[791],"product_cat":[780,804],"product_tag":[],"class_list":{"0":"post-7226","1":"product","2":"type-product","3":"status-publish","4":"has-post-thumbnail","6":"product_brand-antlia","7":"product_cat-filtres-bande-etroite","8":"product_cat-filtres-planetaires","10":"first","11":"on_supplier","12":"taxable","13":"shipping-taxable","14":"purchasable","15":"product-type-simple"},"_links":{"self":[{"href":"https:\/\/deep-space-astronomy.ch\/de\/wp-json\/wp\/v2\/product\/7226","targetHints":{"allow":["GET"]}}],"collection":[{"href":"https:\/\/deep-space-astronomy.ch\/de\/wp-json\/wp\/v2\/product"}],"about":[{"href":"https:\/\/deep-space-astronomy.ch\/de\/wp-json\/wp\/v2\/types\/product"}],"replies":[{"embeddable":true,"href":"https:\/\/deep-space-astronomy.ch\/de\/wp-json\/wp\/v2\/comments?post=7226"}],"wp:featuredmedia":[{"embeddable":true,"href":"https:\/\/deep-space-astronomy.ch\/de\/wp-json\/wp\/v2\/media\/7227"}],"wp:attachment":[{"href":"https:\/\/deep-space-astronomy.ch\/de\/wp-json\/wp\/v2\/media?parent=7226"}],"wp:term":[{"taxonomy":"product_brand","embeddable":true,"href":"https:\/\/deep-space-astronomy.ch\/de\/wp-json\/wp\/v2\/product_brand?post=7226"},{"taxonomy":"product_cat","embeddable":true,"href":"https:\/\/deep-space-astronomy.ch\/de\/wp-json\/wp\/v2\/product_cat?post=7226"},{"taxonomy":"product_tag","embeddable":true,"href":"https:\/\/deep-space-astronomy.ch\/de\/wp-json\/wp\/v2\/product_tag?post=7226"}],"curies":[{"name":"wp","href":"https:\/\/api.w.org\/{rel}","templated":true}]}}